{"id":296,"date":"2016-02-19T09:54:37","date_gmt":"2016-02-19T08:54:37","guid":{"rendered":"http:\/\/www.on4cn.be\/blog_radio\/?page_id=296"},"modified":"2018-05-23T06:15:47","modified_gmt":"2018-05-23T05:15:47","slug":"licence-on4-et-licence-de-base-on3","status":"publish","type":"page","link":"https:\/\/www.on4cn.be\/blog_radio\/licence-on4-et-licence-de-base-on3\/","title":{"rendered":"Licence ON4 et Licence de Base ON3"},"content":{"rendered":"<p><center>Licence ON4 et Licence de Base ON3&#8230;<\/center>&nbsp;<\/p>\n<p><center>Formation Radioamateur<\/center><img loading=\"lazy\" decoding=\"async\" src=\"couron3\/logo_formation.gif\" alt=\"\" width=\"35\" height=\"33\" \/><br \/>\nDepuis la cr\u00e9ation de la licence de Base ON3, au mois de janvier 2006, nous avons toujours voulu r\u00e9aliser une rubrique FORMATION digne de ce nom. Objectif : compl\u00e9ter notre panel de services en offrant \u00e0 ceux qui le souhaitent une aide \u00e0 la pr\u00e9paration de la licence radioamateur. C\u2019est un travail fastidieux tant le domaine est vaste.<\/p>\n<table border=\"3\" width=\"500\">\n<tbody>\n<tr bgcolor=\"#99FFFF\">\n<th>Pratique<\/th>\n<th>Claude ON4CN<\/th>\n<th>&#8211;<\/th>\n<th>&#8211;<\/th>\n<\/tr>\n<tr bgcolor=\"#99FFFF\">\n<th>Theorique<\/th>\n<th>Jean-Marie ON6FA<\/th>\n<th>Claude ON5CC<\/th>\n<th>Dominique ON4XM<\/th>\n<\/tr>\n<tr bgcolor=\"#99FFFF\">\n<th>Morse CW<\/th>\n<th>Claude ON4CN<\/th>\n<th>&#8211;<\/th>\n<th>&#8211;<\/th>\n<\/tr>\n<\/tbody>\n<\/table>\n<p>&nbsp;<\/p>\n<p><center><a href=\"http:\/\/www.on4cn.be\/blog_radio\/wp-content\/uploads\/2016\/02\/on6fa1.jpg\" target=\"_blank\"><img loading=\"lazy\" decoding=\"async\" class=\"aligncenter size-medium wp-image-307\" src=\"http:\/\/www.on4cn.be\/blog_radio\/wp-content\/uploads\/2016\/02\/on6fa1-300x240.jpg\" alt=\"Jean-Marie ON6FA\" width=\"300\" height=\"240\" srcset=\"https:\/\/www.on4cn.be\/blog_radio\/wp-content\/uploads\/2016\/02\/on6fa1-300x240.jpg 300w, https:\/\/www.on4cn.be\/blog_radio\/wp-content\/uploads\/2016\/02\/on6fa1-768x614.jpg 768w, https:\/\/www.on4cn.be\/blog_radio\/wp-content\/uploads\/2016\/02\/on6fa1.jpg 1000w\" sizes=\"auto, (max-width: 300px) 85vw, 300px\" \/><\/a><br \/>\n<center><strong><span style=\"color: #0000ff;\">Cliquez sur une vignette pour agrandir la Photo<\/span><\/strong><\/center><\/center>&nbsp;<\/p>\n<p>Jean-Marie ON6FA donne le cour Th\u00e9orique<\/p>\n<p>La formation \u00e0 la licence de base est un acc\u00e8s au radio amateurisme. Elle vise \u00e0 faire conna\u00eetre le hobby au candidat radioamateur de mani\u00e8re captivante et s&rsquo;inscrit dans le cadre des deux examens qui donnent acc\u00e8s \u00e0 l&rsquo;utilisation des bandes de fr\u00e9quences allou\u00e9es au service radioamateur. Tous les futurs radioamateurs doivent en effet d\u00e9montrer qu&rsquo;ils ont certaines comp\u00e9tences et connaissances afin d&rsquo;obtenir une telle licence de radioamateur .<\/p>\n<p><center><strong><span style=\"color: #ff0000;\">\u00ab C&rsquo;est un loisir accessible \u00e0 M. et Mme tout le monde. \u00bb<\/span><\/strong><\/center><\/p>\n<p><strong><span style=\"color: #0000ff;\">Apprendre l&rsquo;Electronique en partant de z\u00e9ro &#8211; Niveau 1 &#8211; Un ouvrage \u00e0 t\u00e9l\u00e9charger<\/span><\/strong><\/p>\n<p>Le premier fascicule d&rsquo;une s\u00e9rie de trois intitul\u00e9s \u00ab\u00a0Apprendre l\u2019\u00c9lectronique en partant de z\u00e9ro\u00a0\u00bb comportant 28 le\u00e7ons vous permettra de vous familiariser avec le sujet. En partant du courant \u00e9lectrique il vous entra\u00eenera \u00e0 la d\u00e9couverte des composants. R\u00e9sistances, condensateurs, diodes, transistors, trystors et autres n&rsquo;auront plus de secret pour vous. La th\u00e9orie c&rsquo;est bien mais c&rsquo;est beaucoup mieux lorsque le cot\u00e9 pratique est expliqu\u00e9. C&rsquo;est le cas ici avec plusieurs chapitres consacr\u00e9s \u00e0 l&rsquo;apprentissage de la soudure, l&rsquo;utilisation du multim\u00e8tre. L&rsquo;aspect \u00ab\u00a0radio\u00a0\u00bb est \u00e9galement abord\u00e9 avec une partie r\u00e9serv\u00e9e aux ondes radio-\u00e9lectriques. Enfin, vous pourrez passer \u00e0 l&rsquo;action en r\u00e9alisant des montages simples d&rsquo;alimentations, de r\u00e9cepteurs radio ou d&rsquo;appareils de mesure. Il vous suffit de t\u00e9l\u00e9charger le fichier au format PDF en cliquant <a href=\"http:\/\/www.on4cn.be\/blog_radio\/wp-content\/uploads\/2016\/02\/courelectronique.pdf\"><img decoding=\"async\" src=\"http:\/\/www.on4cn.be\/blog_radio\/wp-content\/uploads\/2016\/02\/b1.gif\" alt=\"\" \/><strong><span style=\"color: #0000ff;\">ici <\/span><\/strong><\/a>. Les fascicules 2 et 3 feront l&rsquo;objet de publications \u00e0 venir. S\u2019il existe d\u00e9j\u00e0 de nombreux sites proposant des cours, nous nous sommes rendu compte qu&rsquo;ils nous faisaient apprendre \u00e9norm\u00e9ment de choses, certes utiles mais qui ne sont pas au programme de l&rsquo;examen, nonobstant les erreurs que nous avons aussi relev\u00e9es sur un certain nombre d&rsquo;entre eux. Par ailleurs, bon nombre d&rsquo;entre nous doivent travailler seuls de leur c\u00f4t\u00e9, ayant fait aussi l&rsquo;exp\u00e9rience cruelle, d&rsquo;accueils amers dans certains radio clubs apr\u00e8s avoir annonc\u00e9 faire de la radio. Dans ce cas, il faut vraiment une bonne dose de motivation pour parvenir \u00e0 travailler convenablement sans toutefois s&rsquo;\u00e9garer dans les m\u00e9andres de ce que l&rsquo;on suppose \u00eatre au programme. Nous sommes donc en train de mettre la derni\u00e8re touche \u00e0 ce cours avec nos partenaires afin que ceux qui le d\u00e9sirent puissent progresser dans cette direction. Le principe est de vous permettre de n&rsquo;apprendre le n\u00e9cessaire pour r\u00e9ussir \u00e0 obtenir le jour de l&rsquo;examen, le pr\u00e9cieux s\u00e9same. Dans un 1er temps nous travaillerons sur la partie r\u00e9glementation, ensuite sur la partie technique. Nombreux sont ceux qui n&rsquo;ont pas eu la chance ou la possibilit\u00e9 de faire des \u00e9tudes et d&rsquo;acqu\u00e9rir les bases en math\u00e9matiques utiles pour cela. Le cours en tiendra donc compte en vous proposant un suivi personnalis\u00e9. Il y a un certain nombre de formules \u00e0 conna\u00eetre par c\u0153ur et \u00e0 acqu\u00e9rir. Des exercices pour y parvenir seront mis en place et le suivi n\u00e9cessaire permettant \u00e0 chacun de ma\u00eetriser cette partie des applications vous permettra de dominer votre sujet sans trop d&rsquo;\u00e9cueils. Il est \u00e9vident qu&rsquo;une part de travail personnel est n\u00e9cessaire, mais vous ne travaillerez et n&rsquo;apprendrez que ce qui est utile et indispensable pour r\u00e9ussir ! L&rsquo;acquisition d&rsquo;autres connaissances apr\u00e8s avoir obtenu votre licence, sera votre travail personnel car c&rsquo;est un domaine ou nous apprenons chaque jour et les radio-clubs ainsi que les contacts que vous \u00e9tablirez tout au long de votre vie de radioamateur feront de vous de bons op\u00e9rateurs dans le respect des usages en vigueur ! A tous ceux qui sont int\u00e9ress\u00e9s par ce cours, nous vous demandons de prendre contact directement avec le Radio Club . Notre objectif reste de vous informer sur tout ce qui touche de pr\u00e8s ou de loin \u00e0 notre hobby, \u00e0 la radio en g\u00e9n\u00e9ral.<\/p>\n<ul>\n<li>Mati\u00e8re du samedi de 15h00 \u00e0 17h30 :<\/li>\n<\/ul>\n<p><span style=\"color: #0000ff;\">Introduction .<\/span><\/p>\n<ul>\n<li><span style=\"color: #ff0000;\">Chap. 1 <\/span>: Le radio amateurisme .<\/li>\n<li><span style=\"color: #ff0000;\">Chap. 2 <\/span>: Conditions de la licence .<\/li>\n<li><span style=\"color: #ff0000;\">Chap. 3 <\/span>: Bases techniques .<\/li>\n<\/ul>\n<ul>\n<li>&#8211; Mati\u00e8re du samedi de 15h00 \u00e0 17h30 :<\/li>\n<\/ul>\n<ul>\n<li><span style=\"color: #ff0000;\">Chap. 4 <\/span>: Emetteurs et R\u00e9cepteurs .<\/li>\n<li><span style=\"color: #ff0000;\">Chap. 5 <\/span>: Lignes de Transmission et Antennes .<\/li>\n<\/ul>\n<ul>\n<li>&#8211; Mati\u00e8re du samedi de 15h00 \u00e0 17h30 :<\/li>\n<\/ul>\n<ul>\n<li><span style=\"color: #ff0000;\">Chap. 6 <\/span>: Propagation des Ondes radio.<\/li>\n<li><span style=\"color: #ff0000;\">Chap. 7 <\/span>: Compatibilit\u00e9 Electromagn\u00e9tique.<\/li>\n<\/ul>\n<ul>\n<li>&#8211; Mati\u00e8re du samedi de 15h00 \u00e0 17h30 :<\/li>\n<\/ul>\n<ul>\n<li><span style=\"color: #ff0000;\">Chap. 8 <\/span>: Op\u00e9rations et Proc\u00e9dures .<\/li>\n<li><span style=\"color: #ff0000;\">Chap. 9 <\/span>: S\u00e9curit\u00e9 .<\/li>\n<\/ul>\n<ul>\n<li><span style=\"color: #ff0000;\">&#8211; Epreuve Pratique <\/span>: Samedi de 15h00 \u00e0 18h00 :<\/li>\n<\/ul>\n<p>Test pratique portant sur les aspects de S\u00e9curit\u00e9, les Op\u00e9rations et les Proc\u00e9dures. La r\u00e9ussite de ce test permet d\u2019obtenir l\u2019attestation n\u00e9cessaire pour pr\u00e9senter l\u2019\u00e9preuve th\u00e9orique organis\u00e9e par l\u2019 IBPT en ses propres locaux .<\/p>\n<p><center>Simulation de Test th\u00e9orique \u2013 Questionnaire \u00e0 choix multiples sur <span style=\"color: #ff0000;\">ordinateur .<\/span><\/center><\/p>\n<p><a href=\"http:\/\/www.on4cn.be\/blog_radio\/wp-content\/uploads\/2016\/02\/on4cn02.jpg\" target=\"_blank\"><img loading=\"lazy\" decoding=\"async\" class=\"aligncenter size-medium wp-image-322\" src=\"http:\/\/www.on4cn.be\/blog_radio\/wp-content\/uploads\/2016\/02\/on4cn02-300x225.jpg\" alt=\"Claude ON4CN\" width=\"300\" height=\"225\" srcset=\"https:\/\/www.on4cn.be\/blog_radio\/wp-content\/uploads\/2016\/02\/on4cn02-300x225.jpg 300w, https:\/\/www.on4cn.be\/blog_radio\/wp-content\/uploads\/2016\/02\/on4cn02-768x576.jpg 768w, https:\/\/www.on4cn.be\/blog_radio\/wp-content\/uploads\/2016\/02\/on4cn02.jpg 800w\" sizes=\"auto, (max-width: 300px) 85vw, 300px\" \/><\/a><\/p>\n<p><center><strong><span style=\"color: #0000ff;\">Cliquez sur une vignette pour agrandir la Photo<\/span><\/strong><\/center><\/p>\n<p>Claude ON4CN donne le cour Pratique<\/p>\n<p>&nbsp;<\/p>\n<p><span style=\"color: #ff0000;\">Pr\u00e9 requis:<\/span><\/p>\n<ul>\n<li>~ Int\u00e9r\u00eat pour le monde des communications radio, l\u2019\u00e9lectricit\u00e9, l\u2019\u00e9lectronique et l\u2019informatique. Aucune connaissance technique pr\u00e9alable n\u2019est n\u00e9cessaire.<\/li>\n<li>~ Motivation pour \u00e9tudier par soi-m\u00eame et suivre de mani\u00e8re assidue les s\u00e9ances de formation. Avant chaque s\u00e9ance, l\u2019aspirant ON3 est pri\u00e9 de pr\u00e9parer la mati\u00e8re th\u00e9orique au moyen des manuels disponibles<\/li>\n<\/ul>\n<p>(auto formation: 2 \u00e0 3 heures de lecture attentive s\u2019imposent avant chaque s\u00e9ance).<\/p>\n<p><center>Documents n\u00e9cessaires ( plus d\u2019infos disponibles au Radio Club ) :<\/center><br \/>\n&nbsp;<\/p>\n<p>Agenda de chaque s\u00e9ance :<\/p>\n<p>~ Durant 1h \u00e0 1h30: R\u00e9capitulatif des chapitres th\u00e9oriques, informations th\u00e9oriques compl\u00e9mentaires et<br \/>\nr\u00e9ponses aux questions des aspirants ON3 sur le contenu des manuels de pr\u00e9paration .<\/p>\n<p>~ Pour terminer: Exercices th\u00e9oriques et Travaux pratiques .<\/p>\n<p>Les s\u00e9ances de formation et l\u2019\u00e9preuve pratique sont organis\u00e9es conform\u00e9ment aux dispositions l\u00e9gales en vigueur, sous le couvert d\u2019association de radio amateurs reconnues, et sont dispens\u00e9es par des radio amateurs brevet\u00e9s et b\u00e9n\u00e9voles apr\u00e8s approbation des services comp\u00e9tents de l\u2019IBPT .<br \/>\nLes s\u00e9ances de formation et l\u2019\u00e9preuve pratique sont gratuites et ne n\u00e9cessitent aucune affiliation aupr\u00e8s du Radio Club du Borinage ou aupr\u00e8s des associations reconnues.<\/p>\n<p>Les locaux de Association Radio Amateur de Saint Ghislain ( A.R.A.S ) ce situe dans l&rsquo;entit\u00e9 de St Ghislain Rue Defuisseaux n 32 Tertre 7330 et sont accessibles chaque samedi de 14 h 00 a + \/ &#8211; 18 h 00 Information et inscription au club<\/p>\n<hr width=\"950\" \/>\n<center><br \/>\n<!-- StatsU --><br \/>\n<!-- Statistique XITI (d\u00e9but) --><br \/>\n<a title=\"Mesurez votre audience\" href=\"http:\/\/www.xiti.com\/xiti.asp?s=182357\"><br \/>\n<script type=\"text\/javascript\">\/\/ <![CDATA[\nXt_param = 's=182357&#038;p=levy';\n            Xt_r = document.referrer;\n            Xt_h = new Date();\n            Xt_i = '<img width=\"39\" height=\"25\" border=\"0\" '; Xt_i += 'src=\"http:\/\/logv26.xiti.com\/hit.xiti?'+Xt_param; Xt_i += '&#038;hl='+Xt_h.getHours()+'x'+Xt_h.getMinutes()+'x'+Xt_h.getSeconds(); if(parseFloat(navigator.appVersion)>=4)\n                    {Xt_s=screen;Xt_i+='&r='+Xt_s.width+'x'+Xt_s.height+'x'+Xt_s.pixelDepth+'x'+Xt_s.colorDepth;}\n            document.write(Xt_i+'&ref='+Xt_r.replace(\/[<>\"]\/g, '').replace(\/&\/g, '$')+'\" title=\"Analyse d\\'audience\">');\n\/\/ ]]><\/script><br \/>\n<noscript>audit et mesure d&rsquo;audience visiteurs internet par <img loading=\"lazy\" decoding=\"async\" width=\"39\" height=\"25\" src=\"http:\/\/logv26.xiti.com\/hit.xiti?s=182357&#038;p=levy\" alt=\"Analyse d'audience\" \/><\/noscript><\/a><br \/>\n<!-- Statistique XITI (Fin) --><br \/>\n<!-- StatsU --><br \/>\nVous \u00eates le <a href=\"http:\/\/www.imingo.net\" target=\"_top\"><img decoding=\"async\" src=\"http:\/\/www.imingo.com\/services\/compteur\/icptsp.php?id=on4cn\" alt=\"un compteur pour votre site\" name=\"imingo.com\" border=\"0\" \/><\/a> \u00e8me visiteur<br \/>\n<\/center><\/p>\n","protected":false},"excerpt":{"rendered":"<p>Licence ON4 et Licence de Base ON3&#8230;&nbsp; Formation Radioamateur Depuis la cr\u00e9ation de la licence de Base ON3, au mois de janvier 2006, nous avons toujours voulu r\u00e9aliser une rubrique FORMATION digne de ce nom. Objectif : compl\u00e9ter notre panel de services en offrant \u00e0 ceux qui le souhaitent une aide \u00e0 la pr\u00e9paration de &hellip; <a href=\"https:\/\/www.on4cn.be\/blog_radio\/licence-on4-et-licence-de-base-on3\/\" class=\"more-link\">Continuer la lecture<span class=\"screen-reader-text\"> de &laquo;&nbsp;Licence ON4 et Licence de Base ON3&nbsp;&raquo;<\/span><\/a><\/p>\n","protected":false},"author":1,"featured_media":0,"parent":0,"menu_order":0,"comment_status":"closed","ping_status":"closed","template":"","meta":{"footnotes":""},"class_list":["post-296","page","type-page","status-publish","hentry"],"_links":{"self":[{"href":"https:\/\/www.on4cn.be\/blog_radio\/wp-json\/wp\/v2\/pages\/296","targetHints":{"allow":["GET"]}}],"collection":[{"href":"https:\/\/www.on4cn.be\/blog_radio\/wp-json\/wp\/v2\/pages"}],"about":[{"href":"https:\/\/www.on4cn.be\/blog_radio\/wp-json\/wp\/v2\/types\/page"}],"author":[{"embeddable":true,"href":"https:\/\/www.on4cn.be\/blog_radio\/wp-json\/wp\/v2\/users\/1"}],"replies":[{"embeddable":true,"href":"https:\/\/www.on4cn.be\/blog_radio\/wp-json\/wp\/v2\/comments?post=296"}],"version-history":[{"count":0,"href":"https:\/\/www.on4cn.be\/blog_radio\/wp-json\/wp\/v2\/pages\/296\/revisions"}],"wp:attachment":[{"href":"https:\/\/www.on4cn.be\/blog_radio\/wp-json\/wp\/v2\/media?parent=296"}],"curies":[{"name":"wp","href":"https:\/\/api.w.org\/{rel}","templated":true}]}}