{"id":22191,"date":"2025-09-03T11:13:01","date_gmt":"2025-09-03T09:13:01","guid":{"rendered":"http:\/\/www.on4cn.be\/blog_radio\/?page_id=22191"},"modified":"2025-09-03T11:15:53","modified_gmt":"2025-09-03T09:15:53","slug":"lantenne-jpc-12","status":"publish","type":"page","link":"https:\/\/www.on4cn.be\/blog_radio\/lantenne-jpc-12\/","title":{"rendered":"L&rsquo;antenne JPC-12"},"content":{"rendered":"<p>&nbsp;<\/p>\n<h1><b><span style=\"color: #ff0000;\">L&rsquo;antenne JPC-12<\/span><\/b><\/h1>\n<p>&nbsp;<\/p>\n<p class=\"meta\">Publi\u00e9 le 3 septembre 2025<\/p>\n<p style=\"text-align: center;\"><a href=\"https:\/\/manuals.plus\/wp-content\/uploads\/2025\/01\/CHELEGANCE-JPC-12-GP-Portable-Shortwave-Antenna.png\" target=\"_blank\" rel=\"noopener\"><img loading=\"lazy\" decoding=\"async\" src=\"https:\/\/manuals.plus\/wp-content\/uploads\/2025\/01\/CHELEGANCE-JPC-12-GP-Portable-Shortwave-Antenna.png\" alt=\"L'antenne JPC-12\" width=\"330\" height=\"220\" \/><\/a><\/p>\n<p><center><b><span style=\"color: #0000ff;\">Cliquez sur la photo pour agrandir<\/span><\/b><\/center><\/p>\n<h2>Pr\u00e9sentation<\/h2>\n<p>L&rsquo;antenne <strong>JPC-12<\/strong> est une antenne \u00e0 ondes courtes compacte et portable qui fournit des signaux fiables o\u00f9 que vous alliez.<br \/>\nAvec sa gamme de fr\u00e9quences de <strong>40 \u00e0 6 m (7 MHz \u00e0 50 MHz)<\/strong>, cette antenne convient \u00e0 une large gamme d&rsquo;applications radioamateurs.<\/p>\n<h2>Mon exp\u00e9rience<\/h2>\n<p>J&rsquo;ai acquis cette antenne pour mes vacances dans le Lot et je suis tr\u00e8s satisfait.<br \/>\nCette antenne verticale prend tr\u00e8s peu de place dans les bagages, elle n\u2019est pas encombrante (voir la mallette o\u00f9 elle se trouve).<br \/>\nJ\u2019ai pu l\u2019installer derri\u00e8re le g\u00eete et d\u00e9j\u00e0 r\u00e9aliser plusieurs contacts internationaux.<\/p>\n<p>Pays contact\u00e9s : <em>PA, ON, I, OH, W, EA, EA6, EA8, EA9, TK, F, CO, JA, HL, SP, HA, LX, UA, UA0, SV, DF, G, GW, YO, S5, CT3, TF, CT, YD, V31<\/em>\u2026<br \/>\net la liste pourrait continuer durant mon s\u00e9jour du mois de septembre.<\/p>\n<h2>R\u00e9glages et performances<\/h2>\n<p>Le <strong>R.O.S<\/strong> est de 1.1 (40 m &lt; 1.3) \u00e0 1.5, r\u00e9gl\u00e9 sur la bobine.<br \/>\nPour ma part, cette antenne m\u2019apporte enti\u00e8re satisfaction pour mes \u00e9missions radioamateurs.<\/p>\n<p>&nbsp;<\/p>\n<table width=\"90%\">\n<tbody>\n<tr>\n<td colspan=\"3\">L&rsquo;antenne JPC-12<\/td>\n<\/tr>\n<tr>\n<td><a href=\"http:\/\/www.on4cn.be\/blog_radio\/wp-content\/uploads\/2025\/09\/antenne-jpc-12-on4cn-00-scaled.jpg\" target=\"_blank\" rel=\"noopener\"><img loading=\"lazy\" decoding=\"async\" class=\"aligncenter size-thumbnail wp-image-22192\" src=\"http:\/\/www.on4cn.be\/blog_radio\/wp-content\/uploads\/2025\/09\/antenne-jpc-12-on4cn-00-150x150.jpg\" alt=\"\" width=\"150\" height=\"150\" \/><\/a><\/td>\n<td><a href=\"http:\/\/www.on4cn.be\/blog_radio\/wp-content\/uploads\/2025\/09\/antenne-jpc-12-on4cn-01-scaled.jpg\" target=\"_blank\" rel=\"noopener\"><img loading=\"lazy\" decoding=\"async\" class=\"aligncenter size-thumbnail wp-image-22193\" src=\"http:\/\/www.on4cn.be\/blog_radio\/wp-content\/uploads\/2025\/09\/antenne-jpc-12-on4cn-01-150x150.jpg\" alt=\"\" width=\"150\" height=\"150\" \/><\/a><\/td>\n<td><a href=\"http:\/\/www.on4cn.be\/blog_radio\/wp-content\/uploads\/2025\/09\/antenne-jpc-12-on4cn-02-scaled.jpg\" target=\"_blank\" rel=\"noopener\"><img loading=\"lazy\" decoding=\"async\" class=\"aligncenter size-thumbnail wp-image-22194\" src=\"http:\/\/www.on4cn.be\/blog_radio\/wp-content\/uploads\/2025\/09\/antenne-jpc-12-on4cn-02-150x150.jpg\" alt=\"\" width=\"150\" height=\"150\" \/><\/a><\/td>\n<\/tr>\n<tr>\n<td colspan=\"4\"><strong>Cliquez sur une vignette pour agrandir la photo<\/strong><\/td>\n<\/tr>\n<\/tbody>\n<\/table>\n<p>&nbsp;<\/p>\n<hr \/>\n<p><b><span style=\"color: #ff0000;\">DESCRIPTION ET SP\u00c9CIFICATIONS<\/span><\/b><\/p>\n<p>L&rsquo;antenne JPC-12 est une antenne \u00e0 ondes courtes compacte et portable qui fournit des signaux fiables o\u00f9 que vous alliez. Avec sa gamme de fr\u00e9quences de 40 \u00e0 6 m (7 MHz \u00e0 50 MHz),<br \/>\ncette antenne convient \u00e0 une large gamme d&rsquo;applications radioamateurs. La conception compacte permet de ranger l&rsquo;antenne dans un petit sac, tandis que le processus d&rsquo;installation facile<br \/>\nne prend que 5 minutes.<\/p>\n<p>La nouvelle version du JPC-12 optimise \u00e0 nouveau la bobine d&rsquo;induction en utilisant un mat\u00e9riau en acier au mangan\u00e8se, en augmentant la r\u00e9sistance des \u00e9clats pour un contact plus fiable<br \/>\navec la bobine et en ajoutant des rainures dans la position de contact afin que le contact puisse \u00eatre plac\u00e9 avec pr\u00e9cision sur la bobine.<\/p>\n<p><b><span style=\"color: #ff0000;\">Caract\u00e9ristiques de l&rsquo;antenne<\/span><\/b><\/p>\n<ol>\n<li>Poids l\u00e9ger, petite taille, facile \u00e0 transporter<\/li>\n<li>Travaillez facilement dans plusieurs bandes<\/li>\n<li>\u00c9rection pratique et rapide, une personne peut terminer l&rsquo;\u00e9rection en 3 minutes<\/li>\n<li>Il est tr\u00e8s appropri\u00e9 pour une plate-forme ext\u00e9rieure, un voyage d&rsquo;affaires ou un montage sur un balcon.<\/li>\n<li>La base du tube en aluminium est sabl\u00e9e et oxyd\u00e9e en noir, ce qui est tr\u00e8s beau et de haute qualit\u00e9.<\/li>\n<\/ol>\n<ul>\n<li>Longueur r\u00e9duite 34.5cm<\/li>\n<li>Longueur \u00e9tendue 410cm<\/li>\n<li>Pouvoir 100w<\/li>\n<li>Poids 1.4 kg<\/li>\n<li>Couverture de fr\u00e9quence 40 m \u00e0 6 m (7 MHz \u00e0 50 MHz)<\/li>\n<li>Connecteur PL259<\/li>\n<li>ROS 1.1 (40 m &lt; 1.3)<\/li>\n<\/ul>\n<p><b><span style=\"color: #ff0000;\">LISTE DES PI\u00c8CES<\/span><\/b><\/p>\n<ol>\n<li>1 X FOUET T\u00c9LESCOPIQUE<\/li>\n<li>1 BASE D&rsquo;ANTENNE<\/li>\n<li>4 X BRAS EN ALUMINIUM<\/li>\n<li>1 X BOBINES MULTIBANDES<\/li>\n<li>1 X SYST\u00c8ME RADIAL<\/li>\n<li>1 X TIGE DE TERRE<\/li>\n<li>1 MANUEL D&rsquo;UTILISATION<\/li>\n<li>1 X SAC PORTEFEUILLE<\/li>\n<\/ol>\n<p style=\"text-align: center;\"><a href=\"https:\/\/manuals.plus\/wp-content\/uploads\/2025\/01\/CHELEGANCE-JPC-12-GP-Portable-Shortwave-Antenna-fig-1-768x577.png\" target=\"_blank\" rel=\"noopener\"><img loading=\"lazy\" decoding=\"async\" src=\"https:\/\/manuals.plus\/wp-content\/uploads\/2025\/01\/CHELEGANCE-JPC-12-GP-Portable-Shortwave-Antenna-fig-1-768x577.png\" alt=\"\" width=\"330\" height=\"220\" \/><\/a><\/p>\n<p><center><b><span style=\"color: #0000ff;\">Cliquez sur la photo pour agrandir<\/span><\/b><\/center><b><span style=\"color: #ff0000;\">GUIDE D&rsquo;INSTALLATION<\/span><\/b><\/p>\n<p>S\u00e9lectionnez un emplacement appropri\u00e9 pour la base de l&rsquo;antenne JPC-12 et choisissez d&rsquo;utiliser un tr\u00e9pied ou une tige de terre en fonction de la situation.<\/p>\n<p>Placez la bague de connexion des radiaux directement sur la tige de terre\/le tr\u00e9pied et serrez-la \u00e0 la base, puis installez la BASE \u2014 le BRAS EN ALUMINIUM 4* \u2014 la BOBINE MULTIBANDE \u2014 le FOUET T\u00c9LESCOPIQUE dans l&rsquo;ordre.<\/p>\n<p style=\"text-align: center;\"><a href=\"https:\/\/manuals.plus\/wp-content\/uploads\/2025\/01\/CHELEGANCE-JPC-12-GP-Portable-Shortwave-Antenna-fig-2-768x463.png\" target=\"_blank\" rel=\"noopener\"><img loading=\"lazy\" decoding=\"async\" src=\"https:\/\/manuals.plus\/wp-content\/uploads\/2025\/01\/CHELEGANCE-JPC-12-GP-Portable-Shortwave-Antenna-fig-2-768x463.png\" alt=\"l'antenne JPC-12\" width=\"530\" height=\"320\" \/><\/a><\/p>\n<p><center><b><span style=\"color: #0000ff;\">Cliquez sur la photo pour agrandir<\/span><\/b><\/center><b><span style=\"color: #ff0000;\">NOTE:<\/span><\/b><\/p>\n<p>Ajoutez une autre bobine sans r\u00e9gulateur coulissant (peut \u00eatre personnalis\u00e9). Si les deux bobines sont superpos\u00e9es ensemble et ajout\u00e9es avec un radial de 20 m\u00e8tres, elles peuvent fonctionner dans la bande des 80 m\u00e8tres.<\/p>\n<p>L&rsquo;antenne JPC-12 peut \u00e9galement \u00eatre install\u00e9e sur le balcon, \u00e0 condition de trouver un moyen de fixer la partie de base, le treillis de sol peut \u00eatre pos\u00e9 sur le balcon ou suspendu, le vibrateur peut \u00eatre utilis\u00e9 horizontalement hors du balcon pour un meilleur effet. (Assurez-vous de faire attention \u00e0 la s\u00e9curit\u00e9, prenez des mesures de protection, l&rsquo;utilisateur sera responsable des blessures corporelles ou des pertes financi\u00e8res caus\u00e9es par la chute.)<\/p>\n<p>Le fouet de l&rsquo;antenne JPC-12 pour un fonctionnement dans chaque bande 7 MHz en 4 cercles pr\u00e8s du c\u00f4t\u00e9 du tube en aluminium, le fouet s&rsquo;effondre sur environ 10 cm, SWR 1.1-1.3 (sur la ligne rouge avec la marque argent\u00e9e)<\/p>\n<p style=\"text-align: center;\"><a href=\"https:\/\/manuals.plus\/wp-content\/uploads\/2025\/01\/CHELEGANCE-JPC-12-GP-Portable-Shortwave-Antenna-fig-3-550x378.png\" target=\"_blank\" rel=\"noopener\"><img loading=\"lazy\" decoding=\"async\" src=\"https:\/\/manuals.plus\/wp-content\/uploads\/2025\/01\/CHELEGANCE-JPC-12-GP-Portable-Shortwave-Antenna-fig-3-550x378.png\" alt=\"CHELEGANCE-JPC-12-GP\" width=\"330\" height=\"220\" \/><\/a><\/p>\n<p><center><b><span style=\"color: #0000ff;\">Cliquez sur la photo pour agrandir<\/span><\/b><\/center>14 MHz en 6 cercles sur le c\u00f4t\u00e9 du fouet de l&rsquo;antenne, le fouet s&rsquo;effondre sur environ 20 cm, SWR 1.1-1.3 (sur la ligne rouge avec la marque dor\u00e9e)<\/p>\n<p style=\"text-align: center;\"><a href=\"https:\/\/manuals.plus\/wp-content\/uploads\/2025\/01\/CHELEGANCE-JPC-12-GP-Portable-Shortwave-Antenna-fig-4-550x437.png\" target=\"_blank\" rel=\"noopener\"><img loading=\"lazy\" decoding=\"async\" src=\"https:\/\/manuals.plus\/wp-content\/uploads\/2025\/01\/CHELEGANCE-JPC-12-GP-Portable-Shortwave-Antenna-fig-4-550x437.png\" alt=\"CHELEGANCE-JPC-12-GP-Portable\" width=\"330\" height=\"220\" \/><\/a><\/p>\n<p><center><b><span style=\"color: #0000ff;\">Cliquez sur la photo pour agrandir<\/span><\/b><\/center>21.4 MHz avec 4 sections de tube en aluminium + 7 sections de fouet d&rsquo;antenne + 10 cm, SWR 1.1-1.3<\/p>\n<p>29.6 MHz avec antenne fouet uniquement. \u00e9tendre tout et r\u00e9duire la moiti\u00e9 de la section, SWR1.2<\/p>\n<p style=\"text-align: center;\"><a href=\"https:\/\/ae01.alicdn.com\/kf\/H7faade2aae0441bc890335dc991752ffV.jpg\" target=\"_blank\" rel=\"noopener\"><img loading=\"lazy\" decoding=\"async\" src=\"https:\/\/ae01.alicdn.com\/kf\/H7faade2aae0441bc890335dc991752ffV.jpg\" alt=\"\" width=\"330\" height=\"320\" \/><\/a><\/p>\n","protected":false},"excerpt":{"rendered":"<p>&nbsp; L&rsquo;antenne JPC-12 &nbsp; Publi\u00e9 le 3 septembre 2025 Cliquez sur la photo pour agrandir Pr\u00e9sentation L&rsquo;antenne JPC-12 est une antenne \u00e0 ondes courtes compacte et portable qui fournit des signaux fiables o\u00f9 que vous alliez. Avec sa gamme de fr\u00e9quences de 40 \u00e0 6 m (7 MHz \u00e0 50 MHz), cette antenne convient \u00e0 &hellip; <a href=\"https:\/\/www.on4cn.be\/blog_radio\/lantenne-jpc-12\/\" class=\"more-link\">Continuer la lecture<span class=\"screen-reader-text\"> de &laquo;&nbsp;L&rsquo;antenne JPC-12&nbsp;&raquo;<\/span><\/a><\/p>\n","protected":false},"author":1,"featured_media":0,"parent":0,"menu_order":0,"comment_status":"closed","ping_status":"closed","template":"","meta":{"footnotes":""},"class_list":["post-22191","page","type-page","status-publish","hentry"],"_links":{"self":[{"href":"https:\/\/www.on4cn.be\/blog_radio\/wp-json\/wp\/v2\/pages\/22191","targetHints":{"allow":["GET"]}}],"collection":[{"href":"https:\/\/www.on4cn.be\/blog_radio\/wp-json\/wp\/v2\/pages"}],"about":[{"href":"https:\/\/www.on4cn.be\/blog_radio\/wp-json\/wp\/v2\/types\/page"}],"author":[{"embeddable":true,"href":"https:\/\/www.on4cn.be\/blog_radio\/wp-json\/wp\/v2\/users\/1"}],"replies":[{"embeddable":true,"href":"https:\/\/www.on4cn.be\/blog_radio\/wp-json\/wp\/v2\/comments?post=22191"}],"version-history":[{"count":2,"href":"https:\/\/www.on4cn.be\/blog_radio\/wp-json\/wp\/v2\/pages\/22191\/revisions"}],"predecessor-version":[{"id":22197,"href":"https:\/\/www.on4cn.be\/blog_radio\/wp-json\/wp\/v2\/pages\/22191\/revisions\/22197"}],"wp:attachment":[{"href":"https:\/\/www.on4cn.be\/blog_radio\/wp-json\/wp\/v2\/media?parent=22191"}],"curies":[{"name":"wp","href":"https:\/\/api.w.org\/{rel}","templated":true}]}}