{"id":221,"date":"2016-02-17T17:21:27","date_gmt":"2016-02-17T16:21:27","guid":{"rendered":"http:\/\/www.on4cn.be\/blog_radio\/?page_id=221"},"modified":"2018-05-23T07:01:03","modified_gmt":"2018-05-23T06:01:03","slug":"les-applications-arduino-hamradio","status":"publish","type":"page","link":"https:\/\/www.on4cn.be\/blog_radio\/les-applications-arduino-hamradio\/","title":{"rendered":"Les applications Arduino Hamradio"},"content":{"rendered":"<article class=\"article\">\n<div id=\"post-560\" class=\"post-560 post type-post status-publish format-standard hentry category-arduino-3 category-cnc-2 category-microcontrolleur tag-cnc tag-f4hlo tag-f8khp tag-hohneck tag-hotpsot tag-icom tag-interface tag-ra88-org\">\n<center><\/p>\n<h3 class=\"entry-title\">Les applications Arduino Hamradio<\/h3>\n<p><\/center><\/p>\n<div class=\"entry-meta\">\n<span class=\"meta-prep meta-prep-author\">Publi\u00e9 le<\/span> <a href=\"http:\/\/blog.f8asb.com\/?p=560\" title=\"13 h 50 min\" rel=\"bookmark\"><span class=\"entry-date\">15 f\u00e9vrier 2014<\/span><\/a> <span class=\"meta-sep\">par<\/span> <span class=\"author vcard\"><a class=\"url fn n\" href=\"http:\/\/blog.f8asb.com\/?author=1\" title=\"Afficher tous les articles par f8asb\">f8asb<\/a><\/span>\t\t\t\t\t<\/p>\n<\/div>\n<p><!-- .entry-meta --><\/p>\n<div class=\"entry-content\">\n<h3><a href=\"http:\/\/blog.f8asb.com\/wp-content\/uploads\/2014\/02\/arduinohamradio.jpg\"><img loading=\"lazy\" decoding=\"async\" class=\"aligncenter size-full wp-image-567\" alt=\"arduinohamradio\" src=\"http:\/\/blog.f8asb.com\/wp-content\/uploads\/2014\/02\/arduinohamradio.jpg\" width=\"800\" height=\"346\" \/><\/a><\/h3>\n<div class=\"nav-previous\"><a href=\"http:\/\/blog.f8asb.com\/?p=560\" rel=\"prev\">Cliquez ICI pour voir les articles<\/a><\/div>\n<p>Voici une s\u00e9rie de liens avec des applications Arduino li\u00e9 \u00e0 l&rsquo;activit\u00e9 radioamateurs.<br \/>\nSi vous avez d&rsquo;autres liens \u00e0 proposer n\u00e9sh\u00e9sitez pas \u00e0 me les communiquer via le <a title=\"Contact\" href=\"http:\/\/www.on4cn.be\/blog_radio\/contact\/\" target=\"_blank\">formulaire de contact<\/a>.\n<\/div>\n<hr width=\"950\" \/>\n<center><br \/>\n<!-- StatsU --><br \/>\n<!-- Statistique XITI (d\u00e9but) --><br \/>\n<a title=\"Mesurez votre audience\" href=\"http:\/\/www.xiti.com\/xiti.asp?s=182357\"><br \/>\n<script type=\"text\/javascript\">\/\/ <![CDATA[\nXt_param = 's=182357&#038;p=levy';\n            Xt_r = document.referrer;\n            Xt_h = new Date();\n            Xt_i = '<img width=\"39\" height=\"25\" border=\"0\" '; Xt_i += 'src=\"http:\/\/logv26.xiti.com\/hit.xiti?'+Xt_param; Xt_i += '&#038;hl='+Xt_h.getHours()+'x'+Xt_h.getMinutes()+'x'+Xt_h.getSeconds(); if(parseFloat(navigator.appVersion)>=4)\n                    {Xt_s=screen;Xt_i+='&r='+Xt_s.width+'x'+Xt_s.height+'x'+Xt_s.pixelDepth+'x'+Xt_s.colorDepth;}\n            document.write(Xt_i+'&ref='+Xt_r.replace(\/[<>\"]\/g, '').replace(\/&\/g, '$')+'\" title=\"Analyse d\\'audience\">');\n\/\/ ]]><\/script><br \/>\n<noscript>audit et mesure d&rsquo;audience visiteurs internet par <img loading=\"lazy\" decoding=\"async\" width=\"39\" height=\"25\" src=\"http:\/\/logv26.xiti.com\/hit.xiti?s=182357&#038;p=levy\" alt=\"Analyse d'audience\" \/><\/noscript><\/a><br \/>\n<!-- Statistique XITI (Fin) --><br \/>\n<!-- StatsU --><br \/>\nVous \u00eates le <a href=\"http:\/\/www.imingo.net\" target=\"_top\"><img decoding=\"async\" src=\"http:\/\/www.imingo.com\/services\/compteur\/icptsp.php?id=on4cn\" alt=\"un compteur pour votre site\" name=\"imingo.com\" border=\"0\" \/><\/a> \u00e8me visiteur<br \/>\n<\/center><br \/>\n<\/article>\n","protected":false},"excerpt":{"rendered":"<p>Les applications Arduino Hamradio Publi\u00e9 le 15 f\u00e9vrier 2014 par f8asb Cliquez ICI pour voir les articles Voici une s\u00e9rie de liens avec des applications Arduino li\u00e9 \u00e0 l&rsquo;activit\u00e9 radioamateurs. Si vous avez d&rsquo;autres liens \u00e0 proposer n\u00e9sh\u00e9sitez pas \u00e0 me les communiquer via le formulaire de contact. audit et mesure d&rsquo;audience visiteurs internet par &hellip; <a href=\"https:\/\/www.on4cn.be\/blog_radio\/les-applications-arduino-hamradio\/\" class=\"more-link\">Continuer la lecture<span class=\"screen-reader-text\"> de &laquo;&nbsp;Les applications Arduino Hamradio&nbsp;&raquo;<\/span><\/a><\/p>\n","protected":false},"author":1,"featured_media":0,"parent":0,"menu_order":0,"comment_status":"closed","ping_status":"closed","template":"","meta":{"footnotes":""},"class_list":["post-221","page","type-page","status-publish","hentry"],"_links":{"self":[{"href":"https:\/\/www.on4cn.be\/blog_radio\/wp-json\/wp\/v2\/pages\/221","targetHints":{"allow":["GET"]}}],"collection":[{"href":"https:\/\/www.on4cn.be\/blog_radio\/wp-json\/wp\/v2\/pages"}],"about":[{"href":"https:\/\/www.on4cn.be\/blog_radio\/wp-json\/wp\/v2\/types\/page"}],"author":[{"embeddable":true,"href":"https:\/\/www.on4cn.be\/blog_radio\/wp-json\/wp\/v2\/users\/1"}],"replies":[{"embeddable":true,"href":"https:\/\/www.on4cn.be\/blog_radio\/wp-json\/wp\/v2\/comments?post=221"}],"version-history":[{"count":0,"href":"https:\/\/www.on4cn.be\/blog_radio\/wp-json\/wp\/v2\/pages\/221\/revisions"}],"wp:attachment":[{"href":"https:\/\/www.on4cn.be\/blog_radio\/wp-json\/wp\/v2\/media?parent=221"}],"curies":[{"name":"wp","href":"https:\/\/api.w.org\/{rel}","templated":true}]}}