{"id":16630,"date":"2022-03-23T12:45:17","date_gmt":"2022-03-23T11:45:17","guid":{"rendered":"http:\/\/www.on4cn.be\/blog_radio\/?page_id=16630"},"modified":"2022-03-23T12:58:24","modified_gmt":"2022-03-23T11:58:24","slug":"firmware-icom-7300","status":"publish","type":"page","link":"https:\/\/www.on4cn.be\/blog_radio\/firmware-icom-7300\/","title":{"rendered":"Firmware Icom 7300"},"content":{"rendered":"<article class=\"article\">\n<center><strong><span style=\"color: #ff0000;\">Firmware Icom 7300<\/span><\/strong><\/center><\/p>\n<p style=\"text-align: center;\"><img loading=\"lazy\" decoding=\"async\" src=\"http:\/\/www.on4cn.be\/blog_radio\/wp-content\/uploads\/2022\/03\/ic7300.jpg\" alt=\"\" width=\"500\" height=\"200\" \/><\/p>\n<p>A propos de la mise \u00e0 jour du Firmware<br \/>\nLa mise \u00e0 jour du firmware de l&rsquo;Icom 7300 est possible \u00e0 l&rsquo;aide d&rsquo;une carte SD. La mise \u00e0 jour du firmware peut permettre d&rsquo;ajouter de nouvelles fonctions ou peut permettre les performances de l&rsquo;appariel.<br \/>\nLa version la plus r\u00e9cente du firmware est t\u00e9l\u00e9chargeable depuis le site Internet Icom <a href=\"https:\/\/www.icomjapan.com\/support\/firmware_driver\/3339\/\" target=\"_blank\" rel=\"noopener noreferrer\"><b><span style=\"color: #ff0000;\"> * ICI<\/span><\/b><\/a><\/p>\n<p>Le manuel pour la proc\u00e9dure en Francais ce trouve <a href=\"http:\/\/www.on4cn.be\/blog_radio\/wp-content\/uploads\/2022\/03\/ic7300.pdf\" target=\"_blank\" rel=\"noopener noreferrer\"><span style=\"text-decoration: underline;\"><span style=\"color: #0000ff;\"><strong>ICI<\/strong><\/span><\/span><\/a><\/p>\n<p>Bon trafic 73 s Claude ON4CN<\/p>\n<\/article>\n","protected":false},"excerpt":{"rendered":"<p>Firmware Icom 7300 A propos de la mise \u00e0 jour du Firmware La mise \u00e0 jour du firmware de l&rsquo;Icom 7300 est possible \u00e0 l&rsquo;aide d&rsquo;une carte SD. La mise \u00e0 jour du firmware peut permettre d&rsquo;ajouter de nouvelles fonctions ou peut permettre les performances de l&rsquo;appariel. La version la plus r\u00e9cente du firmware est &hellip; <a href=\"https:\/\/www.on4cn.be\/blog_radio\/firmware-icom-7300\/\" class=\"more-link\">Continuer la lecture<span class=\"screen-reader-text\"> de &laquo;&nbsp;Firmware Icom 7300&nbsp;&raquo;<\/span><\/a><\/p>\n","protected":false},"author":1,"featured_media":0,"parent":0,"menu_order":0,"comment_status":"closed","ping_status":"closed","template":"","meta":{"footnotes":""},"class_list":["post-16630","page","type-page","status-publish","hentry"],"_links":{"self":[{"href":"https:\/\/www.on4cn.be\/blog_radio\/wp-json\/wp\/v2\/pages\/16630","targetHints":{"allow":["GET"]}}],"collection":[{"href":"https:\/\/www.on4cn.be\/blog_radio\/wp-json\/wp\/v2\/pages"}],"about":[{"href":"https:\/\/www.on4cn.be\/blog_radio\/wp-json\/wp\/v2\/types\/page"}],"author":[{"embeddable":true,"href":"https:\/\/www.on4cn.be\/blog_radio\/wp-json\/wp\/v2\/users\/1"}],"replies":[{"embeddable":true,"href":"https:\/\/www.on4cn.be\/blog_radio\/wp-json\/wp\/v2\/comments?post=16630"}],"version-history":[{"count":0,"href":"https:\/\/www.on4cn.be\/blog_radio\/wp-json\/wp\/v2\/pages\/16630\/revisions"}],"wp:attachment":[{"href":"https:\/\/www.on4cn.be\/blog_radio\/wp-json\/wp\/v2\/media?parent=16630"}],"curies":[{"name":"wp","href":"https:\/\/api.w.org\/{rel}","templated":true}]}}