{"id":15184,"date":"2021-03-04T09:17:18","date_gmt":"2021-03-04T08:17:18","guid":{"rendered":"http:\/\/www.on4cn.be\/blog_radio\/?page_id=15184"},"modified":"2021-03-04T09:17:18","modified_gmt":"2021-03-04T08:17:18","slug":"ma-configuration-ft991a-et-mmsstv","status":"publish","type":"page","link":"https:\/\/www.on4cn.be\/blog_radio\/ma-configuration-ft991a-et-mmsstv\/","title":{"rendered":"Ma configuration FT991A et MMSSTV"},"content":{"rendered":"<p><center><strong><span style=\"color: #ff0000;\">Configuration correcte pour utiliser un Yaesu FT991A avec MMSSTV<\/span><\/strong><\/center><\/p>\n<p style=\"text-align: center;\">Configuration Yaesu FT991A et MMSSTV<\/p>\n<p style=\"text-align: center;\"><a href=\"http:\/\/www.on4cn.be\/blog_radio\/wp-content\/uploads\/2021\/03\/ft991a00.jpg\"><img loading=\"lazy\" decoding=\"async\" class=\"aligncenter size-medium wp-image-15185\" src=\"http:\/\/www.on4cn.be\/blog_radio\/wp-content\/uploads\/2021\/03\/ft991a00-300x109.jpg\" alt=\"ON4CN ft991a00\" width=\"300\" height=\"109\" srcset=\"https:\/\/www.on4cn.be\/blog_radio\/wp-content\/uploads\/2021\/03\/ft991a00-300x109.jpg 300w, https:\/\/www.on4cn.be\/blog_radio\/wp-content\/uploads\/2021\/03\/ft991a00-768x278.jpg 768w, https:\/\/www.on4cn.be\/blog_radio\/wp-content\/uploads\/2021\/03\/ft991a00.jpg 936w\" sizes=\"auto, (max-width: 300px) 85vw, 300px\" \/><\/a><\/p>\n<p style=\"text-align: center;\"><span style=\"color: #ff0000;\"><b>CONFIGURATION DU FT-991 POUR LES MODES NUM\u00c9RIQUES<br \/>\n(AVEC UNIQUEMENT UN C\u00c2BLE)<\/b><\/span><\/p>\n<p>D&rsquo;accord,Certains d&rsquo;entre vous ne le savent peut-\u00eatre pas, alors laissez-moi commencer par le d\u00e9but.Les amateurs qui ex\u00e9cutent PSK31 ou JT65 ou FT8 ou un autre mode num\u00e9rique<br \/>\nutilisent un ordinateur connect\u00e9 \u00e0 une interface audio qui est ensuite connect\u00e9e \u00e0 la radio.<\/p>\n<p>Le logiciel de l&rsquo;ordinateur g\u00e9n\u00e8re un son qui va de la carte son de l&rsquo;ordinateur \u00e0 la radio ainsi que de la radio \u00e0 la carte son.<\/p>\n<p><strong><span style=\"color: #ff0000;\">ORDINATEUR -&gt; INTERFACE -&gt; RADIO<\/span><\/strong><\/p>\n<p>Il existe plusieurs types de p\u00e9riph\u00e9riques d&rsquo;interface que vous pouvez acheter pour \u00e9tablir cette connexion. Buxcom , Radio West Mountain ,Signalink , et m\u00eame MFJ<br \/>\nentre sur le march\u00e9 avec leur propre appareil audio .<\/p>\n<p>J&rsquo;ai fini par garder et utiliser le Signalink, attach\u00e9 au Yeasu FT-100D qui \u00e9tait mon \u00e9quipement \u00abnum\u00e9rique\u00bb, et j&rsquo;ai \u00e9galement un Yaesu FT450, que j&rsquo;utilise pour les modes<br \/>\nnum\u00e9riques avec cette radio, j&rsquo;utilise un Yaesu SCU-17. Je trouve que c&rsquo;est un moyen tr\u00e8s FACILE de se familiariser avec les modes num\u00e9riques.<\/p>\n<p>Le Signalink est bien en ce sens qu&rsquo;il poss\u00e8de sa propre carte son. Ainsi, vous connectez votre ordinateur portable via USB au Signalink (pour le contr\u00f4le audio) et une autre<br \/>\nconnexion s\u00e9rie \/ USB \u00e0 l&rsquo;arri\u00e8re de la radio pour PTT.<\/p>\n<p>Oui, c&rsquo;est l&rsquo;un des moyens les plus co\u00fbteux de le faire ( \u00c0 environ 100 $ pour l&rsquo;appareil) &#8211; mais \u00e7a marche bien.<\/p>\n<p>Toutefois! Cet article ne concerne pas le Signalink, il s&rsquo;agit de configurer les communications num\u00e9riques avec le FT-991, avec seulement un c\u00e2ble USB.<br \/>\nContr\u00f4le CAT ainsi que PTT via un c\u00e2ble USB de l&rsquo;ordinateur \u00e0 la radio.<\/p>\n<p><span style=\"color: #0000ff;\"><b>Donc !<\/b><\/span><br \/>\nAucun convertisseur USB vers s\u00e9rie n\u00e9cessaire, donc des bo\u00eetiers d&rsquo;interface suppl\u00e9mentaires &#8211; juste un c\u00e2ble USB<\/p>\n<p>Le FT-991 est livr\u00e9 avec une carte son int\u00e9gr\u00e9e. Certains disent que c&rsquo;est la m\u00eame carte son qui est dans le Yaesu SCU-17,<br \/>\nL&rsquo;\u00e9quivalent de Yaesu du dispositif Signalink. Cependant, le FT-991 fait \u00e9galement FSK RTTY ainsi que CW, (avec sa carte son int\u00e9gr\u00e9e) quelque chose que le Signalink ne peut<br \/>\npas faire.<\/p>\n<p><strong><span style=\"color: #ff0000;\">\u00ab Ainsi, le FT-991 a une carte son int\u00e9gr\u00e9e. Je connecte simplement un c\u00e2ble USB et c&rsquo;est parti ? \u00bb<\/span><\/strong><\/p>\n<p>&nbsp;<\/p>\n<h2><strong><span style=\"text-decoration: underline;\">V\u00c9RIFIEZ LE PORT COM ASSIGN\u00c9 AU PILOTE USB ICOM<\/span><\/strong><\/h2>\n<p>&nbsp;<\/p>\n<p>Cliquez avec le bouton droit sur le bouton \u00abD\u00e9marrer\u00bb de Windows.<\/p>\n<p style=\"text-align: center;\"><a href=\"http:\/\/www.on4cn.be\/blog_radio\/wp-content\/uploads\/2021\/03\/icom-7300-01.jpg\" target=\"_blank\" rel=\"noopener\"><img loading=\"lazy\" decoding=\"async\" class=\"aligncenter size-full wp-image-15158\" src=\"http:\/\/www.on4cn.be\/blog_radio\/wp-content\/uploads\/2021\/03\/icom-7300-01.jpg\" sizes=\"auto, (max-width: 342px) 85vw, 342px\" srcset=\"http:\/\/www.on4cn.be\/blog_radio\/wp-content\/uploads\/2021\/03\/icom-7300-01.jpg 342w, http:\/\/www.on4cn.be\/blog_radio\/wp-content\/uploads\/2021\/03\/icom-7300-01-300x35.jpg 300w\" alt=\"icom-7300-01\" width=\"342\" height=\"40\" \/><\/a><\/p>\n<p>Cliquez sur \u00abGestionnaire de p\u00e9riph\u00e9riques\u00bb.<\/p>\n<p style=\"text-align: center;\"><a href=\"http:\/\/www.on4cn.be\/blog_radio\/wp-content\/uploads\/2021\/03\/icom-7300-02.jpg\" target=\"_blank\" rel=\"noopener\"><img loading=\"lazy\" decoding=\"async\" class=\"aligncenter size-full wp-image-15159\" src=\"http:\/\/www.on4cn.be\/blog_radio\/wp-content\/uploads\/2021\/03\/icom-7300-02.jpg\" sizes=\"auto, (max-width: 640px) 85vw, 640px\" srcset=\"http:\/\/www.on4cn.be\/blog_radio\/wp-content\/uploads\/2021\/03\/icom-7300-02.jpg 640w, http:\/\/www.on4cn.be\/blog_radio\/wp-content\/uploads\/2021\/03\/icom-7300-02-300x225.jpg 300w\" alt=\"icom-7300-02\" width=\"640\" height=\"480\" \/><\/a><br \/>\nCliquez sur \u00abGestionnaire de p\u00e9riph\u00e9riques\u00bb.<\/p>\n<p style=\"text-align: center;\"><a href=\"http:\/\/www.on4cn.be\/blog_radio\/wp-content\/uploads\/2021\/03\/ft991a01.jpg\" target=\"_blank\" rel=\"noopener\"><img loading=\"lazy\" decoding=\"async\" class=\"aligncenter size-large wp-image-15186\" src=\"http:\/\/www.on4cn.be\/blog_radio\/wp-content\/uploads\/2021\/03\/ft991a01-1024x768.jpg\" alt=\"ft991a01-ON4CN\" width=\"840\" height=\"630\" srcset=\"https:\/\/www.on4cn.be\/blog_radio\/wp-content\/uploads\/2021\/03\/ft991a01-1024x768.jpg 1024w, https:\/\/www.on4cn.be\/blog_radio\/wp-content\/uploads\/2021\/03\/ft991a01-300x225.jpg 300w, https:\/\/www.on4cn.be\/blog_radio\/wp-content\/uploads\/2021\/03\/ft991a01-768x576.jpg 768w, https:\/\/www.on4cn.be\/blog_radio\/wp-content\/uploads\/2021\/03\/ft991a01-1536x1152.jpg 1536w, https:\/\/www.on4cn.be\/blog_radio\/wp-content\/uploads\/2021\/03\/ft991a01-2048x1536.jpg 2048w, https:\/\/www.on4cn.be\/blog_radio\/wp-content\/uploads\/2021\/03\/ft991a01-1200x900.jpg 1200w\" sizes=\"auto, (max-width: 709px) 85vw, (max-width: 909px) 67vw, (max-width: 1362px) 62vw, 840px\" \/><\/a><br \/>\nVous devez avoir vos deux port com ici 5 et 6<\/p>\n<p style=\"text-align: center;\"><a href=\"http:\/\/www.on4cn.be\/blog_radio\/wp-content\/uploads\/2021\/03\/ft991a02.jpg\" target=\"_blank\" rel=\"noopener\"><img loading=\"lazy\" decoding=\"async\" class=\"aligncenter size-large wp-image-15187\" src=\"http:\/\/www.on4cn.be\/blog_radio\/wp-content\/uploads\/2021\/03\/ft991a02-1024x768.jpg\" alt=\"ft991a02-ON4CN\" width=\"840\" height=\"630\" srcset=\"https:\/\/www.on4cn.be\/blog_radio\/wp-content\/uploads\/2021\/03\/ft991a02-1024x768.jpg 1024w, https:\/\/www.on4cn.be\/blog_radio\/wp-content\/uploads\/2021\/03\/ft991a02-300x225.jpg 300w, https:\/\/www.on4cn.be\/blog_radio\/wp-content\/uploads\/2021\/03\/ft991a02-768x576.jpg 768w, https:\/\/www.on4cn.be\/blog_radio\/wp-content\/uploads\/2021\/03\/ft991a02-1536x1152.jpg 1536w, https:\/\/www.on4cn.be\/blog_radio\/wp-content\/uploads\/2021\/03\/ft991a02-2048x1536.jpg 2048w, https:\/\/www.on4cn.be\/blog_radio\/wp-content\/uploads\/2021\/03\/ft991a02-1200x900.jpg 1200w\" sizes=\"auto, (max-width: 709px) 85vw, (max-width: 909px) 67vw, (max-width: 1362px) 62vw, 840px\" \/><\/a><br \/>\n<b>Configuration RX<\/b><\/p>\n<p style=\"text-align: center;\"><a href=\"http:\/\/www.on4cn.be\/blog_radio\/wp-content\/uploads\/2021\/03\/ft991a03.jpg\" target=\"_blank\" rel=\"noopener\"><img loading=\"lazy\" decoding=\"async\" class=\"aligncenter size-large wp-image-15188\" src=\"http:\/\/www.on4cn.be\/blog_radio\/wp-content\/uploads\/2021\/03\/ft991a03-1024x768.jpg\" alt=\"\" width=\"840\" height=\"630\" srcset=\"https:\/\/www.on4cn.be\/blog_radio\/wp-content\/uploads\/2021\/03\/ft991a03-1024x768.jpg 1024w, https:\/\/www.on4cn.be\/blog_radio\/wp-content\/uploads\/2021\/03\/ft991a03-300x225.jpg 300w, https:\/\/www.on4cn.be\/blog_radio\/wp-content\/uploads\/2021\/03\/ft991a03-768x576.jpg 768w, https:\/\/www.on4cn.be\/blog_radio\/wp-content\/uploads\/2021\/03\/ft991a03-1536x1152.jpg 1536w, https:\/\/www.on4cn.be\/blog_radio\/wp-content\/uploads\/2021\/03\/ft991a03-2048x1536.jpg 2048w, https:\/\/www.on4cn.be\/blog_radio\/wp-content\/uploads\/2021\/03\/ft991a03-1200x900.jpg 1200w\" sizes=\"auto, (max-width: 709px) 85vw, (max-width: 909px) 67vw, (max-width: 1362px) 62vw, 840px\" \/><\/a><br \/>\n<b>Configuration TX<\/b><\/p>\n<p style=\"text-align: center;\"><a href=\"http:\/\/www.on4cn.be\/blog_radio\/wp-content\/uploads\/2021\/03\/ft991a04.jpg\" target=\"_blank\" rel=\"noopener\"><img loading=\"lazy\" decoding=\"async\" class=\"aligncenter size-large wp-image-15189\" src=\"http:\/\/www.on4cn.be\/blog_radio\/wp-content\/uploads\/2021\/03\/ft991a04-1024x768.jpg\" alt=\"\" width=\"840\" height=\"630\" srcset=\"https:\/\/www.on4cn.be\/blog_radio\/wp-content\/uploads\/2021\/03\/ft991a04-1024x768.jpg 1024w, https:\/\/www.on4cn.be\/blog_radio\/wp-content\/uploads\/2021\/03\/ft991a04-300x225.jpg 300w, https:\/\/www.on4cn.be\/blog_radio\/wp-content\/uploads\/2021\/03\/ft991a04-768x576.jpg 768w, https:\/\/www.on4cn.be\/blog_radio\/wp-content\/uploads\/2021\/03\/ft991a04-1536x1152.jpg 1536w, https:\/\/www.on4cn.be\/blog_radio\/wp-content\/uploads\/2021\/03\/ft991a04-2048x1536.jpg 2048w, https:\/\/www.on4cn.be\/blog_radio\/wp-content\/uploads\/2021\/03\/ft991a04-1200x900.jpg 1200w\" sizes=\"auto, (max-width: 709px) 85vw, (max-width: 909px) 67vw, (max-width: 1362px) 62vw, 840px\" \/><\/a><br \/>\n<b>Configuration MISC<\/b><\/p>\n<p><center><strong><span style=\"color: #ff0000;\">Configuration du Yaesu FT991A <\/span><\/strong><\/center><\/p>\n<p style=\"text-align: center;\"><a href=\"http:\/\/www.on4cn.be\/blog_radio\/wp-content\/uploads\/2021\/03\/ft991a00-01.jpg\" target=\"_blank\" rel=\"noopener\"><img loading=\"lazy\" decoding=\"async\" class=\"aligncenter size-large wp-image-15190\" src=\"http:\/\/www.on4cn.be\/blog_radio\/wp-content\/uploads\/2021\/03\/ft991a00-01-1024x768.jpg\" alt=\"ft991a00-01-ON4CN\" width=\"840\" height=\"630\" srcset=\"https:\/\/www.on4cn.be\/blog_radio\/wp-content\/uploads\/2021\/03\/ft991a00-01-1024x768.jpg 1024w, https:\/\/www.on4cn.be\/blog_radio\/wp-content\/uploads\/2021\/03\/ft991a00-01-300x225.jpg 300w, https:\/\/www.on4cn.be\/blog_radio\/wp-content\/uploads\/2021\/03\/ft991a00-01-768x576.jpg 768w, https:\/\/www.on4cn.be\/blog_radio\/wp-content\/uploads\/2021\/03\/ft991a00-01-1536x1152.jpg 1536w, https:\/\/www.on4cn.be\/blog_radio\/wp-content\/uploads\/2021\/03\/ft991a00-01-2048x1536.jpg 2048w, https:\/\/www.on4cn.be\/blog_radio\/wp-content\/uploads\/2021\/03\/ft991a00-01-1200x900.jpg 1200w\" sizes=\"auto, (max-width: 709px) 85vw, (max-width: 909px) 67vw, (max-width: 1362px) 62vw, 840px\" \/><\/a><br \/>\nVotre \u00e9m\u00e9teur doit \u00eatre sur le mode FM<\/p>\n<p>Entr\u00e9 dans la menu de votre FT991A<br \/>\nCe sont les param\u00e8tres du MENU que j&rsquo;ai modifi\u00e9s par rapport aux valeurs par d\u00e9faut.<\/p>\n<p>&nbsp;<\/p>\n<table border=\"3\" width=\"500\">\n<tbody>\n<tr bgcolor=\"#99FFFF\">\n<th>031 CAT RATE<\/th>\n<th>9600<\/th>\n<\/tr>\n<tr bgcolor=\"#99FFFF\">\n<th>032 CAT TOT<\/th>\n<th>10 ms<\/th>\n<\/tr>\n<tr bgcolor=\"#99FFFF\">\n<th>033 CAT RST<\/th>\n<th>ENABLE<\/th>\n<\/tr>\n<tr bgcolor=\"#99FFFF\">\n<th>060 PC KEYING<\/th>\n<th>DAKY<\/th>\n<\/tr>\n<tr bgcolor=\"#99FFFF\">\n<th>062 DATA MODE<\/th>\n<th>OTHERS<\/th>\n<\/tr>\n<tr bgcolor=\"#99FFFF\">\n<th>064 OTHERS DISP SSB<\/th>\n<th>1900 hz<\/th>\n<\/tr>\n<tr bgcolor=\"#99FFFF\">\n<th>065 OTHERS SHIFT SSB<\/th>\n<th>1900 hz<\/th>\n<\/tr>\n<tr bgcolor=\"#99FFFF\">\n<th>070 DATA IN SELECT<\/th>\n<th>REAR<\/th>\n<\/tr>\n<tr bgcolor=\"#99FFFF\">\n<th>071 DATA PTT SELECT<\/th>\n<th>DTR<\/th>\n<\/tr>\n<tr bgcolor=\"#99FFFF\">\n<th>072 DATA PORT SELECT<\/th>\n<th>USB<\/th>\n<\/tr>\n<tr bgcolor=\"#99FFFF\">\n<th>074 FM MIC SELECT<\/th>\n<th>REAR<\/th>\n<\/tr>\n<tr bgcolor=\"#99FFFF\">\n<th>076 FM PKT PTT SELECT<\/th>\n<th>RST<\/th>\n<\/tr>\n<tr bgcolor=\"#99FFFF\">\n<th>077 FM PKT PORT<\/th>\n<th>USB<\/th>\n<\/tr>\n<tr bgcolor=\"#99FFFF\">\n<th>079 FM PKT MODE<\/th>\n<th>9600<\/th>\n<\/tr>\n<tr bgcolor=\"#99FFFF\">\n<th>106 SSB MIC SELECT<\/th>\n<th>REAR<\/th>\n<\/tr>\n<tr bgcolor=\"#99FFFF\">\n<th>108 SSB PTT SSELECT<\/th>\n<th>RTS<\/th>\n<\/tr>\n<tr bgcolor=\"#99FFFF\">\n<th>109 SSB PORT SELECT<\/th>\n<th>USB<\/th>\n<\/tr>\n<\/tbody>\n<\/table>\n<p>&nbsp;<\/p>\n<p><b> Bon trafic en SSTV 73&rsquo;s Claude ON4CN<\/b><\/p>\n","protected":false},"excerpt":{"rendered":"<p>Configuration correcte pour utiliser un Yaesu FT991A avec MMSSTV Configuration Yaesu FT991A et MMSSTV CONFIGURATION DU FT-991 POUR LES MODES NUM\u00c9RIQUES (AVEC UNIQUEMENT UN C\u00c2BLE) D&rsquo;accord,Certains d&rsquo;entre vous ne le savent peut-\u00eatre pas, alors laissez-moi commencer par le d\u00e9but.Les amateurs qui ex\u00e9cutent PSK31 ou JT65 ou FT8 ou un autre mode num\u00e9rique utilisent un ordinateur &hellip; <a href=\"https:\/\/www.on4cn.be\/blog_radio\/ma-configuration-ft991a-et-mmsstv\/\" class=\"more-link\">Continuer la lecture<span class=\"screen-reader-text\"> de &laquo;&nbsp;Ma configuration FT991A et MMSSTV&nbsp;&raquo;<\/span><\/a><\/p>\n","protected":false},"author":1,"featured_media":0,"parent":0,"menu_order":0,"comment_status":"closed","ping_status":"closed","template":"","meta":{"footnotes":""},"class_list":["post-15184","page","type-page","status-publish","hentry"],"_links":{"self":[{"href":"https:\/\/www.on4cn.be\/blog_radio\/wp-json\/wp\/v2\/pages\/15184","targetHints":{"allow":["GET"]}}],"collection":[{"href":"https:\/\/www.on4cn.be\/blog_radio\/wp-json\/wp\/v2\/pages"}],"about":[{"href":"https:\/\/www.on4cn.be\/blog_radio\/wp-json\/wp\/v2\/types\/page"}],"author":[{"embeddable":true,"href":"https:\/\/www.on4cn.be\/blog_radio\/wp-json\/wp\/v2\/users\/1"}],"replies":[{"embeddable":true,"href":"https:\/\/www.on4cn.be\/blog_radio\/wp-json\/wp\/v2\/comments?post=15184"}],"version-history":[{"count":0,"href":"https:\/\/www.on4cn.be\/blog_radio\/wp-json\/wp\/v2\/pages\/15184\/revisions"}],"wp:attachment":[{"href":"https:\/\/www.on4cn.be\/blog_radio\/wp-json\/wp\/v2\/media?parent=15184"}],"curies":[{"name":"wp","href":"https:\/\/api.w.org\/{rel}","templated":true}]}}