{"id":15090,"date":"2021-02-21T17:43:55","date_gmt":"2021-02-21T16:43:55","guid":{"rendered":"http:\/\/www.on4cn.be\/blog_radio\/?page_id=15090"},"modified":"2021-02-21T17:43:55","modified_gmt":"2021-02-21T16:43:55","slug":"configuration-mmsstv-pour-ft991a","status":"publish","type":"page","link":"https:\/\/www.on4cn.be\/blog_radio\/configuration-mmsstv-pour-ft991a\/","title":{"rendered":"Configuration MMSSTV pour FT991A"},"content":{"rendered":"<p><center><strong><span style=\"color: #ff0000;\">Configuration MMSSTV FT991<\/span><\/strong><\/center><\/p>\n<p style=\"text-align: justify;\">\u2022 MMSSTV options pour FT-991<\/p>\n<p>(D\u00e9finissez les options FT-991 selon mon <a href=\"https:\/\/www.youtube.com\/watch?v=78WL0ew6OB4&amp;t=21s\">Youtube video<\/a>.)<\/p>\n<p>Voici les options que j&rsquo;ai d\u00e9finies dans MMSSTV pour une utilisation avec le FT-991 (A). Notez que le FT-991 appara\u00eetra normalement comme <strong> USB Audio CODEC <\/strong>;<br \/>\nJ&rsquo;ai renomm\u00e9 le mien en <strong> FT-991A (USB Audio CODEC). <\/strong> Vous devez allumer le FT-991 avant de d\u00e9marrer MMSSTV:<\/p>\n<p style=\"text-align: center;\"><a href=\"http:\/\/www.on4cn.be\/blog_radio\/wp-content\/uploads\/2021\/02\/options_rx.jpg\"><img loading=\"lazy\" decoding=\"async\" class=\"aligncenter size-full wp-image-15091\" src=\"http:\/\/www.on4cn.be\/blog_radio\/wp-content\/uploads\/2021\/02\/options_rx.jpg\" alt=\"options RX 991A\" width=\"634\" height=\"426\" srcset=\"https:\/\/www.on4cn.be\/blog_radio\/wp-content\/uploads\/2021\/02\/options_rx.jpg 634w, https:\/\/www.on4cn.be\/blog_radio\/wp-content\/uploads\/2021\/02\/options_rx-300x202.jpg 300w\" sizes=\"auto, (max-width: 634px) 85vw, 634px\" \/><\/a><\/p>\n<p style=\"text-align: center;\"><a href=\"http:\/\/www.on4cn.be\/blog_radio\/wp-content\/uploads\/2021\/02\/options_tx.jpg\"><img loading=\"lazy\" decoding=\"async\" class=\"aligncenter size-full wp-image-15092\" src=\"http:\/\/www.on4cn.be\/blog_radio\/wp-content\/uploads\/2021\/02\/options_tx.jpg\" alt=\"MMSSTV FT991A\" width=\"634\" height=\"426\" srcset=\"https:\/\/www.on4cn.be\/blog_radio\/wp-content\/uploads\/2021\/02\/options_tx.jpg 634w, https:\/\/www.on4cn.be\/blog_radio\/wp-content\/uploads\/2021\/02\/options_tx-300x202.jpg 300w\" sizes=\"auto, (max-width: 634px) 85vw, 634px\" \/><\/a><\/p>\n<p style=\"text-align: center;\"><a href=\"http:\/\/www.on4cn.be\/blog_radio\/wp-content\/uploads\/2021\/02\/options_misc.jpg\"><img loading=\"lazy\" decoding=\"async\" class=\"aligncenter size-full wp-image-15093\" src=\"http:\/\/www.on4cn.be\/blog_radio\/wp-content\/uploads\/2021\/02\/options_misc.jpg\" alt=\"MMSSTV FT991A \" width=\"634\" height=\"426\" srcset=\"https:\/\/www.on4cn.be\/blog_radio\/wp-content\/uploads\/2021\/02\/options_misc.jpg 634w, https:\/\/www.on4cn.be\/blog_radio\/wp-content\/uploads\/2021\/02\/options_misc-300x202.jpg 300w\" sizes=\"auto, (max-width: 634px) 85vw, 634px\" \/><\/a><\/p>\n<p>Info de la Source Publi\u00e9 <a href=\"https:\/\/www.classicsstv.com\/mmoptions.php\" target=\"_blank\" rel=\"noopener\"><b><span style=\"color: #ff0000;\"> * ICI<\/span><\/b><\/a><\/p>\n","protected":false},"excerpt":{"rendered":"<p>Configuration MMSSTV FT991 \u2022 MMSSTV options pour FT-991 (D\u00e9finissez les options FT-991 selon mon Youtube video.) Voici les options que j&rsquo;ai d\u00e9finies dans MMSSTV pour une utilisation avec le FT-991 (A). Notez que le FT-991 appara\u00eetra normalement comme USB Audio CODEC ; J&rsquo;ai renomm\u00e9 le mien en FT-991A (USB Audio CODEC). Vous devez allumer le &hellip; <a href=\"https:\/\/www.on4cn.be\/blog_radio\/configuration-mmsstv-pour-ft991a\/\" class=\"more-link\">Continuer la lecture<span class=\"screen-reader-text\"> de &laquo;&nbsp;Configuration MMSSTV pour FT991A&nbsp;&raquo;<\/span><\/a><\/p>\n","protected":false},"author":1,"featured_media":0,"parent":0,"menu_order":0,"comment_status":"closed","ping_status":"closed","template":"","meta":{"footnotes":""},"class_list":["post-15090","page","type-page","status-publish","hentry"],"_links":{"self":[{"href":"https:\/\/www.on4cn.be\/blog_radio\/wp-json\/wp\/v2\/pages\/15090","targetHints":{"allow":["GET"]}}],"collection":[{"href":"https:\/\/www.on4cn.be\/blog_radio\/wp-json\/wp\/v2\/pages"}],"about":[{"href":"https:\/\/www.on4cn.be\/blog_radio\/wp-json\/wp\/v2\/types\/page"}],"author":[{"embeddable":true,"href":"https:\/\/www.on4cn.be\/blog_radio\/wp-json\/wp\/v2\/users\/1"}],"replies":[{"embeddable":true,"href":"https:\/\/www.on4cn.be\/blog_radio\/wp-json\/wp\/v2\/comments?post=15090"}],"version-history":[{"count":0,"href":"https:\/\/www.on4cn.be\/blog_radio\/wp-json\/wp\/v2\/pages\/15090\/revisions"}],"wp:attachment":[{"href":"https:\/\/www.on4cn.be\/blog_radio\/wp-json\/wp\/v2\/media?parent=15090"}],"curies":[{"name":"wp","href":"https:\/\/api.w.org\/{rel}","templated":true}]}}