{"id":15055,"date":"2021-02-14T08:19:22","date_gmt":"2021-02-14T07:19:22","guid":{"rendered":"http:\/\/www.on4cn.be\/blog_radio\/?page_id=15055"},"modified":"2021-02-14T08:19:22","modified_gmt":"2021-02-14T07:19:22","slug":"les-images-sstv-a-partir-de-liss","status":"publish","type":"page","link":"https:\/\/www.on4cn.be\/blog_radio\/les-images-sstv-a-partir-de-liss\/","title":{"rendered":"les images SSTV \u00e0 partir de l&rsquo;ISS"},"content":{"rendered":"<p>Comment recevoir la SSTV  ?<\/p>\n<p style=\"text-align: justify;\"><img loading=\"lazy\" decoding=\"async\" width=\"150\" height=\"150\" src=\"https:\/\/i1.wp.com\/www.ariss-f.org\/wp-content\/uploads\/2015\/12\/arton98-e1450870117143.jpg?resize=150%2C150\" \/><\/p>\n<p>Pour recevoir les images SSTV envoy\u00e9es \u00e0 partir de l&rsquo;ISS ( Station Spatiale Internationale) il suffit de connecter un r\u00e9cepteur FM en bande 144 Mhz \u00e0 une interface audio d&rsquo;un<br \/>\nordinateur sur lequel fonctionne un logiciel de d\u00e9codage d&rsquo;\u00e9mission SSTV.<\/p>\n<p style=\"text-align: center;\"><a href=\"https:\/\/i1.wp.com\/www.ariss-f.org\/wp-content\/uploads\/2016\/01\/issttt-500x335-e1451750811175.jpg\" rel=\"attachment wp-att-554\"><img loading=\"lazy\" decoding=\"async\" aria-describedby=\n\"caption-attachment-554\" data-attachment-id=\"554\" data-permalink=\"http:\/\/www.ariss-f.org\/comment-recevoir-la-sstv\/issttt-500x335\/\" \ndata-orig-file=\"https:\/\/i1.wp.com\/www.ariss-f.org\/wp-content\/uploads\/2016\/01\/issttt-500x335-e1451750811175.jpg?fit=400%2C268\" data-orig-size=\"400,268\" data-comments-opened=\"1\" \ndata-image-meta=\"{&quot;aperture&quot;:&quot;0&quot;,&quot;credit&quot;:&quot;&quot;,&quot;camera&quot;:&quot;&quot;,&quot;caption&quot;:&quot;&quot;,&quot;created_timestamp&quot;:&quot;\n0&quot;,&quot;copyright&quot;:&quot;&quot;,&quot;focal_length&quot;:&quot;0&quot;,&quot;iso&quot;:&quot;0&quot;,&quot;shutter_speed&quot;:&quot;0&quot;,&quot;title&quot;:&quot;&quot;,\n&quot;orientation&quot;:&quot;0&quot;}\" data-image-title=\"issttt-500&#215;335\" data-image-description=\"\" data-medium-file=\"https:\/\/i1.wp.com\/www.ariss-f.org\/wp-content\/uploads\/2016\/01\/\nissttt-500x335-e1451750811175.jpg?fit=300%2C201\" data-large-file=\"https:\/\/i1.wp.com\/www.ariss-f.org\/wp-content\/uploads\/2016\/01\/issttt-500x335-e1451750811175.jpg?fit=400%2C268\" loading=\"\nlazy\" class=\"size-full wp-image-554\" src=\"https:\/\/i1.wp.com\/www.ariss-f.org\/wp-content\/uploads\/2016\/01\/issttt-500x335-e1451750811175.jpg?resize=400%2C268\" \nalt=\"Ordinateur \u00e0 bord de l'ISS pour la transmission des images SSTV\" width=\"400\" height=\"268\" data-recalc-dims=\"1\" \/><\/a><br \/>\n<br \/>Ordinateur \u00e0 bord de l&rsquo;ISS pour la transmission des images SSTV<\/p>\n<p>La fr\u00e9quence de r\u00e9ception est 145,800 Mhz en mode FM. La puissance utilis\u00e9e (20 Watts) pour les \u00e9missions SSTV permettent de les recevoir avec une simple antenne 1\/4 d&rsquo;onde.<\/p>\n<p>Les logiciels suivants peuvent \u00eatre utilis\u00e9s pour d\u00e9coder les images :<\/p>\n<ul>\n<li>Pour Windows :  <a title=\"http:\/\/hamsoft.ca\/pages\/mmsstv.php\" href=\"http:\/\/hamsoft.ca\/pages\/mmsstv.php\" target=\"_blank\" rel=\"noopener\">MMSSTV<\/a><\/li>\n<li>Pour Linux : <a href=\"http:\/\/users.telenet.be\/on4qz\/qsstv\/index.html\">QSSTV<\/a><\/li>\n<li>Pour  iOS : <a href=\"https:\/\/itunes.apple.com\/gb\/app\/sstv\/id387910013\">https:\/\/itunes.apple.com\/gb\/app\/sstv\/id387910013<\/a><\/li>\n<\/ul>\n<p>Dans le cas de MMSSTV, sur la liste AMSAT-BB,  Rick W2JAZ and Alan WA4SCA recommande de modifier la fr\u00e9quence d\u2019\u00e9chantillonnage de la carte son en la passant de 44,1 Khz \u00e0 48 Khz.<\/p>\n<p style=\"text-align: center;\"><a href=\"https:\/\/i2.wp.com\/www.ariss-f.org\/wp-content\/uploads\/2016\/01\/iss_arissant22-e1451750686265.jpg\" rel=\"attachment wp-att-553\"><img decoding=\"async\" aria-describedby=\"caption-attachment-553\" data-attachment-id=\"553\" data-permalink=\"http:\/\/www.ariss-f.org\/comment-recevoir-la-sstv\/iss_arissant22\/\" data-orig-file=\"https:\/\/i2.wp.com\/www.ariss-f.org\/wp-content\/uploads\/2016\/01\/iss_arissant22-e1451750686265.jpg?fit=500%2C340\" data-orig-size=\"500,340\" data-comments-opened=\"1\" data-image-meta=\"{&quot;aperture&quot;:&quot;0&quot;,&quot;credit&quot;:&quot;&quot;,&quot;camera&quot;:&quot;&quot;,&quot;caption&quot;:&quot;&quot;,&quot;created_timestamp&quot;:&quot;0&quot;,&quot;copyright&quot;:&quot;&quot;,&quot;focal_length&quot;:&quot;0&quot;,&quot;iso&quot;:&quot;0&quot;,&quot;shutter_speed&quot;:&quot;0&quot;,&quot;title&quot;:&quot;&quot;,&quot;orientation&quot;:&quot;0&quot;}\" data-image-title=\"iss_arissant22\" data-image-description=\"\" data-medium-file=\"https:\/\/i2.wp.com\/www.ariss-f.org\/wp-content\/uploads\/2016\/01\/iss_arissant22-e1451750686265.jpg?fit=300%2C204\" data-large-file=\"https:\/\/i2.wp.com\/www.ariss-f.org\/wp-content\/uploads\/2016\/01\/iss_arissant22-e1451750686265.jpg?fit=960%2C653\" loading=\"lazy\" class=\"size-full wp-image-553\" src=\"https:\/\/i2.wp.com\/www.ariss-f.org\/wp-content\/uploads\/2016\/01\/iss_arissant22-e1451750686265.jpg?resize=500%2C340\" alt=\"Antennes utilis\u00e9es pour ARISS\" width=\"500\" height=\"340\" data-recalc-dims=\"1\" \/><\/a><\/p>\n<p id=\"caption-attachment-553\" class=\"wp-caption-text\">Antennes utilis\u00e9es pour ARISS<\/p>\n<p>&nbsp;<\/p>\n<p>Lorsque vous recevez des images, vous pouvez les t\u00e9l\u00e9charger sur le site suivant :<\/p>\n<ul>\n<li><a href=\"http:\/\/spaceflightsoftware.com\/ARISS_SSTV\/submit.php\">http:\/\/spaceflightsoftware.com\/ARISS_SSTV\/submit.php<\/a><\/li>\n<\/ul>\n<p>Info de la Source Publi\u00e9 <a href=\"http:\/\/www.ariss-f.org\/comment-recevoir-la-sstv\/\" target=\"_blank\" rel=\"noopener\"><b><span style=\"color: #ff0000;\"> * ICI<\/span><\/b><\/a><\/p>\n","protected":false},"excerpt":{"rendered":"<p>Comment recevoir la SSTV ? Pour recevoir les images SSTV envoy\u00e9es \u00e0 partir de l&rsquo;ISS ( Station Spatiale Internationale) il suffit de connecter un r\u00e9cepteur FM en bande 144 Mhz \u00e0 une interface audio d&rsquo;un ordinateur sur lequel fonctionne un logiciel de d\u00e9codage d&rsquo;\u00e9mission SSTV. Ordinateur \u00e0 bord de l&rsquo;ISS pour la transmission des images &hellip; <a href=\"https:\/\/www.on4cn.be\/blog_radio\/les-images-sstv-a-partir-de-liss\/\" class=\"more-link\">Continuer la lecture<span class=\"screen-reader-text\"> de &laquo;&nbsp;les images SSTV \u00e0 partir de l&rsquo;ISS&nbsp;&raquo;<\/span><\/a><\/p>\n","protected":false},"author":1,"featured_media":0,"parent":0,"menu_order":0,"comment_status":"closed","ping_status":"closed","template":"","meta":{"footnotes":""},"class_list":["post-15055","page","type-page","status-publish","hentry"],"_links":{"self":[{"href":"https:\/\/www.on4cn.be\/blog_radio\/wp-json\/wp\/v2\/pages\/15055","targetHints":{"allow":["GET"]}}],"collection":[{"href":"https:\/\/www.on4cn.be\/blog_radio\/wp-json\/wp\/v2\/pages"}],"about":[{"href":"https:\/\/www.on4cn.be\/blog_radio\/wp-json\/wp\/v2\/types\/page"}],"author":[{"embeddable":true,"href":"https:\/\/www.on4cn.be\/blog_radio\/wp-json\/wp\/v2\/users\/1"}],"replies":[{"embeddable":true,"href":"https:\/\/www.on4cn.be\/blog_radio\/wp-json\/wp\/v2\/comments?post=15055"}],"version-history":[{"count":0,"href":"https:\/\/www.on4cn.be\/blog_radio\/wp-json\/wp\/v2\/pages\/15055\/revisions"}],"wp:attachment":[{"href":"https:\/\/www.on4cn.be\/blog_radio\/wp-json\/wp\/v2\/media?parent=15055"}],"curies":[{"name":"wp","href":"https:\/\/api.w.org\/{rel}","templated":true}]}}