{"id":15033,"date":"2021-02-13T07:43:31","date_gmt":"2021-02-13T06:43:31","guid":{"rendered":"http:\/\/www.on4cn.be\/blog_radio\/?page_id=15033"},"modified":"2021-02-13T07:43:38","modified_gmt":"2021-02-13T06:43:38","slug":"configuration-icom-7300-et-wsjt-x","status":"publish","type":"page","link":"https:\/\/www.on4cn.be\/blog_radio\/configuration-icom-7300-et-wsjt-x\/","title":{"rendered":"Configuration Icom 7300 et WSJT-X"},"content":{"rendered":"<p><center><strong><span style=\"color: #ff0000;\">Configuration Icom 7300 et WSJT-X<\/span><\/strong><\/center><\/p>\n<p style=\"text-align: center;\"><img loading=\"lazy\" decoding=\"async\" width=\"600\" height=\"520\" src=\"http:\/\/www.on4cn.be\/blog_radio\/wp-content\/uploads\/ic-7300.jpg\" class=\"aligncenter featured_image wp-post-image\" alt=\"Icom-7300\" \/><\/p>\n<p style=\"text-align: justify;\">L\u2019\u00e9metteur-r\u00e9cepteur IC-7300 a \u00e9norm\u00e9ment de succ\u00e8s, car il est tr\u00e8s facile \u00e0 utiliser. Tr\u00e8s petit, vous pouvez l\u2019emporter partout, mais il peut<br \/>\naussi trouver sa place dans le shack. Comme tout appareil moderne, il poss\u00e8de \u00e9norm\u00e9ment des r\u00e9glages via son menu.<br \/>\nON5VL \u00e0 fait un article pour la configuration <a href=\"https:\/\/on5vl.org\/ft8-avec-ic7300\/\" target=\"_blank\" rel=\"noopener noreferrer\"><span style=\"color: #ff0000;\"><b> ICI<\/b><\/span><\/a><\/p>\n","protected":false},"excerpt":{"rendered":"<p>Configuration Icom 7300 et WSJT-X L\u2019\u00e9metteur-r\u00e9cepteur IC-7300 a \u00e9norm\u00e9ment de succ\u00e8s, car il est tr\u00e8s facile \u00e0 utiliser. Tr\u00e8s petit, vous pouvez l\u2019emporter partout, mais il peut aussi trouver sa place dans le shack. Comme tout appareil moderne, il poss\u00e8de \u00e9norm\u00e9ment des r\u00e9glages via son menu. ON5VL \u00e0 fait un article pour la configuration ICI<\/p>\n","protected":false},"author":1,"featured_media":0,"parent":0,"menu_order":0,"comment_status":"closed","ping_status":"closed","template":"","meta":{"footnotes":""},"class_list":["post-15033","page","type-page","status-publish","hentry"],"_links":{"self":[{"href":"https:\/\/www.on4cn.be\/blog_radio\/wp-json\/wp\/v2\/pages\/15033","targetHints":{"allow":["GET"]}}],"collection":[{"href":"https:\/\/www.on4cn.be\/blog_radio\/wp-json\/wp\/v2\/pages"}],"about":[{"href":"https:\/\/www.on4cn.be\/blog_radio\/wp-json\/wp\/v2\/types\/page"}],"author":[{"embeddable":true,"href":"https:\/\/www.on4cn.be\/blog_radio\/wp-json\/wp\/v2\/users\/1"}],"replies":[{"embeddable":true,"href":"https:\/\/www.on4cn.be\/blog_radio\/wp-json\/wp\/v2\/comments?post=15033"}],"version-history":[{"count":0,"href":"https:\/\/www.on4cn.be\/blog_radio\/wp-json\/wp\/v2\/pages\/15033\/revisions"}],"wp:attachment":[{"href":"https:\/\/www.on4cn.be\/blog_radio\/wp-json\/wp\/v2\/media?parent=15033"}],"curies":[{"name":"wp","href":"https:\/\/api.w.org\/{rel}","templated":true}]}}