{"id":14987,"date":"2021-02-07T12:39:29","date_gmt":"2021-02-07T11:39:29","guid":{"rendered":"http:\/\/www.on4cn.be\/blog_radio\/?page_id=14987"},"modified":"2021-02-07T12:39:29","modified_gmt":"2021-02-07T11:39:29","slug":"wsjt-x-2-4-0-rc1-nouveau-mode-q65","status":"publish","type":"page","link":"https:\/\/www.on4cn.be\/blog_radio\/wsjt-x-2-4-0-rc1-nouveau-mode-q65\/","title":{"rendered":"WSJT-X 2.4.0-RC1 nouveau mode Q65"},"content":{"rendered":"<article class=\"article\">\n<center><strong><span style=\"color: #ff0000;\"><\/p>\n<h3>WSJT-X 2.4.0-RC1 pr\u00e9sente le nouveau mode Q65<\/h3>\n<p><\/span><\/strong><\/center><\/p>\n<p><center><b><span style=\"color: #ff0000;\">Version traduite en Fran\u00e7ais via Google Translate<\/span><\/b><\/center><\/p>\n<p>&nbsp;<\/p>\n<p style=\"text-align: center;\"><img loading=\"lazy\" decoding=\"async\" width=\"465\" height=\"225\" src=\"https:\/\/www.ft8.it\/wp-content\/uploads\/2021\/02\/q65-wsjtx.jpg\" class=\"aligncenter featured_image wp-post-image\" alt=\"\" \/><\/p>\n<p>La nouvelle version de <strong>WSJT-X 2.4.0<\/strong><\/a> pr\u00e9sente le <strong> Q65 <\/strong>, c&rsquo;est un nouveau <strong> protocole num\u00e9rique <\/strong> con\u00e7u pour les QSO avec des conditions de propagation minimales.<br \/>\nLes messages utilisateur et le s\u00e9quencement sont identiques \u00e0 ceux que nous connaissons d\u00e9j\u00e0 pour les FT8, FT4, FST4 et MSK144.<\/p>\n<p>Ici vous pouvez t\u00e9l\u00e9charger le Quick Start li\u00e9 au nouveau mode Q65.<\/p>\n<p>Fichier PDF en Fran\u00e7ais <a href=\"http:\/\/www.on4cn.be\/blog_radio\/wp-content\/uploads\/2021\/01\/q65-on4cn.pdf\" target=\"_blank\" rel=\"noopener noreferrer\"><strong>Guide en Fran\u00e7ais<\/strong><\/a><\/p>\n<p>Fichier PDF en Anglais <a href=\"https:\/\/physics.princeton.edu\/pulsar\/k1jt\/Q65_Quick_Start.pdf\" target=\"_blank\" rel=\"noopener\"><strong>guide en Anglais<\/strong><\/a><\/p>\n<p style=\"text-align: center;\"><a href=\"https:\/\/physics.princeton.edu\/pulsar\/k1jt\/wsjtx.html\" target=\"_blank\" rel=\"noopener\">T\u00c9L\u00c9CHARGEZ LA DERNI\u00c8RE VERSION WSJT-X 2.4.0-RC1<img loading=\"lazy\" decoding=\"async\" class=\"ali\ngncenter size-full wp-image-543\" src=\"https:\/\/www.ft8.it\/wp-content\/uploads\/2019\/10\/240_F_29501426_rN3xLgDC75LySggNploeljOzFZUbMuW3.jpg\" sizes=\"auto, (max-width: 721px) 100vw, 721px\" \nsrcset=\"https:\/\/www.ft8.it\/wp-content\/uploads\/2019\/10\/240_F_29501426_rN3xLgDC75LySggNploeljOzFZUbMuW3.jpg 721w, \nhttps:\/\/www.ft8.it\/wp-content\/uploads\/2019\/10\/240_F_29501426_rN3xLgDC75LySggNploeljOzFZUbMuW3-300x100.jpg 300w\" alt=\"\" width=\"300\" height=\"80\" \/><\/a><\/p>\n<p style=\"text-align: justify;\">\n<\/article-content>\n","protected":false},"excerpt":{"rendered":"<p>WSJT-X 2.4.0-RC1 pr\u00e9sente le nouveau mode Q65 Version traduite en Fran\u00e7ais via Google Translate &nbsp; La nouvelle version de WSJT-X 2.4.0 pr\u00e9sente le Q65 , c&rsquo;est un nouveau protocole num\u00e9rique con\u00e7u pour les QSO avec des conditions de propagation minimales. Les messages utilisateur et le s\u00e9quencement sont identiques \u00e0 ceux que nous connaissons d\u00e9j\u00e0 pour &hellip; <a href=\"https:\/\/www.on4cn.be\/blog_radio\/wsjt-x-2-4-0-rc1-nouveau-mode-q65\/\" class=\"more-link\">Continuer la lecture<span class=\"screen-reader-text\"> de &laquo;&nbsp;WSJT-X 2.4.0-RC1 nouveau mode Q65&nbsp;&raquo;<\/span><\/a><\/p>\n","protected":false},"author":1,"featured_media":0,"parent":0,"menu_order":0,"comment_status":"closed","ping_status":"closed","template":"","meta":{"footnotes":""},"class_list":["post-14987","page","type-page","status-publish","hentry"],"_links":{"self":[{"href":"https:\/\/www.on4cn.be\/blog_radio\/wp-json\/wp\/v2\/pages\/14987","targetHints":{"allow":["GET"]}}],"collection":[{"href":"https:\/\/www.on4cn.be\/blog_radio\/wp-json\/wp\/v2\/pages"}],"about":[{"href":"https:\/\/www.on4cn.be\/blog_radio\/wp-json\/wp\/v2\/types\/page"}],"author":[{"embeddable":true,"href":"https:\/\/www.on4cn.be\/blog_radio\/wp-json\/wp\/v2\/users\/1"}],"replies":[{"embeddable":true,"href":"https:\/\/www.on4cn.be\/blog_radio\/wp-json\/wp\/v2\/comments?post=14987"}],"version-history":[{"count":0,"href":"https:\/\/www.on4cn.be\/blog_radio\/wp-json\/wp\/v2\/pages\/14987\/revisions"}],"wp:attachment":[{"href":"https:\/\/www.on4cn.be\/blog_radio\/wp-json\/wp\/v2\/media?parent=14987"}],"curies":[{"name":"wp","href":"https:\/\/api.w.org\/{rel}","templated":true}]}}