{"id":14869,"date":"2021-01-24T06:53:01","date_gmt":"2021-01-24T05:53:01","guid":{"rendered":"http:\/\/www.on4cn.be\/blog_radio\/?page_id=14869"},"modified":"2021-01-24T06:54:27","modified_gmt":"2021-01-24T05:54:27","slug":"certificats-lotw","status":"publish","type":"page","link":"https:\/\/www.on4cn.be\/blog_radio\/certificats-lotw\/","title":{"rendered":"Certificats LoTW"},"content":{"rendered":"<article class=\"article\">\n<center><strong><span style=\"color: #ff0000;\">Journal QRZ Guide de d\u00e9marrage rapide de l&rsquo;importation de certificats LoTW<\/span><\/strong><\/center><\/p>\n<p><img loading=\"lazy\" decoding=\"async\" class=\"aligncenter size-medium wp-image-624\" src=\"http:\/\/www.on4cn.be\/blog_radio\/wp-content\/uploads\/2021\/01\/tqsl01.jpg\" alt=\"2016\" width=\"300\" height=\"80\" \/><\/a><\/p>\n<p><b>Introduction :<\/b><\/p>\n<p style=\"text-align: justify;\">Ce guide vous montrera comment r\u00e9cup\u00e9rer le certificat LoTW dont QRZ Logbook a besoin pour les t\u00e9l\u00e9chargements directs vers le Logbook of the World (LoTW) d&rsquo;ARRL. Ce guide n\u00e9cessite<br \/>\nque vous ayez d\u00e9j\u00e0 TQSL et un certificat valide de LoTW.<br \/>\nRemarque: les t\u00e9l\u00e9chargements directs vers LoTW \u00e0 partir du journal QRZ sont une fonctionnalit\u00e9 qui n\u00e9cessite un abonnement QRZ au niveau XML ou sup\u00e9rieur. Pour plus d&rsquo;informations sur<br \/>\nl&rsquo;abonnement ou pour vous abonner, consultez: <a href=\"https:\/\/ssl.qrz.com\/products\/\" target=\"_blank\" rel=\"noopener noreferrer\"><b><span style=\"color: #0000ff;\"> https:\/\/ssl.qrz.com\/products\/<\/span><\/b><\/a><\/p>\n<p>Remarque: QRZ ne fournit pas de support pour les probl\u00e8mes LoTW en dehors de la port\u00e9e de notre interface avec LoTW. Si vous avez besoin d&rsquo;aide pour obtenir TQSL, un compte LoTW ou<br \/>\nun certificat LoTW, consultez la page officielle des instructions du journal de bord du monde ici :<br \/>\n<a href=\"http:\/\/www.arrl.org\/instructions\" target=\"_blank\" rel=\"noopener noreferrer\"><b><span style=\"color: #0000ff;\"> http:\/\/www.arrl.org\/instructions<\/span><\/b><\/a><\/p>\n<p>\u00c9tape 1: Ouvrez TQSL et s\u00e9lectionnez l&rsquo;onglet \u00abCertificats d&rsquo;indicatif\u00bb pour afficher tous les certificats disponibles.<\/p>\n<p style=\"text-align: center;\"><img loading=\"lazy\" decoding=\"async\" class=\"aligncenter size-medium wp-image-624\" src=\"http:\/\/www.on4cn.be\/blog_radio\/wp-content\/uploads\/2021\/01\/tqsl02.jpg\" alt=\"2016\" width=\"800\" height=\"600\" \/><\/a><\/p>\n<p>\u00c9tape 2: Faites un clic droit sur le certificat qui correspond \u00e0 l&rsquo;indicatif du journal QRZ pour lequel vous souhaitez activer l&rsquo;acc\u00e8s LoTW et s\u00e9lectionnez \u00abEnregistrer le certificat<br \/>\ndans un fichier\u2026\u00bb<\/p>\n<p style=\"text-align: center;\"><img loading=\"lazy\" decoding=\"async\" class=\"aligncenter size-medium wp-image-624\" src=\"http:\/\/www.on4cn.be\/blog_radio\/wp-content\/uploads\/2021\/01\/tqsl03.jpg\" alt=\"2016\" width=\"800\" height=\"602\" \/><\/a><\/p>\n<p>\u00c9tape 3: Naviguez jusqu&rsquo;\u00e0 l&#8217;emplacement o\u00f9 vous souhaitez stocker le fichier de certificat et enregistrez le fichier \u00abCALL.p12\u00bb. Cet emplacement sera requis plus tard dans le<br \/>\nprocessus.<\/p>\n<p style=\"text-align: center;\"><img loading=\"lazy\" decoding=\"async\" class=\"aligncenter size-medium wp-image-624\" src=\"http:\/\/www.on4cn.be\/blog_radio\/wp-content\/uploads\/2021\/01\/tqsl04.jpg\" alt=\"2016\" width=\"960\" height=\"540\" \/><\/a><\/p>\n<p>\u00c9tape 4: Si vous le souhaitez, vous pouvez saisir un mot de passe (recommand\u00e9), puis cliquer sur \u00abOK\u00bb. Remarque: vous devez vous souvenir de ce mot de passe! QRZ ne stocke pas ce<br \/>\nmot de passe et NE PEUT PAS le r\u00e9initialiser pour vous.<\/p>\n<p style=\"text-align: center;\"><img loading=\"lazy\" decoding=\"async\" class=\"aligncenter size-medium wp-image-624\" src=\"http:\/\/www.on4cn.be\/blog_radio\/wp-content\/uploads\/2021\/01\/tqsl05.jpg\" alt=\"2016\" width=\"356\" height=\"385\" \/><\/a><\/p>\n<p>\u00c9tape 5: Sur la page de configuration de l&rsquo;acc\u00e8s LoTW du journal QRZ, s\u00e9lectionnez \u00abChoisir un fichier\u00bb.<\/p>\n<p style=\"text-align: center;\"><img loading=\"lazy\" decoding=\"async\" class=\"aligncenter size-medium wp-image-624\" src=\"http:\/\/www.on4cn.be\/blog_radio\/wp-content\/uploads\/2021\/01\/tqsl06.jpg\" alt=\"2016\" width=\"850\" height=\"456\" \/><\/a><\/p>\n<p>\u00c9tape 5: Naviguez jusqu&rsquo;\u00e0 l&#8217;emplacement du fichier \u00abCALL.p12\u00bb enregistr\u00e9 \u00e0 partir de l&rsquo;\u00e9tape 3. S\u00e9lectionnez le fichier \u00abCALL.p12\u00bb et s\u00e9lectionnez \u00abOuvrir\u00bb.<\/p>\n<p style=\"text-align: center;\"><img loading=\"lazy\" decoding=\"async\" class=\"aligncenter size-medium wp-image-624\" src=\"http:\/\/www.on4cn.be\/blog_radio\/wp-content\/uploads\/2021\/01\/tqsl07.jpg\" alt=\"2016\" width=\"960\" height=\"540\" \/><\/a><\/p>\n<p>\u00c9tape 6: Saisissez votre nom d&rsquo;utilisateur et votre mot de passe LoTW, puis cliquez sur \u00abEnregistrer\u00bb. \u00c9tape 6a. Vous serez invit\u00e9 \u00e0 entrer un mot de passe de certificat. Si vous en<br \/>\navez entr\u00e9 un \u00e0 l&rsquo;\u00e9tape 4, saisissez-le \u00e0 nouveau ici. Si vous n&rsquo;avez pas entr\u00e9 de mot de passe \u00e0 l&rsquo;\u00e9tape 4, laissez ce champ vide.<\/p>\n<p>Vous pouvez d\u00e9sormais envoyer des QSO directement du journal QRZ \u00e0 LoTW en cochant la case du ou des QSO que vous souhaitez envoyer \u00e0 LoTW, en cliquant sur \u00abActions\u00bb, puis en<br \/>\ns\u00e9lectionnant \u00abEnvoyer les enregistrements s\u00e9lectionn\u00e9s \u00e0 LoTW\u00bb. Une bo\u00eete de mot de passe appara\u00eetra dans laquelle vous pouvez entrer le mot de passe de l&rsquo;\u00e9tape 4, ou laissez-la vide<br \/>\nsi vous n&rsquo;avez pas entr\u00e9 de mot de passe \u00e0 l&rsquo;\u00e9tape 4. Cliquez sur \u00abContinuer\u00bb.<\/p>\n<p style=\"text-align: center;\"><img loading=\"lazy\" decoding=\"async\" class=\"aligncenter size-medium wp-image-624\" src=\"http:\/\/www.on4cn.be\/blog_radio\/wp-content\/uploads\/2021\/01\/tqsl08.jpg\" alt=\"2016\" width=\"503\" height=\"334\" \/><\/a><\/p>\n<p>Vous pouvez \u00e9galement envoyer TOUS les QSO de votre journal directement \u00e0 LoTW en utilisant le bouton \u00abExporter et envoyer \u00e0 LoTW\u00bb sur la page \u00abParam\u00e8tres\u00bb du journal QRZ. (Surlign\u00e9<br \/>\nen rouge ci-dessous.) Cela vous demandera un mot de passe. Encore une fois, il s&rsquo;agit du mot de passe que vous avez entr\u00e9 \u00e0 l&rsquo;\u00e9tape 4. Si vous n&rsquo;avez pas entr\u00e9 de mot de passe \u00e0 l&rsquo;\u00e9tape<br \/>\n4, laissez ce champ vide.<\/p>\n<\/p>\n<p style=\"text-align: center;\"><img loading=\"lazy\" decoding=\"async\" class=\"aligncenter size-medium wp-image-624\" src=\"http:\/\/www.on4cn.be\/blog_radio\/wp-content\/uploads\/2021\/01\/tqsl09.jpg\" alt=\"2016\" width=\"842\" height=\"480\" \/><\/a><\/p>\n<p>Le fichier en anglais  <a href=\"http:\/\/www.on4cn.be\/blog_radio\/wp-content\/uploads\/2021\/01\/lotw_cert_guide.pdf\" target=\"_blank\" rel=\"noopener\">Fichier original en PDF  <\/a><\/p>\n<\/p>\n<\/article>\n","protected":false},"excerpt":{"rendered":"<p>Journal QRZ Guide de d\u00e9marrage rapide de l&rsquo;importation de certificats LoTW Introduction : Ce guide vous montrera comment r\u00e9cup\u00e9rer le certificat LoTW dont QRZ Logbook a besoin pour les t\u00e9l\u00e9chargements directs vers le Logbook of the World (LoTW) d&rsquo;ARRL. Ce guide n\u00e9cessite que vous ayez d\u00e9j\u00e0 TQSL et un certificat valide de LoTW. Remarque: les &hellip; <a href=\"https:\/\/www.on4cn.be\/blog_radio\/certificats-lotw\/\" class=\"more-link\">Continuer la lecture<span class=\"screen-reader-text\"> de &laquo;&nbsp;Certificats LoTW&nbsp;&raquo;<\/span><\/a><\/p>\n","protected":false},"author":1,"featured_media":0,"parent":0,"menu_order":0,"comment_status":"closed","ping_status":"closed","template":"","meta":{"footnotes":""},"class_list":["post-14869","page","type-page","status-publish","hentry"],"_links":{"self":[{"href":"https:\/\/www.on4cn.be\/blog_radio\/wp-json\/wp\/v2\/pages\/14869","targetHints":{"allow":["GET"]}}],"collection":[{"href":"https:\/\/www.on4cn.be\/blog_radio\/wp-json\/wp\/v2\/pages"}],"about":[{"href":"https:\/\/www.on4cn.be\/blog_radio\/wp-json\/wp\/v2\/types\/page"}],"author":[{"embeddable":true,"href":"https:\/\/www.on4cn.be\/blog_radio\/wp-json\/wp\/v2\/users\/1"}],"replies":[{"embeddable":true,"href":"https:\/\/www.on4cn.be\/blog_radio\/wp-json\/wp\/v2\/comments?post=14869"}],"version-history":[{"count":0,"href":"https:\/\/www.on4cn.be\/blog_radio\/wp-json\/wp\/v2\/pages\/14869\/revisions"}],"wp:attachment":[{"href":"https:\/\/www.on4cn.be\/blog_radio\/wp-json\/wp\/v2\/media?parent=14869"}],"curies":[{"name":"wp","href":"https:\/\/api.w.org\/{rel}","templated":true}]}}