{"id":11518,"date":"2020-10-21T07:51:31","date_gmt":"2020-10-21T06:51:31","guid":{"rendered":"http:\/\/www.on4cn.be\/blog_radio\/?page_id=11518"},"modified":"2020-10-27T07:13:20","modified_gmt":"2020-10-27T06:13:20","slug":"amateur-contact-log-6-7","status":"publish","type":"page","link":"https:\/\/www.on4cn.be\/blog_radio\/amateur-contact-log-6-7\/","title":{"rendered":"Amateur Contact Log 6.7"},"content":{"rendered":"<p style=\"text-align: center;\"><img decoding=\"async\" src=\"http:\/\/www.on4cn.be\/blog_radio\/wp-content\/uploads\/2020\/09\/logo-n3fjp.png\" \/><\/p>\n<p><center><strong><span style=\"color: #ff0000;\"><\/p>\n<h2>Amateur Contact Log 6.7<\/h2>\n<p><\/span><\/strong><\/center><\/p>\n<p>(Configuration syst\u00e8me requise &#8211; Windows XP \u00e0 Windows 10. Pour les syst\u00e8mes ant\u00e9rieurs \u00e0 XP, veuillez utiliser le<br \/>\n<a href=\"archivedVB6.html\">archived VB6 versions.<\/a>)<\/p>\n<p><center><\/p>\n<p class=\"download\"><img decoding=\"async\" src=\"http:\/\/www.on4cn.be\/blog_radio\/wp-content\/uploads\/2020\/09\/breezeleft.png\" \/><a href=\"programs\/ACLOGINST.exe\">T\u00e9l\u00e9chargez le journal de contact amateur maintenant!<\/a><img decoding=\"async\" src=\"http:\/\/www.on4cn.be\/blog_radio\/wp-content\/uploads\/2020\/09\/breeze.png\" \/><\/p>\n<p><\/center><br \/>\n<\/p>\n<p>Si vous effectuez une mise \u00e0 niveau \u00e0 partir d&rsquo;une version pr\u00e9c\u00e9dente d&rsquo;AC Log, <a href=\"upgradestepsaclog.html\">cliquez ici s&rsquo;il vous plait<\/a> pour les \u00e9tapes de mise \u00e0 niveau.<\/p>\n<p style=\"text-align: center;\"><img decoding=\"async\"  align=\"center\" src=\"http:\/\/www.on4cn.be\/blog_radio\/wp-content\/uploads\/2020\/09\/aclog720x403borderA.png\" \/><\/p>\n<p><\/p>\n<p class=\"subtitleleft\" style =\"color:maroon; font-style:italic;\"><b>L&rsquo;origine du journal des contacts amateurs<\/b><\/p>\n<p class=\"ptext\">Au d\u00e9but de mon exp\u00e9rience amateur, mon p\u00e8re, Fred &#8211; WB3DLV (maintenant une cl\u00e9 silencieuse qui a ador\u00e9 CW), et j&rsquo;ai utilis\u00e9 des fiches pour garder une trace de nos contacts. Apr\u00e8s je<br \/>\nJ&rsquo;ai commenc\u00e9 la programmation informatique, je savais que je voulais cr\u00e9er un programme qui ex\u00e9cuterait toutes les fonctions dont mon p\u00e8re et moi r\u00eavions quand j&rsquo;\u00e9tais enfant. Le r\u00e9sultat de ce r\u00eave<br \/>\nest le journal des contacts amateurs.<\/p>\n<p class=\"ptext\">Non seulement nos id\u00e9es ont \u00e9t\u00e9 incluses, mais j&rsquo;ai \u00e9galement int\u00e9gr\u00e9 bon nombre des bonnes suggestions que j&rsquo;ai re\u00e7ues de milliers d&rsquo;utilisateurs d&rsquo;AC Log dans le monde. je<br \/>\nJe ne saurais trop remercier tout le monde pour vos id\u00e9es, votre soutien et vos paroles aimables. Je suis reconnaissant pour toute la r\u00e9ponse positive que j&rsquo;ai re\u00e7ue pour AC Log, et tr\u00e8s reconnaissant pour les amis que j&rsquo;ai<br \/>\nfait \u00e0 la suite de cela. J&rsquo;esp\u00e8re que vous appr\u00e9cierez d&rsquo;utiliser AC Log autant que j&rsquo;aime le cr\u00e9er et le soutenir!<\/p>\n<p style=\"text-align: center;\"><img decoding=\"async\"  src=\"http:\/\/www.on4cn.be\/blog_radio\/wp-content\/uploads\/2020\/09\/ACAward.png\" \/><br \/>Exemple d&rsquo;\u00e9cran d&rsquo;accomplissement<\/p>\n<p><\/p>\n<p>Utilisation tr\u00e8s simple et intuitive!<\/p>\n<ul>\n<li>Suivi des travaux dans tous les \u00c9tats, dans tous les comt\u00e9s, dans tous les pays, DXCC, VUCC, grilles, zones, IOTA, phares et de nombreuses autres r\u00e9alisations.<\/li>\n<li>L&rsquo;interface utilisateur est personnalisable! Vous pouvez choisir d&rsquo;afficher l&rsquo;un des champs de donn\u00e9es de votre choix et d\u00e9cider o\u00f9 vous le souhaitez. La fen\u00eatre de rep\u00e9rage DX peut d\u00e9sormais \u00eatre d\u00e9finie sur la taille de votre choix! Vous pouvez \u00e9galement modifier les tailles de police de tous les champs, listes et zones de texte!<\/li>\n<li>Comprend une base de donn\u00e9es des comt\u00e9s et des pays.<\/li>\n<li>Interrogez par bande, mode ou niveau de puissance pour suivre facilement vos r\u00e9alisations par crit\u00e8res individuels et multiples.<\/li>\n<li>R\u00e9pertorie les d\u00e9tails du contact pr\u00e9c\u00e9dent avec la station en cours d&rsquo;utilisation, y compris le nom, les dates du (des) contact (s) pr\u00e9c\u00e9dent (s), QTH, etc. en tapant simplement l&rsquo;appel dans le champ d&rsquo;appel et en appuyant sur la touche Tab.<\/li>\n<li>Un calculateur de rel\u00e8vement et de distance de votre QTH pour les contacts DX et les carr\u00e9s de grille.<\/li>\n<li>Importez facilement les donn\u00e9es de notre logiciel de concours via le format ADIF.<\/li>\n<li>Prise en charge compl\u00e8te de l&rsquo;importation et de l&rsquo;exportation au format ADIF (Amateur Data Interchange Format) standard. Exportez l&rsquo;int\u00e9gralit\u00e9 de votre journal ou des enregistrements s\u00e9lectionn\u00e9s dans ADIF pour des applications telles que eQSL et LoTW de l&rsquo;ARRL (Log Book of the World).<\/li>\n<li>G\u00e9rez facilement votre journal et journal de bord du monde (LoTW). ACLog signera et t\u00e9l\u00e9chargera vos contacts sur LoTW et t\u00e9l\u00e9chargera vos confirmations depuis LoTW.<\/li>\n<li>T\u00e9l\u00e9chargez les QSO directement dans eQSL et Club Log.<\/li>\n<li>Interfaces avec la plupart des radios Elecraft, Icom, Kenwood, Ten Tec et Yaesu.<\/li>\n<li>Un formulaire Net Manager, utilis\u00e9 pour la journalisation avec plusieurs stations. Que vous g\u00e9riez un r\u00e9seau formel ou que vous participiez simplement \u00e0 une table ronde informelle, ce formulaire rend la connexion avec un groupe rapide et facile.<\/li>\n<li>Fournit le rep\u00e9rage DX via Telnet, votre paquet TNC ou AGW Packet Engine. Alerte audio pour les endroits n\u00e9cessaires.<\/li>\n<li>Envoyez le clavier CW via votre port de communication ou WinKey et lisez des fichiers wave via votre carte son.<\/li>\n<li>Imprimez rapidement des bandes d&rsquo;\u00e9tiquettes et des \u00e9tiquettes d&rsquo;adresse QSL de base (ne prend pas en charge les imprimantes d&rsquo;\u00e9tiquettes et les \u00e9tiquettes ne sont pas personnalisables via AC Log).<\/li>\n<li>Interfaces avec les services de recherche Internet QRZ et Ham Call, ainsi que plusieurs options gratuites.<\/li>\n<li>Interfaces avec de nombreux programmes num\u00e9riques et autres logiciels via API, notamment Fldigi, JTAlert, PSK Express et plus encore!<\/li>\n<li>Affichez \u00e9ventuellement votre indicatif d&rsquo;appel lorsque le programme se charge!<\/li>\n<li>Enti\u00e8rement r\u00e9seautable! Que vous souhaitiez utiliser AC Log pour une DXPedition, ou que vous souhaitiez simplement acc\u00e9der \u00e0 votre journal \u00e0 partir de plusieurs PC simultan\u00e9ment \u00e0 votre domicile ou \u00e0 votre station de club, AC Log prendra en charge plusieurs clients mettant \u00e0 jour une seule base de donn\u00e9es, tout comme mon logiciel Field Day!<\/li>\n<\/ul>\n<p class=\"ptext\"><img decoding=\"async\" src=\"http:\/\/www.on4cn.be\/blog_radio\/wp-content\/uploads\/2020\/09\/book.png\" \/><span style=\"padding-left:10px;\"><\/span><a href=\"Revision\/ACLogRevision.htm\"><b>Cliquez ici<\/b><\/a> pour un historique des r\u00e9visions de ce programme.<\/p>\n<p><\/p>\n<p class=\"ptext\">Voici une vid\u00e9o de d\u00e9marrage rapide que j&rsquo;ai cr\u00e9\u00e9e qui vous donnera une visite \u00e9clair de certaines des principales fonctionnalit\u00e9s de Amateur Contact Log:<\/p>\n<p style=\"text-align: center;\"><iframe loading=\"lazy\" width=\"600\" height=\"400\" src=\"https:\/\/www.youtube.com\/embed\/mHqJWAm0-ZI\" frameborder=\"0\" allowfullscreen><\/iframe><\/p>\n<p style=\"text-align: center;\"><img decoding=\"async\"  src=\"http:\/\/www.on4cn.be\/blog_radio\/wp-content\/uploads\/2020\/09\/QRPDXCCawardBackground.png\" \/><br \/>Quel plaisir de voir AC Log photographi\u00e9 dans le prix ARRL QRP DXCC !<\/p>\n","protected":false},"excerpt":{"rendered":"<p>Amateur Contact Log 6.7 (Configuration syst\u00e8me requise &#8211; Windows XP \u00e0 Windows 10. Pour les syst\u00e8mes ant\u00e9rieurs \u00e0 XP, veuillez utiliser le archived VB6 versions.) T\u00e9l\u00e9chargez le journal de contact amateur maintenant! Si vous effectuez une mise \u00e0 niveau \u00e0 partir d&rsquo;une version pr\u00e9c\u00e9dente d&rsquo;AC Log, cliquez ici s&rsquo;il vous plait pour les \u00e9tapes de &hellip; <a href=\"https:\/\/www.on4cn.be\/blog_radio\/amateur-contact-log-6-7\/\" class=\"more-link\">Continuer la lecture<span class=\"screen-reader-text\"> de &laquo;&nbsp;Amateur Contact Log 6.7&nbsp;&raquo;<\/span><\/a><\/p>\n","protected":false},"author":1,"featured_media":0,"parent":0,"menu_order":0,"comment_status":"closed","ping_status":"closed","template":"onecolumn-page.php","meta":{"footnotes":""},"class_list":["post-11518","page","type-page","status-publish","hentry"],"_links":{"self":[{"href":"https:\/\/www.on4cn.be\/blog_radio\/wp-json\/wp\/v2\/pages\/11518","targetHints":{"allow":["GET"]}}],"collection":[{"href":"https:\/\/www.on4cn.be\/blog_radio\/wp-json\/wp\/v2\/pages"}],"about":[{"href":"https:\/\/www.on4cn.be\/blog_radio\/wp-json\/wp\/v2\/types\/page"}],"author":[{"embeddable":true,"href":"https:\/\/www.on4cn.be\/blog_radio\/wp-json\/wp\/v2\/users\/1"}],"replies":[{"embeddable":true,"href":"https:\/\/www.on4cn.be\/blog_radio\/wp-json\/wp\/v2\/comments?post=11518"}],"version-history":[{"count":0,"href":"https:\/\/www.on4cn.be\/blog_radio\/wp-json\/wp\/v2\/pages\/11518\/revisions"}],"wp:attachment":[{"href":"https:\/\/www.on4cn.be\/blog_radio\/wp-json\/wp\/v2\/media?parent=11518"}],"curies":[{"name":"wp","href":"https:\/\/api.w.org\/{rel}","templated":true}]}}