{"id":11512,"date":"2020-10-21T06:34:53","date_gmt":"2020-10-21T05:34:53","guid":{"rendered":"http:\/\/www.on4cn.be\/blog_radio\/?page_id=11512"},"modified":"2020-10-27T07:14:30","modified_gmt":"2020-10-27T06:14:30","slug":"mise-a-jour-aclog","status":"publish","type":"page","link":"https:\/\/www.on4cn.be\/blog_radio\/mise-a-jour-aclog\/","title":{"rendered":"Mise \u00e0 jour AClog"},"content":{"rendered":"<p style=\"text-align: center;\"><img decoding=\"async\" src=\"http:\/\/www.on4cn.be\/blog_radio\/wp-content\/uploads\/2020\/09\/logo-n3fjp.png\" \/><\/p>\n<p><center><strong><span style=\"color: #ff0000;\"><\/p>\n<h3>\u00c9tapes de mise \u00e0 niveau du journal AClog<\/h3>\n<p><\/span><\/strong><\/center><\/p>\n<p class=\"ptext\">La mise \u00e0 niveau vers la version actuelle d&rsquo;AC Log \u00e0 partir des versions 3.1 ou ult\u00e9rieures est simple et rapide. Installez simplement la derni\u00e8re version d&rsquo;AC Log<br \/>\nen cliquant sur le lien de t\u00e9l\u00e9chargement sur la page Journal AC. Laissez la nouvelle version s&rsquo;installer dans son propre r\u00e9pertoire de travail par d\u00e9faut (suivez simplement les<br \/>\ninvites). N&rsquo;installez pas sur un programme existant.<\/p>\n<p class=\"ptext\">Une fois l&rsquo;installation termin\u00e9e, d\u00e9marrez simplement la derni\u00e8re version \u00e0 partir du menu D\u00e9marrer de Windows dans le groupe de programmes N3FJP Software et vous<br \/>\nserez pr\u00eat! Le fichier journal que vous. La derni\u00e8re utilisation sous votre profil utilisateur Windows actuel doit appara\u00eetre. Si vous \u00eates un utilisateur enregistr\u00e9, vous ne devriez<br \/>\npas \u00eatre invit\u00e9 \u00e0 saisir \u00e0 nouveau votre enregistrement.<\/p>\n<p class=\"ptext\">Si vous effectuez une mise \u00e0 niveau \u00e0 partir d&rsquo;une ancienne version 3X (ou m\u00eame ant\u00e9rieure) d&rsquo;AC Log, ne d\u00e9sinstallez pas avant la mise \u00e0 niveau. Au lieu de cela,<br \/>\nveuillez consulter les \u00e9tapes de mise \u00e0 niveau \u00e0 partir de 3X (et ant\u00e9rieures) plus loin dans la page.<\/p>\n<p><\/p>\n<p class=\"subtitleleft\" style =\"color:maroon; font-size:22px;\"><b>\u00c9tapes de mise \u00e0 niveau d&rsquo;AC Log 4.0 et versions ult\u00e9rieures:<\/b><\/p>\n<p class=\"ptext\">Commencez par sauvegarder votre journal en cliquant sur Fichier> Exporter ADIF et en enregistrant votre fichier journal dans un emplacement facile \u00e0 trouver.<br \/>\nApr\u00e8s avoir install\u00e9 la mise \u00e0 niveau, Le fichier journal existant doit appara\u00eetre par d\u00e9faut, mais il est toujours judicieux de sauvegarder d&rsquo;abord votre journal, juste<br \/>\npour \u00eatre s\u00fbr.<\/p>\n<p class=\"ptext\">D\u00e9sinstallez la version pr\u00e9c\u00e9dente du Panneau de configuration Windows (Programmes et fonctionnalit\u00e9s ou Ajout \/ Suppression de programmes, selon le syst\u00e8me<br \/>\nd&rsquo;exploitation). Votre journal et vos param\u00e8tres existants les fichiers ne seront pas affect\u00e9s par la d\u00e9sinstallation.<\/p>\n<p style=\"text-align: center;\"><img decoding=\"async\" src=\"http:\/\/www.on4cn.be\/blog_radio\/wp-content\/uploads\/2020\/09\/uninstallACL.png\" \/><\/p>\n<p><\/p>\n<p class=\"ptext\">Cliquez ici <a href=\"http:\/\/www.n3fjp.com\/programs\/ACLOGINST.exe\">lien de t\u00e9l\u00e9chargement<\/a> et laissez le programme d&rsquo;installation s&rsquo;ex\u00e9cuter.<\/p>\n<p class=\"ptext\">Une fois l&rsquo;installation termin\u00e9e, d\u00e9marrez simplement la derni\u00e8re version \u00e0 partir du menu D\u00e9marrer de Windows, du groupe de programmes N3FJP Software &#8211;<br \/>\nAffirmatech et vous serez pr\u00eat! Si vous \u00eates un utilisateur enregistr\u00e9, vous ne devriez pas \u00eatre invit\u00e9 \u00e0 saisir \u00e0 nouveau votre enregistrement et tous les param\u00e8tres que<br \/>\nvous avez personnalis\u00e9s devraient continuer \u00e0 s&rsquo;afficher et \u00e0 fonctionner comme vous pr\u00e9c\u00e9demment configur\u00e9s.<\/p>\n<p class=\"ptext\">Si votre journal n&rsquo;appara\u00eet pas et \/ ou vous avez \u00e9t\u00e9 invit\u00e9 \u00e0 entrer votre mot de passe apr\u00e8s la mise \u00e0 niveau, il est probable que vous ayez r\u00e9install\u00e9 en<br \/>\nutilisant un autre utilisateur Windows profil. S&rsquo;il vous pla\u00eet voir ceci<br \/>\n<a href=\"http:\/\/www.n3fjp.com\/faq.html#q48\">FAQ<\/a> pour plus de d\u00e9tails ou continuez, entrez \u00e0 nouveau votre mot de passe et restaurez votre journal \u00e0 partir de la sauvegarde<br \/>\nque vous avez cr\u00e9\u00e9e.<\/p>\n<p class=\"ptext\">Profitez de la derni\u00e8re version de Amateur Contact Log !<\/p>\n<p>\n<center><!--Back Button --><br \/>\n<input type=\"button\" value=\"Back\" onclick=\"goBack()\"><\/p>\n<p class=\"smallcenter\"><a href=\"http:\/\/www.n3fjp.com\">N3FJP Software Home<\/a><\/p>\n<p><\/center><\/p>\n<p class=\"subtitleleft\" style =\"color:maroon; font-size:22px;\"><b>\u00c9tapes de mise \u00e0 niveau \u00e0 partir de toutes les versions VB6 ant\u00e9rieures d&rsquo;AC Log (\u00e0 partir de 3.4 et versions ant\u00e9rieures):<\/b><\/p>\n<p class=\"ptext\">Cliquez ici <a href=\"http:\/\/www.n3fjp.com\/programs\/ACLOGINST.exe\">download link<\/a><br \/>\net laissez le programme d&rsquo;installation s&rsquo;ex\u00e9cuter. Laissez la nouvelle version s&rsquo;installer dans son propre r\u00e9pertoire de travail (suivez simplement les invites). N&rsquo;essayez PAS d&rsquo;installer le programme dans le m\u00eame r\u00e9pertoire<br \/>\ncomme une version pr\u00e9c\u00e9dente d&rsquo;AC Log.<\/p>\n<p class=\"ptext\">D\u00e9marrez AC Log, entrez le mot de passe que nous vous avons pr\u00e9c\u00e9demment envoy\u00e9 ou profitez de 45 jours gratuits<br \/>\nessai si vous n&rsquo;avez pas encore enregistr\u00e9 AC Log! Les mises \u00e0 jour sont toujours gratuites pour les utilisateurs enregistr\u00e9s !<\/p>\n<p class=\"ptext\">Pour transf\u00e9rer vos donn\u00e9es de journal, \u00e0 partir de l&rsquo;ancienne version d&rsquo;AC Log (ou de tout programme de journalisation qui exporte dans ADIF), cliquez sur Fichier> Exporter ADIF et enregistrez le fichier dans un<br \/>\nemplacement que vous pouvez facilement trouver.<\/p>\n<p class=\"ptext\">Dans la nouvelle version d&rsquo;AC Log, cliquez sur Fichier> Importer ADIF et s\u00e9lectionnez le fichier que vous avez export\u00e9.<\/p>\n<p class=\"ptext\">Puisqu&rsquo;il s&rsquo;agit d&rsquo;un code enti\u00e8rement nouveau avec un nouveau format de fichier, il n&rsquo;y a aucun moyen de r\u00e9cup\u00e9rer vos param\u00e8tres personnalis\u00e9s de l&rsquo;ancienne version d&rsquo;AC Log, mais je pense<br \/>\nvous trouverez la configuration de sauvegarde de AC Log encore plus rapide et plus facile que l&rsquo;ancienne version !<\/p>\n<p class=\"ptext\">La mise \u00e0 niveau vers les futures versions de la r\u00e9\u00e9criture sera aussi simple que de d\u00e9sinstaller cette version et d&rsquo;installer la suivante !<\/p>\n","protected":false},"excerpt":{"rendered":"<p>\u00c9tapes de mise \u00e0 niveau du journal AClog La mise \u00e0 niveau vers la version actuelle d&rsquo;AC Log \u00e0 partir des versions 3.1 ou ult\u00e9rieures est simple et rapide. Installez simplement la derni\u00e8re version d&rsquo;AC Log en cliquant sur le lien de t\u00e9l\u00e9chargement sur la page Journal AC. Laissez la nouvelle version s&rsquo;installer dans son &hellip; <a href=\"https:\/\/www.on4cn.be\/blog_radio\/mise-a-jour-aclog\/\" class=\"more-link\">Continuer la lecture<span class=\"screen-reader-text\"> de &laquo;&nbsp;Mise \u00e0 jour AClog&nbsp;&raquo;<\/span><\/a><\/p>\n","protected":false},"author":1,"featured_media":0,"parent":0,"menu_order":0,"comment_status":"closed","ping_status":"closed","template":"onecolumn-page.php","meta":{"footnotes":""},"class_list":["post-11512","page","type-page","status-publish","hentry"],"_links":{"self":[{"href":"https:\/\/www.on4cn.be\/blog_radio\/wp-json\/wp\/v2\/pages\/11512","targetHints":{"allow":["GET"]}}],"collection":[{"href":"https:\/\/www.on4cn.be\/blog_radio\/wp-json\/wp\/v2\/pages"}],"about":[{"href":"https:\/\/www.on4cn.be\/blog_radio\/wp-json\/wp\/v2\/types\/page"}],"author":[{"embeddable":true,"href":"https:\/\/www.on4cn.be\/blog_radio\/wp-json\/wp\/v2\/users\/1"}],"replies":[{"embeddable":true,"href":"https:\/\/www.on4cn.be\/blog_radio\/wp-json\/wp\/v2\/comments?post=11512"}],"version-history":[{"count":0,"href":"https:\/\/www.on4cn.be\/blog_radio\/wp-json\/wp\/v2\/pages\/11512\/revisions"}],"wp:attachment":[{"href":"https:\/\/www.on4cn.be\/blog_radio\/wp-json\/wp\/v2\/media?parent=11512"}],"curies":[{"name":"wp","href":"https:\/\/api.w.org\/{rel}","templated":true}]}}