{"id":11373,"date":"2020-10-11T17:14:56","date_gmt":"2020-10-11T16:14:56","guid":{"rendered":"http:\/\/www.on4cn.be\/blog_radio\/?page_id=11373"},"modified":"2020-10-13T13:23:42","modified_gmt":"2020-10-13T12:23:42","slug":"wsjt-z","status":"publish","type":"page","link":"https:\/\/www.on4cn.be\/blog_radio\/wsjt-z\/","title":{"rendered":"WSJT-Z"},"content":{"rendered":"<p><center><strong><span style=\"color: #ff0000;\"><\/p>\n<h3>Avez-vous d\u00e9j\u00e0 entendu parler de WSJT-Z ?<\/h3>\n<p><\/span><\/strong><\/center>\t<\/p>\n<p style=\"text-align: center;\"><a href=\"http:\/\/www.on4cn.be\/blog_radio\/wp-content\/uploads\/2020\/09\/wsjt-z1.jpg\" target=\"_blank\" imageanchor=\"1\" style=\"margin-left: 1em; \nmargin-right: 1em;\" rel=\"noopener noreferrer\"><img loading=\"lazy\" decoding=\"async\" width=\"700\" height=\"400\" src=\"http:\/\/www.on4cn.be\/blog_radio\/wp-content\/uploads\/2020\/09\/wsjt-z1.jpg\" \/><\/a><\/p>\n<p style=\"text-align: center;\"><a href=\"http:\/\/www.on4cn.be\/blog_radio\/wp-content\/uploads\/2020\/09\/wsjt-z2.jpg\" target=\"_blank\" imageanchor=\"1\" style=\"margin-left: 1em; \nmargin-right: 1em;\" rel=\"noopener noreferrer\"><img loading=\"lazy\" decoding=\"async\" width=\"700\" height=\"100\" src=\"http:\/\/www.on4cn.be\/blog_radio\/wp-content\/uploads\/2020\/09\/wsjt-z2.jpg\" \/><\/a><\/p>\n<p>Il s&rsquo;agit d&rsquo;un clone bas\u00e9 sur WSJT-X avec une interface utilisateur modifi\u00e9e par rapport \u00e0 l&rsquo;interface WSJT-X standard.<\/p>\n<p>Interface utilisateur modifi\u00e9e, y compris une fen\u00eatre d&rsquo;activit\u00e9 de bande plus grande<br \/>\n    Fonctions de filtrage \u00e9tendues<br \/>\n    Auto CQ et r\u00e9ponse automatique<\/p>\n<p>Ce qui est bien, c&rsquo;est que vous avez toutes les options d&rsquo;un champ principal en un coup d&rsquo;\u0153il et que vous pouvez minimiser cela en cliquant sur \u00abmini\u00bb sur le panneau de<br \/>\ncontr\u00f4le principal.<\/p>\n<p style=\"text-align: center;\"><a href=\"http:\/\/www.on4cn.be\/blog_radio\/wp-content\/uploads\/2020\/09\/wsjt-z3.jpg\" target=\"_blank\" imageanchor=\"1\" style=\"margin-left: 1em; \nmargin-right: 1em;\" rel=\"noopener noreferrer\"><img loading=\"lazy\" decoding=\"async\" width=\"400\" height=\"400\" src=\"http:\/\/www.on4cn.be\/blog_radio\/wp-content\/uploads\/2020\/09\/wsjt-z3.jpg\" \/><\/a><br \/>\n<a href=\"http:\/\/www.on4cn.be\/blog_radio\/wp-content\/uploads\/2020\/09\/wsjt-z10.jpg\" target=\"_blank\" imageanchor=\"1\" style=\"margin-left: 1em; \nmargin-right: 1em;\" rel=\"noopener noreferrer\"><img loading=\"lazy\" decoding=\"async\" width=\"400\" height=\"400\" src=\"http:\/\/www.on4cn.be\/blog_radio\/wp-content\/uploads\/2020\/09\/wsjt-z10.jpg\" \/><\/a><\/p>\n<p>Mais ce qui ressort en particulier avec ce clone, c&rsquo;est qu&rsquo;il y a une modification dans l&rsquo;op\u00e9ration et maintenant \u00e7a vient: c&rsquo;est un possible \u201eauto CQ\u201c qui signifie qu&rsquo;apr\u00e8s<br \/>\navoir ex\u00e9cut\u00e9 un Les QSO continuent d\u2019appeler CQ. Cela peut \u00eatre d\u00e9fini en outre que chaque station qui ne se trouve pas dans son propre journal de bord est appel\u00e9e automatiquement.<\/p>\n<p><b><span style=\"color: #ff0000;\">Je laisse \u00e0 chacun le soin de savoir s&rsquo;il souhaite utiliser cette fonctionnalit\u00e9 ou non.<\/span><\/b><\/p>\n<p style=\"text-align: justify;\">Ce clone WSJT-Z de SQ9FVE peut \u00eatre trouv\u00e9 \u00e0 : <a href=\"https:\/\/sourceforge.net\/projects\/wsjt-z\/\" target=\"_blank\" rel=\"noopener noreferrer\"><b><span style=\"color: #0000ff;\">https:\/\/sourceforge.net\/projects\/wsjt-z\/<\/span><\/b><\/a><\/p>\n<\/p>\n<p style=\"text-align: center;\"><b>Tom SQ9FVE releases lastest version of WSJT-Z<br \/>\n<span style=\"color: #ff0000;\">Tom SQ9FVE publie la derni\u00e8re version de WSJT-Z<\/b><\/span><\/p>\n<p style=\"text-align: justify;\"><b>If you prefer the superior (and numerous) filtering options and QRZ.com look-ups available in Tom&rsquo;s modification of WSJT-X you&rsquo;ll be pleased to know<br \/>\nthat WSJT-Z MOD v0.3.4 is now available.<\/b><\/p>\n<p><span style=\"color: #0000ff;\"><b>Si vous pr\u00e9f\u00e9rez les options de filtrage sup\u00e9rieures (et nombreuses) et les recherches QRZ.com disponibles dans la modification de Tom de WSJT-X, vous serez heureux de savoir<br \/>\nque WSJT-Z MOD v0.3.4 est maintenant disponible.<\/b><\/span><\/p>\n<p style=\"text-align: center;\"><a href=\"https:\/\/1.bp.blogspot.com\/-nqIKSGyPyjs\/XtmEinYzhxI\/AAAAAAAAG9U\/LndTTbrrCEEp3c7DyTg98zhWaou0vOcGQCLcBGAsYHQ\/s1600\/1.jpg\" target=\"_blank\" imageanchor=\"1\" style=\"margin-left: 1em; \nmargin-right: 1em;\" rel=\"noopener noreferrer\"><img loading=\"lazy\" decoding=\"async\" width=\"600\" height=\"400\" src=\"http:\/\/www.on4cn.be\/blog_radio\/wp-content\/uploads\/2020\/09\/1.jpg\" \/><\/a><\/p>\n<p style=\"text-align: justify;\"><b>In addition to the above-mentioned attributes, WSJT-Z is full-auto selectable. Sort of like the M16 I shot once upon a time in the middle of the Indian Ocean.This version also<br \/>\nincorporates the latest WSJT-X&rsquo;s 3-pass decoding scheme.<\/b><\/p>\n<p><span style=\"color: #0000ff;\"><b>En plus des attributs mentionn\u00e9s ci-dessus, WSJT-Z est enti\u00e8rement s\u00e9lectionnable automatiquement. Un peu comme le M16 que j&rsquo;ai photographi\u00e9 il \u00e9tait une fois au milieu de l&rsquo;oc\u00e9an Indien.<br \/>\nincorpore le dernier sch\u00e9ma de d\u00e9codage en 3 passes de WSJT-X. <\/b><\/span><\/p>\n<p style=\"text-align: justify;\"><b>I initially tried WSJT-Z for the automated aspects but it is the filtering options that keep me using it. They really do make the switch from -X<br \/>\nworth it as they allow a high degree of customization. I go so far as to say that if you like FT8 and are using WSJT-X, you&rsquo;re using a handicapped product due to its comparative<br \/>\nlimitations.<\/b><\/p>\n<p><span style=\"color: #0000ff;\"><b>J&rsquo;ai d&rsquo;abord essay\u00e9 WSJT-Z pour les aspects automatis\u00e9s, mais ce sont les options de filtrage qui me permettent de l&rsquo;utiliser. Ils font vraiment le changement de -X<br \/>\n\u00e7a vaut le coup car ils permettent un haut degr\u00e9 de personnalisation. Je vais jusqu&rsquo;\u00e0 dire que si vous aimez FT8 et que vous utilisez WSJT-X, vous utilisez un produit handicap\u00e9 en raison de son comparatif<br \/>\nlimitations. <\/b><\/span><\/p>\n<p style=\"text-align: center;\"><a href=\"https:\/\/1.bp.blogspot.com\/-k_TruHhjtqQ\/XtmEneg6OMI\/AAAAAAAAG9Y\/yFd4ZDMIn-AsCkDbLQd8LusqGxnYBNJegCLcBGAsYHQ\/s1600\/2.jpg\" target=\"_blank\" imageanchor=\"1\" style=\"margin-left: 1em; margin-right: 1em;\" rel=\"noopener noreferrer\"><img loading=\"lazy\" decoding=\"async\" width=\"600\" height=\"400\" src=\"http:\/\/www.on4cn.be\/blog_radio\/wp-content\/uploads\/2020\/09\/\/2.jpg\" \/><\/a><\/p>\n<p style=\"text-align: justify;\"><b>WSJT-Z MOD v0.3.4 can be downloaded <a href=\"https:\/\/sourceforge.net\/projects\/wsjt-z\/files\/latest\/download\" target=\"_blank\" rel=\"noopener noreferrer\">here<\/a>.<br \/>\nA Groups.io forum is <a href=\"https:\/\/groups.io\/g\/WSJT-Z\/topics\" target=\"_blank\" rel=\"noopener noreferrer\">here<\/a>.<\/b><\/p>\n<p><span style=\"color: #0000ff;\"><b>WSJT-Z MOD v0.3.4 peut \u00eatre t\u00e9l\u00e9charg\u00e9 <a href=\"https:\/\/sourceforge.net\/projects\/wsjt-z\/files\/latest\/download\" target=\"_blank\" rel=\"noopener noreferrer\">ICI<\/a>.<br \/>\nUn forum Groups.io est <a href=\"https:\/\/groups.io\/g\/WSJT-Z\/topics\" target=\"_blank\" rel=\"noopener noreferrer\">ICI<\/a>.<\/b><\/span><\/p>\n<p><HR width=\"50%\"><\/p>\n<p style=\"text-align: justify;\"><b>Question : Hi I wonder if installing it effects WSJT-X or no. Is there a way to show all countries and no only that calling cq? 73<\/b><\/p>\n<p><span style=\"color: #0000ff;\"><b>R\u00e9ponse : Salut, je me demande si son installation affecte WSJT-X ou non. Existe-t-il un moyen de montrer tous les pays et non seulement celui qui<br \/>\nappelle cq ? 73<\/b><\/span><\/p>\n<p><HR width=\"50%\"><\/p>\n<p style=\"text-align: justify;\"><b>Question : Tnx, letting me know John. I&rsquo;ve been using WSJT-Z old version during the PE75FREE event in a SO2R configuration (NO2R actually,<br \/>\nthink about that \ud83d\ude09 new section ! ). It worked very wel for about 4-5 hours then lost track not decoding the own SES call. I don&rsquo;t consider that as a big issue and doubt anyone has<br \/>\ntried the auto CQ mode for that long. Personally I prefer JTDX but WSJT-Z has a lot to offer. Especially the filters are nice to use when aiming for a specific goal. I certainly will<br \/>\ninstall this new version&#8230;<br \/>\n73, Bas<\/b><\/p>\n<p><span style=\"color: #0000ff;\"><b>R\u00e9ponse : Tnx, me faire conna\u00eetre John. J&rsquo;ai utilis\u00e9 l&rsquo;ancienne version de WSJT-Z lors de l&rsquo;\u00e9v\u00e9nement PE75FREE dans une configuration SO2R (NO2R en fait, pensez-y \ud83d\ude09 nouvelle<br \/>\nsection! ). Cela a fonctionn\u00e9 tr\u00e8s bien pendant environ 4 \u00e0 5 heures, puis a perdu la trace de ne pas d\u00e9coder le propre appel SES. Je ne consid\u00e8re pas cela comme un gros probl\u00e8me et<br \/>\nje doute que quiconque ait essay\u00e9 le mode auto CQ depuis si longtemps. Personnellement, je pr\u00e9f\u00e8re JTDX mais WSJT-Z a beaucoup \u00e0 offrir. En particulier, les filtres sont agr\u00e9ables \u00e0<br \/>\nutiliser lorsque vous visez un objectif sp\u00e9cifique. Je vais certainement installer cette nouvelle version &#8230;<br \/>\n73, Bas<\/b><\/span><\/p>\n<p style=\"text-align: justify;\">Download version wsjtz-2.2.1-mod-0.44-win32 <a href=\"http:\/\/www.on4cn.be\/blog_radio\/wp-content\/uploads\/2020\/09\/wsjtz-2.2.1-mod-0.44-win32.exe\" target=\"_blank\" rel=\"noopener noreferrer\"><b><span style=\"color: #0000ff;\"> ICI<\/span><\/b><\/a><\/p>\n<p style=\"text-align: justify;\">Download version wsjtz-2.2.0-mod-0.37-win64 <a href=\"http:\/\/www.on4cn.be\/blog_radio\/wp-content\/uploads\/2020\/09\/wsjtz-2.2.0-mod-0.37-win64.exe\" target=\"_blank\" rel=\"noopener noreferrer\"><b><span style=\"color: #0000ff;\"> ICI<\/span><\/b><\/a><\/p>\n<p style=\"text-align: justify;\">73, &#8211; Claude ON4CN<\/p>\n<p style=\"text-align: justify;\">Info de la Source <a href=\"http:\/\/ae5x.blogspot.com\/2020\/06\/tom-sq9fve-releases-lastest-version-of.html\" target=\"_blank\" rel=\"noopener noreferrer\"><b><span style=\"color: #0000ff;\"> ICI<\/span><\/b><\/a><\/p>\n","protected":false},"excerpt":{"rendered":"<p>Avez-vous d\u00e9j\u00e0 entendu parler de WSJT-Z ? Il s&rsquo;agit d&rsquo;un clone bas\u00e9 sur WSJT-X avec une interface utilisateur modifi\u00e9e par rapport \u00e0 l&rsquo;interface WSJT-X standard. Interface utilisateur modifi\u00e9e, y compris une fen\u00eatre d&rsquo;activit\u00e9 de bande plus grande Fonctions de filtrage \u00e9tendues Auto CQ et r\u00e9ponse automatique Ce qui est bien, c&rsquo;est que vous avez toutes &hellip; <a href=\"https:\/\/www.on4cn.be\/blog_radio\/wsjt-z\/\" class=\"more-link\">Continuer la lecture<span class=\"screen-reader-text\"> de &laquo;&nbsp;WSJT-Z&nbsp;&raquo;<\/span><\/a><\/p>\n","protected":false},"author":1,"featured_media":0,"parent":0,"menu_order":0,"comment_status":"closed","ping_status":"closed","template":"","meta":{"footnotes":""},"class_list":["post-11373","page","type-page","status-publish","hentry"],"_links":{"self":[{"href":"https:\/\/www.on4cn.be\/blog_radio\/wp-json\/wp\/v2\/pages\/11373","targetHints":{"allow":["GET"]}}],"collection":[{"href":"https:\/\/www.on4cn.be\/blog_radio\/wp-json\/wp\/v2\/pages"}],"about":[{"href":"https:\/\/www.on4cn.be\/blog_radio\/wp-json\/wp\/v2\/types\/page"}],"author":[{"embeddable":true,"href":"https:\/\/www.on4cn.be\/blog_radio\/wp-json\/wp\/v2\/users\/1"}],"replies":[{"embeddable":true,"href":"https:\/\/www.on4cn.be\/blog_radio\/wp-json\/wp\/v2\/comments?post=11373"}],"version-history":[{"count":0,"href":"https:\/\/www.on4cn.be\/blog_radio\/wp-json\/wp\/v2\/pages\/11373\/revisions"}],"wp:attachment":[{"href":"https:\/\/www.on4cn.be\/blog_radio\/wp-json\/wp\/v2\/media?parent=11373"}],"curies":[{"name":"wp","href":"https:\/\/api.w.org\/{rel}","templated":true}]}}