{"id":839,"date":"2016-03-04T07:50:26","date_gmt":"2016-03-04T06:50:26","guid":{"rendered":"http:\/\/www.on4cn.be\/blog_ot4n\/?page_id=839"},"modified":"2016-03-04T15:52:26","modified_gmt":"2016-03-04T14:52:26","slug":"mes-velomoteurs-et-motos","status":"publish","type":"page","link":"https:\/\/www.on4cn.be\/blog_ot4n\/mes-velomoteurs-et-motos\/","title":{"rendered":"Mes V\u00e9lomoteurs et Motos"},"content":{"rendered":"<table width=\"100%\">\n<tbody>\n<tr>\n<td colspan=\"2\"><strong><span style=\"color: #ff0000;\">Mes V\u00e9lomoteurs et Motos<\/span><\/strong><\/td>\n<\/tr>\n<tr>\n<td><center><a href=\"http:\/\/www.on4cn.be\/blog_ot4n\/wp-content\/uploads\/2016\/03\/flandria5.jpg\" target=\"_blank\"><img loading=\"lazy\" decoding=\"async\" class=\"aligncenter size-thumbnail wp-image-854\" src=\"http:\/\/www.on4cn.be\/blog_ot4n\/wp-content\/uploads\/2016\/03\/flandria5-150x150.jpg\" alt=\"flandria5\" width=\"150\" height=\"150\" srcset=\"https:\/\/www.on4cn.be\/blog_ot4n\/wp-content\/uploads\/2016\/03\/flandria5-150x150.jpg 150w, https:\/\/www.on4cn.be\/blog_ot4n\/wp-content\/uploads\/2016\/03\/flandria5-100x100.jpg 100w, https:\/\/www.on4cn.be\/blog_ot4n\/wp-content\/uploads\/2016\/03\/flandria5-250x250.jpg 250w\" sizes=\"(max-width: 150px) 100vw, 150px\" \/><\/a><\/center>Flandria Record 49 cm3<\/td>\n<td><center><a href=\"http:\/\/www.on4cn.be\/blog_ot4n\/wp-content\/uploads\/2016\/03\/flandria0.jpg\" target=\"_blank\"><img loading=\"lazy\" decoding=\"async\" class=\"aligncenter size-thumbnail wp-image-849\" src=\"http:\/\/www.on4cn.be\/blog_ot4n\/wp-content\/uploads\/2016\/03\/flandria0-150x150.jpg\" alt=\"Flandria les 3 Models\" width=\"150\" height=\"150\" srcset=\"https:\/\/www.on4cn.be\/blog_ot4n\/wp-content\/uploads\/2016\/03\/flandria0-150x150.jpg 150w, https:\/\/www.on4cn.be\/blog_ot4n\/wp-content\/uploads\/2016\/03\/flandria0-100x100.jpg 100w, https:\/\/www.on4cn.be\/blog_ot4n\/wp-content\/uploads\/2016\/03\/flandria0-250x250.jpg 250w\" sizes=\"(max-width: 150px) 100vw, 150px\" \/><\/a><\/center>Flandria Record 49 cm3<\/td>\n<\/tr>\n<tr>\n<td colspan=\"2\"><center><strong><span style=\"color: #0000ff;\">Cliquez sur une vignette pour agrandir la photo<\/span><\/strong><\/center><\/td>\n<\/tr>\n<tr>\n<td colspan=\"2\">Cyclos sport Flandria 1969, Record, monocylindre deux temps, refroidissement par air, freins \u00e0 tambour guidons bracelets, graissage par m\u00e9lange, moteur 49 cm3-Flandrias Sport<\/td>\n<\/tr>\n<\/tbody>\n<\/table>\n<p>Voici les trois mod\u00e8les de Flandria que j&rsquo;ai eu elles dates des ann\u00e9es 60. J&rsquo;ai \u00e9galement eu une Honda CA 110 Sport de 65<\/p>\n<table width=\"100%\">\n<tbody>\n<tr>\n<td colspan=\"2\"><strong><span style=\"color: #ff0000;\">Mes Honda<\/span><\/strong><\/td>\n<\/tr>\n<tr>\n<td><a href=\"http:\/\/www.on4cn.be\/blog_ot4n\/wp-content\/uploads\/2016\/03\/honda1-1.jpg\" target=\"_blank\"><img loading=\"lazy\" decoding=\"async\" class=\"aligncenter size-thumbnail wp-image-863\" src=\"http:\/\/www.on4cn.be\/blog_ot4n\/wp-content\/uploads\/2016\/03\/honda1-1-150x150.jpg\" alt=\"honda1\" width=\"150\" height=\"150\" srcset=\"https:\/\/www.on4cn.be\/blog_ot4n\/wp-content\/uploads\/2016\/03\/honda1-1-150x150.jpg 150w, https:\/\/www.on4cn.be\/blog_ot4n\/wp-content\/uploads\/2016\/03\/honda1-1-100x100.jpg 100w, https:\/\/www.on4cn.be\/blog_ot4n\/wp-content\/uploads\/2016\/03\/honda1-1-250x250.jpg 250w\" sizes=\"(max-width: 150px) 100vw, 150px\" \/><\/a> Honda CA 110 Sport<\/td>\n<td><a href=\"http:\/\/www.on4cn.be\/blog_ot4n\/wp-content\/uploads\/2016\/03\/honda2.jpg\" target=\"_blank\"><img loading=\"lazy\" decoding=\"async\" class=\"aligncenter size-thumbnail wp-image-864\" src=\"http:\/\/www.on4cn.be\/blog_ot4n\/wp-content\/uploads\/2016\/03\/honda2-150x150.jpg\" alt=\"honda2\" width=\"150\" height=\"150\" srcset=\"https:\/\/www.on4cn.be\/blog_ot4n\/wp-content\/uploads\/2016\/03\/honda2-150x150.jpg 150w, https:\/\/www.on4cn.be\/blog_ot4n\/wp-content\/uploads\/2016\/03\/honda2-100x100.jpg 100w, https:\/\/www.on4cn.be\/blog_ot4n\/wp-content\/uploads\/2016\/03\/honda2-250x250.jpg 250w\" sizes=\"(max-width: 150px) 100vw, 150px\" \/><\/a> Honda CA 110 Sport<\/td>\n<\/tr>\n<tr>\n<td colspan=\"2\"><center><strong><span style=\"color: #0000ff;\">Cliquez sur une vignette pour agrandir la photo<\/span><\/strong><\/center><\/td>\n<\/tr>\n<\/tbody>\n<\/table>\n<p>Une fois l&rsquo;\u00e2ge de 18 ans j&rsquo;ai put rouler sur des gros cubes ma premi\u00e8re fut une Suzyki 750 GT 2 temps. Je suis bien d &lsquo;accord avec vous les ann\u00e9es 70 sont l\u2019age d\u2019or de la moto Contrairement aux machines actuelles toutes marques confondues a quelques rares exceptions pr\u00e8s, elles se ressemblent toutes ce qui leur enl\u00e8ve tout caract\u00e8re et identit\u00e9 Esth\u00e9tiquement c &lsquo;est la m\u00eame chose aucune originalit\u00e9 au point de les confondre Elle sont quasi parfaites moteur et partie cycle une sonorit\u00e9 identique un temp\u00e9rament moteur liss\u00e9 et que dire des peintures quelconques de pi\u00e8tre qualit\u00e9 rien a voir avec les coloris originaux la qualit\u00e9 et l\u2019aspect des teintes Candy. Je n\u2019\u00e9voque m\u00eame pas l\u2019absence de chrome , le peu d &lsquo;alu poli et<br \/>\nl\u2019utilisation massive de plastique. Enfin la quasi impossibilit\u00e9 de bricoler, le bridage ou est l\u2019int\u00e9r\u00eat et le plaisir. Essayez une ancienne vous comprendrez et vous d\u00e9couvrirez le plaisir de la vraie moto et non de perfections sans \u00e2mes \u00e0 deux roues motoris\u00e9es. J&rsquo;ai roul\u00e9 en Suzuki 750 GT 3 cylindres deux Temps. J ai eus de nombreuses motos 4 Temps multi cylindres que j\u2019appr\u00e9ciais certes mais rien a voir avec un bon gros deux temps<br \/>\nLe deux temps avec l\u2019injection \u00e9lectronique pneumatique dans la culasse c &lsquo;est l\u2019avenir sauf pour Honda. On en reparlera d &lsquo;ailleurs en moteurs de bateaux et motoneiges on y revient .<\/p>\n<table width=\"100%\">\n<tbody>\n<tr>\n<td colspan=\"2\"><strong><span style=\"color: #ff0000;\">Les gros cubes<\/span><\/strong><\/td>\n<\/tr>\n<tr>\n<td><a href=\"http:\/\/www.on4cn.be\/blog_ot4n\/wp-content\/uploads\/2016\/03\/suzuki750.jpg\" target=\"_blank\"><img loading=\"lazy\" decoding=\"async\" class=\"aligncenter size-thumbnail wp-image-870\" src=\"http:\/\/www.on4cn.be\/blog_ot4n\/wp-content\/uploads\/2016\/03\/suzuki750-150x150.jpg\" alt=\"suzuki750\" width=\"150\" height=\"150\" srcset=\"https:\/\/www.on4cn.be\/blog_ot4n\/wp-content\/uploads\/2016\/03\/suzuki750-150x150.jpg 150w, https:\/\/www.on4cn.be\/blog_ot4n\/wp-content\/uploads\/2016\/03\/suzuki750-100x100.jpg 100w, https:\/\/www.on4cn.be\/blog_ot4n\/wp-content\/uploads\/2016\/03\/suzuki750-250x250.jpg 250w\" sizes=\"(max-width: 150px) 100vw, 150px\" \/><\/a>Suzuki 750 GT 3 cylindres deux Temps<\/td>\n<td><a href=\"http:\/\/www.on4cn.be\/blog_ot4n\/wp-content\/uploads\/2016\/03\/suzuki7502.jpg\" target=\"_blank\"><img loading=\"lazy\" decoding=\"async\" class=\"aligncenter size-thumbnail wp-image-871\" src=\"http:\/\/www.on4cn.be\/blog_ot4n\/wp-content\/uploads\/2016\/03\/suzuki7502-150x150.jpg\" alt=\"suzuki 750 GT\" width=\"150\" height=\"150\" srcset=\"https:\/\/www.on4cn.be\/blog_ot4n\/wp-content\/uploads\/2016\/03\/suzuki7502-150x150.jpg 150w, https:\/\/www.on4cn.be\/blog_ot4n\/wp-content\/uploads\/2016\/03\/suzuki7502-100x100.jpg 100w, https:\/\/www.on4cn.be\/blog_ot4n\/wp-content\/uploads\/2016\/03\/suzuki7502-250x250.jpg 250w\" sizes=\"(max-width: 150px) 100vw, 150px\" \/><\/a>Suzuki 750 GT 3 cylindres deux Temps<\/td>\n<\/tr>\n<tr>\n<td colspan=\"2\"><center><strong><span style=\"color: #0000ff;\">Cliquez sur une vignette pour agrandir la photo<\/span><\/strong><\/center><\/td>\n<\/tr>\n<\/tbody>\n<\/table>\n<p>Je suis pass\u00e9 chez Honda avec une CB 750 K2<\/p>\n<table width=\"100%\">\n<tbody>\n<tr>\n<td colspan=\"2\"><strong><span style=\"color: #0000ff;\">Honda CB 750 K2<\/span><\/strong><\/td>\n<\/tr>\n<tr>\n<td><a href=\"http:\/\/www.on4cn.be\/blog_ot4n\/wp-content\/uploads\/2016\/03\/honda750-1.jpg\" target=\"_blank\"><img loading=\"lazy\" decoding=\"async\" class=\"aligncenter size-thumbnail wp-image-888\" src=\"http:\/\/www.on4cn.be\/blog_ot4n\/wp-content\/uploads\/2016\/03\/honda750-1-150x150.jpg\" alt=\"honda750\" width=\"150\" height=\"150\" srcset=\"https:\/\/www.on4cn.be\/blog_ot4n\/wp-content\/uploads\/2016\/03\/honda750-1-150x150.jpg 150w, https:\/\/www.on4cn.be\/blog_ot4n\/wp-content\/uploads\/2016\/03\/honda750-1-100x100.jpg 100w, https:\/\/www.on4cn.be\/blog_ot4n\/wp-content\/uploads\/2016\/03\/honda750-1-250x250.jpg 250w\" sizes=\"(max-width: 150px) 100vw, 150px\" \/><\/a>Honda 750 K2<\/td>\n<td><a href=\"http:\/\/www.on4cn.be\/blog_ot4n\/wp-content\/uploads\/2016\/03\/honda750k2.jpg\" target=\"_blank\"><img loading=\"lazy\" decoding=\"async\" class=\"aligncenter size-thumbnail wp-image-892\" src=\"http:\/\/www.on4cn.be\/blog_ot4n\/wp-content\/uploads\/2016\/03\/honda750k2-150x150.jpg\" alt=\"honda 750 k2\" width=\"150\" height=\"150\" srcset=\"https:\/\/www.on4cn.be\/blog_ot4n\/wp-content\/uploads\/2016\/03\/honda750k2-150x150.jpg 150w, https:\/\/www.on4cn.be\/blog_ot4n\/wp-content\/uploads\/2016\/03\/honda750k2-100x100.jpg 100w, https:\/\/www.on4cn.be\/blog_ot4n\/wp-content\/uploads\/2016\/03\/honda750k2-250x250.jpg 250w\" sizes=\"(max-width: 150px) 100vw, 150px\" \/><\/a>Honda 750 K2<\/td>\n<\/tr>\n<tr>\n<td colspan=\"2\"><center><strong><span style=\"color: #0000ff;\">Cliquez sur une vignette pour agrandir la photo<\/span><\/strong><\/center><\/td>\n<\/tr>\n<\/tbody>\n<\/table>\n<p>Honda CB 750 K2 : La K2 est la CB 750 la plus diffus\u00e9e ayant \u00e9t\u00e9 vendue de 1972 \u00e0 1975 \u00e0 8.499 exemplaires. Elle se diff\u00e9rencie par ses supports de phare chrom\u00e9s et la coupelle noire, un tableau de bord plus \u00e9labor\u00e9, le verrouillage \u00e0 cl\u00e9 de la selle un nouveau type d\u2019amortisseurs et de nouvelles chicanes d&rsquo;\u00e9chappements. Disponible en rouge, bleu et marron m\u00e9tallis\u00e9.<\/p>\n<table width=\"100%\">\n<tbody>\n<tr>\n<td colspan=\"2\"><strong><span style=\"color: #0000ff;\">Carde Martin et Moteur 900 Bol D&rsquo;or<\/span><\/strong><\/td>\n<\/tr>\n<tr>\n<td><a href=\"http:\/\/www.on4cn.be\/blog_ot4n\/wp-content\/uploads\/2016\/03\/cardremartin.jpg\" target=\"_blank\"><img loading=\"lazy\" decoding=\"async\" class=\"aligncenter size-thumbnail wp-image-895\" src=\"http:\/\/www.on4cn.be\/blog_ot4n\/wp-content\/uploads\/2016\/03\/cardremartin-150x150.jpg\" alt=\"Cardre Martin\" width=\"150\" height=\"150\" srcset=\"https:\/\/www.on4cn.be\/blog_ot4n\/wp-content\/uploads\/2016\/03\/cardremartin-150x150.jpg 150w, https:\/\/www.on4cn.be\/blog_ot4n\/wp-content\/uploads\/2016\/03\/cardremartin-100x100.jpg 100w, https:\/\/www.on4cn.be\/blog_ot4n\/wp-content\/uploads\/2016\/03\/cardremartin-250x250.jpg 250w\" sizes=\"(max-width: 150px) 100vw, 150px\" \/><\/a>Le Carde Martin<\/td>\n<td><a href=\"http:\/\/www.on4cn.be\/blog_ot4n\/wp-content\/uploads\/2016\/03\/bo_001.jpg\" target=\"_blank\"><img loading=\"lazy\" decoding=\"async\" class=\"aligncenter size-thumbnail wp-image-899\" src=\"http:\/\/www.on4cn.be\/blog_ot4n\/wp-content\/uploads\/2016\/03\/bo_001-150x150.jpg\" alt=\"Moteur 900 Bol D'or\" width=\"150\" height=\"150\" srcset=\"https:\/\/www.on4cn.be\/blog_ot4n\/wp-content\/uploads\/2016\/03\/bo_001-150x150.jpg 150w, https:\/\/www.on4cn.be\/blog_ot4n\/wp-content\/uploads\/2016\/03\/bo_001-100x100.jpg 100w\" sizes=\"(max-width: 150px) 100vw, 150px\" \/><\/a>Moteur 900 Bol D&rsquo;or<\/td>\n<\/tr>\n<tr>\n<td colspan=\"2\"><center><strong><span style=\"color: #0000ff;\">Cliquez sur une vignette pour agrandir la photo<\/span><\/strong><\/center><\/td>\n<\/tr>\n<\/tbody>\n<\/table>\n<table width=\"100%\">\n<tbody>\n<tr>\n<td><strong><span style=\"color: #0000ff;\">Une 750 Transform\u00e9e en 900 Bol D&rsquo;or avec un Carde Martin <\/span><\/strong><\/td>\n<\/tr>\n<tr>\n<td><a href=\"http:\/\/www.on4cn.be\/blog_ot4n\/wp-content\/uploads\/2016\/03\/martin1.jpg\" target=\"_blank\"><img loading=\"lazy\" decoding=\"async\" class=\"aligncenter size-thumbnail wp-image-904\" src=\"http:\/\/www.on4cn.be\/blog_ot4n\/wp-content\/uploads\/2016\/03\/martin1-150x150.jpg\" alt=\"Carde Martin 900 Bol D'or\" width=\"150\" height=\"150\" srcset=\"https:\/\/www.on4cn.be\/blog_ot4n\/wp-content\/uploads\/2016\/03\/martin1-150x150.jpg 150w, https:\/\/www.on4cn.be\/blog_ot4n\/wp-content\/uploads\/2016\/03\/martin1-100x100.jpg 100w, https:\/\/www.on4cn.be\/blog_ot4n\/wp-content\/uploads\/2016\/03\/martin1-250x250.jpg 250w\" sizes=\"(max-width: 150px) 100vw, 150px\" \/><\/a>Le Cardre Martin<\/td>\n<\/tr>\n<tr>\n<td><center><strong><span style=\"color: #0000ff;\">Cliquez sur une vignette pour agrandir la photo<\/span><\/strong><\/center><\/td>\n<\/tr>\n<\/tbody>\n<\/table>\n<p>J&rsquo;ai transform\u00e9 ma CB 750 K2 en 900 Bol D&rsquo;or avec le fameux carde Martin et cela dans les ann\u00e9e 70 puits je suis pass\u00e9 a autres chose toujours dans la moto mais pour les Goldwing depuis je suis rest\u00e9 avec ce genre de motos.<br \/>\nJ&rsquo;ai retrouv\u00e9 sur internet une vid\u00e9o du sont du moteur de la 900 la mienne le bruit \u00e9tait plus percutent et plus bruyant   <\/p>\n<p><iframe loading=\"lazy\" width=\"854\" height=\"480\" src=\"https:\/\/www.youtube.com\/embed\/GeyL0CHtanY\" frameborder=\"0\" allowfullscreen><\/iframe>    <\/p>\n","protected":false},"excerpt":{"rendered":"<p>Mes V\u00e9lomoteurs et Motos Flandria Record 49 cm3 Flandria Record 49 cm3 Cliquez sur une vignette pour agrandir la photo Cyclos sport Flandria 1969, Record, monocylindre deux temps, refroidissement par air, freins \u00e0 tambour guidons bracelets, graissage par m\u00e9lange, moteur 49 cm3-Flandrias Sport Voici les trois mod\u00e8les de Flandria que j&rsquo;ai eu elles dates des ann\u00e9es 60. J&rsquo;ai \u00e9galement eu une Honda CA 110 Sport de 65 Mes Honda Honda CA 110 Sport Honda CA 110 Sport Cliquez sur une&#8230;<\/p>\n<p class=\"read-more\"><a class=\"btn btn-default\" href=\"https:\/\/www.on4cn.be\/blog_ot4n\/mes-velomoteurs-et-motos\/\">Lire la suite<span class=\"screen-reader-text\"> Lire la suite<\/span><\/a><\/p>\n","protected":false},"author":1,"featured_media":0,"parent":0,"menu_order":0,"comment_status":"closed","ping_status":"closed","template":"","meta":{"footnotes":""},"_links":{"self":[{"href":"https:\/\/www.on4cn.be\/blog_ot4n\/wp-json\/wp\/v2\/pages\/839"}],"collection":[{"href":"https:\/\/www.on4cn.be\/blog_ot4n\/wp-json\/wp\/v2\/pages"}],"about":[{"href":"https:\/\/www.on4cn.be\/blog_ot4n\/wp-json\/wp\/v2\/types\/page"}],"author":[{"embeddable":true,"href":"https:\/\/www.on4cn.be\/blog_ot4n\/wp-json\/wp\/v2\/users\/1"}],"replies":[{"embeddable":true,"href":"https:\/\/www.on4cn.be\/blog_ot4n\/wp-json\/wp\/v2\/comments?post=839"}],"version-history":[{"count":54,"href":"https:\/\/www.on4cn.be\/blog_ot4n\/wp-json\/wp\/v2\/pages\/839\/revisions"}],"predecessor-version":[{"id":908,"href":"https:\/\/www.on4cn.be\/blog_ot4n\/wp-json\/wp\/v2\/pages\/839\/revisions\/908"}],"wp:attachment":[{"href":"https:\/\/www.on4cn.be\/blog_ot4n\/wp-json\/wp\/v2\/media?parent=839"}],"curies":[{"name":"wp","href":"https:\/\/api.w.org\/{rel}","templated":true}]}}