{"id":629,"date":"2016-02-28T06:12:40","date_gmt":"2016-02-28T05:12:40","guid":{"rendered":"http:\/\/www.on4cn.be\/blog_ot4n\/?page_id=629"},"modified":"2016-02-28T06:58:13","modified_gmt":"2016-02-28T05:58:13","slug":"la-truite-arc-en-ciel","status":"publish","type":"page","link":"https:\/\/www.on4cn.be\/blog_ot4n\/la-truite-arc-en-ciel\/","title":{"rendered":"La truite arc-en-ciel"},"content":{"rendered":"<p><img loading=\"lazy\" decoding=\"async\" class=\"aligncenter size-medium wp-image-632\" src=\"http:\/\/www.on4cn.be\/blog_ot4n\/wp-content\/uploads\/2016\/02\/truite-arc-en-ciel-300x144.jpg\" alt=\"truite-arc-en-ciel\" width=\"300\" height=\"144\" srcset=\"https:\/\/www.on4cn.be\/blog_ot4n\/wp-content\/uploads\/2016\/02\/truite-arc-en-ciel-300x144.jpg 300w, https:\/\/www.on4cn.be\/blog_ot4n\/wp-content\/uploads\/2016\/02\/truite-arc-en-ciel.jpg 700w\" sizes=\"(max-width: 300px) 100vw, 300px\" \/><\/p>\n<p><center><strong><strong><span style=\"color: #ff0000;\">La truite arc-en-ciel (Oncorrhynchus mykiss)<\/span><\/strong><\/strong><\/center><strong><span style=\"color: #0000ff;\">Description<\/span><\/strong><\/p>\n<p>Description :<\/p>\n<p>La truite arc-en-ciel (Oncorrhynchus mikiss) est originaire d&rsquo;Am\u00e9rique du Nord, et a \u00e9t\u00e9 introduite en Europe au XIX\u00e8me si\u00e8cle. Elle est tr\u00e8s \u00e9lev\u00e9e en pisciculture, pour la consommation et le peuplement des rivi\u00e8res. A ce titre, la France est le premier producteur mondial.<\/p>\n<p><span style=\"color: #0000ff;\">Caract\u00e9ristiques :<\/span><\/p>\n<p>Elle poss\u00e8de un corps fusiforme parsem\u00e9 de points noirs, et ses flancs sont reconnaissables \u00e0 une bande mauve iris\u00e9e sur fond argent\u00e9. On compte 95 \u00e0 110 \u00e9cailles sur la ligne lat\u00e9rale.<br \/>\nElle peut peser jusqu&rsquo;\u00e0 10 kg pour 80 cm. Moyenne : de 25 \u00e0 40 cms pour 0,3 \u00e0 3 kg.<\/p>\n<p><span style=\"color: #0000ff;\">Habitat :<\/span><\/p>\n<p>On la trouve en rivi\u00e8res et lacs, mais \u00e9galement en \u00e9tang. Elle est moins exigeante que la fario sur la qualit\u00e9 de l&rsquo;eau, et peut tol\u00e8rer des eaux jusqu&rsquo;\u00e0 26 degr\u00e9s. Bien adapt\u00e9e \u00e0 la vie en lacs, elle porte alors le nom de \u00ab\u00a0Steehead\u00a0\u00bb (Etats-Unis). Elle affectionne les fonds graveleux des rivi\u00e8res \u00e0 courant mod\u00e9r\u00e9s.<\/p>\n<p><span style=\"color: #0000ff;\">Reproduction :<\/span><\/p>\n<p>Dans une eau de 10 \u00e0 15 degr\u00e9s, elle se reproduit d&rsquo;octobre \u00e0 mars, sur fond caillouteux ou graveleux ; la femelle d\u00e9pose alors de 1000 \u00e0 5000 oeufs. L&rsquo;incubation est de 80 \u00e0 120 jours. La maturit\u00e9 sexuelle est de 5 ans pour les femelles et 3 ans pour les m\u00e2les.<\/p>\n<p><span style=\"color: #0000ff;\">Long\u00e9vit\u00e9 :<\/span><\/p>\n<p>Une truite arc-en-ciel atteint un poids de 1,5 kg au bout de 3 ans.<br \/>\nElle peut vivre de 4 \u00e0 6 ans.<\/p>\n<p><span style=\"color: #0000ff;\">Nourriture :<\/span><\/p>\n<p>Comparable \u00e0 celle de la fario : insectes, mollusques, petits poissons, crustac\u00e9s&#8230;<\/p>\n<p><center><span style=\"color: #0000ff;\"><b>P\u00eacher \u00e0 la teigne le jour de l&rsquo;ouverture de la truite<\/b><\/span><\/center>&nbsp;<\/p>\n<p>La p\u00eache \u00e0 la truite est une des distractions pr\u00e9f\u00e9r\u00e9s de beaucoup de p\u00eacheurs. Cela provoque ainsi un grand engouement pour le jour de l\u2019ouverture de la p\u00eache. Ce jour J des p\u00eacheurs amateurs se rassemblent autours des rivi\u00e8res et des cours d\u2019eaux reconnus du pays pour p\u00eacher la truite. Les conditions sp\u00e9ciales de cette sortie de l\u2019hiver donnent \u00e0 cette journ\u00e9e une importance particuli\u00e8re aux p\u00eacheurs. Les techniques de p\u00eache utilis\u00e9es ainsi que les app\u00e2ts sont adapt\u00e9s aux conditions<\/p>\n<p>Le choix de la teigne comme esche est une des techniques pr\u00e9f\u00e9r\u00e9es des p\u00eacheurs \u00e0 cette p\u00e9riode ainsi que l\u2019utilisation de la p\u00eache au toc. La pr\u00e9paration du jour de l\u2019ouverture de la truite est un moment important pour les p\u00eacheurs. Chacun inspecte et pr\u00e9pare son mat\u00e9riel et ses app\u00e2ts. La participation \u00e0 ce jour d\u2019ouverture avec la capture de quelques truites est un objectif bien cibl\u00e9 pour les amateurs de p\u00eache \u00e0 la ligne. Le choix de l\u2019esche, du mat\u00e9riel \u00e0 utiliser ainsi que de la technique \u00e0 employer sont tr\u00e8s importants pour r\u00e9ussir sa premi\u00e8re partie de p\u00eache apr\u00e8s l\u2019hiver. La technique de la p\u00eache au toc, associ\u00e9e \u00e0 la teigne, est la m\u00e9thode la plus employ\u00e9e pour l\u2019ouverture de la truite.<\/p>\n<p><span style=\"font-size: large;\"><span style=\"color: #0000ff;\"><b>Qu\u2019est ce que la teigne ?<\/b><\/span><\/span><\/p>\n<p>La teigne est l\u2019app\u00e2t le plus utilis\u00e9 le jour de l\u2019ouverture de la truite. C\u2019est une larve parasite qu\u2019on peut trouver dans les ruches \u00e0 l\u2019\u00e9tat sauvage. La teigne poss\u00e8de un corps de couleur jaune, tendre et dodue. C\u2019est une esche tr\u00e8s appr\u00e9ci\u00e9e des truites. La teigne est aussi remarquable par sa polyvalence. La p\u00eache \u00e0 la teigne peut s\u2019utiliser aussi bien dans les petits cours d\u2019eau que dans les grandes rivi\u00e8res. De plus, la teigne peut \u00eatre utilis\u00e9e pendant toute la saison de la p\u00eache sans perdre son efficacit\u00e9. Dans le commerce, la teigne est disponible chez tous les marchands d\u2019articles de p\u00eache, dans des petites bo\u00eetes garnies de sciures de bois. La conservation de la teigne est tr\u00e8s facile et on peut la garder au r\u00e9frig\u00e9rateur pendant plusieurs semaines.<\/p>\n<p><span style=\"color: #0000ff;\"><b>Mat\u00e9riel et montage pour p\u00eacher la truite \u00e0 la teigne<\/b><\/span><\/p>\n<p>Pour p\u00eacher la truite \u00e0 la teigne, on a besoin des \u00e9quipements habituels utilis\u00e9s dans la p\u00eache \u00e0 la truite. Une canne \u00e0 lancer moyenne, un bon moulinet et des petits flotteurs sont conseill\u00e9s pour la p\u00eache \u00e0 la teigne. La canne peut \u00eatre de longueur fixe ou t\u00e9lescopique. Les cannes qui poss\u00e8dent un nombre important d\u2019anneaux pour passer le fil sont les plus recommand\u00e9es. En plus du mat\u00e9riel, il faut aussi effectuer un bon montage de la teigne sur l\u2019hame\u00e7on. Les cat\u00e9gories d\u2019hame\u00e7ons les plus conseill\u00e9s sont le n\u00b012, 13 et 14 selon la taille de la teigne. Deux m\u00e9thodes de montage sont possibles. Le premier utilise une seule teigne. Celle-si est enfil\u00e9e sur l\u2019hame\u00e7on que l\u2019on fera ressortir pr\u00e8s des points noirs de son corps. La seconde m\u00e9thode n\u00e9cessite deux teignes. La premi\u00e8re est compl\u00e8tement enfil\u00e9e sur l\u2019hame\u00e7on et remont\u00e9e vers le fil. On enfile ensuite la seconde \u00e0 partir de la t\u00eate et en faisant ressortir l\u2019hame\u00e7on par ses premi\u00e8res pattes. On fait redescendre par la suite la premi\u00e8re teigne enfil\u00e9e pour bien couvrir l\u2019hame\u00e7on.<\/p>\n<p><span style=\"font-size: large;\"><span style=\"color: #0000ff;\"><b>L\u2019action de p\u00eache<\/b><\/span><\/span><\/p>\n<p>Pour effectuer de bonnes prises. La bonne application de la technique de p\u00eache importe aussi bien qu\u2019un bon mat\u00e9riel et de bons appats. La premi\u00e8re \u00e9tape \u00e0 effectuer consiste \u00e0 trouver le bon poste de p\u00eache. En d\u00e9but de saison, l\u2019eau est encore froide, les truites sont ainsi peu actives. Il faut donc les rechercher et les app\u00e2ter dans les postes les plus calmes. Il faut \u00e9viter les courants trop forts puisqu\u2019\u00e0 cette \u00e9poque de l\u2019ann\u00e9e, aucune truite ne s\u2019y aventurerait. Une fois le poste trouv\u00e9, il faut lancer le fil et laisser d\u00e9river l\u2019app\u00e2t dans le sens du courant. Ce dernier peut \u00eatre anim\u00e9 \u00e0 certains moments par quelques actions sur le fil. Il faut ensuite attendre que la truite morde. La technique de la p\u00eache au toc implique une grande vigilance. Il ne faut jamais oublier de toucher le fil. D\u00e8s qu\u2019on ressent une touche, il faut ferrer tout de suite. Cela permet d\u2019attraper les truites sans les blesser de mani\u00e8re importante, de cette fa\u00e7on les poissons remis \u00e0 l\u2019eau auront plus de chance de survivre.<\/p>\n<p>Bien choisir son app\u00e2t:<\/p>\n<p>Le p\u00eacheur au \u00ab toc \u00bb dispose toujours sur lui de diff\u00e9rents types d\u2019app\u00e2ts afin de pouvoir faire face aux diverses situations qu\u2019il rencontrera au bord de la rivi\u00e8re. Les truites se r\u00e9v\u00e8lent difficile \u00e0 attraper quand on utilise certains app\u00e2ts. Un jour, elles raffoleront des teignes et rechigneront sur les vers. Un autre, elles se jetteront sur les vers ou un vairon. Parfois ce sont les larves de trichopt\u00e8res qui feront la diff\u00e9rence. Quoiqu\u2019il en soit, il peut s\u2019av\u00e9rer suffisant de changer simplement d\u2019app\u00e2t pour d\u00e9cider une truite \u00e0 mordre ou \u00e0 remordre si vous venez de la manquer.<\/p>\n<p>Les diff\u00e9rents types de vers<\/p>\n<p>Je ne dresserai pas ici une liste exhaustive de toutes les cat\u00e9gories de vers. Je d\u00e9crirai principalement ceux qui sont r\u00e9guli\u00e8rement utilis\u00e9s dans la p\u00eache au \u00ab toc \u00bb. Le vers convient tout particuli\u00e8rement en d\u00e9but de saison car, \u00e0 cette \u00e9poque, les eaux sont relativement teint\u00e9es par la fonte des neiges ou par les premi\u00e8res pluies et la truite n\u2019a pas assez de visibilit\u00e9 dans l\u2019eau pour apercevoir d\u2019\u00e9ventuels insectes tombant \u00e0 la surface de l\u2019eau. De plus, les eaux relativement froides du d\u00e9but de saison incitent la truite \u00e0 rester au fond de la rivi\u00e8re car la couche d\u2019eau la plus froide se situe proche de la surface de l\u2019eau. La truite va donc chercher \u00e0 se nourrir sur le fond de la rivi\u00e8re. Or, suite aux pluies et aux fontes des neiges, de nombreux lombrics et autres vers de terre vivant dans les berges ou \u00e0 proximit\u00e9 des cours d\u2019eau (dans les for\u00eats, les pr\u00e9s\u2026) tombent dans l\u2019eau et constituent le repas quotidien des truites.<\/p>\n<p>Les granul\u00e9s (ou \u00ab\u00a0pellets\u00a0\u00bb)<\/p>\n<p>Nous l&rsquo;avons vu, c&rsquo;est ce que la truite a mang\u00e9 durant toute sa vie, \u00e0 savoir qu&rsquo;une truite d&rsquo;\u00e9levage de 300 grammes a environ 14 mois. C&rsquo;est donc un app\u00e2t \u00e0 consid\u00e9rer s\u00e9rieusement, m\u00eame si beaucoup pensent qu&rsquo;il est \u00e0 r\u00e9serv\u00e9 pour la p\u00eache \u00e0 la carpe.<\/p>\n<p><img loading=\"lazy\" decoding=\"async\" class=\"alignright size-medium wp-image-642\" src=\"http:\/\/www.on4cn.be\/blog_ot4n\/wp-content\/uploads\/2016\/02\/pate-a-truite-300x300.jpg\" alt=\"pate-a-truite\" width=\"300\" height=\"300\" srcset=\"https:\/\/www.on4cn.be\/blog_ot4n\/wp-content\/uploads\/2016\/02\/pate-a-truite-300x300.jpg 300w, https:\/\/www.on4cn.be\/blog_ot4n\/wp-content\/uploads\/2016\/02\/pate-a-truite-150x150.jpg 150w, https:\/\/www.on4cn.be\/blog_ot4n\/wp-content\/uploads\/2016\/02\/pate-a-truite-100x100.jpg 100w, https:\/\/www.on4cn.be\/blog_ot4n\/wp-content\/uploads\/2016\/02\/pate-a-truite-250x250.jpg 250w, https:\/\/www.on4cn.be\/blog_ot4n\/wp-content\/uploads\/2016\/02\/pate-a-truite.jpg 400w\" sizes=\"(max-width: 300px) 100vw, 300px\" \/><\/p>\n<p>La p\u00e2te \u00e0 truite<\/p>\n<p>On en trouve dans les magasins de p\u00eache. C&rsquo;est de la p\u00e2te \u00e0 modeler souvent color\u00e9e, qui attire la truite. Evidemment je ne p\u00eacherais pas autre chose que de l&rsquo;alevinage avec. Prochainement : Recette pour cr\u00e9er vous-m\u00eame votre p\u00e2te \u00e0 truite.<\/p>\n<p>Le fromage<\/p>\n<p>Du gruy\u00e8re tremp\u00e9 dans du lait, du babybel, voil\u00e0 des app\u00e2ts de choix! Attention toutefois, il est interdit de p\u00eacher au fromage dans les rivi\u00e8res de 1\u00e8re cat\u00e9gorie.<\/p>\n<p>Le ma\u00efs<\/p>\n<p>Evidemment, le ma\u00efs est un excellent app\u00e2t pour p\u00eacher la truite arc-en-ciel. Vous pouvez \u00e9ventuellement le panacher avec un ver de terre.<\/p>\n<p>Le vers de terre<\/p>\n<p>L&rsquo;app\u00e2t universel. Il saura sans doute tenter une truite d&rsquo;alevinage, et vous aurez en plus de fortes chances de prendre une truite sauvage&#8230; Quand m\u00eame, pr\u00e9f\u00e9rez les gros vers canadien.<\/p>\n<h3><img loading=\"lazy\" decoding=\"async\" class=\"alignright size-full wp-image-643\" src=\"http:\/\/www.on4cn.be\/blog_ot4n\/wp-content\/uploads\/2016\/02\/teigne.jpg\" alt=\"teigne\" width=\"192\" height=\"157\" \/><\/h3>\n<p>La teigne<\/p>\n<p>Sa couleur est proche des granul\u00e9s qu&rsquo;elles sont l&rsquo;habitude de manger, et c&rsquo;est en plus un app\u00e2t vivant et naturel. J&rsquo;aime beaucoup p\u00eacher \u00e0 la teigne.<br \/>\n<b><\/b><\/p>\n<p>La cuill\u00e8re<\/p>\n<p>La p\u00eache \u00e0 la cuill\u00e8re est certainement une des plus pratiqu\u00e9 lors de l&rsquo;ouverture de la truite, et obtient d\u2019excellents r\u00e9sultats lorsque le poisson est d\u00e9cid\u00e9.<\/p>\n<p><center><img loading=\"lazy\" decoding=\"async\" class=\"aligncenter size-full wp-image-645\" src=\"http:\/\/www.on4cn.be\/blog_ot4n\/wp-content\/uploads\/2016\/02\/fariogifanim.gif\" alt=\"fariogifanim\" width=\"80\" height=\"60\" \/><\/center><\/p>\n","protected":false},"excerpt":{"rendered":"<p>La truite arc-en-ciel (Oncorrhynchus mykiss)Description Description : La truite arc-en-ciel (Oncorrhynchus mikiss) est originaire d&rsquo;Am\u00e9rique du Nord, et a \u00e9t\u00e9 introduite en Europe au XIX\u00e8me si\u00e8cle. Elle est tr\u00e8s \u00e9lev\u00e9e en pisciculture, pour la consommation et le peuplement des rivi\u00e8res. A ce titre, la France est le premier producteur mondial. Caract\u00e9ristiques : Elle poss\u00e8de un corps fusiforme parsem\u00e9 de points noirs, et ses flancs sont reconnaissables \u00e0 une bande mauve iris\u00e9e sur fond argent\u00e9. On compte 95 \u00e0 110 \u00e9cailles&#8230;<\/p>\n<p class=\"read-more\"><a class=\"btn btn-default\" href=\"https:\/\/www.on4cn.be\/blog_ot4n\/la-truite-arc-en-ciel\/\">Lire la suite<span class=\"screen-reader-text\"> Lire la suite<\/span><\/a><\/p>\n","protected":false},"author":1,"featured_media":0,"parent":0,"menu_order":0,"comment_status":"closed","ping_status":"closed","template":"","meta":{"footnotes":""},"_links":{"self":[{"href":"https:\/\/www.on4cn.be\/blog_ot4n\/wp-json\/wp\/v2\/pages\/629"}],"collection":[{"href":"https:\/\/www.on4cn.be\/blog_ot4n\/wp-json\/wp\/v2\/pages"}],"about":[{"href":"https:\/\/www.on4cn.be\/blog_ot4n\/wp-json\/wp\/v2\/types\/page"}],"author":[{"embeddable":true,"href":"https:\/\/www.on4cn.be\/blog_ot4n\/wp-json\/wp\/v2\/users\/1"}],"replies":[{"embeddable":true,"href":"https:\/\/www.on4cn.be\/blog_ot4n\/wp-json\/wp\/v2\/comments?post=629"}],"version-history":[{"count":14,"href":"https:\/\/www.on4cn.be\/blog_ot4n\/wp-json\/wp\/v2\/pages\/629\/revisions"}],"predecessor-version":[{"id":648,"href":"https:\/\/www.on4cn.be\/blog_ot4n\/wp-json\/wp\/v2\/pages\/629\/revisions\/648"}],"wp:attachment":[{"href":"https:\/\/www.on4cn.be\/blog_ot4n\/wp-json\/wp\/v2\/media?parent=629"}],"curies":[{"name":"wp","href":"https:\/\/api.w.org\/{rel}","templated":true}]}}