{"id":547,"date":"2016-02-26T16:23:26","date_gmt":"2016-02-26T15:23:26","guid":{"rendered":"http:\/\/www.on4cn.be\/blog_ot4n\/?page_id=547"},"modified":"2016-02-29T14:00:21","modified_gmt":"2016-02-29T13:00:21","slug":"truite-fario","status":"publish","type":"page","link":"https:\/\/www.on4cn.be\/blog_ot4n\/truite-fario\/","title":{"rendered":"Montage d&rsquo;une ligne"},"content":{"rendered":"<p><center><span style=\"color: #ff0000;\">Montage d&rsquo;une Ligne<\/span><\/center><center>P\u00eache entre deux eaux, p\u00eache en surface, p\u00eache au pos\u00e9<\/center>&nbsp;<\/p>\n<p>Les parcours r\u00e9serv\u00e9s \u00e0 la p\u00eache de la truite sont nombreux en Belgique. Les \u00e9tangs \u00e0 truites sont souvent d\u00e9cri\u00e9s par les p\u00eacheurs de rivi\u00e8re: \u201cc\u2019est pas de la p\u00eache\u201d, \u201cdes truites de ducasse\u201d. M\u00eame s\u2019il est vrai que ce sont l\u00e0 des truites d\u2019\u00e9levage d\u00e9vers\u00e9es \u00e0 la demande, je pense que chacun doit conserver sa vision de la p\u00eache et de son propre plaisir. Pour le savoir, il y a de quoi passer de bons dimanches en famille!<\/p>\n<p>Ces parcours fonctionnent depuis d\u00e9j\u00e0 des d\u00e9cennies et r\u00e9pondent \u00e0 une forte demande d\u2019amateurs. Depuis quelques temps, les professionnels y d\u00e9veloppent des parcours au blanc et \u00e0 la carpe (carpodrome).<\/p>\n<p>A p\u00eache artificielle correspond des techniques adapt\u00e9es \u00e0 la situation, bien loin de la p\u00eache \u00e0 la mouche.<\/p>\n<h2>P\u00eache entre deux eaux<\/h2>\n<p><img loading=\"lazy\" decoding=\"async\" class=\"alignleft size-full wp-image-556\" src=\"http:\/\/www.on4cn.be\/blog_ot4n\/wp-content\/uploads\/2016\/02\/ligne_truite1.gif\" alt=\"ligne_truite1\" width=\"138\" height=\"458\" \/><\/p>\n<p>La p\u00eache entre deux-eaux est l\u2019une des techniques les plus employ\u00e9es<br \/>\nmontage de base<\/p>\n<p>&#8211; Mat\u00e9riel\u00a0: canne truite 2,7~3m + moulinet garni de 18\/100<br \/>\nou<br \/>\n&#8211; Canne t\u00e9lescopique de 4-5m.<\/p>\n<p>Esches\u00a0: ver de terre, ver de farine, teigne, bouquet d\u2019asticots, p\u00e2te \u00e0 truite<\/p>\n<h3>Un montage au coup classique\u00a0:<\/h3>\n<p>un flotteur de 2 \u00e0 5g sur la ligne; quelques plombs correspondant \u00e0 la portance du flotteur; un noeud simple forme l\u2019extr\u00e9mit\u00e9.<\/p>\n<p>Le bas de ligne est fix\u00e9 au corps de ligne par le traditionnel assemblage boucle dans boucle<br \/>\nFixer la ligne au fil du moulinet<br \/>\n( double grinner par exemple).<\/p>\n<h3>Action de p\u00eache\u00a0: \u201c\u00e0 la ram\u00e8ne\u201d<\/h3>\n<p>Le flotteur est tout d\u2019abord r\u00e8gl\u00e9 pour que l\u2019app\u00e2t \u00e9volue \u00e0 environ 1m de la surface, il sera toujours possible de changer la<br \/>\nprofondeur par la suite.<br \/>\nApr\u00e8s avoir lanc\u00e9, le p\u00eacheur tient la canne \u00e0 la main. Tout le jeu consiste \u00e0 animer le montage pour exciter<br \/>\nles truites\u00a0: des tir\u00e9es vives sur 50\u00a0cm ou lentes sur 1\u00a0m, des temps de repos plus ou moins longs.<br \/>\nLa touche est vive,<br \/>\nparfois brutale.<br \/>\nAvec une canne au coup, il est possible d\u2019effectuer ces manoeuvres. Lorsque la place le permet, longer la berge,<br \/>\nlentement permet de simuler de longues tir\u00e9es.<\/p>\n<p>Pour \u00eatre efficace, il ne faut pas avoir peur de varier souvent la profondeur car les truites d\u2019\u00e9levage \u00e9voluent \u00e0 diff\u00e9rentes hauteurs.<\/p>\n<div style=\"clear: left;\"><!-- --><\/div>\n<h2>P\u00eache en surface &#8211; buldo<\/h2>\n<p><img loading=\"lazy\" decoding=\"async\" class=\"alignleft size-full wp-image-557\" src=\"http:\/\/www.on4cn.be\/blog_ot4n\/wp-content\/uploads\/2016\/02\/ligne_truite2.gif\" alt=\"ligne_truite2\" width=\"138\" height=\"458\" \/><br \/>\nLorsque les truites sont visibles, il ne faut pas h\u00e9siter \u00e0 changer de montage et p\u00eacher en surface.<\/p>\n<h3>Montage de base<\/h3>\n<p>&#8211; Mat\u00e9riel\u00a0: canne truite 2,7~3m + moulinet garni de 18\/100<\/p>\n<p>&#8211; Esches\u00a0: ver de terre, ver de farine, teigne, bouquet d\u2019asticots, p\u00e2te \u00e0 truite<\/p>\n<h3>Montage de base<\/h3>\n<p>Fixer une bulle d\u2019eau (Buldo)au fil du moulinet.<br \/>\nCouper un bas de ligne en 16\/100 sur environ 1,2\u00a0m de longueur,<\/p>\n<p>Fixer l\u2019hame\u00e7on de taille comprise entre 8 et 12 selon l\u2019esche utilis\u00e9e,<br \/>\nNouer le bas de ligne au second ergot de la bulle<br \/>\nd\u2019eau.<br \/>\nRemplir au 3\/4 la bulle d\u2019eau.<\/p>\n<h3>Action de p\u00eache<\/h3>\n<p>Lancer la bulle d\u2019eau et l\u2019app\u00e2t au-del\u00e0 du banc de poisson et ramener vers les truites.<br \/>\nExercer des ramener de quelques<br \/>\ntours de moulinets puis arr\u00eat de deux trois secondes,\u2026<br \/>\nTout le jeu consiste \u00e0 animer le montage pour exciter les truites.<\/p>\n<p>Il est tr\u00e8s facile de p\u00eacher entre deux-eaux avec un tel montage\u00a0: fixer quelques chevrotines sur le bas de ligne \u00e0 une vingtaine de<br \/>\ncentim\u00e8tres de l\u2019hame\u00e7on!<\/p>\n<div style=\"clear: left;\"><!-- --><\/div>\n<h2>P\u00eache au pos\u00e9<\/h2>\n<p><img loading=\"lazy\" decoding=\"async\" class=\"alignleft size-full wp-image-558\" src=\"http:\/\/www.on4cn.be\/blog_ot4n\/wp-content\/uploads\/2016\/02\/ligne_truite4.gif\" alt=\"ligne_truite4\" width=\"138\" height=\"458\" \/><br \/>\nC\u2019est une alternative par grand vent ou lorsque les cannes sont d\u00e9laiss\u00e9es ou quand rien ne semble<br \/>\nvouloir marcher. Le plomb repose sur le fond et une petite boule de p\u00e2te flottante ou de polystyr\u00e8ne d\u00e9colle l\u2019app\u00e2t du fond. En effet,<br \/>\ndans les plans d\u2019eau, les truites semblent parfois se promener \u00e0 30~50cm du fond .<\/p>\n<h3>Montage de base<\/h3>\n<p>-Mat\u00e9riel\u00a0: canne truite 2,7~3m + moulinet garni de 18\/100<br \/>\n-Esches\u00a0: ver de terre, ver de farine, teigne, bouquet<br \/>\nd\u2019asticots<br \/>\n-p\u00e2te \u00e0 truite flottante, polystyr\u00e8ne<\/p>\n<p>Le montage reste classique: un plomb olive est pass\u00e9 dans le fil du<br \/>\nmoulinet, suivi d\u2019une petite perle en caoutchouc afin de prot\u00e9ger le noeud \u00e0 l\u2019\u00e9merillon.<br \/>\nUn noeud type \u201cgrinner\u201d<br \/>\nfixe le corp de ligne \u00e0 l\u2019\u00e9merillon.<br \/>\nLe bas de ligne en 16\/100, d\u2019une longueur d\u2019environ 40cm se termine par un hame\u00e7on<br \/>\n\u00e0 truite \u00e0 longue hampe (sp\u00e9cial ver).<\/p>\n<h3>Action de p\u00eache<\/h3>\n<p>Apr\u00e8s avoir lanc\u00e9, tendre la banni\u00e8re. La touche sera signal\u00e9e par le d\u00e9placement du scion de la canne.<\/p>\n<div style=\"clear: left;\"><!-- --><\/div>\n<h2>P\u00eache au leurre\u00a0: cuiller, poisson nageur<\/h2>\n<h2>App\u00e2ts<\/h2>\n<ul>\n<li>ver de farine<\/li>\n<li>T\u00eate noire<\/li>\n<li>Teigne<\/li>\n<li>P\u00e2te industrielle \u00e0 truite<\/li>\n<\/ul>\n<p>&nbsp;<\/p>\n<p>&nbsp;<\/p>\n<div>\n<p>&nbsp;<\/p>\n<\/div>\n","protected":false},"excerpt":{"rendered":"<p>Montage d&rsquo;une LigneP\u00eache entre deux eaux, p\u00eache en surface, p\u00eache au pos\u00e9&nbsp; Les parcours r\u00e9serv\u00e9s \u00e0 la p\u00eache de la truite sont nombreux en Belgique. Les \u00e9tangs \u00e0 truites sont souvent d\u00e9cri\u00e9s par les p\u00eacheurs de rivi\u00e8re: \u201cc\u2019est pas de la p\u00eache\u201d, \u201cdes truites de ducasse\u201d. M\u00eame s\u2019il est vrai que ce sont l\u00e0 des truites d\u2019\u00e9levage d\u00e9vers\u00e9es \u00e0 la demande, je pense que chacun doit conserver sa vision de la p\u00eache et de son propre plaisir. Pour le savoir,&#8230;<\/p>\n<p class=\"read-more\"><a class=\"btn btn-default\" href=\"https:\/\/www.on4cn.be\/blog_ot4n\/truite-fario\/\">Lire la suite<span class=\"screen-reader-text\"> Lire la suite<\/span><\/a><\/p>\n","protected":false},"author":1,"featured_media":0,"parent":0,"menu_order":0,"comment_status":"closed","ping_status":"closed","template":"","meta":{"footnotes":""},"_links":{"self":[{"href":"https:\/\/www.on4cn.be\/blog_ot4n\/wp-json\/wp\/v2\/pages\/547"}],"collection":[{"href":"https:\/\/www.on4cn.be\/blog_ot4n\/wp-json\/wp\/v2\/pages"}],"about":[{"href":"https:\/\/www.on4cn.be\/blog_ot4n\/wp-json\/wp\/v2\/types\/page"}],"author":[{"embeddable":true,"href":"https:\/\/www.on4cn.be\/blog_ot4n\/wp-json\/wp\/v2\/users\/1"}],"replies":[{"embeddable":true,"href":"https:\/\/www.on4cn.be\/blog_ot4n\/wp-json\/wp\/v2\/comments?post=547"}],"version-history":[{"count":10,"href":"https:\/\/www.on4cn.be\/blog_ot4n\/wp-json\/wp\/v2\/pages\/547\/revisions"}],"predecessor-version":[{"id":817,"href":"https:\/\/www.on4cn.be\/blog_ot4n\/wp-json\/wp\/v2\/pages\/547\/revisions\/817"}],"wp:attachment":[{"href":"https:\/\/www.on4cn.be\/blog_ot4n\/wp-json\/wp\/v2\/media?parent=547"}],"curies":[{"name":"wp","href":"https:\/\/api.w.org\/{rel}","templated":true}]}}