{"id":414,"date":"2016-02-26T06:38:17","date_gmt":"2016-02-26T05:38:17","guid":{"rendered":"http:\/\/www.on4cn.be\/blog_ot4n\/?page_id=414"},"modified":"2016-02-26T08:30:24","modified_gmt":"2016-02-26T07:30:24","slug":"glodwing-1800","status":"publish","type":"page","link":"https:\/\/www.on4cn.be\/blog_ot4n\/glodwing-1800\/","title":{"rendered":"Glodwing 1800"},"content":{"rendered":"<p><center>Le mod\u00e8le 2006 .\u00a0<\/center>Reproduit ici avec l&rsquo;aimable autorisation de Philippe RICHARD dit \u00ab\u00a0Breton\u00a0\u00bb, ex-adh\u00e9rent de la F\u00e9d\u00e9ration des Goldwing Club de France (FGWCF) qui pr\u00e9sente elle-m\u00eame ces documents sur le site &lsquo;http:\/\/www.fgwcf.org&rsquo;.<\/p>\n<table width=\"100%\">\n<tbody>\n<tr>\n<td>\n<p style=\"text-align: left;\">La gamme s&rsquo;enrichit d&rsquo;une version confort; difficile \u00e0 d\u00e9crypter d&rsquo;autant que Honda Sud Europe, qui d\u00e9couvre la r\u00e9alit\u00e9; presque en m\u00eame temps que nous (cela se savait mais aucun document ne circulait), n&rsquo;est pas en mesure de pr\u00e9ciser aujourd&rsquo;hui s&rsquo;il s&rsquo;agit d&rsquo;une nouvelle version sur la gamme Europe comme sur la gamme USA ou bien si ce seul nouveau mod\u00e8le serait import\u00e9. 2 versions ou une seule mieux finie ? La question reste pos\u00e9e. Hum, j&rsquo;en vois qui s&rsquo;\u00e9nervent&#8230;.. allez<\/p>\n<p style=\"text-align: left;\">Le nouvel ensemble confort dote notre cavalerie de ce qu&rsquo;il faut pour nous tenir chaud quand il fait froid :<\/p>\n<ul>\n<li><center>poign\u00e9es chauffantes \u00e9lectriques<\/center><\/li>\n<\/ul>\n<p>&nbsp;<\/p>\n<p><center><img loading=\"lazy\" decoding=\"async\" class=\"alignnone size-full wp-image-430\" src=\"http:\/\/www.on4cn.be\/blog_ot4n\/wp-content\/uploads\/2016\/02\/tableaubord06.jpg\" alt=\"tableaubord06\" width=\"300\" height=\"225\" \/><\/center>Selle chauffante avec r\u00e9glage ind\u00e9pendant de la temp\u00e9rature pour le pilote et le passager\u00a0; r\u00e9glable en continu jusqu&rsquo;\u00e0 40\u00b0C avec commande ind\u00e9pendante pour le passager pr\u00e8s de l&rsquo;accoudoir gauche. Pour le passager, dossier<br \/>\net accoudoirs sont aussi munis de r\u00e9sistances de chauffe.<\/p>\n<p><center><img loading=\"lazy\" decoding=\"async\" class=\"alignnone size-full wp-image-431\" src=\"http:\/\/www.on4cn.be\/blog_ot4n\/wp-content\/uploads\/2016\/02\/selle06.jpg\" alt=\"selle06\" width=\"300\" height=\"225\" \/><\/center>&nbsp;<\/p>\n<p><center><img loading=\"lazy\" decoding=\"async\" class=\"alignnone size-full wp-image-432\" src=\"http:\/\/www.on4cn.be\/blog_ot4n\/wp-content\/uploads\/2016\/02\/boutonpassager.jpg\" alt=\"boutonpassager\" width=\"300\" height=\"401\" srcset=\"https:\/\/www.on4cn.be\/blog_ot4n\/wp-content\/uploads\/2016\/02\/boutonpassager.jpg 300w, https:\/\/www.on4cn.be\/blog_ot4n\/wp-content\/uploads\/2016\/02\/boutonpassager-224x300.jpg 224w\" sizes=\"(max-width: 300px) 100vw, 300px\" \/><\/center>&nbsp;<\/p>\n<p><center><img loading=\"lazy\" decoding=\"async\" class=\"alignnone size-full wp-image-433\" src=\"http:\/\/www.on4cn.be\/blog_ot4n\/wp-content\/uploads\/2016\/02\/boutonconduct.jpg\" alt=\"boutonconduct\" width=\"300\" height=\"223\" \/><\/center>Chauffage sur les pieds : de nouvelles conduites am\u00e8neront l&rsquo;air chaud vers les pieds, comme sur feu la GL1500. une commande \u00e0 5 positions plac\u00e9e \u00e0 gauche contr\u00f4le le flux d&rsquo;air chaud.<\/p>\n<p><center><img loading=\"lazy\" decoding=\"async\" class=\"alignnone size-full wp-image-434\" src=\"http:\/\/www.on4cn.be\/blog_ot4n\/wp-content\/uploads\/2016\/02\/chauffagepieds.jpg\" alt=\"chauffagepieds\" width=\"300\" height=\"225\" \/><\/center>La GL1800 devient aussi la premi\u00e8re moto de sa cat\u00e9gorie \u00e0 respecter la nouvelle norme antipollution EURO 3, qui limite encore les \u00e9missions polluantes. Ceci am\u00e8ne quelques \u00e9volutions dans le syst\u00e8me \u00e9lectronique de la machine<br \/>\nqui voit ainsi dispara\u00eetre les fameuses sondes Lambda au profit d&rsquo;un nouveau capteur \u00ab\u00a0lin\u00e9aire Air\/Essence\u00a0\u00bb dit aussi \u00ab\u00a0LAF\u00a0\u00bb.<\/p>\n<p>La machine est aussi dot\u00e9e d&rsquo;un nouvel entra\u00eenement de l&rsquo;alternateur avec amortisseur hydraulique qui remplace le pr\u00e9c\u00e9dent amortisseur m\u00e9canique pour<br \/>\nplus de silence.<\/p>\n<p><center><img loading=\"lazy\" decoding=\"async\" class=\"alignnone size-full wp-image-435\" src=\"http:\/\/www.on4cn.be\/blog_ot4n\/wp-content\/uploads\/2016\/02\/amorto.jpg\" alt=\"amorto\" width=\"300\" height=\"225\" \/><\/center><\/p>\n<ul>\n<li><center>Pour les coloris, 3 r\u00e9f\u00e9rences enti\u00e8rement nouvelles :<\/center><\/li>\n<\/ul>\n<p class=\"Style11\" align=\"center\"><span class=\"sansjustif\">\u2022\u00a0 Noir Z <\/span><br \/>\n<img loading=\"lazy\" decoding=\"async\" class=\"alignnone size-full wp-image-436\" src=\"http:\/\/www.on4cn.be\/blog_ot4n\/wp-content\/uploads\/2016\/02\/noire06.jpg\" alt=\"noire06\" width=\"300\" height=\"225\" \/><br \/>\n<span class=\"sansjustif\"><br \/>\n\u2022\u00a0 Argent m\u00e9tallique Billet<\/span><br \/>\n<img loading=\"lazy\" decoding=\"async\" class=\"alignnone size-full wp-image-437\" src=\"http:\/\/www.on4cn.be\/blog_ot4n\/wp-content\/uploads\/2016\/02\/grise06.jpg\" alt=\"grise06\" width=\"300\" height=\"225\" \/><\/p>\n<p><span class=\"sansjustif\">\u2022\u00a0 Rouge M\u00e9tallique Cabernet <\/span><br \/>\n<img loading=\"lazy\" decoding=\"async\" class=\"alignnone size-full wp-image-438\" src=\"http:\/\/www.on4cn.be\/blog_ot4n\/wp-content\/uploads\/2016\/02\/rouge06.jpg\" alt=\"rouge06\" width=\"300\" height=\"225\" \/><\/td>\n<\/tr>\n<\/tbody>\n<\/table>\n<p><center>Le mod\u00e8le 2007 .<\/center><\/p>\n<table border=\"0\" width=\"100%\" cellspacing=\"0\" cellpadding=\"0\" align=\"CENTER\">\n<tbody>\n<tr>\n<td>\n<p class=\"txt\">l\u00e0, c&rsquo;est du top et cela me rappelle les premi\u00e8res commercialisation des 4 roues avec ce type d&rsquo;\u00e9quipement\u00a0:<br \/>\n<strong>UN AIR-BAG <\/strong>. Argument commercial pour les autos il y a 20 ans, c&rsquo;est aujourd&rsquo;hui un classique de leur \u00e9quipement, qu&rsquo;ils soient frontaux, lat\u00e9raux ou m\u00eame dans le pavillon.<\/p>\n<p>Le 2 roues restait en retrait sur ce mat\u00e9riel, tout simplement parce que la technologie de ma\u00eetrise compl\u00e8te du risque sur le pilote de moto demandait un \u00e9norme travail de Recherche et D\u00e9veloppement. Nous allons le voir dans ce qui suit. Plut\u00f4t que de vous narrer les choses, vous allez trouver ci-apr\u00e8s une traduction des \u00e9l\u00e9ments les plus importants figurant au dossier de presse que Honda remet en ce moment \u00e0 son r\u00e9seau am\u00e9ricain et aux journalistes convi\u00e9s ce 8 Septembre 2005.<\/p>\n<p><center><span style=\"color: #ff0000;\"><span style=\"color: #ff0000;\"><br \/>\n<\/span><\/span><\/center><\/p>\n<h3>HONDA DEVELOPPE LE TOUT PREMIER AIR-BAG<\/h3>\n<p><center><span style=\"color: #ff0000;\"><span style=\"color: #ff0000;\"><br \/>\n<\/span><\/span><\/center><\/p>\n<h3>MONTE EN GRANDE SERIE SUR UNE MOTO<\/h3>\n<p>&nbsp;<\/p>\n<p align=\"center\"><img loading=\"lazy\" decoding=\"async\" class=\"alignnone size-full wp-image-446\" src=\"http:\/\/www.on4cn.be\/blog_ot4n\/wp-content\/uploads\/2016\/02\/glairbag1.jpg\" alt=\"glairbag1\" width=\"590\" height=\"460\" srcset=\"https:\/\/www.on4cn.be\/blog_ot4n\/wp-content\/uploads\/2016\/02\/glairbag1.jpg 590w, https:\/\/www.on4cn.be\/blog_ot4n\/wp-content\/uploads\/2016\/02\/glairbag1-300x234.jpg 300w\" sizes=\"(max-width: 590px) 100vw, 590px\" \/><\/p>\n<p>Le 8 septembre 2005, Honda Motor Co., Ltd annonce son succ\u00e8s dans la mise au point du tout premier Air-Bag pour moto. Le nouveau syst\u00e8me, qui devrait aider \u00e0 r\u00e9duire la gravit\u00e9 des blessures caus\u00e9es par les chocs frontaux, est rendu accessible sur la Goldwing programm\u00e9e en commercialisation pour le milieu de 2006.<\/p>\n<p>Le syst\u00e8me est constitu\u00e9 du module Air-Bag incluant le coussin et son syst\u00e8me de gonflage, de capteurs de crash qui transposent les variations<br \/>\nd&rsquo;acc\u00e9l\u00e9ration et d&rsquo;une unit\u00e9 de contr\u00f4le qui r\u00e9alise les calculs et d\u00e9termine instantan\u00e9ment si les param\u00e8tres enregistr\u00e9s sont ceux d&rsquo;un crash ou non. Lors d&rsquo;un violent choc frontal, les 4 capteurs mont\u00e9s sur la fourche enregistrent la variation d&rsquo;acc\u00e9l\u00e9ration caus\u00e9e par le choc et transf\u00e8rent ces donn\u00e9es vers l&rsquo;unit\u00e9 de contr\u00f4le du coussin. Ce dernier les analyse comme \u00e9tant les param\u00e8tres d&rsquo;une collision et d\u00e9cide ou non de gonfler l&rsquo;Air-Bag en adressant ou non au syst\u00e8me de gonflage le signal ad\u00e9quat.<\/p>\n<p>Le gonflage rapide apr\u00e8s le choc autorise l&rsquo;absorbsion par le coussin d&rsquo;une partie de l&rsquo;\u00e9nergie cin\u00e9tique du pilote, r\u00e9duisant ainsi sa vitesse de mouvement vers l&rsquo;avant et participant \u00e0 la r\u00e9duction de la gravit\u00e9 des blessures dues aux chocs avec d&rsquo;autres v\u00e9hicules ou m\u00eame avec la route.<\/p>\n<p>La conduite de tests intensifs dans ses installations de Crash tests omnidirectionnels aid\u00e9e des derni\u00e8res technologies en mati\u00e8re de simulation de chocs a permis \u00e0 Honda de rassembler et d&rsquo;analyser une tr\u00e8s large gamme de circonstances d&rsquo;accidents en 2 roues. Honda a \u00e9galement utilis\u00e9 les enseignements des recherches sur les Air-Bag automobiles.<\/p>\n<p><center><span style=\"color: #ff0000;\"><span style=\"color: #ff0000;\"><br \/>\n<\/span><\/span><\/center><\/p>\n<h3><b>INTRODUCTION<\/b><\/h3>\n<p>Honda fut proactif dans l&rsquo;encouragement d&rsquo;un constant entra\u00eenement des pilotes et des moniteurs, comme il le fut dans le d\u00e9veloppement des technologies de s\u00e9curit\u00e9 active destin\u00e9es \u00e0 pr\u00e9venir les accidents et dans celui de la s\u00e9curit\u00e9 passive destin\u00e9e \u00e0 r\u00e9duire la gravit\u00e9 des blessures en cas d&rsquo;accident.<\/p>\n<p>Honda est depuis longtemps actif dans la mise en \u0153uvre de programmes de trafic s\u00e9curis\u00e9. En 1970, il cr\u00e9e sa division \u00ab\u00a0Trafic Safety Promotion<br \/>\nDivision\u00a0\u00bb qui devint le point nodal de l&rsquo;entreprise vers le support des initiatives d&rsquo;apprentissage des pilotes et moniteurs. Honda a aussi d\u00e9velopp\u00e9 son simulateur de pilotage et d&rsquo;autres syst\u00e8mes d&rsquo;entra\u00eenement. dans le domaine de la s\u00e9curit\u00e9 active, Honda d\u00e9veloppait il y a quelques ann\u00e9es le<br \/>\nsyst\u00e8me de freinage combin\u00e9 et l&rsquo;ABS, appliquant cette technologie \u00e0 de plus en plus de mod\u00e8les avec l&rsquo;objectif de permettre \u00e0 tous de conserver le meilleur contr\u00f4le de leur v\u00e9hicule. Cet effort impliquait aussi les motocyclistes au travers de programmes d&rsquo;am\u00e9liorations des technologies orient\u00e9es vers la s\u00e9curit\u00e9.<\/p>\n<p>Les mesures de s\u00e9curit\u00e9 passives, destin\u00e9es \u00e0 aider la protection des pilotes lors d&rsquo;accidents, sont une part importante de l&rsquo;approche d&rsquo;Honda au travers de ses travaux de recherche et d\u00e9veloppement.<\/p>\n<p>Le r\u00e9sultat de cet effort trouve aujourd&rsquo;hui sa concr\u00e9tisation dans la mise en production du premier syst\u00e8me d&rsquo;Air-Bag pour moto.<\/p>\n<p><center><img loading=\"lazy\" decoding=\"async\" class=\"alignnone size-full wp-image-447\" src=\"http:\/\/www.on4cn.be\/blog_ot4n\/wp-content\/uploads\/2016\/02\/tableausecurite.jpg\" alt=\"tableausecurite\" width=\"590\" height=\"483\" srcset=\"https:\/\/www.on4cn.be\/blog_ot4n\/wp-content\/uploads\/2016\/02\/tableausecurite.jpg 590w, https:\/\/www.on4cn.be\/blog_ot4n\/wp-content\/uploads\/2016\/02\/tableausecurite-300x246.jpg 300w\" sizes=\"(max-width: 590px) 100vw, 590px\" \/><\/center><center><span style=\"color: #ff0000;\"><span style=\"color: #ff0000;\"><br \/>\n<\/span><\/span><\/center><\/p>\n<h3><b>Objectifs de d\u00e9veloppement<\/b><\/h3>\n<p>Un aspect vital de la recherche d&rsquo;Honda dans le domaine de la s\u00e9curit\u00e9 fut celui de l&rsquo;analyse d\u00e9taill\u00e9e des statistiques relatives aux accidents. Des donn\u00e9es en provenance du Japon, des USA et de l&rsquo;Europe furent trait\u00e9es et indiquaient toutes que la collision frontale couvrait la moiti\u00e9 des accidents.. il fut aussi confirm\u00e9 que la plupart des blessures \u00e9taient occasionn\u00e9es par des chocs soit avec le v\u00e9hicule engag\u00e9 dans l&rsquo;accident soit avec le sol. A la lumi\u00e8re de ces donn\u00e9es, les ing\u00e9nieurs d&rsquo;Honda ont envisag\u00e9 la r\u00e9duction de la gravit\u00e9 des blessures en absorbant l&rsquo;\u00e9nergie d&rsquo;un impact et en r\u00e9duisant la vitesse du pilote vers l&rsquo;avant \u00e0 la suite d&rsquo;un choc frontal.<\/p>\n<p><center><span style=\"color: #ff0000;\"><span style=\"color: #ff0000;\"><br \/>\n<\/span><\/span><\/center><\/p>\n<h3><b>L&rsquo;air-bag est le moyen le plus adapt\u00e9 \u00e0 l&rsquo;atteinte de cet objectif.<\/b><\/h3>\n<p>&nbsp;<\/p>\n<p class=\"Style11\" align=\"center\"><img loading=\"lazy\" decoding=\"async\" class=\"alignnone size-full wp-image-448\" src=\"http:\/\/www.on4cn.be\/blog_ot4n\/wp-content\/uploads\/2016\/02\/tableauchocs.jpg\" alt=\"tableauchocs\" width=\"590\" height=\"294\" srcset=\"https:\/\/www.on4cn.be\/blog_ot4n\/wp-content\/uploads\/2016\/02\/tableauchocs.jpg 590w, https:\/\/www.on4cn.be\/blog_ot4n\/wp-content\/uploads\/2016\/02\/tableauchocs-300x149.jpg 300w\" sizes=\"(max-width: 590px) 100vw, 590px\" \/><\/p>\n<p><center><span style=\"color: #ff0000;\"><span style=\"color: #ff0000;\"><br \/>\n<\/span><\/span><\/center><\/p>\n<h3><b>L&rsquo;historique .<\/b><\/h3>\n<p>Les recherches sur l&rsquo;Air-Bag moto ont d\u00e9but\u00e9 en 1990. Les premi\u00e8res ann\u00e9es furent consacr\u00e9es \u00e0 l&rsquo;\u00e9tablissement des r\u00e8gles de base sur la taille et la forme de l&rsquo;Air-Bag, et sur les moyens de le positionner sur une moto. En 1996, un premier syst\u00e8me fut install\u00e9 sur une GL 1500 et un programme de crash tests fut initi\u00e9. D&rsquo;autres tests furent men\u00e9s sur un gros scooter avec l&rsquo;objectif de d\u00e9finir un standard permettant \u00e0 terme l&rsquo;\u00e9quipement d&rsquo;une gamme de v\u00e9hicules. Les tests d&rsquo;\u00e9valuation d&rsquo;efficacit\u00e9 de l&rsquo;Air-Bag furent ensuite conduits avec des mannequins, permettant la reproduction d&rsquo;une grande vari\u00e9t\u00e9 d&rsquo;accidents r\u00e9els, permettant un jugement plus pr\u00e9cis de la gravit\u00e9 des blessures occasionn\u00e9es.<\/p>\n<p align=\"center\"><img loading=\"lazy\" decoding=\"async\" class=\"alignnone size-full wp-image-459\" src=\"http:\/\/www.on4cn.be\/blog_ot4n\/wp-content\/uploads\/2016\/02\/tableau_hist-1.jpg\" alt=\"tableau_hist\" width=\"653\" height=\"526\" srcset=\"https:\/\/www.on4cn.be\/blog_ot4n\/wp-content\/uploads\/2016\/02\/tableau_hist-1.jpg 653w, https:\/\/www.on4cn.be\/blog_ot4n\/wp-content\/uploads\/2016\/02\/tableau_hist-1-300x242.jpg 300w\" sizes=\"(max-width: 653px) 100vw, 653px\" \/><\/p>\n<p><center><span style=\"color: #ff0000;\"><span style=\"color: #ff0000;\"><br \/>\n<\/span><\/span><\/center><\/p>\n<h3><b>La m\u00e9thode .<\/b><\/h3>\n<p>La complexit\u00e9 de la dynamique des accidents de motos introduit un grand nombre de param\u00e8tres dans l&rsquo;interaction entre le pilote et l&rsquo;Air-Bag. Au cours de l&rsquo;\u00e9valuation de l&rsquo;efficacit\u00e9 de son syst\u00e8me d&rsquo;Air-Bag, Honda a proc\u00e9d\u00e9 \u00e0 une s\u00e9rie de crash tests et de simulations par ordinateur afin d&rsquo;approcher au mieux la r\u00e9alit\u00e9 des diff\u00e9rents types d&rsquo;accidents.<\/p>\n<p>En sus des tests r\u00e9alis\u00e9s selon la norme ISO 13232, Honda a r\u00e9alis\u00e9 une s\u00e9rie de tests bas\u00e9s sur sa propre analyse d&rsquo;un accident de moto. Il fut ainsi<br \/>\npris en compte des facteurs comme le type du v\u00e9hicule adverse, la masse du pilote et sa position de conduite. Ces tests, dont ceux qui comprenaient des cas o\u00f9 l&rsquo;autre v\u00e9hicule \u00e9tait aussi en mouvement furent conduits dans les Installations de Honda.<\/p>\n<p>L&rsquo;implication de Honda envers la s\u00e9curit\u00e9 du motocycliste est aussi rendue visible par l&rsquo;introduction pr\u00e9coce de la norme ISO 13232 et de son mannequin associ\u00e9 qui contient des capteurs adapt\u00e9s et enregistre les donn\u00e9es sans c\u00e2blage externe susceptible de fausser les mouvements. Les mouvements de la t\u00eate, du coup, de la poitrine, de l&rsquo;abdomen et des cuisses permettent une approche de la gravit\u00e9 des blessures subies.<\/p>\n<p class=\"Style11\" align=\"center\"><img loading=\"lazy\" decoding=\"async\" class=\"alignnone size-full wp-image-450\" src=\"http:\/\/www.on4cn.be\/blog_ot4n\/wp-content\/uploads\/2016\/02\/chocs.jpg\" alt=\"chocs\" width=\"612\" height=\"334\" srcset=\"https:\/\/www.on4cn.be\/blog_ot4n\/wp-content\/uploads\/2016\/02\/chocs.jpg 612w, https:\/\/www.on4cn.be\/blog_ot4n\/wp-content\/uploads\/2016\/02\/chocs-300x164.jpg 300w\" sizes=\"(max-width: 612px) 100vw, 612px\" \/><\/p>\n<p>La norme ISO 13232 comprend des mesures standards pour permettre la mesure de l&rsquo;efficacit\u00e9 d&rsquo;un dispositif au moment d&rsquo;une collision. En sus des param\u00e8tres de cette norme, Honda a conduit des tests et des simulations destin\u00e9s \u00e0 \u00e9tendre la port\u00e9e de l&rsquo;analyse pour couvrir des \u00e9v\u00e9nements intervenant juste apr\u00e8s la collision avec le v\u00e9hicule adverse ou le sol. Ces recherches permirent aussi de d\u00e9terminer avec plus de pr\u00e9cision l&rsquo;impact de la pr\u00e9sence d&rsquo;un Air-Bag sur les mouvements du pilote.<\/p>\n<p><center><span style=\"color: #ff0000;\"><span style=\"color: #ff0000;\"><br \/>\n<\/span><\/span><\/center><\/p>\n<h3><b>Les composants et le fonctionnement .<\/b><\/h3>\n<p>Le syst\u00e8me Air-Bag de la GOLDWING est principalement compos\u00e9 des \u00e9l\u00e9ments suivants<\/p>\n<ul>\n<li class=\"mispag\">le module Air-Bag constitu\u00e9 du coussin et de son syst\u00e8me de<br \/>\ngonflage\u00a0; l&rsquo;ensemble est positionn\u00e9 devant le pilote<\/li>\n<li class=\"mispag\">l&rsquo;unit\u00e9 de contr\u00f4le de l&rsquo;Air-Bag\u00a0: situ\u00e9 sur le<br \/>\nc\u00f4t\u00e9 droit de l&rsquo;ensemble, analyse les signaux en provenance des capteurs de chocs<br \/>\n(acc\u00e9l\u00e9rom\u00e8tres)<\/li>\n<li class=\"mispag\">4 acc\u00e9l\u00e9rom\u00e8tres r\u00e9partis sur les tubes de<br \/>\nfourche\u00a0: d\u00e9tectent les variations brutales d&rsquo;acc\u00e9l\u00e9ration lors des<br \/>\nchocs frontaux<\/li>\n<\/ul>\n<p>&nbsp;<\/p>\n<p><center><img loading=\"lazy\" decoding=\"async\" class=\"alignnone size-full wp-image-460\" src=\"http:\/\/www.on4cn.be\/blog_ot4n\/wp-content\/uploads\/2016\/02\/composants.jpg\" alt=\"composants\" width=\"607\" height=\"625\" srcset=\"https:\/\/www.on4cn.be\/blog_ot4n\/wp-content\/uploads\/2016\/02\/composants.jpg 607w, https:\/\/www.on4cn.be\/blog_ot4n\/wp-content\/uploads\/2016\/02\/composants-291x300.jpg 291w\" sizes=\"(max-width: 607px) 100vw, 607px\" \/><\/center>&nbsp;<\/p>\n<p><center><img loading=\"lazy\" decoding=\"async\" class=\"alignnone size-full wp-image-451\" src=\"http:\/\/www.on4cn.be\/blog_ot4n\/wp-content\/uploads\/2016\/02\/eclate_airbag.jpg\" alt=\"eclate_airbag\" width=\"603\" height=\"247\" srcset=\"https:\/\/www.on4cn.be\/blog_ot4n\/wp-content\/uploads\/2016\/02\/eclate_airbag.jpg 603w, https:\/\/www.on4cn.be\/blog_ot4n\/wp-content\/uploads\/2016\/02\/eclate_airbag-300x123.jpg 300w\" sizes=\"(max-width: 603px) 100vw, 603px\" \/><\/center><center><span style=\"color: #ff0000;\"><span style=\"color: #ff0000;\"><br \/>\n<\/span><\/span><\/center><\/p>\n<h3><b>Fonctions des principaux composants .<\/b><\/h3>\n<p><strong>Module Air-Bag <\/strong><\/p>\n<p>Comprend le coussin et son gonfleur. Les mat\u00e9riaux sont de m\u00eame nature que ceux utilis\u00e9s dans l&rsquo;automobile\u00a0: un solide sac de nylon \u00e0 couche int\u00e9rieure en silicone, qui atteint un volume de 150 litres , dessine une forme en V afin de garder le pilote dans la position initiale, retenu dans sa partie arri\u00e8re par des sangles assur\u00e9es au cadre de la moto. Des orifices de d\u00e9compression sont situ\u00e9s de chaque c\u00f4t\u00e9 de la partie arri\u00e8re du coussin.<\/p>\n<p>Le gonfleur re\u00e7oit le signal \u00e9lectrique \u00e9mis par l&rsquo;unit\u00e9 de contr\u00f4le et qui ordonne la lib\u00e9ration de l&rsquo;azote pour le gonflage du coussin. L\u00e0 aussi, comme sur les automobiles, il est compos\u00e9 d&rsquo;un syst\u00e8me d&rsquo;allumage \u00e9lectrique, d&rsquo;un aget d&rsquo;allumage, d&rsquo;azote sous pression et d&rsquo;autres pi\u00e8ces. Le<br \/>\ngonfleur r\u00e9agit instantan\u00e9ment \u00e0 une impulsion \u00e9lectrique.<\/p>\n<p>Le d\u00e9but de gonflage provoque une pression sur le couvercle du module Air-Bag, le for\u00e7ant \u00e0 s&rsquo;ouvrir<\/p>\n<p>La taille et la forme de l&rsquo;Air-Bag, son accrochage \u00e0 la moto et la fonction d&rsquo;expulsion des surpressions permettent une diminution de la gravit\u00e9 des blessures possibles.<\/p>\n<p>Le temps s&rsquo;\u00e9coulant entre la d\u00e9tection par les acc\u00e9l\u00e9rom\u00e8tres et le gonflage est de 0.06 seconde (cas de collision lat\u00e9rale \u00e0 50 km\/h avec v\u00e9hicule arr\u00eat\u00e9)<\/p>\n<p><center><span style=\"color: #ff0000;\"><span style=\"color: #ff0000;\"><br \/>\n<\/span><\/span><\/center><\/p>\n<h3><b>L&rsquo;unit\u00e9 de contr\u00f4le de l&rsquo;Air-Bag .<\/b><\/h3>\n<p>Elle analyse en permanence les donn\u00e9es en provenance des acc\u00e9l\u00e9rom\u00e8tres et les compare avec celles stock\u00e9es comme param\u00e8tres de fonctionnement normal. Elle d\u00e9termine s&rsquo;il est n\u00e9cessaire ou non de d\u00e9ployer l&rsquo;Air-Bag. Les donn\u00e9es de chaque capteur sont analys\u00e9es ind\u00e9pendamment et la pertinence de l&rsquo;envoi de la commande d&rsquo;ouverture de l&rsquo;Air-Bag r\u00e9sulte de la comparaison avec les standards pr\u00e9d\u00e9termin\u00e9s.<\/p>\n<p>Le syst\u00e8me est intrins\u00e8quement fiable puisqu&rsquo;il incorpore son propre backup, lui permettant de rester op\u00e9rationnel m\u00eame en cas de dysfonctionnement du module de contr\u00f4le de l&rsquo;Air-Bag. Il est bien s\u00fbr muni de son propre syst\u00e8me de contr\u00f4le \/ diagnostic et informe le pilote de son \u00e9tat.<\/p>\n<p><strong>Les acc\u00e9l\u00e9rom\u00e8tres <\/strong><\/p>\n<p>Les capteurs qui enregistrent les donn\u00e9es de variations d&rsquo;acc\u00e9l\u00e9ration sont fix\u00e9s sur les tubes de la fourche afin d&rsquo;optimiser la rapidit\u00e9 et la<br \/>\npertinence de la d\u00e9tection de chocs frontaux. Il n&rsquo;y a pas de modification de la structure avant de la moto et les capteurs sont plac\u00e9s par deux de chaque c\u00f4t\u00e9 de la fourche.<\/p>\n<p><center><img loading=\"lazy\" decoding=\"async\" class=\"alignnone size-full wp-image-456\" src=\"http:\/\/www.on4cn.be\/blog_ot4n\/wp-content\/uploads\/2016\/02\/accelerometre.jpg\" alt=\"accelerometre\" width=\"618\" height=\"383\" srcset=\"https:\/\/www.on4cn.be\/blog_ot4n\/wp-content\/uploads\/2016\/02\/accelerometre.jpg 618w, https:\/\/www.on4cn.be\/blog_ot4n\/wp-content\/uploads\/2016\/02\/accelerometre-300x186.jpg 300w\" sizes=\"(max-width: 618px) 100vw, 618px\" \/><\/center>&lt;p<strong>Fonctionnement <\/strong><\/p>\n<p>L&rsquo;Air-Bag est pr\u00e9vu pour fonctionner en cas de choc frontal dans lequel le pilote pourrait \u00eatre projet\u00e9 vers l&rsquo;avant. La cha\u00eene de fonctionnement du process prend environ 0.15 seconde du d\u00e9but \u00e0 la fin de la s\u00e9quence, soit moins que la dur\u00e9e du clignement d&rsquo;un \u0153il humain (environ 0.2 seconde).<\/p>\n<p><center><span style=\"color: #ff0000;\"><span style=\"color: #ff0000;\"><br \/>\n<\/span><\/span><\/center><\/p>\n<h3><b>D\u00e9clenchement du syst\u00e8me Air-Bag moto .<\/b><\/h3>\n<p>&nbsp;<\/p>\n<p align=\"center\"><img loading=\"lazy\" decoding=\"async\" class=\"alignnone size-full wp-image-454\" src=\"http:\/\/www.on4cn.be\/blog_ot4n\/wp-content\/uploads\/2016\/02\/film.jpg\" alt=\"film\" width=\"674\" height=\"736\" srcset=\"https:\/\/www.on4cn.be\/blog_ot4n\/wp-content\/uploads\/2016\/02\/film.jpg 674w, https:\/\/www.on4cn.be\/blog_ot4n\/wp-content\/uploads\/2016\/02\/film-275x300.jpg 275w\" sizes=\"(max-width: 674px) 100vw, 674px\" \/><\/p>\n<\/td>\n<\/tr>\n<\/tbody>\n<\/table>\n","protected":false},"excerpt":{"rendered":"<p>Le mod\u00e8le 2006 .\u00a0Reproduit ici avec l&rsquo;aimable autorisation de Philippe RICHARD dit \u00ab\u00a0Breton\u00a0\u00bb, ex-adh\u00e9rent de la F\u00e9d\u00e9ration des Goldwing Club de France (FGWCF) qui pr\u00e9sente elle-m\u00eame ces documents sur le site &lsquo;http:\/\/www.fgwcf.org&rsquo;. La gamme s&rsquo;enrichit d&rsquo;une version confort; difficile \u00e0 d\u00e9crypter d&rsquo;autant que Honda Sud Europe, qui d\u00e9couvre la r\u00e9alit\u00e9; presque en m\u00eame temps que nous (cela se savait mais aucun document ne circulait), n&rsquo;est pas en mesure de pr\u00e9ciser aujourd&rsquo;hui s&rsquo;il s&rsquo;agit d&rsquo;une nouvelle version sur la gamme Europe&#8230;<\/p>\n<p class=\"read-more\"><a class=\"btn btn-default\" href=\"https:\/\/www.on4cn.be\/blog_ot4n\/glodwing-1800\/\">Lire la suite<span class=\"screen-reader-text\"> Lire la suite<\/span><\/a><\/p>\n","protected":false},"author":1,"featured_media":0,"parent":0,"menu_order":0,"comment_status":"closed","ping_status":"closed","template":"","meta":{"footnotes":""},"_links":{"self":[{"href":"https:\/\/www.on4cn.be\/blog_ot4n\/wp-json\/wp\/v2\/pages\/414"}],"collection":[{"href":"https:\/\/www.on4cn.be\/blog_ot4n\/wp-json\/wp\/v2\/pages"}],"about":[{"href":"https:\/\/www.on4cn.be\/blog_ot4n\/wp-json\/wp\/v2\/types\/page"}],"author":[{"embeddable":true,"href":"https:\/\/www.on4cn.be\/blog_ot4n\/wp-json\/wp\/v2\/users\/1"}],"replies":[{"embeddable":true,"href":"https:\/\/www.on4cn.be\/blog_ot4n\/wp-json\/wp\/v2\/comments?post=414"}],"version-history":[{"count":25,"href":"https:\/\/www.on4cn.be\/blog_ot4n\/wp-json\/wp\/v2\/pages\/414\/revisions"}],"predecessor-version":[{"id":464,"href":"https:\/\/www.on4cn.be\/blog_ot4n\/wp-json\/wp\/v2\/pages\/414\/revisions\/464"}],"wp:attachment":[{"href":"https:\/\/www.on4cn.be\/blog_ot4n\/wp-json\/wp\/v2\/media?parent=414"}],"curies":[{"name":"wp","href":"https:\/\/api.w.org\/{rel}","templated":true}]}}