{"id":282,"date":"2016-02-24T14:14:29","date_gmt":"2016-02-24T13:14:29","guid":{"rendered":"http:\/\/www.on4cn.be\/blog_ot4n\/?page_id=282"},"modified":"2016-02-24T14:57:06","modified_gmt":"2016-02-24T13:57:06","slug":"rocamadour","status":"publish","type":"page","link":"https:\/\/www.on4cn.be\/blog_ot4n\/rocamadour\/","title":{"rendered":"Rocamadour"},"content":{"rendered":"<table width=\"100%\">\n<tbody>\n<tr>\n<td colspan=\"3\">Rocamadour<\/td>\n<\/tr>\n<tr>\n<td><a href=\"http:\/\/www.on4cn.be\/blog_ot4n\/wp-content\/uploads\/2016\/02\/roquamadour.jpg\" target=\"_blank\"><img loading=\"lazy\" decoding=\"async\" class=\"aligncenter size-thumbnail wp-image-286\" src=\"http:\/\/www.on4cn.be\/blog_ot4n\/wp-content\/uploads\/2016\/02\/roquamadour-150x150.jpg\" alt=\"Rocamadour\" width=\"120\" height=\"120\" srcset=\"https:\/\/www.on4cn.be\/blog_ot4n\/wp-content\/uploads\/2016\/02\/roquamadour-150x150.jpg 150w, https:\/\/www.on4cn.be\/blog_ot4n\/wp-content\/uploads\/2016\/02\/roquamadour-100x100.jpg 100w, https:\/\/www.on4cn.be\/blog_ot4n\/wp-content\/uploads\/2016\/02\/roquamadour-250x250.jpg 250w\" sizes=\"(max-width: 120px) 100vw, 120px\" \/><\/a><\/td>\n<td><a href=\"http:\/\/www.on4cn.be\/blog_ot4n\/wp-content\/uploads\/2016\/02\/roquamadour01.jpg\" target=\"_blank\"><img loading=\"lazy\" decoding=\"async\" class=\"aligncenter size-thumbnail wp-image-289\" src=\"http:\/\/www.on4cn.be\/blog_ot4n\/wp-content\/uploads\/2016\/02\/roquamadour01-150x150.jpg\" alt=\"Rocamadour 1\" width=\"120\" height=\"120\" srcset=\"https:\/\/www.on4cn.be\/blog_ot4n\/wp-content\/uploads\/2016\/02\/roquamadour01-150x150.jpg 150w, https:\/\/www.on4cn.be\/blog_ot4n\/wp-content\/uploads\/2016\/02\/roquamadour01-100x100.jpg 100w, https:\/\/www.on4cn.be\/blog_ot4n\/wp-content\/uploads\/2016\/02\/roquamadour01-250x250.jpg 250w\" sizes=\"(max-width: 120px) 100vw, 120px\" \/><\/a><\/td>\n<td><a href=\"http:\/\/www.on4cn.be\/blog_ot4n\/wp-content\/uploads\/2016\/02\/roquamadour02.jpg\" target=\"_blank\"><img loading=\"lazy\" decoding=\"async\" class=\"aligncenter size-thumbnail wp-image-290\" src=\"http:\/\/www.on4cn.be\/blog_ot4n\/wp-content\/uploads\/2016\/02\/roquamadour02-150x150.jpg\" alt=\"Rocamadour 2\" width=\"120\" height=\"120\" srcset=\"https:\/\/www.on4cn.be\/blog_ot4n\/wp-content\/uploads\/2016\/02\/roquamadour02-150x150.jpg 150w, https:\/\/www.on4cn.be\/blog_ot4n\/wp-content\/uploads\/2016\/02\/roquamadour02-100x100.jpg 100w, https:\/\/www.on4cn.be\/blog_ot4n\/wp-content\/uploads\/2016\/02\/roquamadour02-250x250.jpg 250w\" sizes=\"(max-width: 120px) 100vw, 120px\" \/><\/a><\/td>\n<\/tr>\n<tr>\n<td colspan=\"3\"><center><strong>Cliquez sur une vignette pour agrandir la photo<\/strong><\/center><\/td>\n<\/tr>\n<\/tbody>\n<\/table>\n<p>Premier choc, la cit\u00e9, qui est en fait un minuscule village \u00e0 la r\u00e9putation mondiale, vue depuis l\u2019Hospitale ! B\u00e2tie en paliers successifs \u00e0 flanc de falaise, elle s\u2019accroche sur 120 m\u00e8tres au-dessus d\u2019un canyon o\u00f9 coule l\u2019Alzou. Ses maisons, ses toits et ses \u00e9glises semblent faire partie du rocher.<\/p>\n<table width=\"100%\">\n<tbody>\n<tr>\n<td colspan=\"4\">Rocamadour<\/td>\n<\/tr>\n<tr>\n<td><a href=\"http:\/\/www.on4cn.be\/blog_ot4n\/wp-content\/uploads\/2016\/02\/roquamadour03.jpg\" target=\"_blank\"><img loading=\"lazy\" decoding=\"async\" class=\"aligncenter size-thumbnail wp-image-294\" src=\"http:\/\/www.on4cn.be\/blog_ot4n\/wp-content\/uploads\/2016\/02\/roquamadour03-150x150.jpg\" alt=\"Rocamadour 3\" width=\"120\" height=\"120\" srcset=\"https:\/\/www.on4cn.be\/blog_ot4n\/wp-content\/uploads\/2016\/02\/roquamadour03-150x150.jpg 150w, https:\/\/www.on4cn.be\/blog_ot4n\/wp-content\/uploads\/2016\/02\/roquamadour03-100x100.jpg 100w, https:\/\/www.on4cn.be\/blog_ot4n\/wp-content\/uploads\/2016\/02\/roquamadour03-250x250.jpg 250w\" sizes=\"(max-width: 120px) 100vw, 120px\" \/><\/a><\/td>\n<td><a href=\"http:\/\/www.on4cn.be\/blog_ot4n\/wp-content\/uploads\/2016\/02\/roquamadour04.jpg\" target=\"_blank\"><img loading=\"lazy\" decoding=\"async\" class=\"aligncenter size-thumbnail wp-image-295\" src=\"http:\/\/www.on4cn.be\/blog_ot4n\/wp-content\/uploads\/2016\/02\/roquamadour04-150x150.jpg\" alt=\"Rocamadour 4\" width=\"120\" height=\"120\" srcset=\"https:\/\/www.on4cn.be\/blog_ot4n\/wp-content\/uploads\/2016\/02\/roquamadour04-150x150.jpg 150w, https:\/\/www.on4cn.be\/blog_ot4n\/wp-content\/uploads\/2016\/02\/roquamadour04-100x100.jpg 100w, https:\/\/www.on4cn.be\/blog_ot4n\/wp-content\/uploads\/2016\/02\/roquamadour04-250x250.jpg 250w\" sizes=\"(max-width: 120px) 100vw, 120px\" \/><\/a><\/td>\n<td><a href=\"http:\/\/www.on4cn.be\/blog_ot4n\/wp-content\/uploads\/2016\/02\/roquamadour05.jpg\" target=\"_blank\"><img loading=\"lazy\" decoding=\"async\" class=\"aligncenter size-thumbnail wp-image-296\" src=\"http:\/\/www.on4cn.be\/blog_ot4n\/wp-content\/uploads\/2016\/02\/roquamadour05-150x150.jpg\" alt=\"Rocamadour 5\" width=\"120\" height=\"120\" srcset=\"https:\/\/www.on4cn.be\/blog_ot4n\/wp-content\/uploads\/2016\/02\/roquamadour05-150x150.jpg 150w, https:\/\/www.on4cn.be\/blog_ot4n\/wp-content\/uploads\/2016\/02\/roquamadour05-100x100.jpg 100w, https:\/\/www.on4cn.be\/blog_ot4n\/wp-content\/uploads\/2016\/02\/roquamadour05-250x250.jpg 250w\" sizes=\"(max-width: 120px) 100vw, 120px\" \/><\/a><\/td>\n<td><a href=\"http:\/\/www.on4cn.be\/blog_ot4n\/wp-content\/uploads\/2016\/02\/roquamadour06.jpg\" target=\"_blank\"><img loading=\"lazy\" decoding=\"async\" class=\"aligncenter size-thumbnail wp-image-297\" src=\"http:\/\/www.on4cn.be\/blog_ot4n\/wp-content\/uploads\/2016\/02\/roquamadour06-150x150.jpg\" alt=\"Rocamadour 6\" width=\"120\" height=\"120\" srcset=\"https:\/\/www.on4cn.be\/blog_ot4n\/wp-content\/uploads\/2016\/02\/roquamadour06-150x150.jpg 150w, https:\/\/www.on4cn.be\/blog_ot4n\/wp-content\/uploads\/2016\/02\/roquamadour06-100x100.jpg 100w, https:\/\/www.on4cn.be\/blog_ot4n\/wp-content\/uploads\/2016\/02\/roquamadour06-250x250.jpg 250w\" sizes=\"(max-width: 120px) 100vw, 120px\" \/><\/a><\/td>\n<\/tr>\n<tr>\n<td colspan=\"4\"><center><strong>Cliquez sur une vignette pour agrandir la photo<\/strong><\/center><\/td>\n<\/tr>\n<\/tbody>\n<\/table>\n<table width=\"100%\">\n<tbody>\n<tr>\n<td colspan=\"3\">Rocamadour<\/td>\n<\/tr>\n<tr>\n<td><a href=\"http:\/\/www.on4cn.be\/blog_ot4n\/wp-content\/uploads\/2016\/02\/roquamadour07.jpg\" target=\"_blank\"><img loading=\"lazy\" decoding=\"async\" class=\"aligncenter size-thumbnail wp-image-300\" src=\"http:\/\/www.on4cn.be\/blog_ot4n\/wp-content\/uploads\/2016\/02\/roquamadour07-150x150.jpg\" alt=\"Rocamadour 7\" width=\"120\" height=\"120\" srcset=\"https:\/\/www.on4cn.be\/blog_ot4n\/wp-content\/uploads\/2016\/02\/roquamadour07-150x150.jpg 150w, https:\/\/www.on4cn.be\/blog_ot4n\/wp-content\/uploads\/2016\/02\/roquamadour07-100x100.jpg 100w, https:\/\/www.on4cn.be\/blog_ot4n\/wp-content\/uploads\/2016\/02\/roquamadour07-250x250.jpg 250w\" sizes=\"(max-width: 120px) 100vw, 120px\" \/><\/a><\/td>\n<td><a href=\"http:\/\/www.on4cn.be\/blog_ot4n\/wp-content\/uploads\/2016\/02\/roquamadour08.jpg\" target=\"_blank\"><img loading=\"lazy\" decoding=\"async\" class=\"aligncenter size-thumbnail wp-image-301\" src=\"http:\/\/www.on4cn.be\/blog_ot4n\/wp-content\/uploads\/2016\/02\/roquamadour08-150x150.jpg\" alt=\"Rocamadour 8\" width=\"120\" height=\"120\" srcset=\"https:\/\/www.on4cn.be\/blog_ot4n\/wp-content\/uploads\/2016\/02\/roquamadour08-150x150.jpg 150w, https:\/\/www.on4cn.be\/blog_ot4n\/wp-content\/uploads\/2016\/02\/roquamadour08-100x100.jpg 100w, https:\/\/www.on4cn.be\/blog_ot4n\/wp-content\/uploads\/2016\/02\/roquamadour08-250x250.jpg 250w\" sizes=\"(max-width: 120px) 100vw, 120px\" \/><\/a><\/td>\n<td><a href=\"http:\/\/www.on4cn.be\/blog_ot4n\/wp-content\/uploads\/2016\/02\/roquamadour14.jpg\" target=\"_blank\"><img loading=\"lazy\" decoding=\"async\" class=\"aligncenter size-thumbnail wp-image-303\" src=\"http:\/\/www.on4cn.be\/blog_ot4n\/wp-content\/uploads\/2016\/02\/roquamadour14-150x150.jpg\" alt=\"Rocamadour 14\" width=\"120\" height=\"120\" srcset=\"https:\/\/www.on4cn.be\/blog_ot4n\/wp-content\/uploads\/2016\/02\/roquamadour14-150x150.jpg 150w, https:\/\/www.on4cn.be\/blog_ot4n\/wp-content\/uploads\/2016\/02\/roquamadour14-100x100.jpg 100w, https:\/\/www.on4cn.be\/blog_ot4n\/wp-content\/uploads\/2016\/02\/roquamadour14-250x250.jpg 250w\" sizes=\"(max-width: 120px) 100vw, 120px\" \/><\/a><\/td>\n<\/tr>\n<tr>\n<td colspan=\"3\"><center><strong>Cliquez sur une vignette pour agrandir la photo<\/strong><\/center><\/td>\n<\/tr>\n<\/tbody>\n<\/table>\n<p>Quel g\u00e9nie a donc imagin\u00e9 et construit Rocamadour ? Votre visite vous le r\u00e9v\u00e8lera peut-\u00eatre. D\u00e9j\u00e0, au Moyen Age, Rocamadour suscitait l\u2019admiration. Au XII\u00e8me si\u00e8cle, les p\u00e8lerins parcouraient l\u2019Europe enti\u00e8re pour venir prier ici. Le village d\u00e9tenait les reliques de Saint-Amadour (fameux ermite qui a trouv\u00e9 la solitude \u00e0 Rocamadour). Il \u00e9tait \u00e9galement le sanctuaire v\u00e9n\u00e9r\u00e9 de la Vierge Noire.<\/p>\n<table width=\"100%\">\n<tbody>\n<tr>\n<td colspan=\"4\">Sur la route vert Rocamadour<\/td>\n<\/tr>\n<tr>\n<td><a href=\"http:\/\/www.on4cn.be\/blog_ot4n\/wp-content\/uploads\/2016\/02\/roquamadour09.jpg\" target=\"_blank\"><img loading=\"lazy\" decoding=\"async\" class=\"aligncenter size-thumbnail wp-image-309\" src=\"http:\/\/www.on4cn.be\/blog_ot4n\/wp-content\/uploads\/2016\/02\/roquamadour09-150x150.jpg\" alt=\"Rocamadour 9\" width=\"120\" height=\"120\" srcset=\"https:\/\/www.on4cn.be\/blog_ot4n\/wp-content\/uploads\/2016\/02\/roquamadour09-150x150.jpg 150w, https:\/\/www.on4cn.be\/blog_ot4n\/wp-content\/uploads\/2016\/02\/roquamadour09-100x100.jpg 100w, https:\/\/www.on4cn.be\/blog_ot4n\/wp-content\/uploads\/2016\/02\/roquamadour09-250x250.jpg 250w\" sizes=\"(max-width: 120px) 100vw, 120px\" \/><\/a><\/td>\n<td><a href=\"http:\/\/www.on4cn.be\/blog_ot4n\/wp-content\/uploads\/2016\/02\/roquamadour10.jpg\" target=\"_blank\"><img loading=\"lazy\" decoding=\"async\" class=\"aligncenter size-thumbnail wp-image-310\" src=\"http:\/\/www.on4cn.be\/blog_ot4n\/wp-content\/uploads\/2016\/02\/roquamadour10-150x150.jpg\" alt=\"Rocamadour 10\" width=\"120\" height=\"120\" srcset=\"https:\/\/www.on4cn.be\/blog_ot4n\/wp-content\/uploads\/2016\/02\/roquamadour10-150x150.jpg 150w, https:\/\/www.on4cn.be\/blog_ot4n\/wp-content\/uploads\/2016\/02\/roquamadour10-100x100.jpg 100w, https:\/\/www.on4cn.be\/blog_ot4n\/wp-content\/uploads\/2016\/02\/roquamadour10-250x250.jpg 250w\" sizes=\"(max-width: 120px) 100vw, 120px\" \/><\/a><\/td>\n<td><a href=\"http:\/\/www.on4cn.be\/blog_ot4n\/wp-content\/uploads\/2016\/02\/roquamadour11.jpg\" target=\"_blank\"><img loading=\"lazy\" decoding=\"async\" class=\"aligncenter size-thumbnail wp-image-311\" src=\"http:\/\/www.on4cn.be\/blog_ot4n\/wp-content\/uploads\/2016\/02\/roquamadour11-150x150.jpg\" alt=\"Rocamadour 11\" width=\"120\" height=\"120\" srcset=\"https:\/\/www.on4cn.be\/blog_ot4n\/wp-content\/uploads\/2016\/02\/roquamadour11-150x150.jpg 150w, https:\/\/www.on4cn.be\/blog_ot4n\/wp-content\/uploads\/2016\/02\/roquamadour11-100x100.jpg 100w, https:\/\/www.on4cn.be\/blog_ot4n\/wp-content\/uploads\/2016\/02\/roquamadour11-250x250.jpg 250w\" sizes=\"(max-width: 120px) 100vw, 120px\" \/><\/a><\/td>\n<td><a href=\"http:\/\/www.on4cn.be\/blog_ot4n\/wp-content\/uploads\/2016\/02\/roquamadour12.jpg\" target=\"_blank\"><img loading=\"lazy\" decoding=\"async\" class=\"aligncenter size-thumbnail wp-image-312\" src=\"http:\/\/www.on4cn.be\/blog_ot4n\/wp-content\/uploads\/2016\/02\/roquamadour12-150x150.jpg\" alt=\"Rocamadour 12\" width=\"120\" height=\"120\" srcset=\"https:\/\/www.on4cn.be\/blog_ot4n\/wp-content\/uploads\/2016\/02\/roquamadour12-150x150.jpg 150w, https:\/\/www.on4cn.be\/blog_ot4n\/wp-content\/uploads\/2016\/02\/roquamadour12-100x100.jpg 100w, https:\/\/www.on4cn.be\/blog_ot4n\/wp-content\/uploads\/2016\/02\/roquamadour12-250x250.jpg 250w\" sizes=\"(max-width: 120px) 100vw, 120px\" \/><\/a><\/td>\n<\/tr>\n<tr>\n<td colspan=\"4\"><center><strong>Cliquez sur une vignette pour agrandir la photo<\/strong><\/center><\/td>\n<\/tr>\n<\/tbody>\n<\/table>\n<table width=\"100%\">\n<tbody>\n<tr>\n<td colspan=\"3\">Rocamadour<\/td>\n<\/tr>\n<tr>\n<td><a href=\"http:\/\/www.on4cn.be\/blog_ot4n\/wp-content\/uploads\/2016\/02\/roquamadour13.jpg\" target=\"_blank\"><img loading=\"lazy\" decoding=\"async\" class=\"aligncenter size-thumbnail wp-image-316\" src=\"http:\/\/www.on4cn.be\/blog_ot4n\/wp-content\/uploads\/2016\/02\/roquamadour13-150x150.jpg\" alt=\"Rocamadour 13\" width=\"120\" height=\"120\" srcset=\"https:\/\/www.on4cn.be\/blog_ot4n\/wp-content\/uploads\/2016\/02\/roquamadour13-150x150.jpg 150w, https:\/\/www.on4cn.be\/blog_ot4n\/wp-content\/uploads\/2016\/02\/roquamadour13-100x100.jpg 100w, https:\/\/www.on4cn.be\/blog_ot4n\/wp-content\/uploads\/2016\/02\/roquamadour13-250x250.jpg 250w\" sizes=\"(max-width: 120px) 100vw, 120px\" \/><\/a><\/td>\n<td><a href=\"http:\/\/www.on4cn.be\/blog_ot4n\/wp-content\/uploads\/2016\/02\/roquamadour15.jpg\" target=\"_blank\"><img loading=\"lazy\" decoding=\"async\" class=\"aligncenter size-thumbnail wp-image-317\" src=\"http:\/\/www.on4cn.be\/blog_ot4n\/wp-content\/uploads\/2016\/02\/roquamadour15-150x150.jpg\" alt=\"Rocamadour 15\" width=\"120\" height=\"120\" srcset=\"https:\/\/www.on4cn.be\/blog_ot4n\/wp-content\/uploads\/2016\/02\/roquamadour15-150x150.jpg 150w, https:\/\/www.on4cn.be\/blog_ot4n\/wp-content\/uploads\/2016\/02\/roquamadour15-100x100.jpg 100w, https:\/\/www.on4cn.be\/blog_ot4n\/wp-content\/uploads\/2016\/02\/roquamadour15-250x250.jpg 250w\" sizes=\"(max-width: 120px) 100vw, 120px\" \/><\/a><\/td>\n<td><a href=\"http:\/\/www.on4cn.be\/blog_ot4n\/wp-content\/uploads\/2016\/02\/roquamadour16.jpg\" target=\"_blank\"><img loading=\"lazy\" decoding=\"async\" class=\"aligncenter size-thumbnail wp-image-318\" src=\"http:\/\/www.on4cn.be\/blog_ot4n\/wp-content\/uploads\/2016\/02\/roquamadour16-150x150.jpg\" alt=\"Rocamadour 16\" width=\"120\" height=\"120\" srcset=\"https:\/\/www.on4cn.be\/blog_ot4n\/wp-content\/uploads\/2016\/02\/roquamadour16-150x150.jpg 150w, https:\/\/www.on4cn.be\/blog_ot4n\/wp-content\/uploads\/2016\/02\/roquamadour16-100x100.jpg 100w, https:\/\/www.on4cn.be\/blog_ot4n\/wp-content\/uploads\/2016\/02\/roquamadour16-250x250.jpg 250w\" sizes=\"(max-width: 120px) 100vw, 120px\" \/><\/a><\/td>\n<\/tr>\n<tr>\n<td colspan=\"3\"><center><strong>Cliquez sur une vignette pour agrandir la photo<\/strong><\/center><\/td>\n<\/tr>\n<\/tbody>\n<\/table>\n<table width=\"100%\">\n<tbody>\n<tr>\n<td colspan=\"4\">Rocamadour<\/td>\n<\/tr>\n<tr>\n<td><a href=\"http:\/\/www.on4cn.be\/blog_ot4n\/wp-content\/uploads\/2016\/02\/roquamadour17.jpg\" target=\"_blank\"><img loading=\"lazy\" decoding=\"async\" class=\"aligncenter size-thumbnail wp-image-321\" src=\"http:\/\/www.on4cn.be\/blog_ot4n\/wp-content\/uploads\/2016\/02\/roquamadour17-150x150.jpg\" alt=\"Rocamadour 17\" width=\"120\" height=\"120\" srcset=\"https:\/\/www.on4cn.be\/blog_ot4n\/wp-content\/uploads\/2016\/02\/roquamadour17-150x150.jpg 150w, https:\/\/www.on4cn.be\/blog_ot4n\/wp-content\/uploads\/2016\/02\/roquamadour17-100x100.jpg 100w, https:\/\/www.on4cn.be\/blog_ot4n\/wp-content\/uploads\/2016\/02\/roquamadour17-250x250.jpg 250w\" sizes=\"(max-width: 120px) 100vw, 120px\" \/><\/a><\/td>\n<td><a href=\"http:\/\/www.on4cn.be\/blog_ot4n\/wp-content\/uploads\/2016\/02\/roquamadour18.jpg\" target=\"_blank\"><img loading=\"lazy\" decoding=\"async\" class=\"aligncenter size-thumbnail wp-image-322\" src=\"http:\/\/www.on4cn.be\/blog_ot4n\/wp-content\/uploads\/2016\/02\/roquamadour18-150x150.jpg\" alt=\"Rocamadour 18\" width=\"120\" height=\"120\" srcset=\"https:\/\/www.on4cn.be\/blog_ot4n\/wp-content\/uploads\/2016\/02\/roquamadour18-150x150.jpg 150w, https:\/\/www.on4cn.be\/blog_ot4n\/wp-content\/uploads\/2016\/02\/roquamadour18-100x100.jpg 100w, https:\/\/www.on4cn.be\/blog_ot4n\/wp-content\/uploads\/2016\/02\/roquamadour18-250x250.jpg 250w\" sizes=\"(max-width: 120px) 100vw, 120px\" \/><\/a><\/td>\n<td><a href=\"http:\/\/www.on4cn.be\/blog_ot4n\/wp-content\/uploads\/2016\/02\/roquamadour19.jpg\" target=\"_blank\"><img loading=\"lazy\" decoding=\"async\" class=\"aligncenter size-thumbnail wp-image-323\" src=\"http:\/\/www.on4cn.be\/blog_ot4n\/wp-content\/uploads\/2016\/02\/roquamadour19-150x150.jpg\" alt=\"Rocamadour 19\" width=\"120\" height=\"120\" srcset=\"https:\/\/www.on4cn.be\/blog_ot4n\/wp-content\/uploads\/2016\/02\/roquamadour19-150x150.jpg 150w, https:\/\/www.on4cn.be\/blog_ot4n\/wp-content\/uploads\/2016\/02\/roquamadour19-100x100.jpg 100w, https:\/\/www.on4cn.be\/blog_ot4n\/wp-content\/uploads\/2016\/02\/roquamadour19-250x250.jpg 250w\" sizes=\"(max-width: 120px) 100vw, 120px\" \/><\/a><\/td>\n<td><a href=\"http:\/\/www.on4cn.be\/blog_ot4n\/wp-content\/uploads\/2016\/02\/roquamadour20.jpg\" target=\"_blank\"><img loading=\"lazy\" decoding=\"async\" class=\"aligncenter size-thumbnail wp-image-324\" src=\"http:\/\/www.on4cn.be\/blog_ot4n\/wp-content\/uploads\/2016\/02\/roquamadour20-150x150.jpg\" alt=\"Rocamadour 20\" width=\"120\" height=\"120\" srcset=\"https:\/\/www.on4cn.be\/blog_ot4n\/wp-content\/uploads\/2016\/02\/roquamadour20-150x150.jpg 150w, https:\/\/www.on4cn.be\/blog_ot4n\/wp-content\/uploads\/2016\/02\/roquamadour20-100x100.jpg 100w, https:\/\/www.on4cn.be\/blog_ot4n\/wp-content\/uploads\/2016\/02\/roquamadour20-250x250.jpg 250w\" sizes=\"(max-width: 120px) 100vw, 120px\" \/><\/a><\/td>\n<\/tr>\n<tr>\n<td colspan=\"4\"><center><strong>Cliquez sur une vignette pour agrandir la photo<\/strong><\/center><\/td>\n<\/tr>\n<\/tbody>\n<\/table>\n<table width=\"100%\">\n<tbody>\n<tr>\n<td colspan=\"3\">Rocamadour<\/td>\n<\/tr>\n<tr>\n<td><a href=\"http:\/\/www.on4cn.be\/blog_ot4n\/wp-content\/uploads\/2016\/02\/roquamadour21.jpg\" target=\"_blank\"><img loading=\"lazy\" decoding=\"async\" class=\"aligncenter size-thumbnail wp-image-328\" src=\"http:\/\/www.on4cn.be\/blog_ot4n\/wp-content\/uploads\/2016\/02\/roquamadour21-150x150.jpg\" alt=\"Rocamadour 21\" width=\"120\" height=\"120\" srcset=\"https:\/\/www.on4cn.be\/blog_ot4n\/wp-content\/uploads\/2016\/02\/roquamadour21-150x150.jpg 150w, https:\/\/www.on4cn.be\/blog_ot4n\/wp-content\/uploads\/2016\/02\/roquamadour21-100x100.jpg 100w, https:\/\/www.on4cn.be\/blog_ot4n\/wp-content\/uploads\/2016\/02\/roquamadour21-250x250.jpg 250w\" sizes=\"(max-width: 120px) 100vw, 120px\" \/><\/a><\/td>\n<td><a href=\"http:\/\/www.on4cn.be\/blog_ot4n\/wp-content\/uploads\/2016\/02\/roquamadour22.jpg\" target=\"_blank\"><img loading=\"lazy\" decoding=\"async\" class=\"aligncenter size-thumbnail wp-image-329\" src=\"http:\/\/www.on4cn.be\/blog_ot4n\/wp-content\/uploads\/2016\/02\/roquamadour22-150x150.jpg\" alt=\"Rocamadour 22\" width=\"120\" height=\"120\" srcset=\"https:\/\/www.on4cn.be\/blog_ot4n\/wp-content\/uploads\/2016\/02\/roquamadour22-150x150.jpg 150w, https:\/\/www.on4cn.be\/blog_ot4n\/wp-content\/uploads\/2016\/02\/roquamadour22-100x100.jpg 100w, https:\/\/www.on4cn.be\/blog_ot4n\/wp-content\/uploads\/2016\/02\/roquamadour22-250x250.jpg 250w\" sizes=\"(max-width: 120px) 100vw, 120px\" \/><\/a><\/td>\n<td><a href=\"http:\/\/www.on4cn.be\/blog_ot4n\/wp-content\/uploads\/2016\/02\/roquamadour23.jpg\" target=\"_blank\"><img loading=\"lazy\" decoding=\"async\" class=\"aligncenter size-thumbnail wp-image-330\" src=\"http:\/\/www.on4cn.be\/blog_ot4n\/wp-content\/uploads\/2016\/02\/roquamadour23-150x150.jpg\" alt=\"Rocamadour 23\" width=\"120\" height=\"120\" srcset=\"https:\/\/www.on4cn.be\/blog_ot4n\/wp-content\/uploads\/2016\/02\/roquamadour23-150x150.jpg 150w, https:\/\/www.on4cn.be\/blog_ot4n\/wp-content\/uploads\/2016\/02\/roquamadour23-100x100.jpg 100w, https:\/\/www.on4cn.be\/blog_ot4n\/wp-content\/uploads\/2016\/02\/roquamadour23-250x250.jpg 250w\" sizes=\"(max-width: 120px) 100vw, 120px\" \/><\/a><\/td>\n<\/tr>\n<tr>\n<td colspan=\"3\"><center><strong>Cliquez sur une vignette pour agrandir la photo<\/strong><\/center><\/td>\n<\/tr>\n<\/tbody>\n<\/table>\n","protected":false},"excerpt":{"rendered":"<p>Rocamadour Cliquez sur une vignette pour agrandir la photo Premier choc, la cit\u00e9, qui est en fait un minuscule village \u00e0 la r\u00e9putation mondiale, vue depuis l\u2019Hospitale ! B\u00e2tie en paliers successifs \u00e0 flanc de falaise, elle s\u2019accroche sur 120 m\u00e8tres au-dessus d\u2019un canyon o\u00f9 coule l\u2019Alzou. Ses maisons, ses toits et ses \u00e9glises semblent faire partie du rocher. Rocamadour Cliquez sur une vignette pour agrandir la photo Rocamadour Cliquez sur une vignette pour agrandir la photo Quel g\u00e9nie a&#8230;<\/p>\n<p class=\"read-more\"><a class=\"btn btn-default\" href=\"https:\/\/www.on4cn.be\/blog_ot4n\/rocamadour\/\">Lire la suite<span class=\"screen-reader-text\"> Lire la suite<\/span><\/a><\/p>\n","protected":false},"author":1,"featured_media":0,"parent":0,"menu_order":0,"comment_status":"closed","ping_status":"closed","template":"","meta":{"footnotes":""},"_links":{"self":[{"href":"https:\/\/www.on4cn.be\/blog_ot4n\/wp-json\/wp\/v2\/pages\/282"}],"collection":[{"href":"https:\/\/www.on4cn.be\/blog_ot4n\/wp-json\/wp\/v2\/pages"}],"about":[{"href":"https:\/\/www.on4cn.be\/blog_ot4n\/wp-json\/wp\/v2\/types\/page"}],"author":[{"embeddable":true,"href":"https:\/\/www.on4cn.be\/blog_ot4n\/wp-json\/wp\/v2\/users\/1"}],"replies":[{"embeddable":true,"href":"https:\/\/www.on4cn.be\/blog_ot4n\/wp-json\/wp\/v2\/comments?post=282"}],"version-history":[{"count":22,"href":"https:\/\/www.on4cn.be\/blog_ot4n\/wp-json\/wp\/v2\/pages\/282\/revisions"}],"predecessor-version":[{"id":331,"href":"https:\/\/www.on4cn.be\/blog_ot4n\/wp-json\/wp\/v2\/pages\/282\/revisions\/331"}],"wp:attachment":[{"href":"https:\/\/www.on4cn.be\/blog_ot4n\/wp-json\/wp\/v2\/media?parent=282"}],"curies":[{"name":"wp","href":"https:\/\/api.w.org\/{rel}","templated":true}]}}