{"id":234,"date":"2016-02-24T10:15:37","date_gmt":"2016-02-24T09:15:37","guid":{"rendered":"http:\/\/www.on4cn.be\/blog_ot4n\/?page_id=234"},"modified":"2016-02-24T14:12:32","modified_gmt":"2016-02-24T13:12:32","slug":"la-roque-gageac","status":"publish","type":"page","link":"https:\/\/www.on4cn.be\/blog_ot4n\/la-roque-gageac\/","title":{"rendered":"La Roque Gageac"},"content":{"rendered":"<table width=\"100%\">\n<tbody>\n<tr>\n<td colspan=\"3\">La Roque Gageac<\/td>\n<\/tr>\n<tr>\n<td><a href=\"http:\/\/www.on4cn.be\/blog_ot4n\/wp-content\/uploads\/2016\/02\/vac97.jpg\" target=\"_blank\"><img loading=\"lazy\" decoding=\"async\" class=\"aligncenter size-thumbnail wp-image-245\" src=\"http:\/\/www.on4cn.be\/blog_ot4n\/wp-content\/uploads\/2016\/02\/vac97-150x150.jpg\" alt=\"La Roque Gageac\" width=\"120\" height=\"120\" srcset=\"https:\/\/www.on4cn.be\/blog_ot4n\/wp-content\/uploads\/2016\/02\/vac97-150x150.jpg 150w, https:\/\/www.on4cn.be\/blog_ot4n\/wp-content\/uploads\/2016\/02\/vac97-100x100.jpg 100w, https:\/\/www.on4cn.be\/blog_ot4n\/wp-content\/uploads\/2016\/02\/vac97-250x250.jpg 250w\" sizes=\"(max-width: 120px) 100vw, 120px\" \/><\/a><\/td>\n<td><a href=\"http:\/\/www.on4cn.be\/blog_ot4n\/wp-content\/uploads\/2016\/02\/vac98.jpg\" target=\"_blank\"><img loading=\"lazy\" decoding=\"async\" class=\"aligncenter size-thumbnail wp-image-248\" src=\"http:\/\/www.on4cn.be\/blog_ot4n\/wp-content\/uploads\/2016\/02\/vac98-150x150.jpg\" alt=\"La Roque Gageac 1\" width=\"120\" height=\"120\" srcset=\"https:\/\/www.on4cn.be\/blog_ot4n\/wp-content\/uploads\/2016\/02\/vac98-150x150.jpg 150w, https:\/\/www.on4cn.be\/blog_ot4n\/wp-content\/uploads\/2016\/02\/vac98-100x100.jpg 100w, https:\/\/www.on4cn.be\/blog_ot4n\/wp-content\/uploads\/2016\/02\/vac98-250x250.jpg 250w\" sizes=\"(max-width: 120px) 100vw, 120px\" \/><\/a><\/td>\n<td><a href=\"http:\/\/www.on4cn.be\/blog_ot4n\/wp-content\/uploads\/2016\/02\/vac96.jpg\" target=\"_blank\"><img loading=\"lazy\" decoding=\"async\" class=\"aligncenter size-thumbnail wp-image-249\" src=\"http:\/\/www.on4cn.be\/blog_ot4n\/wp-content\/uploads\/2016\/02\/vac96-150x150.jpg\" alt=\"La Roque Gageac 2\" width=\"120\" height=\"120\" srcset=\"https:\/\/www.on4cn.be\/blog_ot4n\/wp-content\/uploads\/2016\/02\/vac96-150x150.jpg 150w, https:\/\/www.on4cn.be\/blog_ot4n\/wp-content\/uploads\/2016\/02\/vac96-100x100.jpg 100w, https:\/\/www.on4cn.be\/blog_ot4n\/wp-content\/uploads\/2016\/02\/vac96-250x250.jpg 250w\" sizes=\"(max-width: 120px) 100vw, 120px\" \/><\/a><\/td>\n<\/tr>\n<tr>\n<td colspan=\"3\"><center><strong>Cliquez sur une vignette pour agrandir la photo<\/strong><\/center><\/td>\n<\/tr>\n<\/tbody>\n<\/table>\n<table width=\"100%\">\n<tbody>\n<tr>\n<td colspan=\"4\">La Roque Gageac<\/td>\n<\/tr>\n<tr>\n<td><a href=\"http:\/\/www.on4cn.be\/blog_ot4n\/wp-content\/uploads\/2016\/02\/DSCN0217.jpg\" target=\"_blank\"><img loading=\"lazy\" decoding=\"async\" class=\"aligncenter size-thumbnail wp-image-253\" src=\"http:\/\/www.on4cn.be\/blog_ot4n\/wp-content\/uploads\/2016\/02\/DSCN0217-150x150.jpg\" alt=\"La Dordogne\" width=\"120\" height=\"120\" srcset=\"https:\/\/www.on4cn.be\/blog_ot4n\/wp-content\/uploads\/2016\/02\/DSCN0217-150x150.jpg 150w, https:\/\/www.on4cn.be\/blog_ot4n\/wp-content\/uploads\/2016\/02\/DSCN0217-100x100.jpg 100w, https:\/\/www.on4cn.be\/blog_ot4n\/wp-content\/uploads\/2016\/02\/DSCN0217-250x250.jpg 250w\" sizes=\"(max-width: 120px) 100vw, 120px\" \/><\/a><\/td>\n<td><a href=\"http:\/\/www.on4cn.be\/blog_ot4n\/wp-content\/uploads\/2016\/02\/DSCN0218.jpg\" target=\"_blank\"><img loading=\"lazy\" decoding=\"async\" class=\"aligncenter size-thumbnail wp-image-256\" src=\"http:\/\/www.on4cn.be\/blog_ot4n\/wp-content\/uploads\/2016\/02\/DSCN0218-150x150.jpg\" alt=\"Dordogne\" width=\"120\" height=\"120\" srcset=\"https:\/\/www.on4cn.be\/blog_ot4n\/wp-content\/uploads\/2016\/02\/DSCN0218-150x150.jpg 150w, https:\/\/www.on4cn.be\/blog_ot4n\/wp-content\/uploads\/2016\/02\/DSCN0218-100x100.jpg 100w, https:\/\/www.on4cn.be\/blog_ot4n\/wp-content\/uploads\/2016\/02\/DSCN0218-250x250.jpg 250w\" sizes=\"(max-width: 120px) 100vw, 120px\" \/><\/a><\/td>\n<td><a href=\"http:\/\/www.on4cn.be\/blog_ot4n\/wp-content\/uploads\/2016\/02\/DSCN0220.jpg\" target=\"_blank\"><img loading=\"lazy\" decoding=\"async\" class=\"aligncenter size-thumbnail wp-image-257\" src=\"http:\/\/www.on4cn.be\/blog_ot4n\/wp-content\/uploads\/2016\/02\/DSCN0220-150x150.jpg\" alt=\"Dordogne 3\" width=\"120\" height=\"120\" srcset=\"https:\/\/www.on4cn.be\/blog_ot4n\/wp-content\/uploads\/2016\/02\/DSCN0220-150x150.jpg 150w, https:\/\/www.on4cn.be\/blog_ot4n\/wp-content\/uploads\/2016\/02\/DSCN0220-100x100.jpg 100w, https:\/\/www.on4cn.be\/blog_ot4n\/wp-content\/uploads\/2016\/02\/DSCN0220-250x250.jpg 250w\" sizes=\"(max-width: 120px) 100vw, 120px\" \/><\/a><\/td>\n<td><a href=\"http:\/\/www.on4cn.be\/blog_ot4n\/wp-content\/uploads\/2016\/02\/DSCN0221.jpg\" target=\"_blank\"><img loading=\"lazy\" decoding=\"async\" class=\"aligncenter size-thumbnail wp-image-258\" src=\"http:\/\/www.on4cn.be\/blog_ot4n\/wp-content\/uploads\/2016\/02\/DSCN0221-150x150.jpg\" alt=\"Dordogne 4\" width=\"120\" height=\"120\" srcset=\"https:\/\/www.on4cn.be\/blog_ot4n\/wp-content\/uploads\/2016\/02\/DSCN0221-150x150.jpg 150w, https:\/\/www.on4cn.be\/blog_ot4n\/wp-content\/uploads\/2016\/02\/DSCN0221-100x100.jpg 100w, https:\/\/www.on4cn.be\/blog_ot4n\/wp-content\/uploads\/2016\/02\/DSCN0221-250x250.jpg 250w\" sizes=\"(max-width: 120px) 100vw, 120px\" \/><\/a><\/td>\n<\/tr>\n<tr>\n<td colspan=\"4\"><center><strong>Cliquez sur une vignette pour agrandir la photo<\/strong><\/center><\/td>\n<\/tr>\n<\/tbody>\n<\/table>\n<table width=\"100%\">\n<tbody>\n<tr>\n<td colspan=\"3\">La Roque Gageac<\/td>\n<\/tr>\n<tr>\n<td><a href=\"http:\/\/www.on4cn.be\/blog_ot4n\/wp-content\/uploads\/2016\/02\/Roquegageac12.jpg\" target=\"_blank\"><img loading=\"lazy\" decoding=\"async\" class=\"aligncenter size-thumbnail wp-image-263\" src=\"http:\/\/www.on4cn.be\/blog_ot4n\/wp-content\/uploads\/2016\/02\/Roquegageac12-150x150.jpg\" alt=\"Roquegageac12\" width=\"120\" height=\"120\" srcset=\"https:\/\/www.on4cn.be\/blog_ot4n\/wp-content\/uploads\/2016\/02\/Roquegageac12-150x150.jpg 150w, https:\/\/www.on4cn.be\/blog_ot4n\/wp-content\/uploads\/2016\/02\/Roquegageac12-100x100.jpg 100w, https:\/\/www.on4cn.be\/blog_ot4n\/wp-content\/uploads\/2016\/02\/Roquegageac12-250x250.jpg 250w\" sizes=\"(max-width: 120px) 100vw, 120px\" \/><\/a><\/td>\n<td><a href=\"http:\/\/www.on4cn.be\/blog_ot4n\/wp-content\/uploads\/2016\/02\/Roquegageac11.jpg\" target=\"_blank\"><img loading=\"lazy\" decoding=\"async\" class=\"aligncenter size-thumbnail wp-image-264\" src=\"http:\/\/www.on4cn.be\/blog_ot4n\/wp-content\/uploads\/2016\/02\/Roquegageac11-150x150.jpg\" alt=\"Roquegageac11\" width=\"120\" height=\"120\" srcset=\"https:\/\/www.on4cn.be\/blog_ot4n\/wp-content\/uploads\/2016\/02\/Roquegageac11-150x150.jpg 150w, https:\/\/www.on4cn.be\/blog_ot4n\/wp-content\/uploads\/2016\/02\/Roquegageac11-100x100.jpg 100w, https:\/\/www.on4cn.be\/blog_ot4n\/wp-content\/uploads\/2016\/02\/Roquegageac11-250x250.jpg 250w\" sizes=\"(max-width: 120px) 100vw, 120px\" \/><\/a><\/td>\n<td><a href=\"http:\/\/www.on4cn.be\/blog_ot4n\/wp-content\/uploads\/2016\/02\/Roquegageac10.jpg\" target=\"_blank\"><img loading=\"lazy\" decoding=\"async\" class=\"aligncenter size-thumbnail wp-image-265\" src=\"http:\/\/www.on4cn.be\/blog_ot4n\/wp-content\/uploads\/2016\/02\/Roquegageac10-150x150.jpg\" alt=\"Roquegageac10\" width=\"120\" height=\"120\" srcset=\"https:\/\/www.on4cn.be\/blog_ot4n\/wp-content\/uploads\/2016\/02\/Roquegageac10-150x150.jpg 150w, https:\/\/www.on4cn.be\/blog_ot4n\/wp-content\/uploads\/2016\/02\/Roquegageac10-100x100.jpg 100w, https:\/\/www.on4cn.be\/blog_ot4n\/wp-content\/uploads\/2016\/02\/Roquegageac10-250x250.jpg 250w\" sizes=\"(max-width: 120px) 100vw, 120px\" \/><\/a><\/td>\n<\/tr>\n<tr>\n<td colspan=\"3\"><center><strong>Cliquez sur une vignette pour agrandir la photo<\/strong><\/center><\/td>\n<\/tr>\n<\/tbody>\n<\/table>\n<p>Le village de la Roque-Gageac, class\u00e9 parmi les Plus Beaux Villages de France, est nich\u00e9 entre sa falaise et la Dordogne. Il b\u00e9n\u00e9ficie d&rsquo;un microclimat, presque m\u00e9diterran\u00e9en, gr\u00e2ce \u00e0 son exposition plein sud. La Roque-Gageac aligne les fa\u00e7ades blanches et ocres de ses maisons. De nombreuses petites ruelles m\u00e8nent au pied de la falaise, depuis laquelle on peut profiter d\u2019une vue magnifique sur la rivi\u00e8re. A c\u00f4t\u00e9 de l&rsquo;\u00e9glise \u00e0 mi falaise et gr\u00e2ce \u00e0 ce solarium naturel, s&rsquo;\u00e9panouit un \u00e9tonnant jardin exotique compos\u00e9 de palmiers, bananiers, agaves, figuiers, cactus, bambous.<\/p>\n<table width=\"100%\">\n<tbody>\n<tr>\n<td colspan=\"4\">La Roque Gageac<\/td>\n<\/tr>\n<tr>\n<td><a href=\"http:\/\/www.on4cn.be\/blog_ot4n\/wp-content\/uploads\/2016\/02\/Roquegageac09.jpg\" target=\"_blank\"><img loading=\"lazy\" decoding=\"async\" class=\"aligncenter size-thumbnail wp-image-269\" src=\"http:\/\/www.on4cn.be\/blog_ot4n\/wp-content\/uploads\/2016\/02\/Roquegageac09-150x150.jpg\" alt=\"Roquegageac09\" width=\"120\" height=\"120\" srcset=\"https:\/\/www.on4cn.be\/blog_ot4n\/wp-content\/uploads\/2016\/02\/Roquegageac09-150x150.jpg 150w, https:\/\/www.on4cn.be\/blog_ot4n\/wp-content\/uploads\/2016\/02\/Roquegageac09-100x100.jpg 100w, https:\/\/www.on4cn.be\/blog_ot4n\/wp-content\/uploads\/2016\/02\/Roquegageac09-250x250.jpg 250w\" sizes=\"(max-width: 120px) 100vw, 120px\" \/><\/a><\/td>\n<td><a href=\"http:\/\/www.on4cn.be\/blog_ot4n\/wp-content\/uploads\/2016\/02\/Roquegageac08.jpg\" target=\"_blank\"><img loading=\"lazy\" decoding=\"async\" class=\"aligncenter size-thumbnail wp-image-270\" src=\"http:\/\/www.on4cn.be\/blog_ot4n\/wp-content\/uploads\/2016\/02\/Roquegageac08-150x150.jpg\" alt=\"Roquegageac08\" width=\"120\" height=\"120\" srcset=\"https:\/\/www.on4cn.be\/blog_ot4n\/wp-content\/uploads\/2016\/02\/Roquegageac08-150x150.jpg 150w, https:\/\/www.on4cn.be\/blog_ot4n\/wp-content\/uploads\/2016\/02\/Roquegageac08-100x100.jpg 100w, https:\/\/www.on4cn.be\/blog_ot4n\/wp-content\/uploads\/2016\/02\/Roquegageac08-250x250.jpg 250w\" sizes=\"(max-width: 120px) 100vw, 120px\" \/><\/a><\/td>\n<td><a href=\"http:\/\/www.on4cn.be\/blog_ot4n\/wp-content\/uploads\/2016\/02\/Roquegageac07.jpg\" target=\"_blank\"><img loading=\"lazy\" decoding=\"async\" class=\"aligncenter size-thumbnail wp-image-271\" src=\"http:\/\/www.on4cn.be\/blog_ot4n\/wp-content\/uploads\/2016\/02\/Roquegageac07-150x150.jpg\" alt=\"Roquegageac07\" width=\"120\" height=\"120\" srcset=\"https:\/\/www.on4cn.be\/blog_ot4n\/wp-content\/uploads\/2016\/02\/Roquegageac07-150x150.jpg 150w, https:\/\/www.on4cn.be\/blog_ot4n\/wp-content\/uploads\/2016\/02\/Roquegageac07-100x100.jpg 100w, https:\/\/www.on4cn.be\/blog_ot4n\/wp-content\/uploads\/2016\/02\/Roquegageac07-250x250.jpg 250w\" sizes=\"(max-width: 120px) 100vw, 120px\" \/><\/a><\/td>\n<td><a href=\"http:\/\/www.on4cn.be\/blog_ot4n\/wp-content\/uploads\/2016\/02\/Roquegageac06.jpg\" target=\"_blank\"><img loading=\"lazy\" decoding=\"async\" class=\"aligncenter size-thumbnail wp-image-272\" src=\"http:\/\/www.on4cn.be\/blog_ot4n\/wp-content\/uploads\/2016\/02\/Roquegageac06-150x150.jpg\" alt=\"Roquegageac06\" width=\"120\" height=\"120\" srcset=\"https:\/\/www.on4cn.be\/blog_ot4n\/wp-content\/uploads\/2016\/02\/Roquegageac06-150x150.jpg 150w, https:\/\/www.on4cn.be\/blog_ot4n\/wp-content\/uploads\/2016\/02\/Roquegageac06-100x100.jpg 100w, https:\/\/www.on4cn.be\/blog_ot4n\/wp-content\/uploads\/2016\/02\/Roquegageac06-250x250.jpg 250w\" sizes=\"(max-width: 120px) 100vw, 120px\" \/><\/a><\/td>\n<\/tr>\n<tr>\n<td colspan=\"4\"><center><strong>Cliquez sur une vignette pour agrandir la photo<\/strong><\/center><\/td>\n<\/tr>\n<\/tbody>\n<\/table>\n<table width=\"100%\">\n<tbody>\n<tr>\n<td colspan=\"3\">La Roque Gageac<\/td>\n<\/tr>\n<tr>\n<td><a href=\"http:\/\/www.on4cn.be\/blog_ot4n\/wp-content\/uploads\/2016\/02\/Roquegageac05.jpg\" target=\"_blank\"><img loading=\"lazy\" decoding=\"async\" class=\"aligncenter size-thumbnail wp-image-275\" src=\"http:\/\/www.on4cn.be\/blog_ot4n\/wp-content\/uploads\/2016\/02\/Roquegageac05-150x150.jpg\" alt=\"Roquegageac05\" width=\"120\" height=\"120\" srcset=\"https:\/\/www.on4cn.be\/blog_ot4n\/wp-content\/uploads\/2016\/02\/Roquegageac05-150x150.jpg 150w, https:\/\/www.on4cn.be\/blog_ot4n\/wp-content\/uploads\/2016\/02\/Roquegageac05-100x100.jpg 100w, https:\/\/www.on4cn.be\/blog_ot4n\/wp-content\/uploads\/2016\/02\/Roquegageac05-250x250.jpg 250w\" sizes=\"(max-width: 120px) 100vw, 120px\" \/><\/a><\/td>\n<td><a href=\"http:\/\/www.on4cn.be\/blog_ot4n\/wp-content\/uploads\/2016\/02\/Roquegageac04.jpg\" target=\"_blank\"><img loading=\"lazy\" decoding=\"async\" class=\"aligncenter size-thumbnail wp-image-276\" src=\"http:\/\/www.on4cn.be\/blog_ot4n\/wp-content\/uploads\/2016\/02\/Roquegageac04-150x150.jpg\" alt=\"Roquegageac04\" width=\"120\" height=\"120\" srcset=\"https:\/\/www.on4cn.be\/blog_ot4n\/wp-content\/uploads\/2016\/02\/Roquegageac04-150x150.jpg 150w, https:\/\/www.on4cn.be\/blog_ot4n\/wp-content\/uploads\/2016\/02\/Roquegageac04-100x100.jpg 100w, https:\/\/www.on4cn.be\/blog_ot4n\/wp-content\/uploads\/2016\/02\/Roquegageac04-250x250.jpg 250w\" sizes=\"(max-width: 120px) 100vw, 120px\" \/><\/a><\/td>\n<td><a href=\"http:\/\/www.on4cn.be\/blog_ot4n\/wp-content\/uploads\/2016\/02\/Roquegageac03.jpg\" target=\"_blank\"><img loading=\"lazy\" decoding=\"async\" class=\"aligncenter size-thumbnail wp-image-277\" src=\"http:\/\/www.on4cn.be\/blog_ot4n\/wp-content\/uploads\/2016\/02\/Roquegageac03-150x150.jpg\" alt=\"Roquegageac03\" width=\"120\" height=\"120\" srcset=\"https:\/\/www.on4cn.be\/blog_ot4n\/wp-content\/uploads\/2016\/02\/Roquegageac03-150x150.jpg 150w, https:\/\/www.on4cn.be\/blog_ot4n\/wp-content\/uploads\/2016\/02\/Roquegageac03-100x100.jpg 100w, https:\/\/www.on4cn.be\/blog_ot4n\/wp-content\/uploads\/2016\/02\/Roquegageac03-250x250.jpg 250w\" sizes=\"(max-width: 120px) 100vw, 120px\" \/><\/a><\/td>\n<\/tr>\n<tr>\n<td colspan=\"3\"><center><strong>Cliquez sur une vignette pour agrandir la photo<\/strong><\/center><\/td>\n<\/tr>\n<\/tbody>\n<\/table>\n<p>En prolongeant votre promenade, vous d\u00e9couvrirez le Manoir de Tarde, vestige de la Renaissance qui domine toujours le c\u0153ur du village. Pour d\u00e9couvrir le village de la rivi\u00e8re, le meilleur moyen est d&#8217;embarquer \u00e0 bord des fameuses gabarres. Ces bateaux traditionnels \u00e0 fond plats, utilis\u00e9s autrefois pour transporter les marchandises le long de la Dordogne. La majorit\u00e9 des gabarres naviguant sur cette partie de la rivi\u00e8re, ne faisaient que la descendre car elles \u00e9taient d\u00e9mont\u00e9es \u00e0 l&rsquo;arriv\u00e9e pour \u00eatre vendues en tant que bois de chauffage. La Roque-Gageac et ses habitants, les Laroquois, vous r\u00e9servent chaque ann\u00e9e un accueil chaleureux, dans ce pays de fine gastronomie. <\/p>\n","protected":false},"excerpt":{"rendered":"<p>La Roque Gageac Cliquez sur une vignette pour agrandir la photo La Roque Gageac Cliquez sur une vignette pour agrandir la photo La Roque Gageac Cliquez sur une vignette pour agrandir la photo Le village de la Roque-Gageac, class\u00e9 parmi les Plus Beaux Villages de France, est nich\u00e9 entre sa falaise et la Dordogne. Il b\u00e9n\u00e9ficie d&rsquo;un microclimat, presque m\u00e9diterran\u00e9en, gr\u00e2ce \u00e0 son exposition plein sud. La Roque-Gageac aligne les fa\u00e7ades blanches et ocres de ses maisons. De nombreuses petites&#8230;<\/p>\n<p class=\"read-more\"><a class=\"btn btn-default\" href=\"https:\/\/www.on4cn.be\/blog_ot4n\/la-roque-gageac\/\">Lire la suite<span class=\"screen-reader-text\"> Lire la suite<\/span><\/a><\/p>\n","protected":false},"author":1,"featured_media":0,"parent":0,"menu_order":0,"comment_status":"closed","ping_status":"closed","template":"","meta":{"footnotes":""},"_links":{"self":[{"href":"https:\/\/www.on4cn.be\/blog_ot4n\/wp-json\/wp\/v2\/pages\/234"}],"collection":[{"href":"https:\/\/www.on4cn.be\/blog_ot4n\/wp-json\/wp\/v2\/pages"}],"about":[{"href":"https:\/\/www.on4cn.be\/blog_ot4n\/wp-json\/wp\/v2\/types\/page"}],"author":[{"embeddable":true,"href":"https:\/\/www.on4cn.be\/blog_ot4n\/wp-json\/wp\/v2\/users\/1"}],"replies":[{"embeddable":true,"href":"https:\/\/www.on4cn.be\/blog_ot4n\/wp-json\/wp\/v2\/comments?post=234"}],"version-history":[{"count":24,"href":"https:\/\/www.on4cn.be\/blog_ot4n\/wp-json\/wp\/v2\/pages\/234\/revisions"}],"predecessor-version":[{"id":281,"href":"https:\/\/www.on4cn.be\/blog_ot4n\/wp-json\/wp\/v2\/pages\/234\/revisions\/281"}],"wp:attachment":[{"href":"https:\/\/www.on4cn.be\/blog_ot4n\/wp-json\/wp\/v2\/media?parent=234"}],"curies":[{"name":"wp","href":"https:\/\/api.w.org\/{rel}","templated":true}]}}