{"id":144,"date":"2016-02-23T17:03:59","date_gmt":"2016-02-23T16:03:59","guid":{"rendered":"http:\/\/www.on4cn.be\/blog_ot4n\/?page_id=144"},"modified":"2016-02-24T10:13:15","modified_gmt":"2016-02-24T09:13:15","slug":"vacance-dans-le-sud-ouest","status":"publish","type":"page","link":"https:\/\/www.on4cn.be\/blog_ot4n\/vacance-dans-le-sud-ouest\/","title":{"rendered":"Vacance dans le Sud Ouest"},"content":{"rendered":"<table border=\"0\" width=\"100%\">\n<tbody>\n<tr>\n<td>\n<p align=\"center\"><strong><span style=\"color: #ff0000;\">Vacances \u00e0 D\u00e9gagnac <\/span><\/strong><\/p>\n<\/td>\n<\/tr>\n<\/tbody>\n<\/table>\n<table border=\"0\" width=\"100%\">\n<tbody>\n<tr>\n<td><center><img loading=\"lazy\" decoding=\"async\" class=\"alignleft size-full wp-image-27\" src=\"http:\/\/www.on4cn.be\/blog_ot4n\/wp-content\/uploads\/2016\/02\/claude.jpg\" alt=\"claude Goldwing\" width=\"350\" height=\"263\" srcset=\"https:\/\/www.on4cn.be\/blog_ot4n\/wp-content\/uploads\/2016\/02\/claude.jpg 350w, https:\/\/www.on4cn.be\/blog_ot4n\/wp-content\/uploads\/2016\/02\/claude-300x225.jpg 300w\" sizes=\"(max-width: 350px) 100vw, 350px\" \/><img loading=\"lazy\" decoding=\"async\" class=\"aligncenter size-full wp-image-175\" src=\"http:\/\/www.on4cn.be\/blog_ot4n\/wp-content\/uploads\/2016\/02\/vacan.jpg\" alt=\"La servie \" width=\"350\" height=\"263\" srcset=\"https:\/\/www.on4cn.be\/blog_ot4n\/wp-content\/uploads\/2016\/02\/vacan.jpg 350w, https:\/\/www.on4cn.be\/blog_ot4n\/wp-content\/uploads\/2016\/02\/vacan-300x225.jpg 300w\" sizes=\"(max-width: 350px) 100vw, 350px\" \/><\/center><center>Vacances 2004 \u00e0 D\u00e9gagnac un petit village de France dans le d\u00e9partement 46<\/center><\/td>\n<\/tr>\n<\/tbody>\n<\/table>\n<hr \/>\n<table width=\"100%\">\n<tbody>\n<tr>\n<td colspan=\"4\">Quelques photos des vacances<\/td>\n<\/tr>\n<tr>\n<td><a href=\"http:\/\/www.on4cn.be\/blog_ot4n\/wp-content\/uploads\/2016\/02\/vac2.jpg\" target=\"_blank\"><img loading=\"lazy\" decoding=\"async\" class=\"aligncenter size-thumbnail wp-image-151\" src=\"http:\/\/www.on4cn.be\/blog_ot4n\/wp-content\/uploads\/2016\/02\/vac2-150x150.jpg\" alt=\"Vacance Nadia\" width=\"120\" height=\"120\" srcset=\"https:\/\/www.on4cn.be\/blog_ot4n\/wp-content\/uploads\/2016\/02\/vac2-150x150.jpg 150w, https:\/\/www.on4cn.be\/blog_ot4n\/wp-content\/uploads\/2016\/02\/vac2-100x100.jpg 100w, https:\/\/www.on4cn.be\/blog_ot4n\/wp-content\/uploads\/2016\/02\/vac2-250x250.jpg 250w\" sizes=\"(max-width: 120px) 100vw, 120px\" \/><\/a>Sur l&rsquo;autoroute<\/td>\n<td><a href=\"http:\/\/www.on4cn.be\/blog_ot4n\/wp-content\/uploads\/2016\/02\/vac3.jpg\" target=\"_blank\"><img loading=\"lazy\" decoding=\"async\" class=\"aligncenter size-thumbnail wp-image-180\" src=\"http:\/\/www.on4cn.be\/blog_ot4n\/wp-content\/uploads\/2016\/02\/vac3-150x150.jpg\" alt=\"vacance 01\" width=\"120\" height=\"120\" srcset=\"https:\/\/www.on4cn.be\/blog_ot4n\/wp-content\/uploads\/2016\/02\/vac3-150x150.jpg 150w, https:\/\/www.on4cn.be\/blog_ot4n\/wp-content\/uploads\/2016\/02\/vac3-100x100.jpg 100w, https:\/\/www.on4cn.be\/blog_ot4n\/wp-content\/uploads\/2016\/02\/vac3-250x250.jpg 250w\" sizes=\"(max-width: 120px) 100vw, 120px\" \/><\/a>Lieu de vacance<\/td>\n<td><a href=\"http:\/\/www.on4cn.be\/blog_ot4n\/wp-content\/uploads\/2016\/02\/vac5.jpg\" target=\"_blank\"><img loading=\"lazy\" decoding=\"async\" class=\"aligncenter size-thumbnail wp-image-181\" src=\"http:\/\/www.on4cn.be\/blog_ot4n\/wp-content\/uploads\/2016\/02\/vac5-150x150.jpg\" alt=\"vacance 02\" width=\"120\" height=\"120\" srcset=\"https:\/\/www.on4cn.be\/blog_ot4n\/wp-content\/uploads\/2016\/02\/vac5-150x150.jpg 150w, https:\/\/www.on4cn.be\/blog_ot4n\/wp-content\/uploads\/2016\/02\/vac5-100x100.jpg 100w, https:\/\/www.on4cn.be\/blog_ot4n\/wp-content\/uploads\/2016\/02\/vac5-250x250.jpg 250w\" sizes=\"(max-width: 120px) 100vw, 120px\" \/><\/a>Le Gite<\/td>\n<td><a href=\"http:\/\/www.on4cn.be\/blog_ot4n\/wp-content\/uploads\/2016\/02\/vac7.jpg\" target=\"_blank\"><img loading=\"lazy\" decoding=\"async\" class=\"aligncenter size-thumbnail wp-image-182\" src=\"http:\/\/www.on4cn.be\/blog_ot4n\/wp-content\/uploads\/2016\/02\/vac7-150x150.jpg\" alt=\"vacance 03\" width=\"120\" height=\"120\" srcset=\"https:\/\/www.on4cn.be\/blog_ot4n\/wp-content\/uploads\/2016\/02\/vac7-150x150.jpg 150w, https:\/\/www.on4cn.be\/blog_ot4n\/wp-content\/uploads\/2016\/02\/vac7-100x100.jpg 100w, https:\/\/www.on4cn.be\/blog_ot4n\/wp-content\/uploads\/2016\/02\/vac7-250x250.jpg 250w\" sizes=\"(max-width: 120px) 100vw, 120px\" \/><\/a>Les antennes Radio<\/td>\n<\/tr>\n<tr>\n<td colspan=\"4\"><center><strong>Cliquez sur une vignette pour agrandir la photo<\/strong><\/center><\/td>\n<\/tr>\n<\/tbody>\n<\/table>\n<table width=\"100%\">\n<tbody>\n<tr>\n<td colspan=\"3\">Quelques photos des vacances<\/td>\n<\/tr>\n<tr>\n<td><a href=\"http:\/\/www.on4cn.be\/blog_ot4n\/wp-content\/uploads\/2016\/02\/vac6.jpg\" target=\"_blank\"><img loading=\"lazy\" decoding=\"async\" class=\"aligncenter size-thumbnail wp-image-185\" src=\"http:\/\/www.on4cn.be\/blog_ot4n\/wp-content\/uploads\/2016\/02\/vac6-150x150.jpg\" alt=\"Place de D\u00e9gagnac\" width=\"120\" height=\"120\" srcset=\"https:\/\/www.on4cn.be\/blog_ot4n\/wp-content\/uploads\/2016\/02\/vac6-150x150.jpg 150w, https:\/\/www.on4cn.be\/blog_ot4n\/wp-content\/uploads\/2016\/02\/vac6-100x100.jpg 100w, https:\/\/www.on4cn.be\/blog_ot4n\/wp-content\/uploads\/2016\/02\/vac6-250x250.jpg 250w\" sizes=\"(max-width: 120px) 100vw, 120px\" \/><\/a>Place de D\u00e9gagnac<\/td>\n<td><a href=\"http:\/\/www.on4cn.be\/blog_ot4n\/wp-content\/uploads\/2016\/02\/vac81.jpg\" target=\"_blank\"><img loading=\"lazy\" decoding=\"async\" class=\"aligncenter size-thumbnail wp-image-186\" src=\"http:\/\/www.on4cn.be\/blog_ot4n\/wp-content\/uploads\/2016\/02\/vac81-150x150.jpg\" alt=\"Entr\u00e9e de Cahors\" width=\"120\" height=\"120\" srcset=\"https:\/\/www.on4cn.be\/blog_ot4n\/wp-content\/uploads\/2016\/02\/vac81-150x150.jpg 150w, https:\/\/www.on4cn.be\/blog_ot4n\/wp-content\/uploads\/2016\/02\/vac81-100x100.jpg 100w, https:\/\/www.on4cn.be\/blog_ot4n\/wp-content\/uploads\/2016\/02\/vac81-250x250.jpg 250w\" sizes=\"(max-width: 120px) 100vw, 120px\" \/><\/a>Place de Cahors<\/td>\n<td><a href=\"http:\/\/www.on4cn.be\/blog_ot4n\/wp-content\/uploads\/2016\/02\/vac93.jpg\" target=\"_blank\"><img loading=\"lazy\" decoding=\"async\" class=\"aligncenter size-thumbnail wp-image-187\" src=\"http:\/\/www.on4cn.be\/blog_ot4n\/wp-content\/uploads\/2016\/02\/vac93-150x150.jpg\" alt=\"Le pont Valentr\u00e9\" width=\"120\" height=\"120\" srcset=\"https:\/\/www.on4cn.be\/blog_ot4n\/wp-content\/uploads\/2016\/02\/vac93-150x150.jpg 150w, https:\/\/www.on4cn.be\/blog_ot4n\/wp-content\/uploads\/2016\/02\/vac93-100x100.jpg 100w, https:\/\/www.on4cn.be\/blog_ot4n\/wp-content\/uploads\/2016\/02\/vac93-250x250.jpg 250w\" sizes=\"(max-width: 120px) 100vw, 120px\" \/><\/a>Le pont Valentr\u00e9<\/td>\n<\/tr>\n<tr>\n<td colspan=\"3\"><center><strong>Cliquez sur une vignette pour agrandir la photo<\/strong><\/center><\/td>\n<\/tr>\n<\/tbody>\n<\/table>\n<table width=\"100%\">\n<tbody>\n<tr>\n<td><img loading=\"lazy\" decoding=\"async\" class=\"aligncenter size-full wp-image-193\" src=\"http:\/\/www.on4cn.be\/blog_ot4n\/wp-content\/uploads\/2016\/02\/vac6-1.jpg\" alt=\"Center Village\" width=\"640\" height=\"480\" srcset=\"https:\/\/www.on4cn.be\/blog_ot4n\/wp-content\/uploads\/2016\/02\/vac6-1.jpg 640w, https:\/\/www.on4cn.be\/blog_ot4n\/wp-content\/uploads\/2016\/02\/vac6-1-300x225.jpg 300w\" sizes=\"(max-width: 640px) 100vw, 640px\" \/>Le centre du village une centaine d&rsquo;habitants<\/td>\n<\/tr>\n<\/tbody>\n<\/table>\n<table width=\"100%\">\n<tbody>\n<tr>\n<td colspan=\"4\">Quelques photos des vacances<\/td>\n<\/tr>\n<tr>\n<td><a href=\"http:\/\/www.on4cn.be\/blog_ot4n\/wp-content\/uploads\/2016\/02\/vac87.jpg\" target=\"_blank\"><img loading=\"lazy\" decoding=\"async\" class=\"aligncenter size-thumbnail wp-image-196\" src=\"http:\/\/www.on4cn.be\/blog_ot4n\/wp-content\/uploads\/2016\/02\/vac87-150x150.jpg\" alt=\"Cahors 01\" width=\"120\" height=\"120\" srcset=\"https:\/\/www.on4cn.be\/blog_ot4n\/wp-content\/uploads\/2016\/02\/vac87-150x150.jpg 150w, https:\/\/www.on4cn.be\/blog_ot4n\/wp-content\/uploads\/2016\/02\/vac87-100x100.jpg 100w, https:\/\/www.on4cn.be\/blog_ot4n\/wp-content\/uploads\/2016\/02\/vac87-250x250.jpg 250w\" sizes=\"(max-width: 120px) 100vw, 120px\" \/><\/a><\/td>\n<td><a href=\"http:\/\/www.on4cn.be\/blog_ot4n\/wp-content\/uploads\/2016\/02\/vac88.jpg\" target=\"_blank\"><img loading=\"lazy\" decoding=\"async\" class=\"aligncenter size-thumbnail wp-image-197\" src=\"http:\/\/www.on4cn.be\/blog_ot4n\/wp-content\/uploads\/2016\/02\/vac88-150x150.jpg\" alt=\"Cahors 02\" width=\"120\" height=\"120\" srcset=\"https:\/\/www.on4cn.be\/blog_ot4n\/wp-content\/uploads\/2016\/02\/vac88-150x150.jpg 150w, https:\/\/www.on4cn.be\/blog_ot4n\/wp-content\/uploads\/2016\/02\/vac88-100x100.jpg 100w, https:\/\/www.on4cn.be\/blog_ot4n\/wp-content\/uploads\/2016\/02\/vac88-250x250.jpg 250w\" sizes=\"(max-width: 120px) 100vw, 120px\" \/><\/a><\/td>\n<td><a href=\"http:\/\/www.on4cn.be\/blog_ot4n\/wp-content\/uploads\/2016\/02\/vac89.jpg\" target=\"_blank\"><img loading=\"lazy\" decoding=\"async\" class=\"aligncenter size-thumbnail wp-image-198\" src=\"http:\/\/www.on4cn.be\/blog_ot4n\/wp-content\/uploads\/2016\/02\/vac89-150x150.jpg\" alt=\"Cahors 03\" width=\"120\" height=\"120\" srcset=\"https:\/\/www.on4cn.be\/blog_ot4n\/wp-content\/uploads\/2016\/02\/vac89-150x150.jpg 150w, https:\/\/www.on4cn.be\/blog_ot4n\/wp-content\/uploads\/2016\/02\/vac89-100x100.jpg 100w, https:\/\/www.on4cn.be\/blog_ot4n\/wp-content\/uploads\/2016\/02\/vac89-250x250.jpg 250w\" sizes=\"(max-width: 120px) 100vw, 120px\" \/><\/a><\/td>\n<td><a href=\"http:\/\/www.on4cn.be\/blog_ot4n\/wp-content\/uploads\/2016\/02\/vac90.jpg\" target=\"_blank\"><img loading=\"lazy\" decoding=\"async\" class=\"aligncenter size-thumbnail wp-image-199\" src=\"http:\/\/www.on4cn.be\/blog_ot4n\/wp-content\/uploads\/2016\/02\/vac90-150x150.jpg\" alt=\"Cahors 04\" width=\"120\" height=\"120\" srcset=\"https:\/\/www.on4cn.be\/blog_ot4n\/wp-content\/uploads\/2016\/02\/vac90-150x150.jpg 150w, https:\/\/www.on4cn.be\/blog_ot4n\/wp-content\/uploads\/2016\/02\/vac90-100x100.jpg 100w, https:\/\/www.on4cn.be\/blog_ot4n\/wp-content\/uploads\/2016\/02\/vac90-250x250.jpg 250w\" sizes=\"(max-width: 120px) 100vw, 120px\" \/><\/a><\/td>\n<\/tr>\n<tr>\n<td colspan=\"4\"><center><strong>Cliquez sur une vignette pour agrandir la photo<\/strong><\/center><\/td>\n<\/tr>\n<\/tbody>\n<\/table>\n<table width=\"100%\">\n<tbody>\n<tr>\n<td colspan=\"3\">Quelques photos des vacances<\/td>\n<\/tr>\n<tr>\n<td><a href=\"http:\/\/www.on4cn.be\/blog_ot4n\/wp-content\/uploads\/2016\/02\/vac85.jpg\" target=\"_blank\"><img loading=\"lazy\" decoding=\"async\" class=\"aligncenter size-thumbnail wp-image-203\" src=\"http:\/\/www.on4cn.be\/blog_ot4n\/wp-content\/uploads\/2016\/02\/vac85-150x150.jpg\" alt=\"vac85\" width=\"120\" height=\"120\" srcset=\"https:\/\/www.on4cn.be\/blog_ot4n\/wp-content\/uploads\/2016\/02\/vac85-150x150.jpg 150w, https:\/\/www.on4cn.be\/blog_ot4n\/wp-content\/uploads\/2016\/02\/vac85-100x100.jpg 100w, https:\/\/www.on4cn.be\/blog_ot4n\/wp-content\/uploads\/2016\/02\/vac85-250x250.jpg 250w\" sizes=\"(max-width: 120px) 100vw, 120px\" \/><\/a><\/td>\n<td><a href=\"http:\/\/www.on4cn.be\/blog_ot4n\/wp-content\/uploads\/2016\/02\/vac86.jpg\" target=\"_blank\"><img loading=\"lazy\" decoding=\"async\" class=\"aligncenter size-thumbnail wp-image-204\" src=\"http:\/\/www.on4cn.be\/blog_ot4n\/wp-content\/uploads\/2016\/02\/vac86-150x150.jpg\" alt=\"vac86\" width=\"120\" height=\"120\" srcset=\"https:\/\/www.on4cn.be\/blog_ot4n\/wp-content\/uploads\/2016\/02\/vac86-150x150.jpg 150w, https:\/\/www.on4cn.be\/blog_ot4n\/wp-content\/uploads\/2016\/02\/vac86-100x100.jpg 100w, https:\/\/www.on4cn.be\/blog_ot4n\/wp-content\/uploads\/2016\/02\/vac86-250x250.jpg 250w\" sizes=\"(max-width: 120px) 100vw, 120px\" \/><\/a><\/td>\n<td><a href=\"http:\/\/www.on4cn.be\/blog_ot4n\/wp-content\/uploads\/2016\/02\/vac82.jpg\" target=\"_blank\"><img loading=\"lazy\" decoding=\"async\" class=\"aligncenter size-thumbnail wp-image-205\" src=\"http:\/\/www.on4cn.be\/blog_ot4n\/wp-content\/uploads\/2016\/02\/vac82-150x150.jpg\" alt=\"vac82\" width=\"120\" height=\"120\" srcset=\"https:\/\/www.on4cn.be\/blog_ot4n\/wp-content\/uploads\/2016\/02\/vac82-150x150.jpg 150w, https:\/\/www.on4cn.be\/blog_ot4n\/wp-content\/uploads\/2016\/02\/vac82-100x100.jpg 100w, https:\/\/www.on4cn.be\/blog_ot4n\/wp-content\/uploads\/2016\/02\/vac82-250x250.jpg 250w\" sizes=\"(max-width: 120px) 100vw, 120px\" \/><\/a><\/td>\n<\/tr>\n<tr>\n<td colspan=\"3\"><center><strong>Cliquez sur une vignette pour agrandir la photo<\/strong><\/center><\/td>\n<\/tr>\n<\/tbody>\n<\/table>\n<table width=\"100%\">\n<tbody>\n<tr>\n<td><img loading=\"lazy\" decoding=\"async\" class=\"aligncenter size-full wp-image-215\" src=\"http:\/\/www.on4cn.be\/blog_ot4n\/wp-content\/uploads\/2016\/02\/vacance36.jpg\" alt=\"vacance36\" width=\"400\" height=\"300\" srcset=\"https:\/\/www.on4cn.be\/blog_ot4n\/wp-content\/uploads\/2016\/02\/vacance36.jpg 400w, https:\/\/www.on4cn.be\/blog_ot4n\/wp-content\/uploads\/2016\/02\/vacance36-300x225.jpg 300w\" sizes=\"(max-width: 400px) 100vw, 400px\" \/>Les voisins les plus proche<\/td>\n<\/tr>\n<\/tbody>\n<\/table>\n<table width=\"100%\">\n<tbody>\n<tr>\n<td colspan=\"4\">Quelques photos des vacances<\/td>\n<\/tr>\n<tr>\n<td><a href=\"http:\/\/www.on4cn.be\/blog_ot4n\/wp-content\/uploads\/2016\/02\/vac83.jpg\" target=\"_blank\"><img loading=\"lazy\" decoding=\"async\" class=\"aligncenter size-thumbnail wp-image-208\" src=\"http:\/\/www.on4cn.be\/blog_ot4n\/wp-content\/uploads\/2016\/02\/vac83-150x150.jpg\" alt=\"vac83\" width=\"120\" height=\"120\" srcset=\"https:\/\/www.on4cn.be\/blog_ot4n\/wp-content\/uploads\/2016\/02\/vac83-150x150.jpg 150w, https:\/\/www.on4cn.be\/blog_ot4n\/wp-content\/uploads\/2016\/02\/vac83-100x100.jpg 100w, https:\/\/www.on4cn.be\/blog_ot4n\/wp-content\/uploads\/2016\/02\/vac83-250x250.jpg 250w\" sizes=\"(max-width: 120px) 100vw, 120px\" \/><\/a><\/td>\n<td><a href=\"http:\/\/www.on4cn.be\/blog_ot4n\/wp-content\/uploads\/2016\/02\/vac84.jpg\" target=\"_blank\"><img loading=\"lazy\" decoding=\"async\" class=\"aligncenter size-thumbnail wp-image-209\" src=\"http:\/\/www.on4cn.be\/blog_ot4n\/wp-content\/uploads\/2016\/02\/vac84-150x150.jpg\" alt=\"vac84\" width=\"120\" height=\"120\" srcset=\"https:\/\/www.on4cn.be\/blog_ot4n\/wp-content\/uploads\/2016\/02\/vac84-150x150.jpg 150w, https:\/\/www.on4cn.be\/blog_ot4n\/wp-content\/uploads\/2016\/02\/vac84-100x100.jpg 100w, https:\/\/www.on4cn.be\/blog_ot4n\/wp-content\/uploads\/2016\/02\/vac84-250x250.jpg 250w\" sizes=\"(max-width: 120px) 100vw, 120px\" \/><\/a><\/td>\n<td><a href=\"http:\/\/www.on4cn.be\/blog_ot4n\/wp-content\/uploads\/2016\/02\/vac91.jpg\" target=\"_blank\"><img loading=\"lazy\" decoding=\"async\" class=\"aligncenter size-thumbnail wp-image-210\" src=\"http:\/\/www.on4cn.be\/blog_ot4n\/wp-content\/uploads\/2016\/02\/vac91-150x150.jpg\" alt=\"vac91\" width=\"120\" height=\"120\" srcset=\"https:\/\/www.on4cn.be\/blog_ot4n\/wp-content\/uploads\/2016\/02\/vac91-150x150.jpg 150w, https:\/\/www.on4cn.be\/blog_ot4n\/wp-content\/uploads\/2016\/02\/vac91-100x100.jpg 100w, https:\/\/www.on4cn.be\/blog_ot4n\/wp-content\/uploads\/2016\/02\/vac91-250x250.jpg 250w\" sizes=\"(max-width: 120px) 100vw, 120px\" \/><\/a><\/td>\n<td><a href=\"http:\/\/www.on4cn.be\/blog_ot4n\/wp-content\/uploads\/2016\/02\/vac92.jpg\" target=\"_blank\"><img loading=\"lazy\" decoding=\"async\" class=\"aligncenter size-thumbnail wp-image-211\" src=\"http:\/\/www.on4cn.be\/blog_ot4n\/wp-content\/uploads\/2016\/02\/vac92-150x150.jpg\" alt=\"vac92\" width=\"120\" height=\"120\" srcset=\"https:\/\/www.on4cn.be\/blog_ot4n\/wp-content\/uploads\/2016\/02\/vac92-150x150.jpg 150w, https:\/\/www.on4cn.be\/blog_ot4n\/wp-content\/uploads\/2016\/02\/vac92-100x100.jpg 100w, https:\/\/www.on4cn.be\/blog_ot4n\/wp-content\/uploads\/2016\/02\/vac92-250x250.jpg 250w\" sizes=\"(max-width: 120px) 100vw, 120px\" \/><\/a><\/td>\n<\/tr>\n<tr>\n<td colspan=\"4\"><center><strong>Cliquez sur une vignette pour agrandir la photo<\/strong><\/center><\/td>\n<\/tr>\n<\/tbody>\n<\/table>\n<table width=\"100%\">\n<tbody>\n<tr>\n<td colspan=\"3\">Quelques photos des vacances<\/td>\n<\/tr>\n<tr>\n<td><a href=\"http:\/\/www.on4cn.be\/blog_ot4n\/wp-content\/uploads\/2016\/02\/vac101.jpg\" target=\"_blank\"><img loading=\"lazy\" decoding=\"async\" class=\"aligncenter size-thumbnail wp-image-219\" src=\"http:\/\/www.on4cn.be\/blog_ot4n\/wp-content\/uploads\/2016\/02\/vac101-150x150.jpg\" alt=\"Rocquamadour\" width=\"120\" height=\"120\" srcset=\"https:\/\/www.on4cn.be\/blog_ot4n\/wp-content\/uploads\/2016\/02\/vac101-150x150.jpg 150w, https:\/\/www.on4cn.be\/blog_ot4n\/wp-content\/uploads\/2016\/02\/vac101-100x100.jpg 100w, https:\/\/www.on4cn.be\/blog_ot4n\/wp-content\/uploads\/2016\/02\/vac101-250x250.jpg 250w\" sizes=\"(max-width: 120px) 100vw, 120px\" \/><\/a><\/td>\n<td><a href=\"http:\/\/www.on4cn.be\/blog_ot4n\/wp-content\/uploads\/2016\/02\/vac102.jpg\" target=\"_blank\"><img loading=\"lazy\" decoding=\"async\" class=\"aligncenter size-thumbnail wp-image-220\" src=\"http:\/\/www.on4cn.be\/blog_ot4n\/wp-content\/uploads\/2016\/02\/vac102-150x150.jpg\" alt=\"Rocquamadour 1\" width=\"120\" height=\"120\" srcset=\"https:\/\/www.on4cn.be\/blog_ot4n\/wp-content\/uploads\/2016\/02\/vac102-150x150.jpg 150w, https:\/\/www.on4cn.be\/blog_ot4n\/wp-content\/uploads\/2016\/02\/vac102-100x100.jpg 100w, https:\/\/www.on4cn.be\/blog_ot4n\/wp-content\/uploads\/2016\/02\/vac102-250x250.jpg 250w\" sizes=\"(max-width: 120px) 100vw, 120px\" \/><\/a><\/td>\n<td><a href=\"http:\/\/www.on4cn.be\/blog_ot4n\/wp-content\/uploads\/2016\/02\/vac100.jpg\" target=\"_blank\"><img loading=\"lazy\" decoding=\"async\" class=\"aligncenter size-thumbnail wp-image-221\" src=\"http:\/\/www.on4cn.be\/blog_ot4n\/wp-content\/uploads\/2016\/02\/vac100-150x150.jpg\" alt=\"Rocquamadour 3\" width=\"120\" height=\"120\" srcset=\"https:\/\/www.on4cn.be\/blog_ot4n\/wp-content\/uploads\/2016\/02\/vac100-150x150.jpg 150w, https:\/\/www.on4cn.be\/blog_ot4n\/wp-content\/uploads\/2016\/02\/vac100-100x100.jpg 100w, https:\/\/www.on4cn.be\/blog_ot4n\/wp-content\/uploads\/2016\/02\/vac100-250x250.jpg 250w\" sizes=\"(max-width: 120px) 100vw, 120px\" \/><\/a><\/td>\n<\/tr>\n<tr>\n<td colspan=\"3\"><center><strong>Cliquez sur une vignette pour agrandir la photo<\/strong><\/center><\/td>\n<\/tr>\n<\/tbody>\n<\/table>\n<table width=\"100%\">\n<tbody>\n<tr>\n<td valign=\"TOP\" width=\"475\">\n<p align=\"CENTER\"><img loading=\"lazy\" decoding=\"async\" class=\"aligncenter size-full wp-image-225\" src=\"http:\/\/www.on4cn.be\/blog_ot4n\/wp-content\/uploads\/2016\/02\/gare.jpg\" alt=\"Gare de D\u00e9gagniac\" width=\"280\" height=\"220\" \/><\/p>\n<p align=\"CENTER\"><span style=\"font-size: medium;\"><span style=\"color: #ff0000;\"><b>D\u00e9gagnac La gare <\/b><\/span><\/span><\/p>\n<p>Au XIX\u00e8me si\u00e8cle, la campagne lotoise se quadrille de voies ferr\u00e9es, symboles du progr\u00e8s industriel : on voulait ainsi d\u00e9senclaver l&rsquo;\u00e9conomie rurale. La gare de D\u00e9gagnac est situ\u00e9e hors de l&rsquo;agglom\u00e9ration car elle devait desservir, en plus du village, les autres communes et hameaux environnants. Celle-ci se compose de deux corps de b\u00e2timent et d&rsquo;un appenti. L&rsquo;ensemble parall\u00e8le aux voies est construit en moellons et recouvert d&rsquo;un cr\u00e9pis. Le b\u00e2timent principal se distingue facilement par son \u00e9levation sur deux niveaux, mettant en avant les fonctions de l&rsquo;\u00e9difice : un logement pour le chef de gare \u00e0 l&rsquo;\u00e9tage et une partie accueil et r\u00e9ception du public au rez-de-chauss\u00e9e. Ces fonctions s&rsquo;accentuent par les inscriptions situ\u00e9es sur le b\u00e2timent : \u00ab\u00a0gare\u00a0\u00bb ; \u00ab\u00a0accueil\u00a0\u00bb ; &#8230; Le cha\u00eenage d&rsquo;angle est un \u00e9l\u00e9ment caract\u00e9ristique pour ces petites gares de campagne. La gare de D\u00e9gaganac est aujourd&rsquo;hui reconvertie en logement privatif.<\/td>\n<td valign=\"TOP\" width=\"475\">\n<p align=\"CENTER\"><img loading=\"lazy\" decoding=\"async\" class=\"aligncenter size-full wp-image-231\" src=\"http:\/\/www.on4cn.be\/blog_ot4n\/wp-content\/uploads\/2016\/02\/fontaine.jpg\" alt=\"Fontaine de D\u00e9gagnac\" width=\"280\" height=\"220\" \/><\/p>\n<p align=\"CENTER\"><span style=\"font-size: medium;\"><span style=\"color: #ff0000;\"><b>D\u00e9gagnac La fontaine <\/b><\/span><\/span><\/p>\n<p>L&rsquo;id\u00e9e d&rsquo;apporter l&rsquo;eau au centre du village, de la rendre plus accessible \u00e0 ses habitants et de parfaire les am\u00e9nagements ant\u00e9rieurs fut une<br \/>\npr\u00e9occupation pour plupart des communes de France. La fontaine de D\u00e9gagnac est un \u00e9difice couvert \u00e0 la proximit\u00e9 du village. Sa construction en<br \/>\npierre de taille et moellon lui donne un aspect esth\u00e9tique et rustique int\u00e9ressant. Elle poss\u00e8de une inscription mentionnant la date de 1864 sur un arc monolithe au dessus d&rsquo;une ouverture. Elle est recouverte d&rsquo;une toiture \u00e0 quatre pans en pavillon avec au sommet un \u00e9pi de fa\u00eetage et des grilles en fer forg\u00e9 obstruent les ouvertures. Enfin, un tuyau en plomb sort de l&rsquo;\u00e9difice pour d\u00e9boucher sur un bac en pierre de taille. La fontaine fonctionne toujours aujourd&rsquo;hui apr\u00e8s avoir \u00e9t\u00e9 restaur\u00e9e.<\/td>\n<\/tr>\n<\/tbody>\n<\/table>\n","protected":false},"excerpt":{"rendered":"<p>Vacances \u00e0 D\u00e9gagnac Vacances 2004 \u00e0 D\u00e9gagnac un petit village de France dans le d\u00e9partement 46 Quelques photos des vacances Sur l&rsquo;autoroute Lieu de vacance Le Gite Les antennes Radio Cliquez sur une vignette pour agrandir la photo Quelques photos des vacances Place de D\u00e9gagnac Place de Cahors Le pont Valentr\u00e9 Cliquez sur une vignette pour agrandir la photo Le centre du village une centaine d&rsquo;habitants Quelques photos des vacances Cliquez sur une vignette pour agrandir la photo Quelques photos&#8230;<\/p>\n<p class=\"read-more\"><a class=\"btn btn-default\" href=\"https:\/\/www.on4cn.be\/blog_ot4n\/vacance-dans-le-sud-ouest\/\">Lire la suite<span class=\"screen-reader-text\"> Lire la suite<\/span><\/a><\/p>\n","protected":false},"author":1,"featured_media":0,"parent":0,"menu_order":0,"comment_status":"closed","ping_status":"closed","template":"","meta":{"footnotes":""},"_links":{"self":[{"href":"https:\/\/www.on4cn.be\/blog_ot4n\/wp-json\/wp\/v2\/pages\/144"}],"collection":[{"href":"https:\/\/www.on4cn.be\/blog_ot4n\/wp-json\/wp\/v2\/pages"}],"about":[{"href":"https:\/\/www.on4cn.be\/blog_ot4n\/wp-json\/wp\/v2\/types\/page"}],"author":[{"embeddable":true,"href":"https:\/\/www.on4cn.be\/blog_ot4n\/wp-json\/wp\/v2\/users\/1"}],"replies":[{"embeddable":true,"href":"https:\/\/www.on4cn.be\/blog_ot4n\/wp-json\/wp\/v2\/comments?post=144"}],"version-history":[{"count":46,"href":"https:\/\/www.on4cn.be\/blog_ot4n\/wp-json\/wp\/v2\/pages\/144\/revisions"}],"predecessor-version":[{"id":233,"href":"https:\/\/www.on4cn.be\/blog_ot4n\/wp-json\/wp\/v2\/pages\/144\/revisions\/233"}],"wp:attachment":[{"href":"https:\/\/www.on4cn.be\/blog_ot4n\/wp-json\/wp\/v2\/media?parent=144"}],"curies":[{"name":"wp","href":"https:\/\/api.w.org\/{rel}","templated":true}]}}