{"id":1245,"date":"2021-09-10T10:07:28","date_gmt":"2021-09-10T09:07:28","guid":{"rendered":"http:\/\/www.on4cn.be\/blog_ot4n\/?page_id=1245"},"modified":"2021-09-10T10:21:23","modified_gmt":"2021-09-10T09:21:23","slug":"labbaye-nouvelle-a-leobard-46","status":"publish","type":"page","link":"https:\/\/www.on4cn.be\/blog_ot4n\/labbaye-nouvelle-a-leobard-46\/","title":{"rendered":"L&rsquo;Abbaye Nouvelle \u00e0 L\u00e9obard (46)"},"content":{"rendered":"<table width=\"100%\">\n<tbody>\n<tr>\n<td colspan=\"4\"><center><span style=\"color: #0000ff;\"><b>L&rsquo;Abbaye Nouvelle \u00e0 L\u00e9obard (46)<\/b><\/span><\/center><\/td>\n<\/tr>\n<tr>\n<td colspan=\"4\"><center><a href=\"http:\/\/www.on4cn.be\/blog_ot4n\/wp-content\/uploads\/2021\/09\/abbaye-nouvelle001.jpg\" target=\"_blank\" rel=\"noopener\"><img loading=\"lazy\" decoding=\"async\" class=\"aligncenter size-full wp-image-1249\" src=\"http:\/\/www.on4cn.be\/blog_ot4n\/wp-content\/uploads\/2021\/09\/abbaye-nouvelle001.jpg\" alt=\"Claude ON4CN abbaye-nouvelle001\" width=\"640\" height=\"480\" srcset=\"https:\/\/www.on4cn.be\/blog_ot4n\/wp-content\/uploads\/2021\/09\/abbaye-nouvelle001.jpg 640w, https:\/\/www.on4cn.be\/blog_ot4n\/wp-content\/uploads\/2021\/09\/abbaye-nouvelle001-300x225.jpg 300w\" sizes=\"(max-width: 640px) 100vw, 640px\" \/><\/a><\/center><\/td>\n<\/tr>\n<tr>\n<td colspan=\"4\"><center><b>Autres petits patrimoines dans le d\u00e9partement 46 (Lot)<\/b><\/center><br \/>\nImplant\u00e9e en haut d\u2019un rocher calcaire, cette abbaye cistercienne ne devait pas manquer d\u2019allure si l\u2019on consid\u00e8re les vestiges en place.<br \/>\nQu\u2019est-il arriv\u00e9 \u00e0 cet ensemble pour \u00eatre en si piteux \u00e9tat ?<br \/>\nConstruite de 1260 \u00e0 1287, ravag\u00e9e pendant la guerre de Cent Ans et les guerres de religion. Au XVI\u00e8me si\u00e8cle, les moines r\u00e9investissent les lieux apr\u00e8s une restauration partielle. Les deux trav\u00e9es restantes de l&rsquo;\u00e9glise abbatiale deviennent une \u00c9glise paroissiale au XVII\u00e8me. A la R\u00e9volution, l&rsquo;ensemble des b\u00e2timents, sauf l&rsquo;\u00e9glise, est vendu comme bien national.<br \/>\nLe monument est ouvert lors des journ\u00e9es du patrimoine et lors de la f\u00eate des plantes le 3\u00e8me dimanche du mois de mai. Visites guid\u00e9es en juillet et aout<\/td>\n<\/tr>\n<tr>\n<td><a href=\"http:\/\/www.on4cn.be\/blog_ot4n\/wp-content\/uploads\/2021\/09\/abbaye-nouvelle01.jpg\" target=\"_blank\" rel=\"noopener\"><img loading=\"lazy\" decoding=\"async\" class=\"aligncenter size-thumbnail wp-image-1250\" src=\"http:\/\/www.on4cn.be\/blog_ot4n\/wp-content\/uploads\/2021\/09\/abbaye-nouvelle01-150x150.jpg\" alt=\"abbaye-nouvelle01 Claude ON4CN\" width=\"150\" height=\"150\" srcset=\"https:\/\/www.on4cn.be\/blog_ot4n\/wp-content\/uploads\/2021\/09\/abbaye-nouvelle01-150x150.jpg 150w, https:\/\/www.on4cn.be\/blog_ot4n\/wp-content\/uploads\/2021\/09\/abbaye-nouvelle01-100x100.jpg 100w\" sizes=\"(max-width: 150px) 100vw, 150px\" \/><\/a><\/td>\n<td><a href=\"http:\/\/www.on4cn.be\/blog_ot4n\/wp-content\/uploads\/2021\/09\/abbaye-nouvelle02.jpg\" target=\"_blank\" rel=\"noopener\"><img loading=\"lazy\" decoding=\"async\" class=\"aligncenter size-thumbnail wp-image-1251\" src=\"http:\/\/www.on4cn.be\/blog_ot4n\/wp-content\/uploads\/2021\/09\/abbaye-nouvelle02-150x150.jpg\" alt=\"abbaye-nouvelle02 Claude ON4CN\" width=\"150\" height=\"150\" srcset=\"https:\/\/www.on4cn.be\/blog_ot4n\/wp-content\/uploads\/2021\/09\/abbaye-nouvelle02-150x150.jpg 150w, https:\/\/www.on4cn.be\/blog_ot4n\/wp-content\/uploads\/2021\/09\/abbaye-nouvelle02-100x100.jpg 100w\" sizes=\"(max-width: 150px) 100vw, 150px\" \/><\/a><\/td>\n<td><a href=\"http:\/\/www.on4cn.be\/blog_ot4n\/wp-content\/uploads\/2021\/09\/abbaye-nouvelle03.jpg\" target=\"_blank\" rel=\"noopener\"><img loading=\"lazy\" decoding=\"async\" class=\"aligncenter size-thumbnail wp-image-1252\" src=\"http:\/\/www.on4cn.be\/blog_ot4n\/wp-content\/uploads\/2021\/09\/abbaye-nouvelle03-150x150.jpg\" alt=\"abbaye-nouvelle03 Claude ON4CN\" width=\"150\" height=\"150\" srcset=\"https:\/\/www.on4cn.be\/blog_ot4n\/wp-content\/uploads\/2021\/09\/abbaye-nouvelle03-150x150.jpg 150w, https:\/\/www.on4cn.be\/blog_ot4n\/wp-content\/uploads\/2021\/09\/abbaye-nouvelle03-100x100.jpg 100w\" sizes=\"(max-width: 150px) 100vw, 150px\" \/><\/a><\/td>\n<td><a href=\"http:\/\/www.on4cn.be\/blog_ot4n\/wp-content\/uploads\/2021\/09\/abbaye-nouvelle04.jpg\" target=\"_blank\" rel=\"noopener\"><img loading=\"lazy\" decoding=\"async\" class=\"aligncenter size-thumbnail wp-image-1253\" src=\"http:\/\/www.on4cn.be\/blog_ot4n\/wp-content\/uploads\/2021\/09\/abbaye-nouvelle04-150x150.jpg\" alt=\"abbaye-nouvelle04 Claude ON4CN\" width=\"150\" height=\"150\" srcset=\"https:\/\/www.on4cn.be\/blog_ot4n\/wp-content\/uploads\/2021\/09\/abbaye-nouvelle04-150x150.jpg 150w, https:\/\/www.on4cn.be\/blog_ot4n\/wp-content\/uploads\/2021\/09\/abbaye-nouvelle04-100x100.jpg 100w\" sizes=\"(max-width: 150px) 100vw, 150px\" \/><\/a><\/td>\n<\/tr>\n<tr>\n<td><a href=\"http:\/\/www.on4cn.be\/blog_ot4n\/wp-content\/uploads\/2021\/09\/abbaye-nouvelle05.jpg\" target=\"_blank\" rel=\"noopener\"><img loading=\"lazy\" decoding=\"async\" class=\"aligncenter size-thumbnail wp-image-1254\" src=\"http:\/\/www.on4cn.be\/blog_ot4n\/wp-content\/uploads\/2021\/09\/abbaye-nouvelle05-150x150.jpg\" alt=\"abbaye-nouvelle05 Claude ON4CN\" width=\"150\" height=\"150\" srcset=\"https:\/\/www.on4cn.be\/blog_ot4n\/wp-content\/uploads\/2021\/09\/abbaye-nouvelle05-150x150.jpg 150w, https:\/\/www.on4cn.be\/blog_ot4n\/wp-content\/uploads\/2021\/09\/abbaye-nouvelle05-100x100.jpg 100w\" sizes=\"(max-width: 150px) 100vw, 150px\" \/><\/a><\/td>\n<td><a href=\"http:\/\/www.on4cn.be\/blog_ot4n\/wp-content\/uploads\/2021\/09\/abbaye-nouvelle06.jpg\" target=\"_blank\" rel=\"noopener\"><img loading=\"lazy\" decoding=\"async\" class=\"aligncenter size-thumbnail wp-image-1255\" src=\"http:\/\/www.on4cn.be\/blog_ot4n\/wp-content\/uploads\/2021\/09\/abbaye-nouvelle06-150x150.jpg\" alt=\"abbaye-nouvelle06 Claude ON4CN\" width=\"150\" height=\"150\" srcset=\"https:\/\/www.on4cn.be\/blog_ot4n\/wp-content\/uploads\/2021\/09\/abbaye-nouvelle06-150x150.jpg 150w, https:\/\/www.on4cn.be\/blog_ot4n\/wp-content\/uploads\/2021\/09\/abbaye-nouvelle06-100x100.jpg 100w\" sizes=\"(max-width: 150px) 100vw, 150px\" \/><\/a><\/td>\n<td><a href=\"http:\/\/www.on4cn.be\/blog_ot4n\/wp-content\/uploads\/2021\/09\/abbaye-nouvelle07.jpg\" target=\"_blank\" rel=\"noopener\"><img loading=\"lazy\" decoding=\"async\" class=\"aligncenter size-thumbnail wp-image-1256\" src=\"http:\/\/www.on4cn.be\/blog_ot4n\/wp-content\/uploads\/2021\/09\/abbaye-nouvelle07-150x150.jpg\" alt=\"abbaye-nouvelle07 Claude ON4CN\" width=\"150\" height=\"150\" srcset=\"https:\/\/www.on4cn.be\/blog_ot4n\/wp-content\/uploads\/2021\/09\/abbaye-nouvelle07-150x150.jpg 150w, https:\/\/www.on4cn.be\/blog_ot4n\/wp-content\/uploads\/2021\/09\/abbaye-nouvelle07-100x100.jpg 100w\" sizes=\"(max-width: 150px) 100vw, 150px\" \/><\/a><\/td>\n<td><a href=\"http:\/\/www.on4cn.be\/blog_ot4n\/wp-content\/uploads\/2021\/09\/abbaye-nouvelle08.jpg\" target=\"_blank\" rel=\"noopener\"><img loading=\"lazy\" decoding=\"async\" class=\"aligncenter size-thumbnail wp-image-1257\" src=\"http:\/\/www.on4cn.be\/blog_ot4n\/wp-content\/uploads\/2021\/09\/abbaye-nouvelle08-150x150.jpg\" alt=\"abbaye-nouvelle08 Claude ON4CN\" width=\"150\" height=\"150\" srcset=\"https:\/\/www.on4cn.be\/blog_ot4n\/wp-content\/uploads\/2021\/09\/abbaye-nouvelle08-150x150.jpg 150w, https:\/\/www.on4cn.be\/blog_ot4n\/wp-content\/uploads\/2021\/09\/abbaye-nouvelle08-100x100.jpg 100w\" sizes=\"(max-width: 150px) 100vw, 150px\" \/><\/a><\/td>\n<\/tr>\n<tr>\n<td colspan=\"4\"><center><strong>Cliquez sur une vignette pour agrandir la photo<\/strong><\/center><\/td>\n<\/tr>\n<\/tbody>\n<\/table>\n","protected":false},"excerpt":{"rendered":"<p>L&rsquo;Abbaye Nouvelle \u00e0 L\u00e9obard (46) Autres petits patrimoines dans le d\u00e9partement 46 (Lot) Implant\u00e9e en haut d\u2019un rocher calcaire, cette abbaye cistercienne ne devait pas manquer d\u2019allure si l\u2019on consid\u00e8re les vestiges en place. Qu\u2019est-il arriv\u00e9 \u00e0 cet ensemble pour \u00eatre en si piteux \u00e9tat ? Construite de 1260 \u00e0 1287, ravag\u00e9e pendant la guerre de Cent Ans et les guerres de religion. Au XVI\u00e8me si\u00e8cle, les moines r\u00e9investissent les lieux apr\u00e8s une restauration partielle. Les deux trav\u00e9es restantes de&#8230;<\/p>\n<p class=\"read-more\"><a class=\"btn btn-default\" href=\"https:\/\/www.on4cn.be\/blog_ot4n\/labbaye-nouvelle-a-leobard-46\/\">Lire la suite<span class=\"screen-reader-text\"> Lire la suite<\/span><\/a><\/p>\n","protected":false},"author":1,"featured_media":0,"parent":0,"menu_order":0,"comment_status":"closed","ping_status":"closed","template":"","meta":{"footnotes":""},"_links":{"self":[{"href":"https:\/\/www.on4cn.be\/blog_ot4n\/wp-json\/wp\/v2\/pages\/1245"}],"collection":[{"href":"https:\/\/www.on4cn.be\/blog_ot4n\/wp-json\/wp\/v2\/pages"}],"about":[{"href":"https:\/\/www.on4cn.be\/blog_ot4n\/wp-json\/wp\/v2\/types\/page"}],"author":[{"embeddable":true,"href":"https:\/\/www.on4cn.be\/blog_ot4n\/wp-json\/wp\/v2\/users\/1"}],"replies":[{"embeddable":true,"href":"https:\/\/www.on4cn.be\/blog_ot4n\/wp-json\/wp\/v2\/comments?post=1245"}],"version-history":[{"count":4,"href":"https:\/\/www.on4cn.be\/blog_ot4n\/wp-json\/wp\/v2\/pages\/1245\/revisions"}],"predecessor-version":[{"id":1259,"href":"https:\/\/www.on4cn.be\/blog_ot4n\/wp-json\/wp\/v2\/pages\/1245\/revisions\/1259"}],"wp:attachment":[{"href":"https:\/\/www.on4cn.be\/blog_ot4n\/wp-json\/wp\/v2\/media?parent=1245"}],"curies":[{"name":"wp","href":"https:\/\/api.w.org\/{rel}","templated":true}]}}