{"id":9456,"date":"2019-12-14T10:52:09","date_gmt":"2019-12-14T09:52:09","guid":{"rendered":"http:\/\/www.on4cn.be\/blog_radio\/?page_id=9456"},"modified":"2019-12-14T10:52:09","modified_gmt":"2019-12-14T09:52:09","slug":"installation-des-frequences-dexploitation","status":"publish","type":"page","link":"http:\/\/www.on4cn.be\/blog_radio\/installation-des-frequences-dexploitation\/","title":{"rendered":"Installation des fr\u00e9quences d&rsquo;exploitation"},"content":{"rendered":"<p><center><\/p>\n<table width=\"60%\">\n<tbody>\n<tr>\n<td><img loading=\"lazy\" decoding=\"async\" alt=\"news\" border=\"0\" height=\"66\" id=\"_x0000_i1026\" src=\"http:\/\/www.fediea.org\/images\/noticias.gif\" style=\"float:right;margin-bottom:5px;margin-top:0px;\" width=\"60\" \/><\/td>\n<td><center><strong><span style=\"color: #ff0000;\"><\/p>\n<h3>Installation des fr\u00e9quences d&rsquo;exploitation<\/h3>\n<p><\/span><\/strong><\/center><\/td>\n<td><img loading=\"lazy\" decoding=\"async\" alt=\"news\" border=\"0\" height=\"66\" id=\"_x0000_i1026\" src=\"http:\/\/www.fediea.org\/images\/noticias.gif\" style=\"float:right;margin-bottom:5px;margin-top:0px;\" width=\"60\" \/><\/td>\n<\/tr>\n<\/tbody>\n<\/table>\n<p><\/center><\/p>\n<p style=\"text-align: center;\"><b>Bonjour \u00e0 tous,<\/b><\/p>\n<p><center><b><span style=\"color: #ff0000;\"><\/p>\n<h4>Version traduite en Fran\u00e7ais via Google Translate<\/h4>\n<p><\/span><\/b><\/center><\/p>\n<p>Il existe deux m\u00e9thodes pour installer les fr\u00e9quences de fonctionnement du concours lors de l&rsquo;utilisation du syst\u00e8me d&rsquo;exploitation Windows. La premi\u00e8re option consiste \u00e0 les installer manuellement. La deuxi\u00e8me option consiste \u00e0 to <a href=\"#import\"><strong>les importer \u00e0 partir d&rsquo;un fichier.<\/strong><\/a>.<\/p>\n<p><span style=\"text-decoration: underline;\"><strong><a class=\"wpsal-anchor\" name=\"manual\" id=\"manual\"><\/a>Installation manuelle<\/strong><\/span><\/p>\n<p>Utilisez cette proc\u00e9dure pour installer manuellement les fr\u00e9quences de fonctionnement dans WSJT-X afin qu&rsquo;elles soient disponibles dans le menu d\u00e9roulant des fr\u00e9quences sur l&rsquo;\u00e9cran principal.<\/p>\n<p>1. Depuis l&rsquo;\u00e9cran principal WSJT-X, s\u00e9lectionnez Param\u00e8tres dans le menu Fichier<\/p>\n<p style=\"text-align: center;\"><img loading=\"lazy\" decoding=\"async\" aria-describedby=\"caption-attachment-5051\" class=\"wp-image-5051 size-full\" src=\"https:\/\/www.rttycontesting.com\/wp-content\/uploads\/2018\/10\/wsjtx001.jpg\" alt=\"\" width=\"360\" height=\"373\" srcset=\"https:\/\/www.rttycontesting.com\/wp-content\/uploads\/2018\/10\/wsjtx001.jpg 360w, https:\/\/www.rttycontesting.com\/wp-content\/uploads\/2018\/10\/wsjtx001-290x300.jpg 290w\" sizes=\"auto, (max-width: 360px) 100vw, 360px\" \/><br \/>Figure 1<\/p>\n<p><a class=\"wpsal-anchor\" name=\"5\" id=\"5\"><\/a>2. Avec les fr\u00e9quences r\u00e9pertori\u00e9es sur la page, cliquez avec le bouton droit de la souris dans la partie sup\u00e9rieure de la page et s\u00e9lectionnez \u00abIns\u00e9rer\u2026\u00bb<\/p>\n<p style=\"text-align: center;\"><img loading=\"lazy\" decoding=\"async\" aria-describedby=\"caption-attachment-5056\" class=\"wp-image-5056 size-full\" src=\"https:\/\/www.rttycontesting.com\/wp-content\/uploads\/2018\/10\/wsjtx005a.jpg\" alt=\"\" width=\"716\" height=\"339\" srcset=\"https:\/\/www.rttycontesting.com\/wp-content\/uploads\/2018\/10\/wsjtx005a.jpg 716w, https:\/\/www.rttycontesting.com\/wp-content\/uploads\/2018\/10\/wsjtx005a-300x142.jpg 300w\" sizes=\"auto, (max-width: 716px) 100vw, 716px\" \/><br \/>Figure 2<\/p>\n<p>3. Utilisez le menu d\u00e9roulant et faites d\u00e9filer vers le bas pour s\u00e9lectionner FT8 qui est le dernier mode r\u00e9pertori\u00e9.<\/p>\n<p style=\"text-align: center;\"><img loading=\"lazy\" decoding=\"async\" aria-describedby=\"caption-attachment-5060\" class=\"wp-image-5060 size-full\" src=\"https:\/\/www.rttycontesting.com\/wp-content\/uploads\/2018\/10\/wsjtx006a.jpg\" alt=\"\" width=\"488\" height=\"308\" srcset=\"https:\/\/www.rttycontesting.com\/wp-content\/uploads\/2018\/10\/wsjtx006a.jpg 488w, https:\/\/www.rttycontesting.com\/wp-content\/uploads\/2018\/10\/wsjtx006a-300x189.jpg 300w\" sizes=\"auto, (max-width: 488px) 100vw, 488px\" \/><br \/>Figure 6<\/p>\n<p>4. Dans la zone Fr\u00e9quence (MHz), saisissez manuellement la fr\u00e9quence que vous souhaitez ajouter en MHz, telle que 3,590, 7,090, 14,130, 21,130 ou 28,078. Une fois termin\u00e9, cliquez sur OK. Pour ajouter plus de fr\u00e9quences, r\u00e9p\u00e9tez la proc\u00e9dure indiqu\u00e9e dans <a href=\"#5\"><strong>Step 5<\/strong><\/a>.<\/p>\n<p style=\"text-align: center;\"><img loading=\"lazy\" decoding=\"async\" class=\"aligncenter size-full wp-image-6067\" src=\"https:\/\/www.rttycontesting.com\/wp-content\/uploads\/2019\/11\/wsjtx007aa.jpg\" alt=\"\" width=\"263\" height=\"161\" \/><\/p>\n<p>5. Tout en restant sur la page \u00e0 onglet Fr\u00e9quences, faites d\u00e9filer vers le bas pour vous assurer que la fr\u00e9quence que vous venez de cr\u00e9er est ins\u00e9r\u00e9e correctement. Une fois termin\u00e9, cliquez sur OK en bas de la page pour fermer l&rsquo;\u00e9cran Param\u00e8tres.<\/p>\n<p style=\"text-align: center;\"><img loading=\"lazy\" decoding=\"async\" class=\"aligncenter size-full wp-image-6068\" src=\"https:\/\/www.rttycontesting.com\/wp-content\/uploads\/2019\/11\/wsjtx008aa.jpg\" alt=\"\" width=\"566\" height=\"359\" srcset=\"https:\/\/www.rttycontesting.com\/wp-content\/uploads\/2019\/11\/wsjtx008aa.jpg 566w, https:\/\/www.rttycontesting.com\/wp-content\/uploads\/2019\/11\/wsjtx008aa-300x190.jpg 300w\" sizes=\"auto, (max-width: 566px) 100vw, 566px\" \/><\/p>\n<p>6. De retour sur l&rsquo;\u00e9cran principal WSJT-X, utilisez le menu d\u00e9roulant de fr\u00e9quence pour trouver la ou les fr\u00e9quences que vous avez cr\u00e9\u00e9es.<\/p>\n<p style=\"text-align: center;\"><img loading=\"lazy\" decoding=\"async\" class=\"aligncenter size-full wp-image-6069\" src=\"https:\/\/www.rttycontesting.com\/wp-content\/uploads\/2019\/11\/wsjtx009ba.jpg\" alt=\"\" width=\"275\" height=\"291\" \/><\/p>\n<p><span style=\"text-decoration: underline;\"><strong><a class=\"wpsal-anchor\" name=\"import\" id=\"import\"><\/a>Importer des fr\u00e9quences de concours \u00e0 partir d&rsquo;un fichier<\/strong><\/span><\/p>\n<p>Utilisez ces instructions pour enregistrer vos fr\u00e9quences standard actuelles, puis chargez les fr\u00e9quences du concours \u00e0 partir d&rsquo;un fichier.<\/p>\n<p><a class=\"wpsal-anchor\" name=\"1a\" id=\"1a\"><\/a>1a. T\u00e9l\u00e9chargez le fichier FT8 Contest Frequency nomm\u00e9 <strong>ft8-test-freqs.qrg<\/strong> en cliquant <strong><a href=\"https:\/\/www.aa5au.com\/files\/ft8-test-freqs.qrg\">ICI<\/a> <\/strong> et enregistrez-le sur votre disque dur. J&rsquo;ai enregistr\u00e9 le mien dans mon r\u00e9pertoire de journaux WSJT-X. (REMARQUE: ce fichier n&rsquo;a pas \u00e9t\u00e9 mis \u00e0 jour avec les fr\u00e9quences FT4 et certaines des fr\u00e9quences FT8 peuvent ne pas \u00eatre correctes. Si vous utilisez ce fichier, vous devrez ajouter des fr\u00e9quences FT4 et corriger les fr\u00e9quences FT8 qui ne sont pas correctes.)<\/p>\n<p>2a. Ouvrez WSJT-X s&rsquo;il n&rsquo;est pas d\u00e9j\u00e0 ouvert. Appuyez sur F2 ou dans le menu Fichier, s\u00e9lectionnez Param\u00e8tres.<\/p>\n<p style=\"text-align: center;\"><img loading=\"lazy\" decoding=\"async\" aria-describedby=\"caption-attachment-5236\" class=\"wp-image-5236 size-full\" src=\"https:\/\/www.rttycontesting.com\/wp-content\/uploads\/2018\/12\/wsjtx035.jpg\" alt=\"\" width=\"287\" height=\"325\" srcset=\"https:\/\/www.rttycontesting.com\/wp-content\/uploads\/2018\/12\/wsjtx035.jpg 287w, https:\/\/www.rttycontesting.com\/wp-content\/uploads\/2018\/12\/wsjtx035-265x300.jpg 265w\" sizes=\"auto, (max-width: 287px) 100vw, 287px\" \/><br \/>Figure 10<\/p>\n<p>3a. Acc\u00e9dez \u00e0 l&rsquo;\u00e9cran de l&rsquo;onglet Fr\u00e9quences. Enregistrez votre liste de fr\u00e9quences standard actuelle afin de pouvoir y revenir apr\u00e8s le concours en cliquant avec le bouton droit n&rsquo;importe o\u00f9 dans la liste des fr\u00e9quences et en s\u00e9lectionnant \u00abEnregistrer sous\u2026\u00bb.<\/p>\n<p style=\"text-align: center;\"><img loading=\"lazy\" decoding=\"async\" aria-describedby=\"caption-attachment-5238\" class=\"wp-image-5238 size-full\" src=\"https:\/\/www.rttycontesting.com\/wp-content\/uploads\/2018\/12\/wsjtx028.jpg\" alt=\"\" width=\"554\" height=\"365\" srcset=\"https:\/\/www.rttycontesting.com\/wp-content\/uploads\/2018\/12\/wsjtx028.jpg 554w, https:\/\/www.rttycontesting.com\/wp-content\/uploads\/2018\/12\/wsjtx028-300x198.jpg 300w\" sizes=\"auto, (max-width: 554px) 100vw, 554px\" \/><br \/>Figure 11<\/p>\n<p><a class=\"wpsal-anchor\" name=\"4a\" id=\"4a\"><\/a>4a. Lorsque la fen\u00eatre Enregistrer les fr\u00e9quences de travail s&rsquo;ouvre, saisissez le nom de fichier que vous souhaitez nommer, puis cliquez sur Enregistrer.<\/p>\n<p style=\"text-align: center;\"><img loading=\"lazy\" decoding=\"async\" aria-describedby=\"caption-attachment-5240\" class=\"wp-image-5240 size-full\" src=\"https:\/\/www.rttycontesting.com\/wp-content\/uploads\/2018\/12\/wsjtx029.jpg\" alt=\"\" width=\"655\" height=\"533\" srcset=\"https:\/\/www.rttycontesting.com\/wp-content\/uploads\/2018\/12\/wsjtx029.jpg 655w, https:\/\/www.rttycontesting.com\/wp-content\/uploads\/2018\/12\/wsjtx029-300x244.jpg 300w\" sizes=\"auto, (max-width: 655px) 100vw, 655px\" \/><br \/>Figure 12<\/p>\n<p>5a. Une fen\u00eatre appara\u00eetra vous demandant si vous souhaitez enregistrer uniquement les fr\u00e9quences de travail s\u00e9lectionn\u00e9es. Sauver <span style=\"text-decoration: underline;\">tout<\/span> fr\u00e9quences cliquez <strong>No<\/strong>.<\/p>\n<p style=\"text-align: center;\"><img loading=\"lazy\" decoding=\"async\" aria-describedby=\"caption-attachment-5241\" class=\"wp-image-5241 size-full\" src=\"https:\/\/www.rttycontesting.com\/wp-content\/uploads\/2018\/12\/wsjtx030.jpg\" alt=\"\" width=\"275\" height=\"162\" \/><\/p>\n<p id=\"caption-attachment-5241\" class=\"wp-caption-text\">Figure 13<\/p>\n<\/div>\n<p>6a. Pour importer le fichier de fr\u00e9quence du concours que vous avez t\u00e9l\u00e9charg\u00e9 dans <a href=\"#1a\"><strong>Step 1a<\/strong><\/a>, faites un clic droit dans la liste des fr\u00e9quences et s\u00e9lectionnez \u00abCharger\u2026\u00bb<\/p>\n<p style=\"text-align: center;\"><img loading=\"lazy\" decoding=\"async\" aria-describedby=\"caption-attachment-5242\" class=\"wp-image-5242 size-full\" src=\"https:\/\/www.rttycontesting.com\/wp-content\/uploads\/2018\/12\/wsjtx031.jpg\" alt=\"\" width=\"554\" height=\"560\" srcset=\"https:\/\/www.rttycontesting.com\/wp-content\/uploads\/2018\/12\/wsjtx031.jpg 554w, https:\/\/www.rttycontesting.com\/wp-content\/uploads\/2018\/12\/wsjtx031-297x300.jpg 297w, https:\/\/www.rttycontesting.com\/wp-content\/uploads\/2018\/12\/wsjtx031-90x90.jpg 90w, https:\/\/www.rttycontesting.com\/wp-content\/uploads\/2018\/12\/wsjtx031-75x75.jpg 75w\" sizes=\"auto, (max-width: 554px) 100vw, 554px\" \/><br \/>Figure 14<\/p>\n<p>7a. Lorsque la fen\u00eatre Charger les fr\u00e9quences de travail appara\u00eet, acc\u00e9dez \u00e0 l&#8217;emplacement o\u00f9 vous avez enregistr\u00e9 le fichier de fr\u00e9quence du concours <strong>ft8-test-freqs.qrg<\/strong>. S\u00e9lectionnez le fichier et cliquez sur Ouvrir.<\/p>\n<p style=\"text-align: center;\"><img loading=\"lazy\" decoding=\"async\" aria-describedby=\"caption-attachment-5243\" class=\"wp-image-5243 size-full\" src=\"https:\/\/www.rttycontesting.com\/wp-content\/uploads\/2018\/12\/wsjtx032.jpg\" alt=\"\" width=\"655\" height=\"535\" srcset=\"https:\/\/www.rttycontesting.com\/wp-content\/uploads\/2018\/12\/wsjtx032.jpg 655w, https:\/\/www.rttycontesting.com\/wp-content\/uploads\/2018\/12\/wsjtx032-300x245.jpg 300w\" sizes=\"auto, (max-width: 655px) 100vw, 655px\" \/><br \/>Figure 15<\/p>\n<p>8a. Une fen\u00eatre s&rsquo;ouvrira vous demandant de remplacer les fr\u00e9quences de travail. S\u00e9lectionner <strong>Yes<\/strong>.<\/p>\n<p style=\"text-align: center;\"><img loading=\"lazy\" decoding=\"async\" aria-describedby=\"caption-attachment-5244\" class=\"wp-image-5244 size-full\" src=\"https:\/\/www.rttycontesting.com\/wp-content\/uploads\/2018\/12\/wsjtx033.jpg\" alt=\"\" width=\"268\" height=\"162\" \/><\/p>\n<p id=\"caption-attachment-5244\" class=\"wp-caption-text\">Figure 16<\/p>\n<\/div>\n<p>9a. Confirmez que les fr\u00e9quences du concours sont maintenant install\u00e9es.<\/p>\n<p style=\"text-align: center;\"><img loading=\"lazy\" decoding=\"async\" aria-describedby=\"caption-attachment-5257\" class=\"wp-image-5257 size-full\" src=\"https:\/\/www.rttycontesting.com\/wp-content\/uploads\/2018\/12\/wsjtx036a.jpg\" alt=\"\" width=\"554\" height=\"318\" srcset=\"https:\/\/www.rttycontesting.com\/wp-content\/uploads\/2018\/12\/wsjtx036a.jpg 554w, https:\/\/www.rttycontesting.com\/wp-content\/uploads\/2018\/12\/wsjtx036a-300x172.jpg 300w\" sizes=\"auto, (max-width: 554px) 100vw, 554px\" \/><br \/>Figure 17<\/p>\n<p>10a. Pour revenir \u00e0 vos fr\u00e9quences de fonctionnement standard apr\u00e8s le concours, faites un clic droit dans la liste des fr\u00e9quences et s\u00e9lectionnez \u00abCharger\u2026\u00bb Naviguez jusqu&rsquo;\u00e0 l&#8217;emplacement du fichier de fr\u00e9quences standard que vous avez export\u00e9 dans <a href=\"#4a\"><strong>Step 4a<\/strong><\/a> et s\u00e9lectionnez Ouvrir. Lorsqu&rsquo;on vous demande si vous souhaitez remplacer la fr\u00e9quence de travail actuelle, s\u00e9lectionnez Oui.<\/p>\n<p style=\"text-align: center;\"><img loading=\"lazy\" decoding=\"async\" aria-describedby=\"caption-attachment-5248\" class=\"wp-image-5248 size-full\" src=\"https:\/\/www.rttycontesting.com\/wp-content\/uploads\/2018\/12\/wsjtx034.jpg\" alt=\"\" width=\"655\" height=\"536\" srcset=\"https:\/\/www.rttycontesting.com\/wp-content\/uploads\/2018\/12\/wsjtx034.jpg 655w, https:\/\/www.rttycontesting.com\/wp-content\/uploads\/2018\/12\/wsjtx034-300x245.jpg 300w\" sizes=\"auto, (max-width: 655px) 100vw, 655px\" \/><br \/>Figure 18<\/p>\n<p>11a. Confirmez que vos fr\u00e9quences standard sont maintenant de retour et affich\u00e9es.<\/p>\n<p style=\"text-align: center;\"><img loading=\"lazy\" decoding=\"async\" aria-describedby=\"caption-attachment-5250\" class=\"wp-image-5250 size-full\" src=\"https:\/\/www.rttycontesting.com\/wp-content\/uploads\/2018\/12\/wsjtx037.jpg\" alt=\"\" width=\"554\" height=\"323\" srcset=\"https:\/\/www.rttycontesting.com\/wp-content\/uploads\/2018\/12\/wsjtx037.jpg 554w, https:\/\/www.rttycontesting.com\/wp-content\/uploads\/2018\/12\/wsjtx037-300x175.jpg 300w\" sizes=\"auto, (max-width: 554px) 100vw, 554px\" \/><br \/>Figure 19<\/p>\n<p><center><b>RTTYCONTESTING.COM<\/b> <a href=\"https:\/\/www.rttycontesting.com\/ft8-roundup\/\" target=\"_blank\" rel=\"noopener noreferrer\"><span style=\"color: #0000ff;\"><b>Source de d&rsquo;info <\/b><\/span><\/a><\/center><\/p>\n","protected":false},"excerpt":{"rendered":"<p>Installation des fr\u00e9quences d&rsquo;exploitation Bonjour \u00e0 tous, Version traduite en Fran\u00e7ais via Google Translate Il existe deux m\u00e9thodes pour installer les fr\u00e9quences de fonctionnement du concours lors de l&rsquo;utilisation du syst\u00e8me d&rsquo;exploitation Windows. La premi\u00e8re option consiste \u00e0 les installer manuellement. La deuxi\u00e8me option consiste \u00e0 to les importer \u00e0 partir d&rsquo;un fichier.. Installation manuelle &hellip; <a href=\"http:\/\/www.on4cn.be\/blog_radio\/installation-des-frequences-dexploitation\/\" class=\"more-link\">Continuer la lecture<span class=\"screen-reader-text\"> de &laquo;&nbsp;Installation des fr\u00e9quences d&rsquo;exploitation&nbsp;&raquo;<\/span><\/a><\/p>\n","protected":false},"author":1,"featured_media":0,"parent":0,"menu_order":0,"comment_status":"closed","ping_status":"closed","template":"page-template-full.php","meta":{"footnotes":""},"class_list":["post-9456","page","type-page","status-publish","hentry"],"_links":{"self":[{"href":"http:\/\/www.on4cn.be\/blog_radio\/wp-json\/wp\/v2\/pages\/9456","targetHints":{"allow":["GET"]}}],"collection":[{"href":"http:\/\/www.on4cn.be\/blog_radio\/wp-json\/wp\/v2\/pages"}],"about":[{"href":"http:\/\/www.on4cn.be\/blog_radio\/wp-json\/wp\/v2\/types\/page"}],"author":[{"embeddable":true,"href":"http:\/\/www.on4cn.be\/blog_radio\/wp-json\/wp\/v2\/users\/1"}],"replies":[{"embeddable":true,"href":"http:\/\/www.on4cn.be\/blog_radio\/wp-json\/wp\/v2\/comments?post=9456"}],"version-history":[{"count":0,"href":"http:\/\/www.on4cn.be\/blog_radio\/wp-json\/wp\/v2\/pages\/9456\/revisions"}],"wp:attachment":[{"href":"http:\/\/www.on4cn.be\/blog_radio\/wp-json\/wp\/v2\/media?parent=9456"}],"curies":[{"name":"wp","href":"https:\/\/api.w.org\/{rel}","templated":true}]}}