{"id":9453,"date":"2019-12-14T10:50:47","date_gmt":"2019-12-14T09:50:47","guid":{"rendered":"http:\/\/www.on4cn.be\/blog_radio\/?page_id=9453"},"modified":"2019-12-14T10:50:47","modified_gmt":"2019-12-14T09:50:47","slug":"avant-le-debut-du-concours","status":"publish","type":"page","link":"http:\/\/www.on4cn.be\/blog_radio\/avant-le-debut-du-concours\/","title":{"rendered":"Avant le d\u00e9but du concours"},"content":{"rendered":"<p><center><\/p>\n<table width=\"60%\">\n<tbody>\n<tr>\n<td><img loading=\"lazy\" decoding=\"async\" alt=\"news\" border=\"0\" height=\"66\" id=\"_x0000_i1026\" src=\"http:\/\/www.fediea.org\/images\/noticias.gif\" style=\"float:right;margin-bottom:5px;margin-top:0px;\" width=\"60\" \/><\/td>\n<td><center><strong><span style=\"color: #ff0000;\"><\/p>\n<h3>Avant le d\u00e9but du concours<\/h3>\n<p><\/span><\/strong><\/center><\/td>\n<td><img loading=\"lazy\" decoding=\"async\" alt=\"news\" border=\"0\" height=\"66\" id=\"_x0000_i1026\" src=\"http:\/\/www.fediea.org\/images\/noticias.gif\" style=\"float:right;margin-bottom:5px;margin-top:0px;\" width=\"60\" \/><\/td>\n<\/tr>\n<\/tbody>\n<\/table>\n<p><\/center><\/p>\n<p style=\"text-align: center;\"><b>Bonjour \u00e0 tous,<\/b><\/p>\n<p><center><b><span style=\"color: #ff0000;\"><\/p>\n<h4>Version traduite en Fran\u00e7ais via Google Translate<\/h4>\n<p><\/span><\/b><\/center><\/p>\n<p> Avant le d\u00e9but du concours, r\u00e9initialisez le fichier Cabrillo. Cela peut ne pas \u00eatre n\u00e9cessaire, mais si vous avez particip\u00e9 \u00e0 l&rsquo;un des tests WSJT-X RTTY Roundup ou \u00e0 des s\u00e9ances d&rsquo;entra\u00eenement FT Roundup, vous devez r\u00e9initialiser le fichier Cabrillo afin d&rsquo;avoir un fichier propre pour le concours. Pour r\u00e9initialiser le fichier Cabrillo, allez dans le menu Fichier et s\u00e9lectionnez \u00abR\u00e9initialiser le journal Cabrillo\u00bb. Apr\u00e8s le concours, vous <a href=\"https:\/\/www.rttycontesting.com\/ft8-roundup\/preparation\/cabrillo-log-preparation\/\"><strong>Export the Cabrillo<\/strong><\/a>  fichier..<\/p>\n<p style=\"text-align: center;\"><img loading=\"lazy\" decoding=\"async\" aria-describedby=\"caption-attachment-5164\" class=\"wp-image-5164 size-full\" src=\"https:\/\/www.rttycontesting.com\/wp-content\/uploads\/2018\/11\/wsjtx015.jpg\" alt=\"\" width=\"304\" height=\"355\" srcset=\"https:\/\/www.rttycontesting.com\/wp-content\/uploads\/2018\/11\/wsjtx015.jpg 304w, https:\/\/www.rttycontesting.com\/wp-content\/uploads\/2018\/11\/wsjtx015-257x300.jpg 257w\" sizes=\"auto, (max-width: 304px) 100vw, 304px\" \/><br \/>Figure 1<\/p>\n<p>De plus, afin d&rsquo;obtenir un codage couleur correct pour les dupes et les nouvelles stations, vous devez effacer le fichier wsjtx_log.adi. <strong>Avant d&rsquo;effacer wsjtx_log.adi, pensez d&rsquo;abord \u00e0 ce que vous vous appr\u00eatez \u00e0 faire<\/strong><\/p>\n<p>Le fichier wsjtx_log.adi est un fichier important. Il s&rsquo;agit d&rsquo;un fichier ADIF qui contient tous les QSO cr\u00e9\u00e9s avec WSJT-X. Ce fichier est lu au d\u00e9marrage de WSJT-X et utilis\u00e9 pour coder par couleur les indicatifs d&rsquo;appel d\u00e9cod\u00e9s pour indiquer s&rsquo;il s&rsquo;agit de nouvelles stations, de nouvelles stations sur une bande, de nouvelles grilles, etc. La suppression de ce fichier signifie que vous supprimez toutes ces informations importantes.<\/p>\n<p>Dans la plupart des cas, le fichier wsjtx_log.adi peut \u00eatre remplac\u00e9 en exportant tous vos contacts FT8 (ou tout autre mode WSJT-X) \u00e0 partir de votre programme de journalisation g\u00e9n\u00e9ral, en nommant le fichier wsjtx_log.adi et en le copiant dans le r\u00e9pertoire des journaux WSJT-X. Pour acc\u00e9der au r\u00e9pertoire des journaux WSJT-X, vous pouvez choisir \u00abOuvrir le r\u00e9pertoire des journaux\u00bb dans le menu Fichier.<\/p>\n<p style=\"text-align: center;\"><img loading=\"lazy\" decoding=\"async\" aria-describedby=\"caption-attachment-5168\" class=\"wp-image-5168 size-full\" src=\"https:\/\/www.rttycontesting.com\/wp-content\/uploads\/2018\/11\/wsjtx016.jpg\" alt=\"\" width=\"304\" height=\"353\" srcset=\"https:\/\/www.rttycontesting.com\/wp-content\/uploads\/2018\/11\/wsjtx016.jpg 304w, https:\/\/www.rttycontesting.com\/wp-content\/uploads\/2018\/11\/wsjtx016-258x300.jpg 258w\" sizes=\"auto, (max-width: 304px) 100vw, 304px\" \/><br \/>Figure 2<\/p>\n<p>Si vous souhaitez conserver votre fichier wsjtx_log.adi, simplement \u00abOuvrir le r\u00e9pertoire des journaux\u00bb dans le menu Fichier et renommer wsjtx_adi.log en quelque chose comme wsjtx_log.bak, puis red\u00e9marrez WSJT-X.<\/p>\n<p>Pour effacer wsjtx_log.adi, choisissez \u00abEffacer wsjtx_log.adi\u00bb dans le menu Fichier.<\/p>\n<p style=\"text-align: center;\"><img loading=\"lazy\" decoding=\"async\" aria-describedby=\"caption-attachment-5169\" class=\"wp-image-5169 size-full\" src=\"https:\/\/www.rttycontesting.com\/wp-content\/uploads\/2018\/11\/wsjtx017.jpg\" alt=\"\" width=\"302\" height=\"353\" srcset=\"https:\/\/www.rttycontesting.com\/wp-content\/uploads\/2018\/11\/wsjtx017.jpg 302w, https:\/\/www.rttycontesting.com\/wp-content\/uploads\/2018\/11\/wsjtx017-257x300.jpg 257w\" sizes=\"auto, (max-width: 302px) 100vw, 302px\" \/><br \/>Figure 3<\/p>\n<p>IMPORTANT! R\u00e9initialisez la surbrillance des couleurs avant de commencer le concours. C&rsquo;est ainsi que les stations d\u00e9j\u00e0 travaill\u00e9es (dupes) apparaissent en vert (ou quelle que soit la couleur que vous souhaitez faire) et que les nouvelles stations apparaissent dans d&rsquo;autres couleurs. Acc\u00e9dez \u00e0 l&rsquo;\u00e9cran Param\u00e8tres> Couleurs et cliquez sur \u00abR\u00e9initialiser la surbrillance\u00bb.<\/p>\n<p style=\"text-align: center;\"><img loading=\"lazy\" decoding=\"async\" aria-describedby=\"caption-attachment-5230\" class=\"wp-image-5230 size-full\" src=\"https:\/\/www.rttycontesting.com\/wp-content\/uploads\/2018\/11\/wsjtx025.jpg\" alt=\"\" width=\"541\" height=\"556\" srcset=\"https:\/\/www.rttycontesting.com\/wp-content\/uploads\/2018\/11\/wsjtx025.jpg 541w, https:\/\/www.rttycontesting.com\/wp-content\/uploads\/2018\/11\/wsjtx025-292x300.jpg 292w\" sizes=\"auto, (max-width: 541px) 100vw, 541px\" \/><br \/>Figure 4<\/p>\n<p>Confirmez la r\u00e9initialisation de la mise en surbrillance du d\u00e9codage en cliquant sur Oui.<\/p>\n<p style=\"text-align: center;\"><img loading=\"lazy\" decoding=\"async\" aria-describedby=\"caption-attachment-5231\" class=\"wp-image-5231 size-full\" src=\"https:\/\/www.rttycontesting.com\/wp-content\/uploads\/2018\/11\/wsjtx026.jpg\" alt=\"\" width=\"302\" height=\"221\" srcset=\"https:\/\/www.rttycontesting.com\/wp-content\/uploads\/2018\/11\/wsjtx026.jpg 302w, https:\/\/www.rttycontesting.com\/wp-content\/uploads\/2018\/11\/wsjtx026-300x220.jpg 300w\" sizes=\"auto, (max-width: 302px) 100vw, 302px\" \/><br \/>Figure 5<\/p>\n<p>L&rsquo;\u00e9cran couleur se r\u00e9initialise. Une fois r\u00e9initialis\u00e9, activez ou d\u00e9sactivez les options comme indiqu\u00e9 ci-dessous. Les plus importants sont \u00abNew Grid\u00bb et \u00abNew Grid on Band\u00bb car les grilles ne sont pas des multiplicateurs. Assurez-vous que ceux-ci ne sont pas coch\u00e9s.<\/p>\n<p style=\"text-align: center;\"><img loading=\"lazy\" decoding=\"async\" aria-describedby=\"caption-attachment-5232\" class=\"wp-image-5232 size-full\" src=\"https:\/\/www.rttycontesting.com\/wp-content\/uploads\/2018\/11\/wsjtx027.jpg\" alt=\"\" width=\"540\" height=\"454\" srcset=\"https:\/\/www.rttycontesting.com\/wp-content\/uploads\/2018\/11\/wsjtx027.jpg 540w, https:\/\/www.rttycontesting.com\/wp-content\/uploads\/2018\/11\/wsjtx027-300x252.jpg 300w\" sizes=\"auto, (max-width: 540px) 100vw, 540px\" \/><br \/>Figure 6<\/p>\n<p>Une fois les modifications termin\u00e9es, cliquez sur OK.<\/p>\n<p><center><b>RTTYCONTESTING.COM<\/b> <a href=\"https:\/\/www.rttycontesting.com\/ft8-roundup\/\" target=\"_blank\" rel=\"noopener noreferrer\"><span style=\"color: #0000ff;\"><b>Source de d&rsquo;info <\/b><\/span><\/a><\/center><\/p>\n","protected":false},"excerpt":{"rendered":"<p>Avant le d\u00e9but du concours Bonjour \u00e0 tous, Version traduite en Fran\u00e7ais via Google Translate Avant le d\u00e9but du concours, r\u00e9initialisez le fichier Cabrillo. Cela peut ne pas \u00eatre n\u00e9cessaire, mais si vous avez particip\u00e9 \u00e0 l&rsquo;un des tests WSJT-X RTTY Roundup ou \u00e0 des s\u00e9ances d&rsquo;entra\u00eenement FT Roundup, vous devez r\u00e9initialiser le fichier Cabrillo &hellip; <a href=\"http:\/\/www.on4cn.be\/blog_radio\/avant-le-debut-du-concours\/\" class=\"more-link\">Continuer la lecture<span class=\"screen-reader-text\"> de &laquo;&nbsp;Avant le d\u00e9but du concours&nbsp;&raquo;<\/span><\/a><\/p>\n","protected":false},"author":1,"featured_media":0,"parent":0,"menu_order":0,"comment_status":"closed","ping_status":"closed","template":"page-template-full.php","meta":{"footnotes":""},"class_list":["post-9453","page","type-page","status-publish","hentry"],"_links":{"self":[{"href":"http:\/\/www.on4cn.be\/blog_radio\/wp-json\/wp\/v2\/pages\/9453","targetHints":{"allow":["GET"]}}],"collection":[{"href":"http:\/\/www.on4cn.be\/blog_radio\/wp-json\/wp\/v2\/pages"}],"about":[{"href":"http:\/\/www.on4cn.be\/blog_radio\/wp-json\/wp\/v2\/types\/page"}],"author":[{"embeddable":true,"href":"http:\/\/www.on4cn.be\/blog_radio\/wp-json\/wp\/v2\/users\/1"}],"replies":[{"embeddable":true,"href":"http:\/\/www.on4cn.be\/blog_radio\/wp-json\/wp\/v2\/comments?post=9453"}],"version-history":[{"count":0,"href":"http:\/\/www.on4cn.be\/blog_radio\/wp-json\/wp\/v2\/pages\/9453\/revisions"}],"wp:attachment":[{"href":"http:\/\/www.on4cn.be\/blog_radio\/wp-json\/wp\/v2\/media?parent=9453"}],"curies":[{"name":"wp","href":"https:\/\/api.w.org\/{rel}","templated":true}]}}