{"id":8782,"date":"2019-07-15T16:25:32","date_gmt":"2019-07-15T15:25:32","guid":{"rendered":"http:\/\/www.on4cn.be\/blog_radio\/?page_id=8782"},"modified":"2019-07-15T16:28:07","modified_gmt":"2019-07-15T15:28:07","slug":"wsjt-x-ft8-et-licom-7300","status":"publish","type":"page","link":"http:\/\/www.on4cn.be\/blog_radio\/wsjt-x-ft8-et-licom-7300\/","title":{"rendered":"WSJT-X FT8 et l&rsquo;Icom 7300"},"content":{"rendered":"<p><center><strong><span style=\"color: #ff0000;\"><\/p>\n<h4>WSJT-X FT8 et l&rsquo;Icom 7300 : la solution de facilit\u00e9!<\/h4>\n<p><\/span><\/strong><\/center><\/p>\n<p style=\"text-align: center;\">Cherchez-vous un moyen simple d&rsquo;essayer le nouveau mode WSJT-X FT8 ?<\/p>\n<p style=\"text-align: center;\"><img loading=\"lazy\" decoding=\"async\" src=\"http:\/\/www.on4cn.be\/blog_radio\/wp-content\/uploads\/2019\/07\/ON4CN-1.jpg\" width=\"550\" height=\"350\" alt=\"ON4CN Icom 7300\" \/><\/a><\/p>\n<p style=\"text-align: center;\">Si vous poss\u00e9dez Icom 7300, je vous assure que cela ne peut pas \u00eatre plus facile ni meilleur.<br \/>\nAucune carte son externe (Signalink) ni aucun autre mat\u00e9riel n\u2019est n\u00e9cessaire. Le 7300 suffi Icom. La seule chose n\u00e9cessaire est un c\u00e2ble USB<br \/>\n(installez le pilote d&rsquo;Icom avant de connecter un c\u00e2ble USB) et WSJT-X.<\/p>\n<p style=\"text-align: center;\"><img loading=\"lazy\" decoding=\"async\" src=\"http:\/\/www.on4cn.be\/blog_radio\/wp-content\/uploads\/2019\/07\/ON4CN-2.jpg\" width=\"550\" height=\"350\" alt=\"ON4CN Icom 7300\" \/><\/a><\/p>\n<p><b>Installation Super Simple<\/b><br \/>\nJe mettrai le lien de t\u00e9l\u00e9chargement ci-dessous. C\u2019est un coffre-fort, petit et programme facile \u00e0 utiliser sur votre ordinateur. Windows, Linux<br \/>\net Macintosh sont pris en charge. Allez sur le lien ci-dessous, cliquez dessus et t\u00e9l\u00e9chargez le fichier sur votre ordinateur. \u00c0 partir de l\u00e0<br \/>\nvarie selon le syst\u00e8me d&rsquo;exploitation de l&rsquo;ordinateur, mais sous Windows, il suffit de cliquer deux fois le fichier t\u00e9l\u00e9charg\u00e9 et passez par l&rsquo;installation<br \/>\ninstructions. C&rsquo;est super simple!<\/p>\n<p><b>Important :<\/b><br \/>\nUtilisez un programme de synchronisation du temps. J&rsquo;utilise NetTime.<a href=\"http:\/\/www.timesynctool.com\/\" target=\"_blank\" rel=\"noopener noreferrer\"><b><span style=\"color: #0000ff;\"> ICI<\/span><\/b><\/a><\/p>\n<p style=\"text-align: center;\"><img loading=\"lazy\" decoding=\"async\" src=\"http:\/\/www.on4cn.be\/blog_radio\/wp-content\/uploads\/2019\/07\/ON4CN-3.jpg\" width=\"550\" height=\"350\" alt=\"ON4CN Icom 7300\" \/><\/a><\/p>\n<p>Sources et r\u00e9f\u00e9rences<\/p>\n<p>WSJT-X t\u00e9l\u00e9chargez <a href=\"https:\/\/www.physics.princeton.edu\/pulsar\/K1JT\/wsjtx.html\" target=\"_blank\" rel=\"noopener noreferrer\"><b><span style=\"color: #0000ff;\"> ICI<\/span><\/b><\/a><\/p>\n<p>Utiliser le graphique large  <a href=\"http:\/\/www.k0pir.us\/wsjt-x-wide-graph-getting-right\/\" target=\"_blank\" rel=\"noopener noreferrer\"><b><span style=\"color: #0000ff;\"> ICI<\/span><\/b><\/a><\/p>\n<p>Param\u00e8tres du r\u00e9cepteur Icom 7300 pour le num\u00e9rique <a href=\"http:\/\/www.k0pir.us\/icom-7300-receiver-settings\/\" target=\"_blank\" rel=\"noopener noreferrer\"><b><span style=\"color: #0000ff;\"> ICI<\/span><\/b><\/a><\/p>\n<p>Icom 7300 Easy Transmitter Settings Pour Digital <a href=\"http:\/\/www.k0pir.us\/transmitter-settings-digital-operation\/\" target=\"_blank\" rel=\"noopener noreferrer\"><b><span style=\"color: #0000ff;\"> ICI<\/span><\/b><\/a><\/p>\n<p><b>Param\u00e8tres Icom 7300 qui fonctionnent :<\/b><br \/>\n<b>Connecteurs<\/b><\/p>\n<ul>\n<li>DATA OFF MOD = MIC, ACC<\/li>\n<li>DATA MOD = USB<\/li>\n<li>Fonction s\u00e9rie USB = CI-V<\/li>\n<li>CI-V<\/li>\n<li>Taux bauds CI-V = AUTO<\/li>\n<li>Adresse CI-V = 94h<\/li>\n<li>Transceive CI-V = ON<\/li>\n<li>CI-V USB PORT = UNLINK de REMOTE<\/li>\n<li>D\u00e9bit BAUD USB CI-V = 115200<\/li>\n<li>CI-V USB Echo Retour = ON<\/li>\n<\/ul>\n<p style=\"text-align: center;\">J&rsquo;ai trouv\u00e9 toutes les infos sur le site de K0PIR <a href=\"http:\/\/www.k0pir.us\/icom-7300-wsjt-x-ft8-easy-way\/\" target=\"_blank\" rel=\"noopener noreferrer\"><b><span style=\"color: #0000ff;\"> ICI<\/span><\/b><\/a><br \/>\nBon trafic 73&rsquo;s<br \/> Claude ON4CN<\/p>\n","protected":false},"excerpt":{"rendered":"<p>WSJT-X FT8 et l&rsquo;Icom 7300 : la solution de facilit\u00e9! Cherchez-vous un moyen simple d&rsquo;essayer le nouveau mode WSJT-X FT8 ? Si vous poss\u00e9dez Icom 7300, je vous assure que cela ne peut pas \u00eatre plus facile ni meilleur. Aucune carte son externe (Signalink) ni aucun autre mat\u00e9riel n\u2019est n\u00e9cessaire. Le 7300 suffi Icom. La &hellip; <a href=\"http:\/\/www.on4cn.be\/blog_radio\/wsjt-x-ft8-et-licom-7300\/\" class=\"more-link\">Continuer la lecture<span class=\"screen-reader-text\"> de &laquo;&nbsp;WSJT-X FT8 et l&rsquo;Icom 7300&nbsp;&raquo;<\/span><\/a><\/p>\n","protected":false},"author":1,"featured_media":0,"parent":0,"menu_order":0,"comment_status":"closed","ping_status":"closed","template":"","meta":{"footnotes":""},"class_list":["post-8782","page","type-page","status-publish","hentry"],"_links":{"self":[{"href":"http:\/\/www.on4cn.be\/blog_radio\/wp-json\/wp\/v2\/pages\/8782","targetHints":{"allow":["GET"]}}],"collection":[{"href":"http:\/\/www.on4cn.be\/blog_radio\/wp-json\/wp\/v2\/pages"}],"about":[{"href":"http:\/\/www.on4cn.be\/blog_radio\/wp-json\/wp\/v2\/types\/page"}],"author":[{"embeddable":true,"href":"http:\/\/www.on4cn.be\/blog_radio\/wp-json\/wp\/v2\/users\/1"}],"replies":[{"embeddable":true,"href":"http:\/\/www.on4cn.be\/blog_radio\/wp-json\/wp\/v2\/comments?post=8782"}],"version-history":[{"count":0,"href":"http:\/\/www.on4cn.be\/blog_radio\/wp-json\/wp\/v2\/pages\/8782\/revisions"}],"wp:attachment":[{"href":"http:\/\/www.on4cn.be\/blog_radio\/wp-json\/wp\/v2\/media?parent=8782"}],"curies":[{"name":"wp","href":"https:\/\/api.w.org\/{rel}","templated":true}]}}