{"id":7783,"date":"2018-12-16T05:34:54","date_gmt":"2018-12-16T04:34:54","guid":{"rendered":"http:\/\/www.on4cn.be\/blog_radio\/?page_id=7783"},"modified":"2018-12-16T05:34:54","modified_gmt":"2018-12-16T04:34:54","slug":"realisations-rx-ardf-80m","status":"publish","type":"page","link":"http:\/\/www.on4cn.be\/blog_radio\/realisations-rx-ardf-80m\/","title":{"rendered":"R\u00e9alisations RX ARDF 80m"},"content":{"rendered":"<p><center><span style=\"color: #0000ff;\"><b><\/p>\n<h2>R\u00e9alisations RX ARDF 80m<\/h2>\n<p><\/b><\/span><\/center><\/p>\n<p><center><b><span style=\"color: #ff0000;\"><\/p>\n<h4>Version traduite en Fran\u00e7ais via Google Translate<\/h4>\n<p><\/span><\/b><\/center><\/p>\n<table border=\"1\" width=\"50%\" bgcolor=\"#99FFFF\" cellspacing=\"4\" cellpadding=\"6\" align=\"CENTER\">\n<tbody>\n<tr>\n<td><b>Manuele en Anglais :<\/b> <a href=\"http:\/\/www.on4cn.be\/blog_radio\/wp-content\/uploads\/2018\/12\/r3500dmanual.pdf\" target=\"_blank\"><b><span style=\"color: #ff0000;\"> ICI<\/span><\/b><\/a><\/td>\n<td><b>Manuele liste composants :<\/b> <a href=\"http:\/\/www.on4cn.be\/blog_radio\/wp-content\/uploads\/2018\/12\/r3500dpartlist.pdf\" target=\"_blank\"><b><span style=\"color: #ff0000;\"> ICI<\/span><\/b><\/a><\/td>\n<td><b>Manuele pour le 40m :<\/b> <a href=\"http:\/\/www.on4cn.be\/blog_radio\/wp-content\/uploads\/2018\/12\/r3500dqsy40m.pdf\" target=\"_blank\"><b><span style=\"color: #ff0000;\"> ICI<\/span><\/b><\/a><\/td>\n<\/tr>\n<\/tbody>\n<\/table>\n<p>R\u00e9cepteur radio amateur de radiogoniom\u00e9trie pour 80 m\u00e8tres couvrant de 3.500 kHz \u00e0 3.600 kHz<br \/>\nCon\u00e7u par la Chinese Radio Sport Association, tous les composants classique avec une antenne en ferrite int\u00e9gr\u00e9e et une antenne telescopique<\/p>\n<p><b>Commandes :<\/b><br \/> syntonisation, contr\u00f4le du volume et antenne de d\u00e9tection, le commutateur marche \/ arr\u00eat est actionn\u00e9 en branchant des \u00e9couteurs<\/p>\n<p>&nbsp;<\/p>\n<table border=\"0\" width=\"20%\" cellspacing=\"0\" cellpadding=\"0\" align=\"CENTER\">\n<tbody>\n<tr>\n<td><a href=\"http:\/\/www.on4cn.be\/blog_radio\/wp-content\/uploads\/2018\/12\/kitrenard-on4cn01.jpg\" target=\"_blank\" rel=\"noopener\"><img loading=\"lazy\" decoding=\"async\" class=\"aligncenter size-medium wp-image-6829\" src=\"http:\/\/www.on4cn.be\/blog_radio\/wp-content\/uploads\/2018\/12\/kitrenard-on4cn01.jpg\" alt=\"\" width=\"120\" height=\"120\" \/><\/a><\/td>\n<td><a href=\"http:\/\/www.on4cn.be\/blog_radio\/wp-content\/uploads\/2018\/12\/kitrenard-on4cn02.jpg\" target=\"_blank\" rel=\"noopener\"><img loading=\"lazy\" decoding=\"async\" class=\"aligncenter size-medium wp-image-6830\" src=\"http:\/\/www.on4cn.be\/blog_radio\/wp-content\/uploads\/2018\/12\/kitrenard-on4cn02.jpg\" alt=\"\" width=\"120\" height=\"120\" \/><\/a><\/td>\n<\/tr>\n<\/tbody>\n<\/table>\n<p>&nbsp;<br \/>\n<center><strong>Cliquez sur la photo pour agrandir<\/strong><\/center><br \/>\n&nbsp;<\/p>\n<p><b>Pr\u00e9cautions<\/b><\/p>\n<ul>\n<li>L&rsquo;alimentation est commut\u00e9e par la prise d&rsquo;\u00e9couteur. Apr\u00e8s utilisation, veuillez d\u00e9brancher les \u00e9couteurs couper l&rsquo;alimentation.<\/li>\n<li>Les \u00e9couteurs monophoniques ne sont pas compatibles avec ce r\u00e9cepteur. Utilisez les \u00e9couteurs st\u00e9r\u00e9o comme ci-joint.<\/li>\n<li>Faites bien attention \u00e0 diff\u00e9rencier les 3 diodes: VD1 (1N60), VD2 (FV1043) et VD3 (3V6). Ils ressemblent beaucoup, mais les lettres imprim\u00e9es sur le corps de la diode peuvent facilement dire.<\/li>\n<li>Le manuel en anglais est pour votre r\u00e9f\u00e9rence seulement. S&rsquo;il vous pla\u00eet se r\u00e9f\u00e9rer au manuel chinois ci-joint pour plus d&rsquo;informations.<\/li>\n<\/ul>\n<p>A. Sp\u00e9cifications principales<\/p>\n<ul>\n<li>1. Couverture de fr\u00e9quence: pas plus \u00e9troite que 3,5 &#8211; 3,6 MHz.<\/li>\n<li>2. Sensibilit\u00e9: pas moins de 600 m\u00e8tres (lorsqu\u2019il re\u00e7oit l\u2019\u00e9metteur fox T3500B avec une antenne).<\/li>\n<li>3. Directivit\u00e9: la distance minimale pour l&rsquo;affichage de la directivit\u00e9 est inf\u00e9rieure \u00e0 3 m\u00e8tres.<\/li>\n<li>4. Alimentation: DC 6V (4x piles AA).<\/li>\n<\/ul>\n<p>B. Sch\u00e9mas de circuit<\/p>\n<ul>\n<li>1. Sch\u00e9ma fonctionnel Voir le manuel imprim\u00e9.<\/li>\n<li>(Cases de gauche \u00e0 droite: antenne, amplificateur RF V1, d\u00e9tecteur de fr\u00e9quence de battement VD1, pr\u00e9amplificateur AF V2, amplificateur de puissance AF TDA2822M, \u00e9couteur. La case inf\u00e9rieure: fr\u00e9quence de battement variable oscillateur V3)<\/li>\n<\/ul>\n<p style=\"text-align: justify;\"><b>2. Sch\u00e9ma et disposition de la carte<\/b><br \/>\nVoir le manuel imprim\u00e9.<\/p>\n<p style=\"text-align: justify;\"><b>C. Assembly Instruction :<\/b><\/p>\n<p>1. Check and solder parts on PCB<br \/>\nBefore soldering, carefully make parts inventory based on the part list to check the quantity, value<br \/>\nand quality of all components. For example, check if the electrolytic capacitor is dried or leaking, or<br \/>\nthe coils T1 (black cap) and T2 (white cap) are open, or the diodes and transistors are OK. Pay<br \/>\nattention to the right orientation when installing TDA2822M and its socket (see Fig. 2 on the<br \/>\nprinted manual).<\/p>\n<p style=\"text-align: justify;\"><b>1. V\u00e9rifier et souder les pi\u00e8ces sur le circuit imprim\u00e9<\/b><\/p>\n<ul>\n<li>Avant de souder, faites soigneusement l\u2019inventaire des pi\u00e8ces en vous basant sur la liste de pi\u00e8ces pour v\u00e9rifier la quantit\u00e9, la et la qualit\u00e9 de tous les composants.<\/li>\n<li>Par exemple, v\u00e9rifiez si le condensateur \u00e9lectrolytique est sec ou fuit, ou les bobines T1 (capuchon noir) et T2 (capuchon blanc) sont ouvertes, ou les diodes et les transistors sont en bon \u00e9tat.<\/li>\n<li>Faite attention lors de l\u2019installation du TDA2822M et de son support (voir fig. 2 sur le manuel imprim\u00e9).<\/li>\n<\/ul>\n<p style=\"text-align: justify;\"><b>2. Fixer la tige magn\u00e9tique<\/b><br \/>\nUtilisez le ruban de nylon blanc pour fixer la tige magn\u00e9tique sur le circuit imprim\u00e9.<\/p>\n<p style=\"text-align: justify;\"><b>3. Installez l&rsquo;antenne verticale<\/b><br \/>\nIns\u00e9rez l\u2019antenne du t\u00e9lescope par le trou situ\u00e9 en haut \u00e0 droite du bo\u00eetier et fixez-la \u00e0 l\u2019aide de la vis<br \/>\net noix. Une rondelle doit \u00eatre plac\u00e9e entre la vis et l&rsquo;ext\u00e9rieur du bo\u00eetier en plastique.<\/p>\n<p style=\"text-align: justify;\"><b>4. Pr\u00e9cautions pour l&rsquo;installation des fils de la batterie<\/b><br \/>\nInstallez les c\u00e2bles de la batterie uniquement apr\u00e8s que tous les composants ont \u00e9t\u00e9 soud\u00e9s et v\u00e9rifi\u00e9s. Assurez-vous que le<br \/>\nles polarit\u00e9s sont correctes.<\/p>\n<p style=\"text-align: justify;\"><b>D. Alignement<\/b><\/p>\n<p>1. Point de contr\u00f4le CC<\/p>\n<ul>\n<li>(1) Tension aux bornes de la diode Zener VD3: 3,4 \u00e0 4,4 volts<\/li>\n<li>(2) La polarisation du transistor V1: la tension aux bornes de R4 doit \u00eatre comprise entre 0,4 et 1 volt (potentiom\u00e8tre RP1 r\u00e9gl\u00e9 sur<br \/>\ngain maximum, le Ic de V1 sera 0,4 &#8211; 1 mA)<br \/>\nLa polarisation du transistor V2: la tension aux bornes de R10 doit \u00eatre de 1,5 \u00e0 3 volts (le Ic de V2 sera de 1,5 \u00e0 3 mA)<br \/>\nLa polarisation de V3: la tension aux bornes de R15 doit \u00eatre de 2 \u00e0 2,5 volts (le Ic de V3 sera de 2 \u00e0 2,5 mA)<br \/>\nNormalement, il n\u2019est pas n\u00e9cessaire d\u2019ajuster le biais, car la conception peut couvrir la variance des<br \/>\nComposants.<\/li>\n<\/ul>\n<p style=\"text-align: justify;\"><b>2. Alignement de l&rsquo;oscillateur local variable<\/b><\/p>\n<ul>\n<li>(1)Si vous avez un g\u00e9n\u00e9rateur de signal RF standard<\/li>\n<li>(a) R\u00e9glez le potentiom\u00e8tre sur la position centrale;<\/li>\n<li>(b) R\u00e9glez le g\u00e9n\u00e9rateur de signal sur 3,5 &#8211; 3,6 MHz, mode CW, niveau de sortie sup\u00e9rieur. Connecter la sortie<br \/>\net la masse du signal g\u00e9n\u00e8re avec un fil. Coupler le fil \u00e0 l\u2019antenne magn\u00e9tique de<br \/>\nle r\u00e9cepteur en enroulant le fil sur une extr\u00e9mit\u00e9 de la tige magn\u00e9tique pendant un tour;<\/li>\n<li>(c) Modifiez la fr\u00e9quence de sortie du g\u00e9n\u00e9rateur de signal dans une plage plus large. Un ton de battement doit<br \/>\nl\u2019\u00e9couteur, cela signifie que l\u2019oscillateur local fonctionne. D\u00e9finir le signal<br \/>\ng\u00e9n\u00e9rateur \u00e0 3,55 MHz, puis alignez le capuchon de la bobine T2 (blanc) jusqu&rsquo;\u00e0 ce que vous entendiez une tonalit\u00e9<br \/>\nencore;<\/li>\n<li>(d) Tournez le potentiom\u00e8tre RP2, le signal de 3,5 MHz et 3,6 MHz doit \u00eatre re\u00e7u \u00e0 deux positions<br \/>\nde RP2, qui doit \u00eatre proche des deux positions extr\u00eames. Si 3,6 MHz ne peut pas \u00eatre entendu mais que le<br \/>\n3,5 MHz peut \u00eatre entendu \u00e0 la position RP2 pr\u00e8s du centre, veuillez aligner le capuchon du T2<br \/>\ndans le sens inverse des aiguilles d&rsquo;une montre; ou vice versa.<\/li>\n<li>(e) Si la couverture du destinataire est trop large, remplacez le R13 par une valeur sup\u00e9rieure, ou vice versa.<\/li>\n<\/ul>\n<ul>\n<li>(2) Si vous utilisez un \u00e9metteur renard de 80 m<\/li>\n<li>(a) R\u00e9glez le potentiom\u00e8tre RP2 sur la position centrale;<\/li>\n<li>(b) Allumez l&rsquo;\u00e9metteur Fox (3,55 ou 3,54 MHz). Placez le r\u00e9cepteur pr\u00e8s de l&rsquo;\u00e9metteur antenne;<\/li>\n<li>(c) Tournez le capuchon du T2 jusqu\u2019\u00e0 ce que vous entendiez une tonalit\u00e9, r\u00e9glez-le avec pr\u00e9cision pour obtenir 1000Hz);\n<li>(d) Tournez le potentiom\u00e8tre RP2, le signal des \u00e9metteurs Fox de 3,5 et 3,6 MHz doit \u00eatre les deux ont entendu. Si un seul signal de 3,5 ou 3,6 MHz peut \u00eatre re\u00e7u, r\u00e9glez avec pr\u00e9cision le plafond de T2. (voir la section pr\u00e9c\u00e9dente);<\/li>\n<li>(e) Si la couverture de r\u00e9ception est trop large, remplacez R13 par une valeur sup\u00e9rieure ou inversement.<\/li>\n<\/ul>\n<table border=\"0\" width=\"20%\" cellspacing=\"0\" cellpadding=\"0\" align=\"CENTER\">\n<tbody>\n<tr>\n<td><a href=\"http:\/\/www.on4cn.be\/blog_radio\/wp-content\/uploads\/2018\/12\/kitrenard-on4cn03.jpg\" target=\"_blank\" rel=\"noopener\"><img loading=\"lazy\" decoding=\"async\" class=\"aligncenter size-medium wp-image-6829\" src=\"http:\/\/www.on4cn.be\/blog_radio\/wp-content\/uploads\/2018\/12\/kitrenard-on4cn03.jpg\" alt=\"\" width=\"120\" height=\"120\" \/><\/a><\/td>\n<td><a href=\"http:\/\/www.on4cn.be\/blog_radio\/wp-content\/uploads\/2018\/12\/kitrenard-on4cn04.jpg\" target=\"_blank\" rel=\"noopener\"><img loading=\"lazy\" decoding=\"async\" class=\"aligncenter size-medium wp-image-6830\" src=\"http:\/\/www.on4cn.be\/blog_radio\/wp-content\/uploads\/2018\/12\/kitrenard-on4cn04.jpg\" alt=\"\" width=\"120\" height=\"120\" \/><\/a><\/td>\n<\/tr>\n<\/tbody>\n<\/table>\n<p>&nbsp;<br \/>\n<center><strong>Cliquez sur la photo pour agrandir<\/strong><\/center><\/p>\n<p style=\"text-align: justify;\"><b>3. Alignement<\/b><br \/>\nRecevez un signal de 3,53 MHz d&rsquo;un g\u00e9n\u00e9rateur de signal ou d&rsquo;un \u00e9metteur. Ajustez finement le condensateur CT le ton. Si aucun pic ne peut \u00eatre obtenu, modifiez la position de la bobine sur la tige magn\u00e9tique, puis fin R\u00e9gler CT \u00e0 nouveau.<\/p>\n<p style=\"text-align: justify;\"><b>4. Alignement de l&rsquo;amplificateur RF<\/b><br \/>\nRecevez un signal de 3,57 MHz d&rsquo;un g\u00e9n\u00e9rateur de signal ou d&rsquo;un \u00e9metteur. Ajustez le capuchon de la bobine T1 (noir) pour obtenir le son maximum dans l\u2019\u00e9couteur. Si aucun pic ne peut \u00eatre obtenu mais que le volume est toujours<br \/>\nen augmentant la position du capuchon T2 dans le sens anti-horaire extr\u00eame, veuillez remplacer le condensateur C3 avec une valeur inf\u00e9rieure. Si aucun pic ne peut \u00eatre obtenu mais que le volume diminue encore vers la<br \/>\nposition extr\u00eame du capuchon T2 dans le sens des aiguilles d\u2019une montre, veuillez remplacer C3 par une valeur sup\u00e9rieure.<\/p>\n<p style=\"text-align: justify;\"><b>5. Test de directivit\u00e9<\/b><br \/>\nS\u00e9lectionnez un champ ouvert loin des lignes \u00e9lectriques et des constructions. D\u00e9finir un \u00e9metteur renard avec un antenne verticale. Tenez-vous \u00e0 quelques dizaines de m\u00e8tres. Testez le &lsquo;8&rsquo; caract\u00e9ristique de<br \/>\nle r\u00e9cepteur. (Les deux points nuls de certains r\u00e9cepteurs semblent peu diff\u00e9rents, un plus clair sera utilis\u00e9 pour le rel\u00e8vement.) Ajoutez ensuite l\u2019antenne verticale pour le r\u00e9c\u00e9pteur en appuyant sur S1. Ajuster la longueur<br \/>\nde l\u2019antenne t\u00e9lescopique pour am\u00e9liorer l&rsquo;\u00e9coute du r\u00e9c\u00e9pteur et rappeler quel c\u00f4t\u00e9 fait face au \u00e9metteur pour un volume plus \u00e9lev\u00e9. Si le signal ne peut pas \u00eatre entendu clairement, essayez de changer<br \/>\nla valeur de R15, et testez \u00e0 nouveau. La distance minimale sur laquelle le signal peut \u00eatre maintenu \u00e0 3 m\u00e8tres.<\/p>\n<p style=\"text-align: justify;\">* Le R3500D poss\u00e8de une prise de chargeur pour charger des piles rechargeables. Vous n&rsquo;\u00eates pas oblig\u00e9 de sortir le<br \/>\nbatteries pour charger. Cependant, il n&rsquo;y a pas de circuit de charge ou de protection int\u00e9gr\u00e9.<br \/>\nAlors s&rsquo;il vous pla\u00eet assurez-vous que le chargeur peut correspondre \u00e0 la tension, \u00e0 la polarit\u00e9 et au type de piles rechargeables.<\/p>\n<table border=\"0\" width=\"20%\" cellspacing=\"0\" cellpadding=\"0\" align=\"CENTER\">\n<tbody>\n<tr>\n<td><a href=\"http:\/\/www.on4cn.be\/blog_radio\/wp-content\/uploads\/2018\/12\/kitrenard-on4cn05.jpg\" target=\"_blank\" rel=\"noopener\"><img loading=\"lazy\" decoding=\"async\" class=\"aligncenter size-medium wp-image-6829\" src=\"http:\/\/www.on4cn.be\/blog_radio\/wp-content\/uploads\/2018\/12\/kitrenard-on4cn05.jpg\" alt=\"\" width=\"120\" height=\"120\" \/><\/a><\/td>\n<\/tr>\n<\/tbody>\n<\/table>\n<p>&nbsp;<br \/>\n<center><strong>Cliquez sur la photo pour agrandir<\/strong><\/center><br \/>\n&nbsp;<\/p>\n<p><b><center>Liste de pi\u00e8ces pour kit r\u00e9cepteur R3500D<\/center><\/b><\/p>\n<table border=\"3\" width=\"50%\" align=\"CENTER\">\n<tbody>\n<tr bgcolor=\"#99FFFF\">\n<th>N\u00b0<\/th>\n<th>Composants<\/th>\n<th>Valeurs<\/th>\n<th>Identification et commentaires<\/th>\n<\/tr>\n<tr bgcolor=\"#99FFFF\">\n<th>1<\/th>\n<th>R1*<\/th>\n<th>18 K, 5-20 K<\/th>\n<th>Brun-Gris-Orange-5%<\/th>\n<\/tr>\n<tr bgcolor=\"#99FFFF\">\n<th>2<\/th>\n<th>R2<\/th>\n<th>15 K<\/th>\n<th>Brun-Vert-Orange-5%<\/th>\n<\/tr>\n<tr bgcolor=\"#99FFFF\">\n<th>3<\/th>\n<th>R3<\/th>\n<th>39 K<\/th>\n<th>Orange-Blanc-Orange-5%<\/th>\n<\/tr>\n<tr bgcolor=\"#99FFFF\">\n<th>4<\/th>\n<th>R4<\/th>\n<th>1 K<\/th>\n<th>Brun-Noir-Rouge-5%<\/th>\n<\/tr>\n<tr bgcolor=\"#99FFFF\">\n<th>5<\/th>\n<th>R5<\/th>\n<th>6.8 K<\/th>\n<th> Bleu-Gris-Rouge-5%<\/th>\n<\/tr>\n<tr bgcolor=\"#99FFFF\">\n<th>6<\/th>\n<th>R6<\/th>\n<th>1 K<\/th>\n<th>Brun-Noir-Rouge-5%<\/th>\n<\/tr>\n<tr bgcolor=\"#99FFFF\">\n<th>7<\/th>\n<th>R7<\/th>\n<th>1 K<\/th>\n<th>Brun-Noir-Rouge-5%<\/th>\n<\/tr>\n<tr bgcolor=\"#99FFFF\">\n<th>8<\/th>\n<th>R8<\/th>\n<th>3.9 K<\/th>\n<th>Orange-Blanc-Rouge-5%<\/th>\n<\/tr>\n<tr bgcolor=\"#99FFFF\">\n<th>9<\/th>\n<th>R9<\/th>\n<th>100 k<\/th>\n<th>Brun-Noir-Jaune-5%<\/th>\n<\/tr>\n<tr bgcolor=\"#99FFFF\">\n<th>10<\/th>\n<th>R10<\/th>\n<th>1 K<\/th>\n<th>Brun-Noir-Rouge-5%<\/th>\n<\/tr>\n<tr bgcolor=\"#99FFFF\">\n<th>11<\/th>\n<th>R11<\/th>\n<th>150 ohm<\/th>\n<th>Brun-Vert-Brun-5%<\/th>\n<\/tr>\n<tr bgcolor=\"#99FFFF\">\n<th>12<\/th>\n<th>R12<\/th>\n<th>4.7 K<\/th>\n<th>Jaune-Violet-Rouge-5%<\/th>\n<\/tr>\n<tr bgcolor=\"#99FFFF\">\n<th>13<\/th>\n<th>R13*<\/th>\n<th>910 ohm, 300-1.5 K<\/th>\n<th>Blanc-Brun-Brun-5%<\/th>\n<\/tr>\n<tr bgcolor=\"#99FFFF\">\n<th>14<\/th>\n<th>R14<\/th>\n<th>24 k<\/th>\n<th>Rouge-Jaune-Orange-5%<\/th>\n<\/tr>\n<tr bgcolor=\"#99FFFF\">\n<th>15<\/th>\n<th>R15<\/th>\n<th>1 K<\/th>\n<th>Brun-Noir-Rouge-5%<\/th>\n<\/tr>\n<tr bgcolor=\"#99FFFF\">\n<th>16<\/th>\n<th>R16<\/th>\n<th>8.2 k<\/th>\n<th>Gris-Rouge-Rouge-5%<\/th>\n<\/tr>\n<tr bgcolor=\"#99FFFF\">\n<th>17<\/th>\n<th>R17<\/th>\n<th>4.7 ohm<\/th>\n<th>Jaune-Violet-Gld-5%<\/th>\n<\/tr>\n<tr bgcolor=\"#99FFFF\">\n<th>18<\/th>\n<th>R18<\/th>\n<th>4.7 ohm<\/th>\n<th>Jaune-Violet-Gld-5%<\/th>\n<\/tr>\n<\/tr>\n<tr bgcolor=\"#99FFFF\">\n<th>19<\/th>\n<th>R19<\/th>\n<th>1 K<\/th>\n<th>Brun-Noir-Rouge-5%<\/th>\n<\/tr>\n<tr bgcolor=\"#99FFFF\">\n<th>20<\/th>\n<th>RP1<\/th>\n<th>10 K<\/th>\n<th>Pot de deux gangs<\/th>\n<\/tr>\n<tr bgcolor=\"#99FFFF\">\n<th>21<\/th>\n<th>RP2<\/th>\n<th>10 k<\/th>\n<th>Pot de gang unique<\/th>\n<\/tr>\n<tr bgcolor=\"#99FFFF\">\n<th>22<\/th>\n<th>CT<\/th>\n<th>5 &#8211; 20 p<\/th>\n<th>Trimmer condensateur<\/th>\n<\/tr>\n<tr bgcolor=\"#99FFFF\">\n<th>23<\/th>\n<th>C1<\/th>\n<th>0.01 \u00b5<\/th>\n<th>103<\/th>\n<\/tr>\n<tr bgcolor=\"#99FFFF\">\n<th>24<\/th>\n<th>C2<\/th>\n<th>4700 p<\/th>\n<th>472<\/th>\n<\/tr>\n<tr bgcolor=\"#99FFFF\">\n<th>25<\/th>\n<th>C3*<\/th>\n<th>47 &#8211; 68 p<\/th>\n<th>50<\/th>\n<\/tr>\n<tr bgcolor=\"#99FFFF\">\n<th>26<\/th>\n<th>C4<\/th>\n<th>4700 p<\/th>\n<th>472<\/th>\n<\/tr>\n<tr bgcolor=\"#99FFFF\">\n<th>27<\/th>\n<th>C5<\/th>\n<th>0.01 \u00b5<\/th>\n<th>103<\/th>\n<\/tr>\n<tr bgcolor=\"#99FFFF\">\n<th>28<\/th>\n<th>C6<\/th>\n<th>0.01 \u00b5<\/th>\n<th>103<\/th>\n<\/tr>\n<tr bgcolor=\"#99FFFF\">\n<th>29<\/th>\n<th>C7<\/th>\n<th>0.1 \u00b5<\/th>\n<th>104<\/th>\n<\/tr>\n<tr bgcolor=\"#99FFFF\">\n<th>30<\/th>\n<th>C8<\/th>\n<th>0.01 \u00b5<\/th>\n<th>103<\/th>\n<\/tr>\n<tr bgcolor=\"#99FFFF\">\n<th>31<\/th>\n<th>C9<\/th>\n<th>470 \u00b5<\/th>\n<th>Condensateur \u00e9lectrolytique<\/th>\n<\/tr>\n<tr bgcolor=\"#99FFFF\">\n<th>31<\/th>\n<th>C10<\/th>\n<th>100 p, 101<\/th>\n<th>Condensateur monolithique jaune<\/th>\n<\/tr>\n<tr bgcolor=\"#99FFFF\">\n<th>32<\/th>\n<th>C11<\/th>\n<th>200 p, 201<\/th>\n<th>Condensateur monolithique jaune<\/th>\n<\/tr>\n<tr bgcolor=\"#99FFFF\">\n<th>33<\/th>\n<th>C12<\/th>\n<th>1000 p<\/th>\n<th>102<\/th>\n<\/tr>\n<tr bgcolor=\"#99FFFF\">\n<th>34<\/th>\n<th>C13<\/th>\n<th>1000 p, 102<\/th>\n<th>Condensateur monolithique jaune<\/th>\n<\/tr>\n<tr bgcolor=\"#99FFFF\">\n<th>35<\/th>\n<th>C14<\/th>\n<th>2200 p, 222<\/th>\n<th>Condensateur monolithique jaune<\/th>\n<\/tr>\n<tr bgcolor=\"#99FFFF\">\n<th>36<\/th>\n<th>C15<\/th>\n<th>4.7 \u00b5<\/th>\n<th>Condensateur \u00e9lectrolytique<\/th>\n<\/tr>\n<tr bgcolor=\"#99FFFF\">\n<th>37<\/th>\n<th>C16<\/th>\n<th>10 \u00b5<\/th>\n<th>Condensateur \u00e9lectrolytique<\/th>\n<\/tr>\n<tr bgcolor=\"#99FFFF\">\n<th>38<\/th>\n<th>C17<\/th>\n<th>470 \u00b5<\/th>\n<th>Condensateur \u00e9lectrolytique<\/th>\n<\/tr>\n<tr bgcolor=\"#99FFFF\">\n<th>39<\/th>\n<th>C18<\/th>\n<th>0.1 \u00b5<\/th>\n<th>104<\/th>\n<\/tr>\n<tr bgcolor=\"#99FFFF\">\n<th>40<\/th>\n<th>C19<\/th>\n<th>0.1 \u00b5<\/th>\n<th>104<\/th>\n<\/tr>\n<tr bgcolor=\"#99FFFF\">\n<th>41<\/th>\n<th>C20<\/th>\n<th>0.01 \u00b5<\/th>\n<th>103<\/th>\n<\/tr>\n<tr bgcolor=\"#99FFFF\">\n<th>42<\/th>\n<th>VD1<\/th>\n<th>1N60<\/th>\n<th>Diode corps en verre<\/th>\n<\/tr>\n<tr bgcolor=\"#99FFFF\">\n<th>43<\/th>\n<th>VD2<\/th>\n<th>FV1043<\/th>\n<th>Diode corps en verre<\/th>\n<\/tr>\n<tr bgcolor=\"#99FFFF\">\n<th>44<\/th>\n<th>VD3<\/th>\n<th>305 &#8211; 4.4<\/th>\n<th>Zener Diode corps en verre<\/th>\n<\/tr>\n<tr bgcolor=\"#99FFFF\">\n<th>45<\/th>\n<th>V1<\/th>\n<th>9014<\/th>\n<th>Transistor TO-92<\/th>\n<\/tr>\n<tr bgcolor=\"#99FFFF\">\n<th>46<\/th>\n<th>V1<\/th>\n<th>9014<\/th>\n<th>Transistor TO-92<\/th>\n<\/tr>\n<tr bgcolor=\"#99FFFF\">\n<th>47<\/th>\n<th>V1<\/th>\n<th>9014<\/th>\n<th>Transistor TO-92<\/th>\n<\/tr>\n<tr bgcolor=\"#99FFFF\">\n<th>48<\/th>\n<th>IC<\/th>\n<th>TDA2822M<\/th>\n<th>Socket<\/th>\n<\/tr>\n<tr bgcolor=\"#99FFFF\">\n<th>49<\/th>\n<th>T1<\/th>\n<th>&#8211;<\/th>\n<th>Bobine blind\u00e9 noir<\/th>\n<\/tr>\n<tr bgcolor=\"#99FFFF\">\n<th>50<\/th>\n<th>T2<\/th>\n<th>&#8211;<\/th>\n<th>Bobine blind\u00e9 Blanc<\/th>\n<\/tr>\n<tr bgcolor=\"#99FFFF\">\n<th>51<\/th>\n<th>S1<\/th>\n<th>&#8211;<\/th>\n<th>Montage d&rsquo;antenne sur circuit imprim\u00e9<\/th>\n<\/tr>\n<tr bgcolor=\"#99FFFF\">\n<th>52<\/th>\n<th>S2<\/th>\n<th>&#8211;<\/th>\n<th>Partie du connecteur de l\u2019\u00e9couteur X<\/th>\n<\/tr>\n<tr bgcolor=\"#99FFFF\">\n<th>53<\/th>\n<th>X<\/th>\n<th>&#8211;<\/th>\n<th>Connecteur pour \u00e9couteurs de type st\u00e9r\u00e9o 3,5 mm avec \u00e9couteur<\/th>\n<\/tr>\n<tr bgcolor=\"#99FFFF\">\n<th>54<\/th>\n<th>W<\/th>\n<th>&#8211;<\/th>\n<th>Antenne de t\u00e9lescopique<\/th>\n<\/tr>\n<\/tbody>\n<\/table>\n<p>&nbsp;<\/p>\n<table border=\"1\" width=\"50%\" bgcolor=\"#99FFFF\" cellspacing=\"4\" cellpadding=\"6\" align=\"CENTER\">\n<tbody>\n<tr>\n<td><b>Manuele en Anglais :<\/b> <a href=\"http:\/\/www.on4cn.be\/blog_radio\/wp-content\/uploads\/2018\/12\/r3500dmanual.pdf\" target=\"_blank\"><b><span style=\"color: #ff0000;\"> ICI<\/span><\/b><\/a><\/td>\n<td><b>Manuele liste composants :<\/b> <a href=\"http:\/\/www.on4cn.be\/blog_radio\/wp-content\/uploads\/2018\/12\/r3500dpartlist.pdf\" target=\"_blank\"><b><span style=\"color: #ff0000;\"> ICI<\/span><\/b><\/a><\/td>\n<td><b>Manuele pour le 40m :<\/b> <a href=\"http:\/\/www.on4cn.be\/blog_radio\/wp-content\/uploads\/2018\/12\/r3500dqsy40m.pdf\" target=\"_blank\"><b><span style=\"color: #ff0000;\"> ICI<\/span><\/b><\/a><\/td>\n<\/tr>\n<\/tbody>\n<\/table>\n","protected":false},"excerpt":{"rendered":"<p>R\u00e9alisations RX ARDF 80m Version traduite en Fran\u00e7ais via Google Translate Manuele en Anglais : ICI Manuele liste composants : ICI Manuele pour le 40m : ICI R\u00e9cepteur radio amateur de radiogoniom\u00e9trie pour 80 m\u00e8tres couvrant de 3.500 kHz \u00e0 3.600 kHz Con\u00e7u par la Chinese Radio Sport Association, tous les composants classique avec une &hellip; <a href=\"http:\/\/www.on4cn.be\/blog_radio\/realisations-rx-ardf-80m\/\" class=\"more-link\">Continuer la lecture<span class=\"screen-reader-text\"> de &laquo;&nbsp;R\u00e9alisations RX ARDF 80m&nbsp;&raquo;<\/span><\/a><\/p>\n","protected":false},"author":1,"featured_media":0,"parent":0,"menu_order":0,"comment_status":"closed","ping_status":"closed","template":"page-template-full.php","meta":{"footnotes":""},"class_list":["post-7783","page","type-page","status-publish","hentry"],"_links":{"self":[{"href":"http:\/\/www.on4cn.be\/blog_radio\/wp-json\/wp\/v2\/pages\/7783","targetHints":{"allow":["GET"]}}],"collection":[{"href":"http:\/\/www.on4cn.be\/blog_radio\/wp-json\/wp\/v2\/pages"}],"about":[{"href":"http:\/\/www.on4cn.be\/blog_radio\/wp-json\/wp\/v2\/types\/page"}],"author":[{"embeddable":true,"href":"http:\/\/www.on4cn.be\/blog_radio\/wp-json\/wp\/v2\/users\/1"}],"replies":[{"embeddable":true,"href":"http:\/\/www.on4cn.be\/blog_radio\/wp-json\/wp\/v2\/comments?post=7783"}],"version-history":[{"count":0,"href":"http:\/\/www.on4cn.be\/blog_radio\/wp-json\/wp\/v2\/pages\/7783\/revisions"}],"wp:attachment":[{"href":"http:\/\/www.on4cn.be\/blog_radio\/wp-json\/wp\/v2\/media?parent=7783"}],"curies":[{"name":"wp","href":"https:\/\/api.w.org\/{rel}","templated":true}]}}