{"id":75,"date":"2016-02-17T07:47:04","date_gmt":"2016-02-17T06:47:04","guid":{"rendered":"http:\/\/www.on4cn.be\/blog_radio\/?page_id=75"},"modified":"2016-06-22T09:56:12","modified_gmt":"2016-06-22T08:56:12","slug":"antenne-cobweb","status":"publish","type":"page","link":"http:\/\/www.on4cn.be\/blog_radio\/antenne-cobweb\/","title":{"rendered":"Antenne CobWeb"},"content":{"rendered":"<p>&nbsp;<\/p>\n<h3>L&rsquo;antenne Cobwebb<\/h3>\n<p><img loading=\"lazy\" decoding=\"async\" class=\"aligncenter size-medium wp-image-79\" src=\"http:\/\/www.on4cn.be\/blog_radio\/wp-content\/uploads\/2016\/02\/cob1-300x199.jpg\" alt=\"cob1\" width=\"300\" height=\"199\" srcset=\"http:\/\/www.on4cn.be\/blog_radio\/wp-content\/uploads\/2016\/02\/cob1-300x199.jpg 300w, http:\/\/www.on4cn.be\/blog_radio\/wp-content\/uploads\/2016\/02\/cob1-768x509.jpg 768w, http:\/\/www.on4cn.be\/blog_radio\/wp-content\/uploads\/2016\/02\/cob1.jpg 799w\" sizes=\"auto, (max-width: 300px) 85vw, 300px\" \/><br \/>\nEn pratique, l&rsquo;antenne Cobwebb se compose de 5 dip\u00f4les repli\u00e9s en forme de carr\u00e9 et dispos\u00e9s sur une structure en croix.<br \/>\nLes dip\u00f4les sont aliment\u00e9s par un unique feeder 50 ohms \u00e0 travers un choke balun coaxial. L&rsquo;antenne Cobwebb est omnidirectionnelle et couvre les bandes 14, 18, 21, 24 et 28 MHz.<\/p>\n<p>Apr\u00e8s le succ\u00e8s de ma premi\u00e8re antenne, j&rsquo;ai d\u00e9cid\u00e9 de construire une version rigide pour mon QRA, la conception cette fois est bas\u00e9 sur la base que G3TXQ \u00e0 r\u00e9aliser. La conception de base est la m\u00eame \u00e0 ma version portable mais celui-ci utilise un 1: 4 Guanella balun actuelle, permet \u00e0 des \u00e9l\u00e9ments de fils simples au lieu de deux fils par bande. Le but de cette construction \u00e9tait de faire un design fort, mais de maintenir un faible poids, j&rsquo;ai essay\u00e9 d&rsquo;utiliser des composants facilement disponibles pour la r\u00e9alisation, mais aussi en essayant de garder le co\u00fbt moyien.<\/p>\n<p>La structure est assembl\u00e9e \u00e0 partir de tubes ronds PVC disponibles dans le magasin de bricolage local. Les \u00e9l\u00e9ments rayonnants sont r\u00e9alis\u00e9s avec du c\u00e2ble de 1,5mm2 ou 2,5 mm2<\/p>\n<p>R\u00e9alisation du Balun :<\/p>\n<p>Pour commencer coup\u00e9 deux morceaux de coaxial de 510 m\/m de longs<\/p>\n<p><a href=\"http:\/\/www.on4cn.be\/blog_radio\/wp-content\/uploads\/2016\/02\/cob2.jpg\" target=\"_blank\"><img loading=\"lazy\" decoding=\"async\" class=\"aligncenter size-thumbnail wp-image-92\" src=\"http:\/\/www.on4cn.be\/blog_radio\/wp-content\/uploads\/2016\/02\/cob2-150x150.jpg\" alt=\"cob2 ON4CN\" width=\"150\" height=\"150\" \/><\/a><\/p>\n<p><center>Cliquez sur une vignette pour agrandir<\/center>&nbsp;<\/p>\n<p>L&rsquo;ont place les deux coaxial c\u00f4te \u00e0 c\u00f4te, pour les maintenir l&rsquo;un a c\u00f4t\u00e9 de l&rsquo;autre j&rsquo;ai utilis\u00e9 de la gaine thermos r\u00e9tractable<\/p>\n<p><a href=\"http:\/\/www.on4cn.be\/blog_radio\/wp-content\/uploads\/2016\/02\/cob4.jpg\" target=\"_blank\"><img loading=\"lazy\" decoding=\"async\" class=\"aligncenter size-thumbnail wp-image-96\" src=\"http:\/\/www.on4cn.be\/blog_radio\/wp-content\/uploads\/2016\/02\/cob4-150x150.jpg\" alt=\"cob4 ON4CN\" width=\"150\" height=\"150\" \/><\/a><\/p>\n<p><center>Cliquez sur une vignette pour agrandir<\/center>&nbsp;<\/p>\n<p>Voici les deux morceaux de coaxial qui sont pr\u00eat pour \u00eatre bobin\u00e9 sur les tors f\u00e9rrite. FT 140-61 que j&rsquo;ai commander en Angleterre<\/p>\n<p><a href=\"http:\/\/www.on4cn.be\/blog_radio\/wp-content\/uploads\/2016\/02\/cob4.jpg\" target=\"_blank\"><img loading=\"lazy\" decoding=\"async\" class=\"aligncenter size-thumbnail wp-image-96\" src=\"http:\/\/www.on4cn.be\/blog_radio\/wp-content\/uploads\/2016\/02\/cob4-150x150.jpg\" alt=\"cob4 ON4CN\" width=\"150\" height=\"150\" \/><\/a><\/p>\n<p><center>Cliquez sur une vignette pour agrandir<\/center>&nbsp;<\/p>\n<p>Bobin\u00e9s 8 tours sur la ferrite<\/p>\n<p><a href=\"http:\/\/www.on4cn.be\/blog_radio\/wp-content\/uploads\/2016\/02\/cob8.jpg\" target=\"_blank\"><img loading=\"lazy\" decoding=\"async\" class=\"aligncenter size-thumbnail wp-image-100\" src=\"http:\/\/www.on4cn.be\/blog_radio\/wp-content\/uploads\/2016\/02\/cob8-150x150.jpg\" alt=\"cob8 ON4CN\" width=\"150\" height=\"150\" \/><\/a><\/p>\n<p><center>Cliquez sur une vignette pour agrandir<\/center>&nbsp;<\/p>\n<p>Le coffret ou sont connecter les fils des antennes 14-17-15-12-10. La PL259 \u00e9tant fix\u00e9e il reste les deux tors ferrites a fix\u00e9 et ces termin\u00e9<del><\/del><\/p>\n<p><a href=\"http:\/\/www.on4cn.be\/blog_radio\/wp-content\/uploads\/2016\/02\/cob15.jpg\" target=\"_blank\"><img loading=\"lazy\" decoding=\"async\" class=\"aligncenter size-thumbnail wp-image-104\" src=\"http:\/\/www.on4cn.be\/blog_radio\/wp-content\/uploads\/2016\/02\/cob15-150x150.jpg\" alt=\"cob15 ON4CN\" width=\"150\" height=\"150\" \/><\/a><\/p>\n<p><center>Cliquez sur une vignette pour agrandir<\/center>&nbsp;<\/p>\n<p>Les deux tors ferrite mont\u00e9e a leurs emplacement<\/p>\n<p><a href=\"http:\/\/www.on4cn.be\/blog_radio\/wp-content\/uploads\/2016\/02\/cob9.jpg\" target=\"_blank\"><img loading=\"lazy\" decoding=\"async\" class=\"aligncenter size-thumbnail wp-image-111\" src=\"http:\/\/www.on4cn.be\/blog_radio\/wp-content\/uploads\/2016\/02\/cob9-150x150.jpg\" alt=\"cob9 ON4CN\" width=\"150\" height=\"150\" \/><\/a><\/p>\n<p><center>Cliquez sur une vignette pour agrandir<\/center>&nbsp;<\/p>\n<p>Voici ma r\u00e9alisations, pour les croisions j&rsquo;ai utilis\u00e9 du tube de PVC achet\u00e9 dans un magasin de bricolage local. Pour les supports des files j&rsquo;utilise<br \/>\ndes cannes en en fibre de verre une r\u00e9cup\u00e9rations. Un morceau de tuyau PVC de 50 cm de longs ou l&rsquo;on introduit la canne en fibre de verre<\/p>\n<p><a href=\"http:\/\/www.on4cn.be\/blog_radio\/wp-content\/uploads\/2016\/02\/cob18.jpg\" target=\"_blank\"><img loading=\"lazy\" decoding=\"async\" class=\"aligncenter size-thumbnail wp-image-116\" src=\"http:\/\/www.on4cn.be\/blog_radio\/wp-content\/uploads\/2016\/02\/cob18-150x150.jpg\" alt=\"cob18 ON4CN\" width=\"150\" height=\"150\" \/><\/a><\/p>\n<p><center>Cliquez sur une vignette pour agrandir<\/center>&nbsp;<\/p>\n<p>Les mesures pour les files des diff\u00e9rente bandes le tableaux ci-dessous donne les diff\u00e9rente mesures<\/p>\n<p>Bande ( m ) \u00a0\u00a0Centre \/ Angle ( cm )<\/p>\n<p>20\u00a0\u00a0\u00a0\u00a0\u00a0\u00a0\u00a0\u00a0\u00a0\u00a0\u00a0\u00a0\u00a0\u00a0\u00a0\u00a0\u00a0\u00a0\u00a0\u00a0185,5<\/p>\n<p>17\u00a0\u00a0\u00a0\u00a0\u00a0\u00a0\u00a0\u00a0\u00a0\u00a0\u00a0\u00a0\u00a0\u00a0\u00a0\u00a0\u00a0\u00a0\u00a0\u00a0144,5<\/p>\n<p>15\u00a0\u00a0\u00a0\u00a0\u00a0\u00a0\u00a0\u00a0\u00a0\u00a0\u00a0\u00a0\u00a0\u00a0\u00a0\u00a0\u00a0\u00a0\u00a0\u00a0123,5<\/p>\n<p>12\u00a0\u00a0\u00a0\u00a0\u00a0\u00a0\u00a0\u00a0\u00a0\u00a0\u00a0\u00a0\u00a0\u00a0\u00a0\u00a0\u00a0\u00a0\u00a0\u00a0104,5<\/p>\n<p>10\u00a0\u00a0\u00a0\u00a0\u00a0\u00a0\u00a0\u00a0\u00a0\u00a0\u00a0\u00a0\u00a0\u00a0\u00a0\u00a0\u00a0\u00a0\u00a0\u00a0\u00a088<\/p>\n<p><a href=\"http:\/\/www.on4cn.be\/blog_radio\/wp-content\/uploads\/2016\/02\/cob13.jpg\" target=\"_blank\"><img loading=\"lazy\" decoding=\"async\" class=\"aligncenter size-thumbnail wp-image-130\" src=\"http:\/\/www.on4cn.be\/blog_radio\/wp-content\/uploads\/2016\/02\/cob13-150x150.jpg\" alt=\"cob13 ON4CN\" width=\"150\" height=\"150\" \/><\/a><\/p>\n<p><center>Cliquez sur une vignette pour agrandir<\/center>&nbsp;<\/p>\n<p>Le r\u00e9glage de la cobweb d\u00e9bute par la bande 28 Mhz ensuite 24 Mhz ensuite 21 Mhg suivi du 18 Mhz pour finir par le 14 Mhz. L&rsquo;antenne cobweb termin\u00e9e pour les bandes 14-17-15-12-10<\/p>\n<p><a href=\"http:\/\/www.on4cn.be\/blog_radio\/wp-content\/uploads\/2016\/02\/claude06-1.jpg\" target=\"_blank\"><img loading=\"lazy\" decoding=\"async\" class=\"aligncenter size-thumbnail wp-image-132\" src=\"http:\/\/www.on4cn.be\/blog_radio\/wp-content\/uploads\/2016\/02\/claude06-1-150x150.jpg\" alt=\"Antenne CobWebb ON4CN\" width=\"150\" height=\"150\" \/><\/a><\/p>\n<p><center>Cliquez sur une vignette pour agrandir<\/center>&nbsp;<\/p>\n<hr width=\"950\" \/>\n<center><br \/>\n<!-- StatsU --><br \/>\n<!-- Statistique XITI (d\u00e9but) --><br \/>\n<a title=\"Mesurez votre audience\" href=\"http:\/\/www.xiti.com\/xiti.asp?s=182357\"><br \/>\n<script type=\"text\/javascript\">\/\/ <![CDATA[\nXt_param = 's=182357&#038;p=levy';\n            Xt_r = document.referrer;\n            Xt_h = new Date();\n            Xt_i = '<img width=\"39\" height=\"25\" border=\"0\" '; Xt_i += 'src=\"http:\/\/logv26.xiti.com\/hit.xiti?'+Xt_param; Xt_i += '&#038;hl='+Xt_h.getHours()+'x'+Xt_h.getMinutes()+'x'+Xt_h.getSeconds(); if(parseFloat(navigator.appVersion)>=4)\n                    {Xt_s=screen;Xt_i+='&r='+Xt_s.width+'x'+Xt_s.height+'x'+Xt_s.pixelDepth+'x'+Xt_s.colorDepth;}\n            document.write(Xt_i+'&ref='+Xt_r.replace(\/[<>\"]\/g, '').replace(\/&\/g, '$')+'\" title=\"Analyse d\\'audience\">');\n\/\/ ]]><\/script><br \/>\n<noscript>audit et mesure d&rsquo;audience visiteurs internet par <img loading=\"lazy\" decoding=\"async\" width=\"39\" height=\"25\" src=\"http:\/\/logv26.xiti.com\/hit.xiti?s=182357&#038;p=levy\" alt=\"Analyse d'audience\" \/><\/noscript><\/a><br \/>\n<!-- Statistique XITI (Fin) --><br \/>\n<!-- StatsU --><br \/>\nVous \u00eates le <a href=\"http:\/\/www.imingo.net\" target=\"_top\"><img decoding=\"async\" src=\"http:\/\/www.imingo.com\/services\/compteur\/icptsp.php?id=on4cn\" alt=\"un compteur pour votre site\" name=\"imingo.com\" border=\"0\" \/><\/a> \u00e8me visiteur<br \/>\n<\/center><\/p>\n","protected":false},"excerpt":{"rendered":"<p>&nbsp; L&rsquo;antenne Cobwebb En pratique, l&rsquo;antenne Cobwebb se compose de 5 dip\u00f4les repli\u00e9s en forme de carr\u00e9 et dispos\u00e9s sur une structure en croix. Les dip\u00f4les sont aliment\u00e9s par un unique feeder 50 ohms \u00e0 travers un choke balun coaxial. L&rsquo;antenne Cobwebb est omnidirectionnelle et couvre les bandes 14, 18, 21, 24 et 28 MHz. &hellip; <a href=\"http:\/\/www.on4cn.be\/blog_radio\/antenne-cobweb\/\" class=\"more-link\">Continuer la lecture<span class=\"screen-reader-text\"> de &laquo;&nbsp;Antenne CobWeb&nbsp;&raquo;<\/span><\/a><\/p>\n","protected":false},"author":1,"featured_media":0,"parent":0,"menu_order":0,"comment_status":"closed","ping_status":"closed","template":"","meta":{"footnotes":""},"class_list":["post-75","page","type-page","status-publish","hentry"],"_links":{"self":[{"href":"http:\/\/www.on4cn.be\/blog_radio\/wp-json\/wp\/v2\/pages\/75","targetHints":{"allow":["GET"]}}],"collection":[{"href":"http:\/\/www.on4cn.be\/blog_radio\/wp-json\/wp\/v2\/pages"}],"about":[{"href":"http:\/\/www.on4cn.be\/blog_radio\/wp-json\/wp\/v2\/types\/page"}],"author":[{"embeddable":true,"href":"http:\/\/www.on4cn.be\/blog_radio\/wp-json\/wp\/v2\/users\/1"}],"replies":[{"embeddable":true,"href":"http:\/\/www.on4cn.be\/blog_radio\/wp-json\/wp\/v2\/comments?post=75"}],"version-history":[{"count":0,"href":"http:\/\/www.on4cn.be\/blog_radio\/wp-json\/wp\/v2\/pages\/75\/revisions"}],"wp:attachment":[{"href":"http:\/\/www.on4cn.be\/blog_radio\/wp-json\/wp\/v2\/media?parent=75"}],"curies":[{"name":"wp","href":"https:\/\/api.w.org\/{rel}","templated":true}]}}