{"id":5014,"date":"2017-10-02T13:08:28","date_gmt":"2017-10-02T12:08:28","guid":{"rendered":"http:\/\/www.on4cn.be\/blog_radio\/?page_id=5014"},"modified":"2017-10-02T13:13:02","modified_gmt":"2017-10-02T12:13:02","slug":"online-qsl-request-oqrs","status":"publish","type":"page","link":"http:\/\/www.on4cn.be\/blog_radio\/online-qsl-request-oqrs\/","title":{"rendered":"Online QSL request &#8211; OQRS"},"content":{"rendered":"<table border=\"5\" width=\"50%\" cellspacing=\"3\" cellpadding=\"2\" align=\"CENTER\">\n<tbody>\n<tr>\n<td><center><\/p>\n<h2>Online QSL request &#8211; OQRS<\/h2>\n<p><\/center><span style=\"color: #0000ff;\">\u00c9tape 1 :<\/span><\/p>\n<p>Quand tu avais finalement r\u00e9ussi \u00e0 r\u00e9aliser un contact avec une station rare en attendant avec patience et pers\u00e9v\u00e9rance la chance dans le pile-up.<br \/>\nMaintenamt tu voudrait recevoir la comfirmation de cette station \u00e9crite tellement pr\u00e9cieux, et donc sa carte QSL. Il y a quelques ann\u00e9es tu n&rsquo;avait que<br \/>\ndeux posibilit\u00e9 :<\/p>\n<ul>\n<li>L&rsquo;exp\u00e9dier par le bureau QSL<\/li>\n<li>L&rsquo;exp\u00e9dier en directement par la poste<\/li>\n<\/ul>\n<\/td>\n<\/tr>\n<tr>\n<td><span style=\"color: #0000ff;\">Figure 1<\/span> <a href=\"http:\/\/www.on4cn.be\/blog_radio\/wp-content\/uploads\/2017\/10\/clublog001.jpg\"><img loading=\"lazy\" decoding=\"async\" class=\"aligncenter size-medium wp-image-5016\" src=\"http:\/\/www.on4cn.be\/blog_radio\/wp-content\/uploads\/2017\/10\/clublog001-196x300.jpg\" alt=\"\" width=\"196\" height=\"300\" srcset=\"http:\/\/www.on4cn.be\/blog_radio\/wp-content\/uploads\/2017\/10\/clublog001-196x300.jpg 196w, http:\/\/www.on4cn.be\/blog_radio\/wp-content\/uploads\/2017\/10\/clublog001-768x1177.jpg 768w, http:\/\/www.on4cn.be\/blog_radio\/wp-content\/uploads\/2017\/10\/clublog001-668x1024.jpg 668w, http:\/\/www.on4cn.be\/blog_radio\/wp-content\/uploads\/2017\/10\/clublog001.jpg 1583w\" sizes=\"auto, (max-width: 196px) 85vw, 196px\" \/><\/a><\/p>\n<p>De nos jours pas mal d&rsquo;exp\u00e9ditions DX pr\u00e9f\u00e8rent le <b>\u00ab\u00a0OQRS\u00a0\u00bb<\/b> un syst\u00e8me \u00e9lectronique qui te permet la v\u00e9rifier si ton contact est bien repris dans le \u00ab\u00a0log\u00a0\u00bb et de demander une carte <b>QSL<\/b> <b>\u00ab\u00a0on line\u00a0\u00bb<\/b>. Beaucoups de chasseurs de <b>DX<\/b> ont d\u00e9j\u00e0 d\u00e9couvert les avantages du syst\u00e8me <b>\u00ab\u00a0OQRS\u00a0\u00bb<\/b>. Mais cette rubrique s&rsquo;adresse \u00e9videment aux nouveaux amateurs et \u00e0 ceux qui veulent d\u00e9couvrir ce syst\u00e8me en prenant un peu de temps pour ce familiariser avec ce programme. Pr\u00e9cisons avant tout que le syst\u00e8me <b>\u00ab\u00a0OQRS\u00a0\u00bb<\/b> et un syst\u00e8me \u00ab\u00a0LoTW\u00a0\u00bb (Logbook of the world) de l&rsquo;<b>ARRL<\/b> sont deux syst\u00e8me diff\u00e9rent. Les confirmations de contacts qui proviennent des deux sont valable pour le <span style=\"color: #0000ff;\"><b>DXCC (100 pays <b>DXCC<\/b> contact\u00e9s et confirm\u00e9s)<\/b><\/span>. Pourtant les confirmations par LoTW sont virtuelles et n&rsquo;aboutissent pas \u00e0 une carte <b>QSL<\/b> en papier. De plus la confirmation num\u00e9rique d&rsquo;un QSO n&rsquo;est valable que pour une poign\u00e9e de<br \/>\nprogrammes de dipl\u00f4mes. Avec le syst\u00e8me <b>\u00ab\u00a0OQRS\u00a0\u00bb<\/b> ont peut obtenir une vraie carte QSL qu&rsquo;on peut accrocher avec fiert\u00e9 au mur de sont shack. Retournons maintenant \u00e0 l&rsquo;OQRS. <b>\u00ab\u00a0OQRS\u00a0\u00bb<\/b> a \u00e9t\u00e9 d\u00e9velopp\u00e9 par <b>\u00ab\u00a0Clublog\u00a0\u00bb<\/b> en quelques mots nous pourrions d\u00e9crire ce syst\u00e8me comme un ensemble de <b>\u00ab\u00a0logs\u00a0\u00bb<\/b> qui sont t\u00e9l\u00e9charg\u00e9s sur un serveur par des <b>OMs<\/b> par des stations club et part des stations <b>DX<\/b>. Afin de pouvoir utiliser <b>OQRS<\/b> on doit \u00eatre enregistr\u00e9 aupr\u00e9s de <b>Clublog<\/b>. Cet enregistrement est tout \u00e0 fait <b>GRATUIT<\/b> et peut se faire via l&rsquo;URL http:\/\/secure.clublog.org\/signup.php. Enregistrement de vos contacts dans un log \u00e9l\u00e9ctrinique soit avec un programme gratuit soit avec un logiciel payant n&rsquo;importe quel programme d&rsquo;enregistrement dr logs permet de l&rsquo;exporter en format <b>ADIF.<\/b> pour en savoir plus jetez un oeil sur http:\/\/www.adif.org. Une fois que vous avez ouvert un compte sur Clublog en bonne et due forme la d\u00e9marche suivante<br \/>\nest de t\u00e9l\u00e9chatger votre au format <b>ADIF.<\/b> on trouve une explication bien pratique sur http:\/\/clublog.fresdesk.com\/support\/solutions\/articles\/55716. Sur ce site on explique pas \u00e0 pas comment s&rsquo;y prendre. Le but de cette article est d&rsquo;expliquer comment on obtient la <b>QSL<\/b> tant d\u00e9sir\u00e9e par le syst\u00e8me <b>OQRS<\/b>.<\/p>\n<p><strong>Cliquez sur la photo pour agrandir <\/strong><\/td>\n<\/tr>\n<tr>\n<td><span style=\"color: #0000ff;\">Figure 2<\/span> <a href=\"http:\/\/www.on4cn.be\/blog_radio\/wp-content\/uploads\/2017\/10\/clublog002.png\"><img loading=\"lazy\" decoding=\"async\" class=\"aligncenter size-medium wp-image-5017\" src=\"http:\/\/www.on4cn.be\/blog_radio\/wp-content\/uploads\/2017\/10\/clublog002-300x131.png\" alt=\"clublog002\" width=\"300\" height=\"131\" srcset=\"http:\/\/www.on4cn.be\/blog_radio\/wp-content\/uploads\/2017\/10\/clublog002-300x131.png 300w, http:\/\/www.on4cn.be\/blog_radio\/wp-content\/uploads\/2017\/10\/clublog002-768x336.png 768w, http:\/\/www.on4cn.be\/blog_radio\/wp-content\/uploads\/2017\/10\/clublog002-1024x448.png 1024w, http:\/\/www.on4cn.be\/blog_radio\/wp-content\/uploads\/2017\/10\/clublog002.png 1583w\" sizes=\"auto, (max-width: 300px) 85vw, 300px\" \/><\/a><\/p>\n<p>&nbsp;<\/p>\n<h2>Allons-y-donc<\/h2>\n<p>&nbsp;<\/p>\n<p><span style=\"color: #0000ff;\">\u00c9tape 2 :<\/span><\/p>\n<p>Quand vous avez contact\u00e9 une exp\u00e9dition DX vous devez d&rsquo;abord trouv\u00e9 les informations QSL de cette station. Un premier pas pour trouver ces infos est souvent sur <b>qrz.com<\/b>. Si l&rsquo;exp\u00e9dition DX offre <b>OQRS<\/b> comme option vous trouverez certainement une indication dans ce sens sur qrz.com. Une autre possiblit\u00e9 est de naviguer dirctement sur http:\/\/secure.clublog.org\/expedition.php. Sur ce site on trouve un aper\u00e7u des exp\u00e9ditions DX r\u00e9cente qui utilisent le syst\u00e8me (figure 1). Si vous trouvez une caddie dans la colonne OQRS vous pouvez <b>\u00ab\u00a0commander\u00a0\u00bb<\/b> votre catre QSL en ligne<\/p>\n<p>Ensiute vous cliquez sur l&rsquo;indicatif de la staion (figure 2)-SV9VK \u00e0 titre d&rsquo;exemple. vous inscrivez votre propre indicatif et vous cliquer sur <b>\u00ab\u00a0Find QSOs\u00a0\u00bb<\/b>. En marge : cet \u00e9cran indique aussi quand la station a t\u00e9l\u00e9charg\u00e9 \u00ab\u00a0son\u00a0\u00bb log pour la derni\u00e8re fois. Si un ou plusieurs de vos QSOs lui sont post\u00e9rieus vous devez retrouver sur le site un peu plus trad.<\/p>\n<p>Si votre indicatif se trouve dans le log de la station vous verrez imm\u00e9diatement appara\u00eetre un aper\u00e7u des informations de votre\/vos contact(s) indiquant la mode la bande etc etc repris dans le log de la station contact\u00e9e figure 2.<\/p>\n<p><strong>Cliquez sur la photo pour agrandir <\/strong><\/td>\n<\/tr>\n<tr>\n<td><span style=\"color: #0000ff;\">Figure 3<\/span> <a href=\"http:\/\/www.on4cn.be\/blog_radio\/wp-content\/uploads\/2017\/10\/clublog003.png\"><img loading=\"lazy\" decoding=\"async\" class=\"aligncenter size-medium wp-image-5019\" src=\"http:\/\/www.on4cn.be\/blog_radio\/wp-content\/uploads\/2017\/10\/clublog003-300x147.png\" alt=\"clublog003\" width=\"300\" height=\"147\" srcset=\"http:\/\/www.on4cn.be\/blog_radio\/wp-content\/uploads\/2017\/10\/clublog003-300x147.png 300w, http:\/\/www.on4cn.be\/blog_radio\/wp-content\/uploads\/2017\/10\/clublog003-768x376.png 768w, http:\/\/www.on4cn.be\/blog_radio\/wp-content\/uploads\/2017\/10\/clublog003-1024x502.png 1024w, http:\/\/www.on4cn.be\/blog_radio\/wp-content\/uploads\/2017\/10\/clublog003.png 1583w\" sizes=\"auto, (max-width: 300px) 85vw, 300px\" \/><\/a><\/p>\n<p>Le bouton rouge \u00ab\u00a0Request QSL\u00a0\u00bb vous am\u00e8ne \u00e0 un nouvel \u00e9cran comme vous pouvez le voire sur la figure 3<\/p>\n<p>Si vous avez charg\u00e9 votre fichier <b>ADIF<\/b> sur Clublog la date et le moment exacts sont automatiquement compl\u00e9t\u00e9. Si par contre vous avez oubli\u00e9 d&rsquo;exporter votre fichier \u00e0 Clublog vous devrez importer les donn\u00e9es de votre\/vos QSO(s) manuellement. Le syst\u00e8me v\u00e9rifie si vos donn\u00e9es correspondent au log de l&rsquo;exp\u00e9dition DX.<\/p>\n<p><span style=\"color: #0000ff;\">\u00c9tape 3 :<\/span><\/p>\n<p>Ensuite vous avez la possibilit\u00e9 de commander votre carte <b>QSL<\/b> soite via le <b>BUREAU<\/b> QSL ou moyennant une petite contribution en <b>DIRECT<\/b>. Cette contribution est stipul\u00e9e par l&rsquo;exp\u00e9dition-DX mais d\u00e9passe rarement le co\u00fbt d&rsquo;une enveloppe plus le timbre-poste tandis que de votre c\u00f4t\u00e9 vous \u00e9vitez la d\u00e9pense d&rsquo;une enveloppe et des timbres. Dans notre l&rsquo;exemple nous avont choisi le bureau-QSL et nous cliquons sur le bouton correspondant. L&rsquo;\u00e9cran suivant appara\u00eet. Sous \u00ab\u00a0QSL options\u00a0\u00bb on peut voir que nous avons choisi \u00ab\u00a0par bureau QSL\u00a0\u00bb. Si vous aviez opt\u00e9 pour l&rsquo;envoi <b>DIRECT<\/b> vous seriez guid\u00e9 vers votre compte <b>PayPal<\/b> avec lequel vous pourrez payer les frais.<\/p>\n<p><strong>Cliquez sur la photo pour agrandir <\/strong><\/td>\n<\/tr>\n<tr>\n<td><span style=\"color: #0000ff;\">Figure 4<\/span> <a href=\"http:\/\/www.on4cn.be\/blog_radio\/wp-content\/uploads\/2017\/10\/clublog004.png\"><img loading=\"lazy\" decoding=\"async\" class=\"aligncenter size-medium wp-image-5020\" src=\"http:\/\/www.on4cn.be\/blog_radio\/wp-content\/uploads\/2017\/10\/clublog004-300x154.png\" alt=\"clublog004\" width=\"300\" height=\"154\" srcset=\"http:\/\/www.on4cn.be\/blog_radio\/wp-content\/uploads\/2017\/10\/clublog004-300x154.png 300w, http:\/\/www.on4cn.be\/blog_radio\/wp-content\/uploads\/2017\/10\/clublog004-768x395.png 768w, http:\/\/www.on4cn.be\/blog_radio\/wp-content\/uploads\/2017\/10\/clublog004-1024x527.png 1024w, http:\/\/www.on4cn.be\/blog_radio\/wp-content\/uploads\/2017\/10\/clublog004.png 1583w\" sizes=\"auto, (max-width: 300px) 85vw, 300px\" \/><\/a><\/p>\n<p>Ensuite vous cliquez sur le bouton \u00ab\u00a0Checkout\u00a0\u00bb. Vous pouvez maintenant suivre les \u00e9tapes de la figure 4. Si par exemple vous voulez sponsoriser l&rsquo;exp\u00e9dition DX avec un don vous pourrez le faire sur un des \u00e9ccrans suivant. Ici aussi vous serez guid\u00e9 vers votre compte PayPal. Pour terminer appuyez sur le bouton \u00ab\u00a0Finalise QSL request\u00a0\u00bb et le message <b>\u00ab\u00a0QSLs requested\u00a0\u00bb<\/b> appara\u00eetra \u00e0 votre grande satisfaction !<\/p>\n<p>J&rsquo;esp\u00e8re que cet article sera un bon guide qui vous aidera \u00e0 vous familaireser avec l&rsquo;utilisation du syst\u00e8me <b>OQRS<\/b> et que bient\u00f4t vous trouverez vos premi\u00e8res carte QSL dans votre bo\u00eete aux lettres ou qu&rsquo;elles se trouveront dans le prochain paquet de cartes que le r\u00e9sponsable des QSLs de votre section aura le plaisir de vous remettre.<\/p>\n<p><strong>Cliquez sur la photo pour agrandir <\/strong><\/td>\n<\/tr>\n<tr>\n<td><span style=\"color: #0000ff;\">Figure 5<\/span> <a href=\"http:\/\/www.on4cn.be\/blog_radio\/wp-content\/uploads\/2017\/10\/clublog005.png\"><img loading=\"lazy\" decoding=\"async\" class=\"aligncenter size-medium wp-image-5021\" src=\"http:\/\/www.on4cn.be\/blog_radio\/wp-content\/uploads\/2017\/10\/clublog005-300x157.png\" alt=\"clublog005\" width=\"300\" height=\"157\" srcset=\"http:\/\/www.on4cn.be\/blog_radio\/wp-content\/uploads\/2017\/10\/clublog005-300x157.png 300w, http:\/\/www.on4cn.be\/blog_radio\/wp-content\/uploads\/2017\/10\/clublog005-768x402.png 768w, http:\/\/www.on4cn.be\/blog_radio\/wp-content\/uploads\/2017\/10\/clublog005-1024x536.png 1024w, http:\/\/www.on4cn.be\/blog_radio\/wp-content\/uploads\/2017\/10\/clublog005.png 1583w\" sizes=\"auto, (max-width: 300px) 85vw, 300px\" \/><\/a><br \/>\n<a href=\"http:\/\/www.on4cn.be\/blog_radio\/wp-content\/uploads\/2017\/10\/clublog006.png\"><img loading=\"lazy\" decoding=\"async\" class=\"aligncenter size-medium wp-image-5022\" src=\"http:\/\/www.on4cn.be\/blog_radio\/wp-content\/uploads\/2017\/10\/clublog006-300x106.png\" alt=\"clublog006\" width=\"300\" height=\"106\" srcset=\"http:\/\/www.on4cn.be\/blog_radio\/wp-content\/uploads\/2017\/10\/clublog006-300x106.png 300w, http:\/\/www.on4cn.be\/blog_radio\/wp-content\/uploads\/2017\/10\/clublog006-768x272.png 768w, http:\/\/www.on4cn.be\/blog_radio\/wp-content\/uploads\/2017\/10\/clublog006-1024x362.png 1024w, http:\/\/www.on4cn.be\/blog_radio\/wp-content\/uploads\/2017\/10\/clublog006.png 1583w\" sizes=\"auto, (max-width: 300px) 85vw, 300px\" \/><\/a><\/p>\n<p><strong>Cliquez sur la photo pour agrandir <\/strong><\/td>\n<\/tr>\n<\/tbody>\n<\/table>\n","protected":false},"excerpt":{"rendered":"<p>Online QSL request &#8211; OQRS \u00c9tape 1 : Quand tu avais finalement r\u00e9ussi \u00e0 r\u00e9aliser un contact avec une station rare en attendant avec patience et pers\u00e9v\u00e9rance la chance dans le pile-up. Maintenamt tu voudrait recevoir la comfirmation de cette station \u00e9crite tellement pr\u00e9cieux, et donc sa carte QSL. Il y a quelques ann\u00e9es tu &hellip; <a href=\"http:\/\/www.on4cn.be\/blog_radio\/online-qsl-request-oqrs\/\" class=\"more-link\">Continuer la lecture<span class=\"screen-reader-text\"> de &laquo;&nbsp;Online QSL request &#8211; OQRS&nbsp;&raquo;<\/span><\/a><\/p>\n","protected":false},"author":1,"featured_media":0,"parent":0,"menu_order":0,"comment_status":"closed","ping_status":"closed","template":"","meta":{"footnotes":""},"class_list":["post-5014","page","type-page","status-publish","hentry"],"_links":{"self":[{"href":"http:\/\/www.on4cn.be\/blog_radio\/wp-json\/wp\/v2\/pages\/5014","targetHints":{"allow":["GET"]}}],"collection":[{"href":"http:\/\/www.on4cn.be\/blog_radio\/wp-json\/wp\/v2\/pages"}],"about":[{"href":"http:\/\/www.on4cn.be\/blog_radio\/wp-json\/wp\/v2\/types\/page"}],"author":[{"embeddable":true,"href":"http:\/\/www.on4cn.be\/blog_radio\/wp-json\/wp\/v2\/users\/1"}],"replies":[{"embeddable":true,"href":"http:\/\/www.on4cn.be\/blog_radio\/wp-json\/wp\/v2\/comments?post=5014"}],"version-history":[{"count":0,"href":"http:\/\/www.on4cn.be\/blog_radio\/wp-json\/wp\/v2\/pages\/5014\/revisions"}],"wp:attachment":[{"href":"http:\/\/www.on4cn.be\/blog_radio\/wp-json\/wp\/v2\/media?parent=5014"}],"curies":[{"name":"wp","href":"https:\/\/api.w.org\/{rel}","templated":true}]}}