{"id":4967,"date":"2017-08-27T10:54:27","date_gmt":"2017-08-27T09:54:27","guid":{"rendered":"http:\/\/www.on4cn.be\/blog_radio\/?page_id=4967"},"modified":"2017-08-27T10:56:04","modified_gmt":"2017-08-27T09:56:04","slug":"configure-page-qrz-com","status":"publish","type":"page","link":"http:\/\/www.on4cn.be\/blog_radio\/configure-page-qrz-com\/","title":{"rendered":"Configur\u00e9 votre page QRZ.COM"},"content":{"rendered":"\n<p><b>T\u00e9l\u00e9charger vos photos<\/b><\/p>\n<p>Pour ces exemples, remplacez <b>XX2XX<\/b> par votre indicatif d&rsquo;appel.<\/p>\n<table border=\"0\">\n<tbody>\n<tr>\n<td>\n<p><a href=\"qrzon4-1.jpg\" rel=\"iframe\" title=\"qrz on4cn\" target=\"_blank\"><img decoding=\"async\" alt=\"qrz on4cn \" src=\"http:\/\/www.on4cn.be\/blog_radio\/wp-content\/uploads\/2017\/01\/qrzon4-1.jpg\" style=\"margin: 20px; width: 350px; height: 261px;float:left;\" title=\"Cliquez pour agrandir\" \/><\/a><\/p>\n<p>&nbsp;<\/p>\n<p>a cot\u00e9 de votre indicatif sur la barre sup\u00e9rieur, il y a un onglet <strong>EDIT<\/strong>, c&rsquo;est l\u00e0 qu&rsquo;il faut aller.<\/p>\n<p><strong>Cliquez sur la photo pour agrandir <\/p>\n<\/td>\n<\/tr>\n<tr>\n<td>\n<p><a href=\"http:\/\/www.on4cn.be\/blog_radio\/wp-content\/uploads\/2017\/01\/qrzon4-0a.jpg\" rel=\"iframe\" title=\"qrz on4cn\" target=\"_blank\"><img decoding=\"async\" alt=\"qrz on4cn \" src=\"http:\/\/www.on4cn.be\/blog_radio\/wp-content\/uploads\/2017\/01\/qrzon4-0a.jpg\" style=\"margin: 20px; width: 350px; height: 290px;float:left;\" title=\"Cliquez pour agrandir\" \/><\/a><\/p>\n<p>&nbsp;<\/p>\n<p>Ensuite, choisissez <b> Ajouter ou modifier vos photos et images QSL <\/ b><\/p>\n<p><strong>Cliquez sur la photo pour agrandir <\/p>\n<\/td>\n<\/tr>\n<tr>\n<td>\n<p><a href=\"http:\/\/www.on4cn.be\/blog_radio\/wp-content\/uploads\/2017\/01\/qrzon4-0b2.jpg\" rel=\"iframe\" title=\"qrz on4cn\" target=\"_blank\"><img decoding=\"async\" alt=\"qrz on4cn \" src=\"http:\/\/www.on4cn.be\/blog_radio\/wp-content\/uploads\/2017\/01\/qrzon4-0b2.jpg\" style=\"margin: 20px; width: 550px; height: 290px;float:left;\" title=\"Cliquez pour agrandir\" \/><\/a><\/p>\n<p>&nbsp;<\/p>\n<p>Vous pouvez s\u00e9lectionner et t\u00e9l\u00e9charger l&rsquo;image que vous souhaitez voir appara\u00eetre sur votre page en cliquant sur le bouton \u00ab Parcourir \u00bb, puis en s\u00e9lectionnant l&rsquo;image souhait\u00e9e \u00e0 partir de votre ordinateur (double-cliquez sur l&rsquo;image que vous souhaitez s\u00e9lectionner). Ensuite, cliquez sur le bouton \u00ab Ajouter maintenant \u00bb pour t\u00e9l\u00e9charger l&rsquo;image s\u00e9lectionn\u00e9e. R\u00e9p\u00e9ter au besoin pour ajouter plusieurs images. (S&rsquo;il vous pla\u00eet noter que si vous utilisez les navigateurs Web Safari ou Google Chrome, vous verrez les mots \u00ab Choisir un fichier \u00bb plut\u00f4t que \u00ab browse \u00bb)<\/p>\n<p><strong>Cliquez sur la photo pour agrandir <\/p>\n<\/td>\n<\/tr>\n<tr>\n<td>\n<p><a href=\"http:\/\/www.on4cn.be\/blog_radio\/wp-content\/uploads\/2017\/01\/qrzon4-0c.jpg\" rel=\"iframe\" title=\"qrz on4cn\" target=\"_blank\"><img decoding=\"async\" alt=\"qrz on4cn \" src=\"http:\/\/www.on4cn.be\/blog_radio\/wp-content\/uploads\/2017\/01\/qrzon4-0c.jpg\" style=\"margin: 20px; width: 350px; height: 290px;float:left;\" title=\"Cliquez pour agrandir\" \/><\/a><\/p>\n<p>&nbsp;<\/p>\n<p>Une fois que vous avez t\u00e9l\u00e9charg\u00e9 vos images, revenez \u00e0 la principale \u00ab Modifier XX2XX \u00bb menu et choisissez <b> Ajouter ou modifier le texte de biographie. . .<\/p>\n<p><strong>Cliquez sur la photo pour agrandir <\/p>\n<\/td>\n<\/tr>\n<tr>\n<td>\n<p><a href=\"http:\/\/www.on4cn.be\/blog_radio\/wp-content\/uploads\/2017\/01\/qrzon4-2a.jpg\" rel=\"iframe\" title=\"qrz on4cn\" target=\"_blank\"><img decoding=\"async\" alt=\"qrz on4cn \" src=\"http:\/\/www.on4cn.be\/blog_radio\/wp-content\/uploads\/2017\/01\/qrzon4-2a.jpg\" style=\"margin: 20px; width: 350px; height: 261px;float:left;\" title=\"Cliquez pour agrandir\" \/><\/a><\/p>\n<p>&nbsp;<\/p>\n<p>Placez le curseur \u00e0 l&rsquo;endroit dans votre bio o\u00f9 vous voulez ins\u00e9rer la nouvelle image (s). Ensuite, cliquez sur l&rsquo;ic\u00f4ne d&rsquo;image.<\/p>\n<p><strong>Cliquez sur la photo pour agrandir <\/p>\n<\/td>\n<\/tr>\n<tr>\n<td>\n<p><a href=\"http:\/\/www.on4cn.be\/blog_radio\/wp-content\/uploads\/2017\/01\/qrzon4-3.jpg\" rel=\"iframe\" title=\"qrz on4cn\" target=\"_blank\"><img decoding=\"async\" alt=\"qrz on4cn \" src=\"http:\/\/www.on4cn.be\/blog_radio\/wp-content\/uploads\/2017\/01\/qrzon4-3.jpg\" style=\"margin: 20px; width: 350px; height: 261px;float:left;\" title=\"Cliquez pour agrandir\" \/><\/a><\/p>\n<p>&nbsp;<\/p>\n<p>Une fen\u00eatre appara\u00eet. Cliquer sur <b style=\"color:blue\"> Parcourir le serveur<\/b><\/p>\n<p><strong>Cliquez sur la photo pour agrandir <\/p>\n<\/td>\n<\/tr>\n<tr>\n<td>\n<p><a href=\"http:\/\/www.on4cn.be\/blog_radio\/wp-content\/uploads\/2017\/01\/qrzon4-4.jpg\" rel=\"iframe\" title=\"qrz on4cn\" target=\"_blank\"><img decoding=\"async\" alt=\"qrz on4cn \" src=\"http:\/\/www.on4cn.be\/blog_radio\/wp-content\/uploads\/2017\/01\/qrzon4-4.jpg\" style=\"margin: 20px; width: 350px; height: 261px;float:left;\" title=\"Cliquez pour agrandir\" \/><\/a><\/p>\n<p>&nbsp;<\/p>\n<p>Une seconde fen\u00eatre appara\u00eet. Localisez l&rsquo;image que vous souhaitez inclure et double-cliquez dessus.<\/p>\n<p><strong>Cliquez sur la photo pour agrandir <\/p>\n<\/td>\n<\/tr>\n<tr>\n<td>\n<p><a href=\"http:\/\/www.on4cn.be\/blog_radio\/wp-content\/uploads\/2017\/01\/qrzon4-5.jpg\" rel=\"iframe\" title=\"qrz on4cn\" target=\"_blank\"><img decoding=\"async\" alt=\"qrz on4cn \" src=\"http:\/\/www.on4cn.be\/blog_radio\/wp-content\/uploads\/2017\/01\/qrzon4-5.jpg\" style=\"margin: 20px; width: 350px; height: 261px;float:left;\" title=\"Cliquez pour agrandir\" \/><\/a><\/p>\n<p>&nbsp;<\/p>\n<p>L&rsquo;image appara\u00eet alors dans une fen\u00eatre d&rsquo;exemple. Sur le c\u00f4t\u00e9 gauche de la bo\u00eete, r\u00e9gler la largeur, la hauteur, et d&rsquo;autres param\u00e8tres pour ajuster l&rsquo;image en fonction de votre go\u00fbt. Cliquez sur OK pour ins\u00e9rer l&rsquo;image dans votre bio.<\/p>\n<p><strong>Cliquez sur la photo pour agrandir <\/p>\n<\/td>\n<\/tr>\n<tr>\n<td>\n<p><a href=\"http:\/\/www.on4cn.be\/blog_radio\/wp-content\/uploads\/2017\/01\/qrzon4-6.jpg\" rel=\"iframe\" title=\"qrz on4cn\" target=\"_blank\"><img decoding=\"async\" alt=\"qrz on4cn \" src=\"http:\/\/www.on4cn.be\/blog_radio\/wp-content\/uploads\/2017\/01\/qrzon4-6.jpg\" style=\"margin: 20px; width: 350px; height: 261px;float:left;\" title=\"Cliquez pour agrandir\" \/><\/a><\/p>\n<p>&nbsp;<\/p>\n<p>Terminer l&rsquo;\u00e9dition de votre texte, ajouter des photos, etc., puis cliquez sur <b>Save<\/b> lorsque vous avez termin\u00e9.<\/p>\n<p><strong>Cliquez sur la photo pour agrandir <\/p>\n<\/td>\n<\/tr>\n<tr>\n<td>\n<p><a href=\"http:\/\/www.on4cn.be\/blog_radio\/wp-content\/uploads\/2017\/01\/qrzon4-7.jpg\" rel=\"iframe\" title=\"qrz on4cn\" target=\"_blank\"><img decoding=\"async\" alt=\"qrz on4cn \" src=\"http:\/\/www.on4cn.be\/blog_radio\/wp-content\/uploads\/2017\/01\/qrzon4-7.jpg\" style=\"margin: 20px; width: 350px; height: 261px;float:left;\" title=\"Cliquez pour agrandir\" \/><\/a><\/p>\n<p>&nbsp;<\/p>\n<p>Vous pouvez visualiser votre nouvelle page callsign.<\/p>\n<p><strong>Cliquez sur la photo pour agrandir <\/p>\n<\/td>\n<\/tr>\n<\/tbody>\n<\/table>\n<p><center>Encore besoin d&rsquo;aide ? Questions et r\u00e9ponses. sur le forum de QRZ.COM <a href=\"http:\/\/forums.qrz.com\/forumdisplay.php?f=11\"> ICI<\/a>.<\/center><\/p>\n","protected":false},"excerpt":{"rendered":"<p>T\u00e9l\u00e9charger vos photos Pour ces exemples, remplacez XX2XX par votre indicatif d&rsquo;appel. &nbsp; a cot\u00e9 de votre indicatif sur la barre sup\u00e9rieur, il y a un onglet EDIT, c&rsquo;est l\u00e0 qu&rsquo;il faut aller. Cliquez sur la photo pour agrandir &nbsp; Ensuite, choisissez Ajouter ou modifier vos photos et images QSL Cliquez sur la photo pour &hellip; <a href=\"http:\/\/www.on4cn.be\/blog_radio\/configure-page-qrz-com\/\" class=\"more-link\">Continuer la lecture<span class=\"screen-reader-text\"> de &laquo;&nbsp;Configur\u00e9 votre page QRZ.COM&nbsp;&raquo;<\/span><\/a><\/p>\n","protected":false},"author":1,"featured_media":0,"parent":0,"menu_order":0,"comment_status":"closed","ping_status":"closed","template":"","meta":{"footnotes":""},"class_list":["post-4967","page","type-page","status-publish","hentry"],"_links":{"self":[{"href":"http:\/\/www.on4cn.be\/blog_radio\/wp-json\/wp\/v2\/pages\/4967","targetHints":{"allow":["GET"]}}],"collection":[{"href":"http:\/\/www.on4cn.be\/blog_radio\/wp-json\/wp\/v2\/pages"}],"about":[{"href":"http:\/\/www.on4cn.be\/blog_radio\/wp-json\/wp\/v2\/types\/page"}],"author":[{"embeddable":true,"href":"http:\/\/www.on4cn.be\/blog_radio\/wp-json\/wp\/v2\/users\/1"}],"replies":[{"embeddable":true,"href":"http:\/\/www.on4cn.be\/blog_radio\/wp-json\/wp\/v2\/comments?post=4967"}],"version-history":[{"count":0,"href":"http:\/\/www.on4cn.be\/blog_radio\/wp-json\/wp\/v2\/pages\/4967\/revisions"}],"wp:attachment":[{"href":"http:\/\/www.on4cn.be\/blog_radio\/wp-json\/wp\/v2\/media?parent=4967"}],"curies":[{"name":"wp","href":"https:\/\/api.w.org\/{rel}","templated":true}]}}