{"id":4963,"date":"2017-08-27T10:50:01","date_gmt":"2017-08-27T09:50:01","guid":{"rendered":"http:\/\/www.on4cn.be\/blog_radio\/?page_id=4963"},"modified":"2017-08-27T10:51:27","modified_gmt":"2017-08-27T09:51:27","slug":"indicatif-base-qrz-com","status":"publish","type":"page","link":"http:\/\/www.on4cn.be\/blog_radio\/indicatif-base-qrz-com\/","title":{"rendered":"Indicatif dans la base QRZ.com"},"content":{"rendered":"<table border=\"0\">\n<tbody>\n<tr>\n<td>\n<p><h3>Votre indicatif dans la base QRZ.com<\/h3>\n<\/p>\n<\/td>\n<\/tr>\n<\/tbody>\n<\/table>\n<table border=\"5\" width=\"500\" cellspacing=\"1\" cellpadding=\"1\" align=\"center\">\n<tbody>\n<p><img decoding=\"async\" alt=\"qrz on4cn \" src=\"http:\/\/www.on4cn.be\/blog_radio\/wp-content\/uploads\/2017\/01\/qrzon4cn.png\" style=\"margin: 20px; width: 100px; height: 100px;float:left;\" title=\"qrz.com\" \/><\/p>\n<p><p>Bonjour,<\/p>\n<p>QRZ.com est devenue la r\u00e9f\u00e9rence des bases de donn\u00e9es d&rsquo;indicatifs des Radiomamteurs dans le monde.<br \/>Voici donc la proc\u00e9dure pour y figurer :<\/p>\n<p>1) Se rendre sur le forum du site QRZ.com : <a href=\"http:\/\/forums.qrz.com\/\">http:\/\/forums.qrz.com\/<\/a><\/p>\n<p>2) Y cr\u00e9er un compte:<a href=\"http:\/\/forums.qrz.com\/register.php\">http:\/\/forums.qrz.com\/register.php<\/a><\/p>\n<p>Remplir tous les champs et cocher la case \u00ab\u00a0<strong>I have read, and agree to abide by the QRZ Forums rules\u00a0\u00bb<\/strong> en bas de la page.<\/p>\n<p>3) Une fois son compte cr\u00e9\u00e9 se rendre ici : <a href=\"http:\/\/forums.qrz.com\/forumdisplay.php?22-QRZ.COM-Callsign-Database-Helpers\">linhttp:\/\/forums.qrz.com\/forumdisplay.php?22-QRZ.COM-Callsign-Database-Helpers<\/a><\/p>\n<p>4) Ouvrir un nouveau topic :<\/p>\n<p>Titre : Please, Add my callsign to the database <strong>ONXXX\/FXXXX<\/strong><\/p>\n<p> FXXXX\/ONXXX<\/strong> \u00e9tant votre indicatif.<\/p>\n<p> Noter ceci dans votre message :<\/p>\n<p>\n    &nbsp;&nbsp;&nbsp; CALLSIGN:&nbsp; <strong>ONXXX<\/strong>\/<strong>FXXXX<\/strong><br \/>\n    &nbsp; &nbsp; Email Address: <strong>Votre adresse Email<\/strong><br \/>\n    &nbsp;&nbsp;&nbsp; Name:&nbsp; <strong>Vos nom et pr\u00e9nom<\/strong><br \/>\n    &nbsp;&nbsp;&nbsp; Street Address : <strong>Num\u00e9ro et rue<\/strong><br \/>\n    &nbsp;&nbsp;&nbsp; City : <strong>Votre ville<\/strong><br \/>\n    &nbsp;&nbsp;&nbsp; Country: <strong>Le pays<\/strong><br \/>\n    &nbsp;&nbsp;&nbsp; Zip Code: <strong>Code postal<\/strong><br \/>\n    &nbsp;&nbsp;&nbsp; Web Site: <strong>Votre site Web<\/strong><\/p>\n<p>    &nbsp;&nbsp;&nbsp; Birth Year: <strong>Votre ann\u00e9e de naissance<\/strong><br \/>\n    &nbsp;&nbsp;&nbsp; Show Birth Year on page?: Si vous voulez que&nbsp; votre ann\u00e9e de naissance soit visible metre <strong>YES<\/strong><br \/>\n    &nbsp;&nbsp;&nbsp; eQSL?: <strong>Si vous utlisez les services de eQSL mettre Yes<\/strong><br \/>\n    &nbsp;&nbsp;&nbsp; LOTW?: <strong>Si vous utlisez les services de LOTW mettre Yes<\/strong><br \/>\n    &nbsp;&nbsp;&nbsp; Mail QSL?: <strong>Si vous utlisez les services de Mail QSL mettre Yes<\/strong>\n  <\/p>\n<p>Il ne reste plus qu&rsquo;a envoyer votre requette , un mod\u00e9rateur y r\u00e9pondra.<\/p>\n<p>Bonne inscription,<\/p>\n<\/tbody>\n<\/table>\n","protected":false},"excerpt":{"rendered":"<p>Votre indicatif dans la base QRZ.com Bonjour, QRZ.com est devenue la r\u00e9f\u00e9rence des bases de donn\u00e9es d&rsquo;indicatifs des Radiomamteurs dans le monde.Voici donc la proc\u00e9dure pour y figurer : 1) Se rendre sur le forum du site QRZ.com : http:\/\/forums.qrz.com\/ 2) Y cr\u00e9er un compte:http:\/\/forums.qrz.com\/register.php Remplir tous les champs et cocher la case \u00ab\u00a0I have &hellip; <a href=\"http:\/\/www.on4cn.be\/blog_radio\/indicatif-base-qrz-com\/\" class=\"more-link\">Continuer la lecture<span class=\"screen-reader-text\"> de &laquo;&nbsp;Indicatif dans la base QRZ.com&nbsp;&raquo;<\/span><\/a><\/p>\n","protected":false},"author":1,"featured_media":0,"parent":0,"menu_order":0,"comment_status":"closed","ping_status":"closed","template":"","meta":{"footnotes":""},"class_list":["post-4963","page","type-page","status-publish","hentry"],"_links":{"self":[{"href":"http:\/\/www.on4cn.be\/blog_radio\/wp-json\/wp\/v2\/pages\/4963","targetHints":{"allow":["GET"]}}],"collection":[{"href":"http:\/\/www.on4cn.be\/blog_radio\/wp-json\/wp\/v2\/pages"}],"about":[{"href":"http:\/\/www.on4cn.be\/blog_radio\/wp-json\/wp\/v2\/types\/page"}],"author":[{"embeddable":true,"href":"http:\/\/www.on4cn.be\/blog_radio\/wp-json\/wp\/v2\/users\/1"}],"replies":[{"embeddable":true,"href":"http:\/\/www.on4cn.be\/blog_radio\/wp-json\/wp\/v2\/comments?post=4963"}],"version-history":[{"count":0,"href":"http:\/\/www.on4cn.be\/blog_radio\/wp-json\/wp\/v2\/pages\/4963\/revisions"}],"wp:attachment":[{"href":"http:\/\/www.on4cn.be\/blog_radio\/wp-json\/wp\/v2\/media?parent=4963"}],"curies":[{"name":"wp","href":"https:\/\/api.w.org\/{rel}","templated":true}]}}