{"id":4750,"date":"2017-07-28T15:20:13","date_gmt":"2017-07-28T14:20:13","guid":{"rendered":"http:\/\/www.on4cn.be\/blog_radio\/?page_id=4750"},"modified":"2017-10-12T06:21:30","modified_gmt":"2017-10-12T05:21:30","slug":"e-qsl","status":"publish","type":"page","link":"http:\/\/www.on4cn.be\/blog_radio\/e-qsl\/","title":{"rendered":"Cartes QSL ou e-QSL"},"content":{"rendered":"<p><center><\/p>\n<h2><b><span style=\"color: #0000ff;\">Cartes QSL ou e-QSL<\/span><\/b><\/h2>\n<p><\/center><\/p>\n<p style=\"text-align: center;\"><a href=\"http:\/\/www.on4cn.be\/blog_radio\/wp-content\/uploads\/2017\/07\/QSL_card_v2-2.jpg\"><img loading=\"lazy\" decoding=\"async\" class=\"aligncenter size-full wp-image-4765\" src=\"http:\/\/www.on4cn.be\/blog_radio\/wp-content\/uploads\/2017\/07\/QSL_card_v2-2.jpg\" alt=\"QSL\" width=\"640\" height=\"360\" srcset=\"http:\/\/www.on4cn.be\/blog_radio\/wp-content\/uploads\/2017\/07\/QSL_card_v2-2.jpg 640w, http:\/\/www.on4cn.be\/blog_radio\/wp-content\/uploads\/2017\/07\/QSL_card_v2-2-300x169.jpg 300w\" sizes=\"auto, (max-width: 640px) 85vw, 640px\" \/><\/a><\/p>\n<p>Carte &#8211; au format carte postale &#8211;<br \/>\n<cite id=\"tooltipgc60647\" class=\"infotip\">confirmant, soit une radiocommunication bidirectionnelle entre deux stations<br \/>\nde radio amateur,<span class=\"tooltipgc_tooltip\" style=\"width: 180px;\"><span class=\"tooltipgc_inner\"><strong>NB :<\/strong> Le premier qui envoie la QSL demande en retour une QSL aussi. Et le retour seulement confirme la liaison bilat\u00e9rale (send me ou confirme ok).<\/span><\/span><\/cite> soit une r\u00e9ception \u00e0 sens unique d&rsquo;un signal d&rsquo;une radio, de t\u00e9l\u00e9vision ou de station de radiodiffusion \u00e0 ondes courtes.<\/p>\n<h4><b><span style=\"color: #ff0000;\">\u00c7a sert a quoi, une QSL ?<\/span><\/b><\/h4>\n<p>Les radioamateurs confirment souvent leurs contacts radio (QSO) par des cartes QSL (carte d&rsquo;accus\u00e9 de r\u00e9ception) Chaque carte contient des informations relatives au contact comme :<\/p>\n<ul>\n<li>l&rsquo;indicatif d&rsquo;appel des deux stations ayant \u00e9tabli le contact,<\/li>\n<li>l&rsquo;heure et la date du contact (g\u00e9n\u00e9ralement sp\u00e9cifi\u00e9e en UTC ),<\/li>\n<li>la fr\u00e9quence radio ou de bande utilis\u00e9e,<\/li>\n<li>le mode de transmission utilis\u00e9 (SSB, FM&#8230;),<\/li>\n<li>un report de signal.<a href=\"http:\/\/www.on4cn.be\/blog_radio\/wp-content\/uploads\/2017\/07\/qsl-verso.jpg\"><img loading=\"lazy\" decoding=\"async\" class=\"aligncenter size-full wp-image-4757\" src=\"http:\/\/www.on4cn.be\/blog_radio\/wp-content\/uploads\/2017\/07\/qsl-verso.jpg\" alt=\"qsl-verso\" width=\"640\" height=\"349\" srcset=\"http:\/\/www.on4cn.be\/blog_radio\/wp-content\/uploads\/2017\/07\/qsl-verso.jpg 640w, http:\/\/www.on4cn.be\/blog_radio\/wp-content\/uploads\/2017\/07\/qsl-verso-300x164.jpg 300w\" sizes=\"auto, (max-width: 640px) 85vw, 640px\" \/><\/a><\/li>\n<\/ul>\n<p>Les cartes QSL sont souvent tr\u00e8s originales, elles sont l&rsquo;expression m\u00eame de la cr\u00e9ativit\u00e9 individuelle. Le recto de la carte est souvent personnalis\u00e9 avec :<\/p>\n<ul>\n<li>la photo de l&rsquo;op\u00e9rateur<\/li>\n<li>la photo de sa station<\/li>\n<li>la photo de sa ville natale, des paysages de sa r\u00e9gion etc&#8230;<\/li>\n<li>une image virtuelle&#8230;<\/li>\n<\/ul>\n<p>Le radioamateur est tr\u00e8s fier de montrer ses cartes QSL acquises au cours du temps.<\/p>\n<p>Le seul formalisme se situe au niveau du format de la carte qsl qui selon L&rsquo;<strong>I<\/strong>nternational<strong> A<\/strong>mateur <strong>R<\/strong>adio <strong>U<\/strong>nion et ses soci\u00e9t\u00e9s membres recommandent une taille maximale de 140 mm par 90 mm (3 \u00bd par 5 \u00bd pouces).<\/p>\n<h4><b><span style=\"color: #ff0000;\">Comment se d\u00e9roule un \u00e9change de cartes qsl ?<\/span><\/b><\/h4>\n<h4><b><span style=\"color: #ff0000;\">Direct qsl<\/span><\/b><\/h4>\n<p>Prenons pour exemple un radioamateur fran\u00e7ais qui vient d&rsquo;\u00e9tablir une liaison avec une contr\u00e9e rare, une \u00eele inhabit\u00e9e de l\u2019Antarctique. Souhaitant confirmer ce contact \u00ab\u00a0rare\u00a0\u00bb, il sollicite aupr\u00e8s de la station contact\u00e9e (la station du p\u00f4le sud) une carte qsl.<\/p>\n<p>Pour ce faire, le radioamateur fran\u00e7ais envoie sa carte qsl personnelle avec les d\u00e9tails du contact et le cas \u00e9ch\u00e9ant une contribution financi\u00e8re pour couvrir les frais d&rsquo;affranchissement retour. Cette contribution peut prendre plusieurs formes :<\/p>\n<ul>\n<li>Une enveloppe <strong>timbr\u00e9e<\/strong> self adress\u00e9e . Cela ne pr\u00e9sente aucun probl\u00e8me tant que les deux correspondants habitent le m\u00eame pays. Dans le cas contraire, le timbre sur l&rsquo;enveloppe de retour ne sera pas valable&#8230;<\/li>\n<li>Une enveloppe self adress\u00e9e <strong>accompagn\u00e9e<\/strong> <cite id=\"tooltipgc60660\" class=\"infotip\"><a href=\"#\">d&rsquo;un IRC<\/a><span class=\"tooltipgc_tooltip\" style=\"width: 180px;\"><span class=\"tooltipgc_inner\">L&rsquo; IRC est un Coupon R\u00e9ponse International que l&rsquo;on peut se procurer dans les bureaux de poste.<br \/>\nCe coupon est \u00e9changeable dans tous les bureaux de postes du monde contre un affranchissement.<\/span><\/span><\/cite><\/li>\n<li>Une enveloppe self adress\u00e9e <strong>accompagn\u00e9e de <\/strong><cite id=\"tooltipgc60671\" class=\"infotip\"> <a href=\"#\">2 dollards.<\/a><span class=\"tooltipgc_tooltip\" style=\"width: 180px;\"><span class=\"tooltipgc_inner\">NB : Attention, l&rsquo;envoi d&rsquo;argent liquide est interdit par la loi Fran\u00e7aise ! <strong>Extrait de l&rsquo;article R3 du Code des postes et des communications \u00e9lectroniques<\/strong><em><strong>. <\/strong><\/em><em>Sera punie de l&rsquo;amende pr\u00e9vue pour les contraventions de la 5e classe :<\/em> L&rsquo;insertion de billets de banque fran\u00e7ais ou \u00e9trangers ou d&rsquo;autres valeurs au porteur dans les envois ordinaires ou simplement recommand\u00e9s.<em>&#8230; <\/em><a class=\"modal\" href=\"http:\/\/www.legifrance.gouv.fr\/affichCodeArticle.do?cidTexte=LEGITEXT000006070987&amp;idArticle=LEGIARTI000006466088&amp;dateTexte=20130404\">Source L\u00e9gifrance<\/a><\/span><\/span><\/cite><\/li>\n<li>autre moyen \u00e9l\u00e9gant, il est possible d&rsquo;envoyer $2 avec PayPal<\/li>\n<\/ul>\n<p>En effet, les frais d&rsquo;affranchissement sont couverts par la station demanderesse ce qui est logique.<\/p>\n<p>Plus \u00e9conomique, la qsl \u00e9lectronique ou eqsl est une carte qsl virtuelle qui peut facilement \u00eatre envoy\u00e9e par l&rsquo;Internet.<\/p>\n<p>Nous sommes dans le cas de la QSL DIRECTE<\/p>\n<h4><b><span style=\"color: #ff0000;\">QSL via buro<\/span><\/b><\/h4>\n<p>Le principe reste le m\u00eame sauf que les envois et r\u00e9ceptions des cartes qsl sont g\u00e9r\u00e9s par des associations nationales de radioamateurs (ou reconnues comme tel), qui les collectent et les distribuent. Pour la France c&rsquo;est le Ref-Union qui est charg\u00e9 de ces acheminements. Pour les pays rares, les exp\u00e9ditions, un gestionnaire (b\u00e9n\u00e9vole) est charg\u00e9 de la gestion des QSL.<\/p>\n<p>Ce principe est int\u00e9ressant (pour les radioamateurs effectuant plusieurs centaines de contacts par mois) financi\u00e8rement car enti\u00e8rement gratuit. Le seul inconv\u00e9nient r\u00e9side dans les d\u00e9lais d&rsquo;acheminement qui se r\u00e9v\u00e8lent particuli\u00e8rement longs.<\/p>\n<h4><b><span style=\"color: #ff0000;\">QSL Manager<\/span><\/b><\/h4>\n<p>Pour reprendre l&rsquo;exemple du haut, mais c\u00f4t\u00e9 \u00ab\u00a0station p\u00f4le sud\u00a0\u00bb et non plus \u00ab\u00a0station fran\u00e7aise\u00a0\u00bb. Le radio amateur qui \u00e9met depuis le p\u00f4le sud recevra probablement des milliers de cartes qsl par mois du monde entier de stations souhaitant confirmer ce contact inhabituel. Notre radioamateur du p\u00f4le sud utilisera les services d&rsquo;un QSL Manager<\/p>\n<p><a href=\"http:\/\/www.on4cn.be\/blog_radio\/wp-content\/uploads\/2017\/07\/qsl2.jpg\"><img loading=\"lazy\" decoding=\"async\" class=\"aligncenter size-full wp-image-4760\" src=\"http:\/\/www.on4cn.be\/blog_radio\/wp-content\/uploads\/2017\/07\/qsl2.jpg\" alt=\"qsl2\" width=\"600\" height=\"386\" srcset=\"http:\/\/www.on4cn.be\/blog_radio\/wp-content\/uploads\/2017\/07\/qsl2.jpg 600w, http:\/\/www.on4cn.be\/blog_radio\/wp-content\/uploads\/2017\/07\/qsl2-300x193.jpg 300w\" sizes=\"auto, (max-width: 600px) 85vw, 600px\" \/><\/a><\/p>\n<p>En effet, de nombreux radioamateurs utilisent les services d&rsquo;un qsl manager c&rsquo;est \u00e0 dire une personne en charge de r\u00e9pondre \u00e0 la place du radioamateur aux demandes de confirmations de liaisons. Le qsl manager doit bien entendu v\u00e9rifier que la liaison a bien \u00e9t\u00e9 effectu\u00e9e en consultant le carnet de trafic (le log informatique) du radioamateur qui lui a d\u00e9l\u00e9gu\u00e9 cette mission. En g\u00e9n\u00e9ral, ces logs informatiques sont envoy\u00e9s aux qsl manager par courriel. Le QSLManager ne peut r\u00e9pondre qu&rsquo;aux radioamateurs ayant joint \u00e0 leur demande,le paiement n\u00e9cessaire aux frais d&rsquo;acheminements postaux. Sans ces quelques dollards, ou IRC par enveloppe re\u00e7ues, notre QSL Manager serait vite en faillite.<\/p>\n<p>Ce service gratuit connait cependant une limite : il ne permet pas de demander des confirmations de liaisons. Le service de QSL Manager ne concerne que les r\u00e9ponses \u00e0 des demandes de confirmation de liaisons.<\/p>\n<h4><b><span style=\"color: #ff0000;\">Gestion informatiques des qsl via des sites web sp\u00e9cialis\u00e9s comme eQSL.cc<\/span><\/b><\/h4>\n<p>Ce dernier exemple concerne les \u00e9changes informatis\u00e9es de qsl virtuelles. Dans notre premier cas, le radioamateur devait envoyer par email pour chaque contact \u00e9tabli la carte qsl en fichier joint. Un tel travail peut se r\u00e9v\u00e9ler rapidement fastidieux si le nombre d&rsquo;envois d\u00e9passe la centaine&#8230; Notre radioamateur doit aussi r\u00e9pondre aux demandes qui arrivent par mel en v\u00e9rifiant dans son carnet de trafic si la liaison a bien eu lieu.<\/p>\n<p>Heureusement pour les amateurs de qsl virtuelles que des sites comme eQsl.cc existent.<\/p>\n<p>En effet, rien de plus simple :<\/p>\n<ul>\n<li>le radioamateur s&rsquo;abonne \u00e0 un site (ou plusieurs) sp\u00e9cialis\u00e9 comme eQsl.cc<\/li>\n<li>il se connecte avec un identifiant et un mot de passe<\/li>\n<\/ul>\n<p><a href=\"http:\/\/www.on4cn.be\/blog_radio\/wp-content\/uploads\/2017\/07\/eqsl1.jpg\"><img loading=\"lazy\" decoding=\"async\" class=\"aligncenter size-full wp-image-4761\" src=\"http:\/\/www.on4cn.be\/blog_radio\/wp-content\/uploads\/2017\/07\/eqsl1.jpg\" alt=\"eqsl1\" width=\"400\" height=\"180\" srcset=\"http:\/\/www.on4cn.be\/blog_radio\/wp-content\/uploads\/2017\/07\/eqsl1.jpg 400w, http:\/\/www.on4cn.be\/blog_radio\/wp-content\/uploads\/2017\/07\/eqsl1-300x135.jpg 300w\" sizes=\"auto, (max-width: 400px) 85vw, 400px\" \/><\/a><\/p>\n<ul>\n<li>il envoie son log informatique en ligne. Des qsl virtuelles sont automatiquement envoy\u00e9es aux stations contact\u00e9es (et abonn\u00e9es \u00e0 Eqsl.cc ; notre exemple). Les stations contact\u00e9es re\u00e7oivent un mel de notification les informant de l&rsquo;arriv\u00e9e d&rsquo;une qsl virtuelle \u00e0 r\u00e9cup\u00e9rer sur eQSl.cc<\/li>\n<\/ul>\n<p><a href=\"http:\/\/www.on4cn.be\/blog_radio\/wp-content\/uploads\/2017\/07\/eqsl2.jpg\"><img loading=\"lazy\" decoding=\"async\" class=\"aligncenter size-full wp-image-4762\" src=\"http:\/\/www.on4cn.be\/blog_radio\/wp-content\/uploads\/2017\/07\/eqsl2.jpg\" alt=\"eqsl2\" width=\"400\" height=\"269\" srcset=\"http:\/\/www.on4cn.be\/blog_radio\/wp-content\/uploads\/2017\/07\/eqsl2.jpg 400w, http:\/\/www.on4cn.be\/blog_radio\/wp-content\/uploads\/2017\/07\/eqsl2-300x202.jpg 300w\" sizes=\"auto, (max-width: 400px) 85vw, 400px\" \/><\/a><\/p>\n<ul>\n<li>les qsl des radioamateurs qui vous ont contact\u00e9 sont \u00ab\u00a0crois\u00e9es\u00a0\u00bb avec les v\u00f4tres : en un clin d\u2019\u0153il, vous pouvez visualiser les contacts valid\u00e9s. Les contacts non valid\u00e9s correspondent soit aux erreurs de dates, de modes (la date du contact inscrite sur votre qsl diff\u00e8re de celle de la station contact\u00e9e par ex) ou d&rsquo;une erreur de frappe. Dans l&rsquo;exemple ci-dessous, il n&rsquo;y a pas \u00ab\u00a0concordance\u00a0\u00bb entre les informations fournies par IZ3PEM et les v\u00f4tres : vous pouvez rejeter sa qsl carte (croix rouge) ou l&rsquo;accepter manuellement (coche verte).<\/li>\n<\/ul>\n<p><a href=\"http:\/\/www.on4cn.be\/blog_radio\/wp-content\/uploads\/2017\/07\/eqsl4.jpg\"><img loading=\"lazy\" decoding=\"async\" class=\"aligncenter size-full wp-image-4763\" src=\"http:\/\/www.on4cn.be\/blog_radio\/wp-content\/uploads\/2017\/07\/eqsl4.jpg\" alt=\"eqsl4\" width=\"400\" height=\"236\" srcset=\"http:\/\/www.on4cn.be\/blog_radio\/wp-content\/uploads\/2017\/07\/eqsl4.jpg 400w, http:\/\/www.on4cn.be\/blog_radio\/wp-content\/uploads\/2017\/07\/eqsl4-300x177.jpg 300w\" sizes=\"auto, (max-width: 400px) 85vw, 400px\" \/><\/a><\/p>\n<p>Dans le cas d&rsquo;un rejet, il vous est propos\u00e9 d&rsquo;envoyer un email \u00e0 la station contact\u00e9e dans le but de corriger l&rsquo;erreur \u00e9ventuelle (voir ci-dessous).<\/p>\n<p><a href=\"http:\/\/www.on4cn.be\/blog_radio\/wp-content\/uploads\/2017\/07\/eqsl7.jpg\"><img loading=\"lazy\" decoding=\"async\" class=\"aligncenter size-full wp-image-4764\" src=\"http:\/\/www.on4cn.be\/blog_radio\/wp-content\/uploads\/2017\/07\/eqsl7.jpg\" alt=\"eqsl7\" width=\"309\" height=\"466\" srcset=\"http:\/\/www.on4cn.be\/blog_radio\/wp-content\/uploads\/2017\/07\/eqsl7.jpg 309w, http:\/\/www.on4cn.be\/blog_radio\/wp-content\/uploads\/2017\/07\/eqsl7-199x300.jpg 199w\" sizes=\"auto, (max-width: 309px) 85vw, 309px\" \/><\/a><\/p>\n<p>Une fois que tout le monde est d&rsquo;accord, il ne vous restera plus qu&rsquo;\u00e0 valider manuellement le contact via l&rsquo;interface du site web (coche verte) : l&rsquo;\u00e9cran suivant s&rsquo;affiche :<\/p>\n<p><a href=\"http:\/\/www.on4cn.be\/blog_radio\/wp-content\/uploads\/2017\/07\/eqsl6.jpg\"><img loading=\"lazy\" decoding=\"async\" class=\"aligncenter size-full wp-image-4766\" src=\"http:\/\/www.on4cn.be\/blog_radio\/wp-content\/uploads\/2017\/07\/eqsl6.jpg\" alt=\"eqsl6\" width=\"400\" height=\"284\" srcset=\"http:\/\/www.on4cn.be\/blog_radio\/wp-content\/uploads\/2017\/07\/eqsl6.jpg 400w, http:\/\/www.on4cn.be\/blog_radio\/wp-content\/uploads\/2017\/07\/eqsl6-300x213.jpg 300w\" sizes=\"auto, (max-width: 400px) 85vw, 400px\" \/><\/a><\/p>\n<p>Enfin, les contacts valid\u00e9s peuvent \u00eatre archiv\u00e9s sur ces sites. Les classements propos\u00e9s permettent un acc\u00e8s facile lors d&rsquo;\u00e9ventuelles recherches.<\/p>\n<p><a href=\"http:\/\/www.on4cn.be\/blog_radio\/wp-content\/uploads\/2017\/07\/eqsl3.jpg\"><img loading=\"lazy\" decoding=\"async\" class=\"aligncenter size-full wp-image-4767\" src=\"http:\/\/www.on4cn.be\/blog_radio\/wp-content\/uploads\/2017\/07\/eqsl3.jpg\" alt=\"eqsl3\" width=\"400\" height=\"248\" srcset=\"http:\/\/www.on4cn.be\/blog_radio\/wp-content\/uploads\/2017\/07\/eqsl3.jpg 400w, http:\/\/www.on4cn.be\/blog_radio\/wp-content\/uploads\/2017\/07\/eqsl3-300x186.jpg 300w\" sizes=\"auto, (max-width: 400px) 85vw, 400px\" \/><\/a><\/p>\n<p><strong>Le principe informatis\u00e9 n&rsquo;a qu&rsquo;une limite<\/strong> : les stations contact\u00e9es doivent \u00eatre abonn\u00e9es au m\u00eame site que notre radioamateur.<\/p>\n<p>Si vous \u00eates abonn\u00e9 \u00e0 eQsl.cc et votre correspondant \u00e0 qrz.com qui propose \u00e9galement ce type de service, le croisement de qsl ne pourra se faire.<\/p>\n<p>Enfin \u00e0 noter le site <strong>LoTw<\/strong> \u00ab\u00a0Log Book of The World\u00a0\u00bb de l&rsquo;ARRL qui permet la confirmation s\u00e9curis\u00e9e (sign\u00e9e \u00e9lectroniquement avec la cl\u00e9 priv\u00e9e de l&rsquo;exp\u00e9diteur), utile dans le cas de certains concours pour valider officiellement les r\u00e9sultats des candidats. Ce syst\u00e8me envoie simplement les enregistrements dans base de donn\u00e9es, mais ne permet pas de cr\u00e9er des cartes QSL picturales. Pour en savoir, lire <a class=\"modal\" href=\"http:\/\/www.f5len.org\/articles\/lotw\/\" target=\"_blank\" rel=\"noopener\"><b><span style=\"color: #0000ff;\"> l&rsquo;excellent article de f5len<\/span><\/b><\/a>.<\/p>\n<h4><b><span style=\"color: #ff0000;\">Comment s&rsquo;y retrouver ?<\/span><\/b><\/h4>\n<p>Le plus simple est de pr\u00e9ciser lors du contact, les modalit\u00e9s d&rsquo;\u00e9changes de carte qsl. On pourra lire sur les pages web des radioamateurs ou on entendra souvent \u00e0 la fin des liaisons radioamateurs des pr\u00e9cisions du type:<\/p>\n<ul>\n<li>direct qsl please<\/li>\n<li>qsl via buro only<\/li>\n<li>qsl manager via EA7FTR (ea7ftr est un radioamateur espagnol qsl manager pour des radioamateurs du monde entier (voir son site web)<\/li>\n<li>qsl via eQsl.cc<\/li>\n<\/ul>\n<p>Comment valider une EQSL ?\u2026<\/p>\n<p>Eh bien, 2 cas :<\/p>\n<ul>\n<li>\n&#8211; si vous avez transf\u00e9r\u00e9 votre log sur EQSL, ca se valide tout seul et auquel cas, vous ne voyez pas de boutons vert et rouge \u00e0 cocher quand vous consultez vos<br \/>\neqsl re\u00e7ues dans l\u2019inbox ou l\u2019archive box, en fin de ligne. Bref, l\u2019eqsl re\u00e7ue a trouv\u00e9 des donn\u00e9es correspondantes dans votre outbox.<\/li>\n<li>&#8211; vous n\u2019avez pas transf\u00e9r\u00e9 de log contenant des donn\u00e9es correspondant \u00e0 ce qui se trouve dans votre inbox ou archive, ni confirm\u00e9 manuellement cette eqsl re\u00e7ue,<br \/>\ndonc vous avez en fin de ligne ces boutons vert et rouge. Et vous devez donc confirmer, bouton VERT, ou rejeter, bouton ROUGE. Le commentaire est facultatif, il n\u2019y<br \/>\na pas de \u00ab phrase \u00e0 rajouter \u00bb.<\/li>\n<\/ul>\n<p>Enlever des contacts de l\u2019archive\u2026.seul votre correspondant peut le faire, en allant dans son outbox et en supprimant le qso concern\u00e9. Tout ce que vous pouvez faire, vous,<br \/>\nc\u2019est rejeter l\u2019eqsl re\u00e7ue, dans la mesure ou il n\u2019y a pas de donn\u00e9es correspondantes chez vous. Auquel cas, il y a les fameux boutons rouge\/vert en fin de ligne, et vous<br \/>\ncliquez sur \u00ab reject \u00bb ROUGE, l\u2019eqsl ne dispara\u00eet pas, elle va dans la RejectBox . Mais vous pouvez toujours ult\u00e9rieurement revenir sur votre d\u00e9cision et confirmer des<br \/>\ndonn\u00e9es dans la RejectBox.<\/p>\n<p>En r\u00e9sum\u00e9, le meilleur moyen de ne pas avoir trop de travail, c\u2019est d\u2019 \u00ab uploader \u00bb tous vos logs.<br \/>\nLa confirmation doit \u00eatre automatique, ce qui reste, ce ne sont que des donn\u00e9es erron\u00e9es, qso inexistants ou donn\u00e9es (bande, mode, heure..) non conformes aux v\u00f4tres<\/p>\n<p>Cordiales 73<\/p>\n","protected":false},"excerpt":{"rendered":"<p>Cartes QSL ou e-QSL Carte &#8211; au format carte postale &#8211; confirmant, soit une radiocommunication bidirectionnelle entre deux stations de radio amateur,NB : Le premier qui envoie la QSL demande en retour une QSL aussi. Et le retour seulement confirme la liaison bilat\u00e9rale (send me ou confirme ok). soit une r\u00e9ception \u00e0 sens unique d&rsquo;un &hellip; <a href=\"http:\/\/www.on4cn.be\/blog_radio\/e-qsl\/\" class=\"more-link\">Continuer la lecture<span class=\"screen-reader-text\"> de &laquo;&nbsp;Cartes QSL ou e-QSL&nbsp;&raquo;<\/span><\/a><\/p>\n","protected":false},"author":1,"featured_media":0,"parent":0,"menu_order":0,"comment_status":"closed","ping_status":"closed","template":"","meta":{"footnotes":""},"class_list":["post-4750","page","type-page","status-publish","hentry"],"_links":{"self":[{"href":"http:\/\/www.on4cn.be\/blog_radio\/wp-json\/wp\/v2\/pages\/4750","targetHints":{"allow":["GET"]}}],"collection":[{"href":"http:\/\/www.on4cn.be\/blog_radio\/wp-json\/wp\/v2\/pages"}],"about":[{"href":"http:\/\/www.on4cn.be\/blog_radio\/wp-json\/wp\/v2\/types\/page"}],"author":[{"embeddable":true,"href":"http:\/\/www.on4cn.be\/blog_radio\/wp-json\/wp\/v2\/users\/1"}],"replies":[{"embeddable":true,"href":"http:\/\/www.on4cn.be\/blog_radio\/wp-json\/wp\/v2\/comments?post=4750"}],"version-history":[{"count":0,"href":"http:\/\/www.on4cn.be\/blog_radio\/wp-json\/wp\/v2\/pages\/4750\/revisions"}],"wp:attachment":[{"href":"http:\/\/www.on4cn.be\/blog_radio\/wp-json\/wp\/v2\/media?parent=4750"}],"curies":[{"name":"wp","href":"https:\/\/api.w.org\/{rel}","templated":true}]}}