{"id":372,"date":"2016-02-21T08:15:46","date_gmt":"2016-02-21T07:15:46","guid":{"rendered":"http:\/\/www.on4cn.be\/blog_radio\/?page_id=372"},"modified":"2016-06-22T09:56:40","modified_gmt":"2016-06-22T08:56:40","slug":"antenne-levy-portable","status":"publish","type":"page","link":"http:\/\/www.on4cn.be\/blog_radio\/antenne-levy-portable\/","title":{"rendered":"Antenne Levy portable"},"content":{"rendered":"<p><center><center>L&rsquo;Antenne Levy Ultra L\u00e9g\u00e8re&#8230;.<\/center>\u00a0<\/center>&nbsp;<\/p>\n<p><img loading=\"lazy\" decoding=\"async\" class=\"alignleft size-full wp-image-375\" src=\"http:\/\/www.on4cn.be\/blog_radio\/wp-content\/uploads\/2016\/02\/lul.jpg\" alt=\"Dipole ON4CN\" width=\"240\" height=\"180\" \/>Voici la LUL, une petite antenne Levy Ultra L\u00e9g\u00e8re ! Vous r\u00eavez de partir trafiquer radio en portable mais \u00eates limit\u00e9s par le poids<br \/>\net l&rsquo;encombrement des bagages que vous pouvez emporter ? Vous souhaitez aussi utiliser un maximum de bandes du 40 m au 10 m ? Alors cette<br \/>\npetite antenne est faite pour vous ! A l&rsquo;origine, en 2004, j&rsquo;avais initialement confectionn\u00e9 cette petite antenne pour mes voyages en France et \u00e0 moto.<br \/>\nL&rsquo;ensemble des \u00e9quipements p\u00e8se moins de 6 kg ( le 12 v pouvant \u00eatre fourni par la batterie d&rsquo;un v\u00e9hicule ), mais, si l&rsquo;on dispose de 1,8 Kg<br \/>\nsuppl\u00e9mentaires possibles, une petite alimentation \u00e0 d\u00e9coupage de 20 A assurera un peu plus de confort :<\/p>\n<ul>\n<li>\n<p align=\"left\">Antenne et feeder : 900 g<\/p>\n<\/li>\n<li>\n<p align=\"left\">Bo\u00eete d&rsquo;accord : 1500 g<\/p>\n<\/li>\n<li>\n<p align=\"left\">FT100D : 2600 g<\/p>\n<\/li>\n<li>\n<p align=\"left\">Cordons d&rsquo;alimentation : 700 g<\/p>\n<\/li>\n<\/ul>\n<p><img loading=\"lazy\" decoding=\"async\" class=\"alignleft size-full wp-image-378\" src=\"http:\/\/www.on4cn.be\/blog_radio\/wp-content\/uploads\/2016\/02\/137.jpg\" alt=\"Station HF ON4CN\" width=\"240\" height=\"180\" \/><\/p>\n<p align=\"left\">Le shack dans le Lot, de gauche \u00e0 droite d\u00e9partement 46 QTH D\u00e9gagnac<\/p>\n<ul>\n<li>\n<p align=\"left\">la bo\u00eete de couplage automatique FC-20<\/p>\n<\/li>\n<li>\n<p align=\"left\">le transceiver FT100D,<\/p>\n<\/li>\n<li>\n<p align=\"left\">l&rsquo;alimentation \u00e0 d\u00e9coupage Samlex SEC1223, 13,8 V &#8211; 23 A.<\/p>\n<\/li>\n<\/ul>\n<p><img loading=\"lazy\" decoding=\"async\" class=\"alignleft size-full wp-image-379\" src=\"http:\/\/www.on4cn.be\/blog_radio\/wp-content\/uploads\/2016\/02\/lul_enroulee.jpg\" alt=\"Dipole complet ON4CN\" width=\"240\" height=\"240\" srcset=\"http:\/\/www.on4cn.be\/blog_radio\/wp-content\/uploads\/2016\/02\/lul_enroulee.jpg 240w, http:\/\/www.on4cn.be\/blog_radio\/wp-content\/uploads\/2016\/02\/lul_enroulee-150x150.jpg 150w\" sizes=\"auto, (max-width: 240px) 85vw, 240px\" \/>L&rsquo;ensemble antenne, twin 450 Ohms, cordelettes d&rsquo;attache, pr\u00eat \u00e0 prendre sa place dans la valise (900 g.)<\/p>\n<p><center>Cahier des charges :<\/center><\/p>\n<ul>\n<li>Poids et encombrement minimum<\/li>\n<li>Fonctionnement multi-bandes<\/li>\n<li>Facilit\u00e9 de construction et d&rsquo;installation<\/li>\n<\/ul>\n<table width=\"100%\">\n<tbody>\n<tr>\n<td colspan=\"4\"><\/td>\n<\/tr>\n<tr>\n<td>Caract\u00e9ristiques de la r\u00e9alisation :<\/td>\n<\/tr>\n<tr>\n<td><a href=\"http:\/\/www.on4cn.be\/blog_radio\/wp-content\/uploads\/2016\/02\/centre_lul.jpg\" target=\"_blank\"><img loading=\"lazy\" decoding=\"async\" class=\"aligncenter size-thumbnail wp-image-381\" src=\"http:\/\/www.on4cn.be\/blog_radio\/wp-content\/uploads\/2016\/02\/centre_lul-150x150.jpg\" alt=\"Centre du dipole\" width=\"120\" height=\"120\" \/><\/a><\/td>\n<td><a href=\"http:\/\/www.on4cn.be\/blog_radio\/wp-content\/uploads\/2016\/02\/centre_lul_2.jpg\" target=\"_blank\"><img loading=\"lazy\" decoding=\"async\" class=\"aligncenter size-thumbnail wp-image-382\" src=\"http:\/\/www.on4cn.be\/blog_radio\/wp-content\/uploads\/2016\/02\/centre_lul_2-150x150.jpg\" alt=\"Racordement centre dipole\" width=\"120\" height=\"120\" \/><\/a><\/td>\n<td><a href=\"http:\/\/www.on4cn.be\/blog_radio\/wp-content\/uploads\/2016\/02\/extremite_lul.jpg\" target=\"_blank\"><img loading=\"lazy\" decoding=\"async\" class=\"aligncenter size-thumbnail wp-image-383\" src=\"http:\/\/www.on4cn.be\/blog_radio\/wp-content\/uploads\/2016\/02\/extremite_lul-150x150.jpg\" alt=\"Extremite du dipole\" width=\"120\" height=\"120\" \/><\/a><\/td>\n<\/tr>\n<tr>\n<td colspan=\"4\"><center><strong>Cliquez sur une vignette pour agrandir la photo<\/strong><\/center><\/td>\n<\/tr>\n<\/tbody>\n<\/table>\n<p align=\"center\">Le point central de raccordement du twin 450 Ohms, maintenu par un collier en nylon.<\/p>\n<p>Zoom sur la petite plaque de plastique centrale et le raccordement antenne\/Twin<\/p>\n<p>Attache d&rsquo;extr\u00e9mit\u00e9. Une petite cordelette permet l&rsquo;attache dans les arbres.<\/p>\n<ul>\n<li>Brins rayonnants : 2 x 5m, en fil de corde \u00e0 linge \u00e0 armature centrale inox multibrins, mais du fil \u00e9lectrique ferait aussi bien l&rsquo;affaire !<\/li>\n<li>Echelle en twin 450 ohms\u00a0 : 20,30 m<\/li>\n<\/ul>\n<p>Les 2 fois 5 m d&rsquo;antenne repr\u00e9sentent un dip\u00f4le sur la bande 20m (imp\u00e9dance faible au centre du dip\u00f4le). Les graphiques montrent une faible valeur d&rsquo;imp\u00e9dance en bas de la ligne pour toutes les bandes 40 m, 30 m, 20 m, 17 m, 15 m, 12 m. Par contre la valeur sera malheureusement \u00e0 son maximum d&rsquo;imp\u00e9dance sur le 10m, ce que confirmera l&rsquo;impossibilit\u00e9 d&rsquo;accord avec la bo\u00eete. Pour une utilisation sur 10 m, il serait n\u00e9cessaire d&rsquo;ajouter une petite prolongation twin de 3 m\u00e8tres, au d\u00e9triment dans ce cas du 30 m et 12 m.<\/p>\n<hr width=\"950\" \/>\n<center><br \/>\n<!-- StatsU --><br \/>\n<!-- Statistique XITI (d\u00e9but) --><br \/>\n<a title=\"Mesurez votre audience\" href=\"http:\/\/www.xiti.com\/xiti.asp?s=182357\"><br \/>\n<script type=\"text\/javascript\">\/\/ <![CDATA[\nXt_param = 's=182357&#038;p=levy';\n            Xt_r = document.referrer;\n            Xt_h = new Date();\n            Xt_i = '<img width=\"39\" height=\"25\" border=\"0\" '; Xt_i += 'src=\"http:\/\/logv26.xiti.com\/hit.xiti?'+Xt_param; Xt_i += '&#038;hl='+Xt_h.getHours()+'x'+Xt_h.getMinutes()+'x'+Xt_h.getSeconds(); if(parseFloat(navigator.appVersion)>=4)\n                    {Xt_s=screen;Xt_i+='&r='+Xt_s.width+'x'+Xt_s.height+'x'+Xt_s.pixelDepth+'x'+Xt_s.colorDepth;}\n            document.write(Xt_i+'&ref='+Xt_r.replace(\/[<>\"]\/g, '').replace(\/&\/g, '$')+'\" title=\"Analyse d\\'audience\">');\n\/\/ ]]><\/script><br \/>\n<noscript>audit et mesure d&rsquo;audience visiteurs internet par <img loading=\"lazy\" decoding=\"async\" width=\"39\" height=\"25\" src=\"http:\/\/logv26.xiti.com\/hit.xiti?s=182357&#038;p=levy\" alt=\"Analyse d'audience\" \/><\/noscript><\/a><br \/>\n<!-- Statistique XITI (Fin) --><br \/>\n<!-- StatsU --><br \/>\nVous \u00eates le <a href=\"http:\/\/www.imingo.net\" target=\"_top\"><img decoding=\"async\" src=\"http:\/\/www.imingo.com\/services\/compteur\/icptsp.php?id=on4cn\" alt=\"un compteur pour votre site\" name=\"imingo.com\" border=\"0\" \/><\/a> \u00e8me visiteur<br \/>\n<\/center><\/p>\n","protected":false},"excerpt":{"rendered":"<p>L&rsquo;Antenne Levy Ultra L\u00e9g\u00e8re&#8230;.\u00a0&nbsp; Voici la LUL, une petite antenne Levy Ultra L\u00e9g\u00e8re ! Vous r\u00eavez de partir trafiquer radio en portable mais \u00eates limit\u00e9s par le poids et l&rsquo;encombrement des bagages que vous pouvez emporter ? Vous souhaitez aussi utiliser un maximum de bandes du 40 m au 10 m ? Alors cette petite &hellip; <a href=\"http:\/\/www.on4cn.be\/blog_radio\/antenne-levy-portable\/\" class=\"more-link\">Continuer la lecture<span class=\"screen-reader-text\"> de &laquo;&nbsp;Antenne Levy portable&nbsp;&raquo;<\/span><\/a><\/p>\n","protected":false},"author":1,"featured_media":0,"parent":0,"menu_order":0,"comment_status":"closed","ping_status":"closed","template":"","meta":{"footnotes":""},"class_list":["post-372","page","type-page","status-publish","hentry"],"_links":{"self":[{"href":"http:\/\/www.on4cn.be\/blog_radio\/wp-json\/wp\/v2\/pages\/372","targetHints":{"allow":["GET"]}}],"collection":[{"href":"http:\/\/www.on4cn.be\/blog_radio\/wp-json\/wp\/v2\/pages"}],"about":[{"href":"http:\/\/www.on4cn.be\/blog_radio\/wp-json\/wp\/v2\/types\/page"}],"author":[{"embeddable":true,"href":"http:\/\/www.on4cn.be\/blog_radio\/wp-json\/wp\/v2\/users\/1"}],"replies":[{"embeddable":true,"href":"http:\/\/www.on4cn.be\/blog_radio\/wp-json\/wp\/v2\/comments?post=372"}],"version-history":[{"count":0,"href":"http:\/\/www.on4cn.be\/blog_radio\/wp-json\/wp\/v2\/pages\/372\/revisions"}],"wp:attachment":[{"href":"http:\/\/www.on4cn.be\/blog_radio\/wp-json\/wp\/v2\/media?parent=372"}],"curies":[{"name":"wp","href":"https:\/\/api.w.org\/{rel}","templated":true}]}}