{"id":232,"date":"2016-02-18T11:24:40","date_gmt":"2016-02-18T10:24:40","guid":{"rendered":"http:\/\/www.on4cn.be\/blog_radio\/?page_id=232"},"modified":"2017-11-06T13:46:47","modified_gmt":"2017-11-06T12:46:47","slug":"decodeur-de-morse-avec-un-arduino-nano","status":"publish","type":"page","link":"http:\/\/www.on4cn.be\/blog_radio\/decodeur-de-morse-avec-un-arduino-nano\/","title":{"rendered":"D\u00e9codeur de Morse avec un Arduino Nano"},"content":{"rendered":"<table width=\"100%\">\n<tbody>\n<tr>\n<td><a href=\"http:\/\/www.on6rm.be\/wp-content\/uploads\/2015\/11\/img11.gif\"><img loading=\"lazy\" decoding=\"async\" class=\"aligncenter size-full wp-image-722\" src=\"http:\/\/www.on6rm.be\/wp-content\/uploads\/2015\/11\/img11.gif\" alt=\"CW\" width=\"120\" height=\"113\" \/><\/a><\/td>\n<td><a href=\"http:\/\/www.on6rm.be\/wp-content\/uploads\/2015\/11\/img11.gif\"><img loading=\"lazy\" decoding=\"async\" class=\"aligncenter size-full wp-image-722\" src=\"http:\/\/www.on6rm.be\/wp-content\/uploads\/2015\/11\/img11.gif\" alt=\"CW\" width=\"120\" height=\"113\" \/><\/a><\/td>\n<\/tr>\n<\/tbody>\n<\/table>\n<table width=\"100%\">\n<tbody>\n<tr>\n<td colspan=\"4\"><\/td>\n<\/tr>\n<tr>\n<td><span style=\"color: #ff0000;\"> D\u00e9codeur de Morse avec un Arduino Nano<\/span><\/td>\n<\/tr>\n<tr>\n<td><a href=\"http:\/\/www.on6rm.be\/wp-content\/uploads\/2015\/11\/arduino-nano.jpg\" target=\"_blank\" rel=\"noopener\"><img loading=\"lazy\" decoding=\"async\" class=\"aligncenter size-full wp-image-617\" src=\"http:\/\/www.on6rm.be\/wp-content\/uploads\/2015\/11\/arduino-nano.jpg\" alt=\"arduino-nano \" width=\"500\" height=\"368\" \/><\/a><\/td>\n<\/tr>\n<\/tbody>\n<\/table>\n<p>&nbsp;<\/p>\n<table width=\"100%\">\n<tbody>\n<tr>\n<td>\n<h3 class=\"title\">CW D\u00e9codeur<\/h3>\n<p>Si vous voulez construire un d\u00e9codeur CW sans utiliser d&rsquo;autres composants actifs d&rsquo;une Atmel 328 &#8211; Arduino Uno, alors ce sera certainement quelque chose pour vous.<\/p>\n<p><a href=\"http:\/\/www.on4cn.be\/blog_radio\/wp-content\/uploads\/2016\/02\/decoder_bb_2.png\" rel=\"attachment wp-att-239\"><img loading=\"lazy\" decoding=\"async\" class=\"aligncenter size-medium wp-image-239\" src=\"http:\/\/www.on4cn.be\/blog_radio\/wp-content\/uploads\/2016\/02\/decoder_bb_2-211x300.png\" alt=\"D\u00e9codeur Arduin uno\" width=\"211\" height=\"300\" srcset=\"http:\/\/www.on4cn.be\/blog_radio\/wp-content\/uploads\/2016\/02\/decoder_bb_2-211x300.png 211w, http:\/\/www.on4cn.be\/blog_radio\/wp-content\/uploads\/2016\/02\/decoder_bb_2-768x1095.png 768w, http:\/\/www.on4cn.be\/blog_radio\/wp-content\/uploads\/2016\/02\/decoder_bb_2-719x1024.png 719w, http:\/\/www.on4cn.be\/blog_radio\/wp-content\/uploads\/2016\/02\/decoder_bb_2.png 842w\" sizes=\"auto, (max-width: 211px) 85vw, 211px\" \/><\/a><\/td>\n<\/tr>\n<tr>\n<td><center><strong>Cliquez sur une vignette pour agrandir la photo<\/strong><\/center><\/td>\n<\/tr>\n<tr>\n<td>ici vous pouvez voir ma configuration de test &#8230; Une carte Arduino UNO et un panneau LCD, puis un peu de composants ..<\/td>\n<\/tr>\n<\/tbody>\n<\/table>\n<p>&nbsp;<\/p>\n<table width=\"100%\">\n<tbody>\n<tr>\n<td>Le scematic est tr\u00e8s simple. Seulement 2 10k r\u00e9sistances Situ\u00e9s entre GND et 5 volts et puis un condensateur en s\u00e9rie avec le signal audio.<\/p>\n<p><a href=\"http:\/\/www.on4cn.be\/blog_radio\/wp-content\/uploads\/2016\/02\/decoder_schem.png\" target=\"_blank\" rel=\"noopener\"><img loading=\"lazy\" decoding=\"async\" class=\"aligncenter size-medium wp-image-244\" src=\"http:\/\/www.on4cn.be\/blog_radio\/wp-content\/uploads\/2016\/02\/decoder_schem-184x300.png\" alt=\"decoder_schem\" width=\"184\" height=\"300\" srcset=\"http:\/\/www.on4cn.be\/blog_radio\/wp-content\/uploads\/2016\/02\/decoder_schem-184x300.png 184w, http:\/\/www.on4cn.be\/blog_radio\/wp-content\/uploads\/2016\/02\/decoder_schem-629x1024.png 629w, http:\/\/www.on4cn.be\/blog_radio\/wp-content\/uploads\/2016\/02\/decoder_schem.png 737w\" sizes=\"auto, (max-width: 184px) 85vw, 184px\" \/><\/a><\/td>\n<\/tr>\n<tr>\n<td><center><strong>Cliquez sur une vignette pour agrandir la photo<\/strong><\/center><\/td>\n<\/tr>\n<\/tbody>\n<\/table>\n<p>&nbsp;<\/p>\n<table width=\"100%\">\n<tbody>\n<tr>\n<td>Le code peut prendre diff\u00e9rents types d&rsquo;affichages 2 * 16 ou 4 * 16 ou 2 * 20 ou 4 * 20 ..just Connect, puis le code g\u00e9rera quand vous avez fait la configuration ..<\/td>\n<\/tr>\n<\/tbody>\n<\/table>\n<p>&nbsp;<\/p>\n<table width=\"100%\">\n<tbody>\n<tr>\n<td><a href=\"http:\/\/www.on4cn.be\/blog_radio\/wp-content\/uploads\/2016\/02\/kode1.gif\" target=\"_blank\" rel=\"noopener\"><img loading=\"lazy\" decoding=\"async\" class=\"aligncenter size-medium wp-image-245\" src=\"http:\/\/www.on4cn.be\/blog_radio\/wp-content\/uploads\/2016\/02\/kode1-300x120.gif\" alt=\"kode1\" width=\"300\" height=\"120\" \/><\/a><\/td>\n<\/tr>\n<tr>\n<td><center><strong>Cliquez sur une vignette pour agrandir la photo<\/strong><\/center><\/td>\n<\/tr>\n<\/tbody>\n<\/table>\n<p>&nbsp;<\/p>\n<table width=\"100%\">\n<tbody>\n<tr>\n<td>Ensuite, vous devez d\u00e9finir les broches que vous utilisez pour AudioIn et dont la broche que vous utilisez pour la Led ..<\/p>\n<p><a href=\"http:\/\/www.on4cn.be\/blog_radio\/wp-content\/uploads\/2016\/02\/kode2.gif\" target=\"_blank\" rel=\"noopener\"><img loading=\"lazy\" decoding=\"async\" class=\"aligncenter size-medium wp-image-246\" src=\"http:\/\/www.on4cn.be\/blog_radio\/wp-content\/uploads\/2016\/02\/kode2-300x124.gif\" alt=\"kode2\" width=\"300\" height=\"124\" \/><\/a><\/td>\n<\/tr>\n<tr>\n<td><center><strong>Cliquez sur une vignette pour agrandir la photo<\/strong><\/center><\/td>\n<\/tr>\n<\/tbody>\n<\/table>\n<p>&nbsp;<\/p>\n<table width=\"100%\">\n<tbody>\n<tr>\n<td><strong>MAINTENANT VOUS POUVEZ utiliser le d\u00e9codeur sans plus MODIFICATIONS<\/strong><\/td>\n<\/tr>\n<\/tbody>\n<\/table>\n<p>&nbsp;<\/p>\n<table width=\"100%\">\n<tbody>\n<tr>\n<td>Pour commencer prendre la n = 48 (testdata [48]), puis vous pouvez choisir 558 Hz ou 744 Hz mabye qui sont bonnes pour recieveing<\/p>\n<p><a href=\"http:\/\/www.on4cn.be\/blog_radio\/wp-content\/uploads\/2016\/02\/kode3.gif\" target=\"_blank\" rel=\"noopener\"><img loading=\"lazy\" decoding=\"async\" class=\"aligncenter size-medium wp-image-247\" src=\"http:\/\/www.on4cn.be\/blog_radio\/wp-content\/uploads\/2016\/02\/kode3-300x151.gif\" alt=\"kode3\" width=\"300\" height=\"151\" \/><\/a><\/td>\n<\/tr>\n<tr>\n<td><center><strong>Cliquez sur une vignette pour agrandir la photo<\/strong><\/center><\/td>\n<\/tr>\n<\/tbody>\n<\/table>\n<p>&nbsp;<\/p>\n<table width=\"100%\">\n<tbody>\n<tr>\n<td><strong>La vous \u00eates pr\u00eat pour aller &#8230;.<\/strong><\/td>\n<\/tr>\n<\/tbody>\n<\/table>\n<p>&nbsp;<\/p>\n<table width=\"100%\">\n<tbody>\n<tr>\n<td><a href=\"http:\/\/www.on4cn.be\/blog_radio\/wp-content\/uploads\/2016\/02\/kode4.gif\" target=\"_blank\" rel=\"noopener\"><img loading=\"lazy\" decoding=\"async\" class=\"aligncenter size-medium wp-image-248\" src=\"http:\/\/www.on4cn.be\/blog_radio\/wp-content\/uploads\/2016\/02\/kode4-300x165.gif\" alt=\"kode4\" width=\"300\" height=\"165\" \/><\/a><\/td>\n<\/tr>\n<tr>\n<td><center><strong>Cliquez sur une vignette pour agrandir la photo<\/strong><\/center><\/td>\n<\/tr>\n<\/tbody>\n<\/table>\n<p>&nbsp;<\/p>\n<table width=\"100%\">\n<tbody>\n<tr>\n<td>Ici vous pouvez t\u00e9l\u00e9charger le code suivant: <a href=\"http:\/\/www.skovholm.com\/decoder11.ino\">Download version 1.1<\/a> Faites un clic droit sur la souris et choisissez Enregistrer sous &#8230;<\/td>\n<\/tr>\n<\/tbody>\n<\/table>\n<p>&nbsp;<\/p>\n<table width=\"100%\">\n<tbody>\n<tr>\n<td>Liens vers d&rsquo;autres constructeurs:<\/p>\n<p><a href=\"http:\/\/k2jji.org\/2014\/09\/18\/arduino-base-cw-decoder\/\">k2jji.org\/2014\/09\/18\/arduino-base-cw-decoder\/<\/a><\/p>\n<p><a href=\"https:\/\/sites.google.com\/site\/chipkituno32cwdecoder\/\">sites.google.com\/site\/chipkituno32cwdecoder\/<\/a><\/p>\n<p>Ici vous pouvez voir Mr.Chiba tr\u00e8s beau site <a href=\"http:\/\/jh1lhv.hatenablog.jp\/entry\/2015\/01\/17\/001128\">jh1lhv.hatenablog.jp\/entry\/2015\/01\/17\/001128<\/a><\/p>\n<p>Et l\u00e0, vous pouvez voir comment JA9MAT Hidehiko le construire avec des lettres chinoises <a href=\"http:\/\/www.skovholm.com\/decoder_kh.ino\">Download<\/a> M. Hidehiko utiliser un code de M. Chiba \u00e9galement.<\/p>\n<p>Ici vous pouvez trouver un Danois qui ont travaill\u00e9 sur le code <a href=\"http:\/\/www.planker.dk\/Projects\/Arduino\/Decoder\/Decoder.htm\">www.planker.dk\/Projects\/Arduino\/Decoder\/Decoder.htm<\/a><\/p>\n<p>Voici un projet de OZ1EDR <a href=\"http:\/\/oz1edr.dk\/Arduino%20Uno\/CW%20dekoder\/Arduino%20CW.htm\">oz1edr.dk\/Arduino%20Uno\/CW%20dekoder\/Arduino%20CW.htm<\/a><\/p>\n<p>Un autre lien <a href=\"http:\/\/www.oz5bir.dk\/service1\/teknik\/cw%20dekoder\/cw_dekoder.html\">www.oz5bir.dk\/service1\/teknik\/cw%20dekoder\/cw_dekoder.html<\/a><\/p>\n<p>Et ici WB7QIW ces un fichier PDF <a href=\"http:\/\/www.wb7qiw.org\/pdfs\/HARC%20October%202014.pdf\">www.wb7qiw.org\/pdfs\/HARC%20October%202014.pdf<\/a><\/td>\n<\/tr>\n<\/tbody>\n<\/table>\n<p>&nbsp;<\/p>\n<h3>Decodeur de Morse avec LCD I2C 4 Ligne<\/h3>\n<p>&nbsp;<\/p>\n<p>Ci-dessous le m\u00eame d\u00e9codeur mais avec un \u00e9crans plus grand LCD 4 lignes avec un I2C<\/p>\n<ul>\n<li>Nano carte d&rsquo;extension pour Arduino NANO<\/li>\n<li>Un \u00e9cran 20 x 4 avec I2C<\/li>\n<li>2 R\u00e9sistances de 10 K<\/li>\n<li>1 R\u00e9sistance de 220 CMS<\/li>\n<li>1 Condensateur de 100nf CMS<\/li>\n<\/ul>\n<p>Sur la carte d&rsquo;extension il faut coup\u00e9 la piste D13 pour soud\u00e9 la r\u00e9sistance de 220 ohm CMS pour plac\u00e9 votre diode LED sur l&rsquo;entr\u00e9e 13 et la masse<br \/>\nen siute il faut coup\u00e9 la piste de la carte d&rsquo;extension A1 pour soud\u00e9 votre condensateur de 100nf CMS de cette emplacement les 2 r\u00e9sistance<br \/>\nde 10 k une sur le 5V et l&rsquo;autre sur la masse<\/p>\n<table width=\"100%\">\n<tbody>\n<tr>\n<td colspan=\"4\"><\/td>\n<\/tr>\n<tr>\n<td colspan=\"4\">Quelques photos du Montages avec \u00e9cran 4 lignes<\/td>\n<\/tr>\n<tr>\n<td><a href=\"http:\/\/www.on4cn.be\/blog_radio\/wp-content\/uploads\/2016\/02\/decodeurIC2_4-1.jpg\" target=\"_blank\"><img loading=\"lazy\" decoding=\"async\" class=\"aligncenter size-thumbnail wp-image-5291\" src=\"http:\/\/www.on4cn.be\/blog_radio\/wp-content\/uploads\/2016\/02\/decodeurIC2_4-1-150x150.jpg\" alt=\"decodeurIC2_4\" width=\"120\" height=\"120\" \/><\/a><\/td>\n<td><a href=\"http:\/\/www.on4cn.be\/blog_radio\/wp-content\/uploads\/2016\/02\/decodeurIC2_2.jpg\" target=\"_blank\" rel=\"noopener\"><img loading=\"lazy\" decoding=\"async\" class=\"aligncenter size-thumbnail wp-image-5279\" src=\"http:\/\/www.on4cn.be\/blog_radio\/wp-content\/uploads\/2016\/02\/decodeurIC2_2-150x150.jpg\" alt=\"decodeurIC2_2\" width=\"120\" height=\"120\" \/><\/a><\/td>\n<td><a href=\"http:\/\/www.on4cn.be\/blog_radio\/wp-content\/uploads\/2016\/02\/decodeurIC2_1.jpg\" target=\"_blank\" rel=\"noopener\"><img loading=\"lazy\" decoding=\"async\" class=\"aligncenter size-thumbnail wp-image-5280\" src=\"http:\/\/www.on4cn.be\/blog_radio\/wp-content\/uploads\/2016\/02\/decodeurIC2_1-150x150.jpg\" alt=\"decodeurIC2_1\" width=\"120\" height=\"120\" \/><\/a><\/td>\n<td><a href=\"http:\/\/www.on4cn.be\/blog_radio\/wp-content\/uploads\/2016\/02\/decodeurIC2_3.jpg\" target=\"_blank\" rel=\"noopener\"><img loading=\"lazy\" decoding=\"async\" class=\"aligncenter size-thumbnail wp-image-5281\" src=\"http:\/\/www.on4cn.be\/blog_radio\/wp-content\/uploads\/2016\/02\/decodeurIC2_3-150x150.jpg\" alt=\"decodeurIC2_3\" width=\"120\" height=\"120\" \/><\/a><\/td>\n<\/tr>\n<tr>\n<td colspan=\"4\"><center><strong>Cliquez sur une vignette pour agrandir la photo<\/strong><\/center><\/td>\n<\/tr>\n<\/tbody>\n<\/table>\n<p>Une petite vid\u00e9o du d\u00e9codeur en action<\/p>\n<p><center><div style=\"width: 320px;\" class=\"wp-video\"><!--[if lt IE 9]><script>document.createElement('video');<\/script><![endif]-->\n<video class=\"wp-video-shortcode\" id=\"video-232-1\" width=\"320\" height=\"180\" preload=\"metadata\" controls=\"controls\"><source type=\"video\/x-flv\" src=\"http:\/\/www.on4cn.be\/blog_radio\/wp-content\/uploads\/2016\/02\/decodeuron4cn.flv?_=1\" \/><a href=\"http:\/\/www.on4cn.be\/blog_radio\/wp-content\/uploads\/2016\/02\/decodeuron4cn.flv\">http:\/\/www.on4cn.be\/blog_radio\/wp-content\/uploads\/2016\/02\/decodeuron4cn.flv<\/a><\/video><\/div><\/p>\n<p>&nbsp;<\/p>\n<p><\/center><\/p>\n<hr width=\"950\" \/>\n<p><center><br \/>\n<!-- StatsU --><br \/>\n<!-- Statistique XITI (d\u00e9but) --><br \/>\n<a title=\"Mesurez votre audience\" href=\"http:\/\/www.xiti.com\/xiti.asp?s=182357\"><br \/>\n<script type=\"text\/javascript\">\/\/ <![CDATA[\nXt_param = 's=182357&#038;p=levy';\n            Xt_r = document.referrer;\n            Xt_h = new Date();\n            Xt_i = '<img width=\"39\" height=\"25\" border=\"0\" '; Xt_i += 'src=\"http:\/\/logv26.xiti.com\/hit.xiti?'+Xt_param; Xt_i += '&#038;hl='+Xt_h.getHours()+'x'+Xt_h.getMinutes()+'x'+Xt_h.getSeconds(); if(parseFloat(navigator.appVersion)>=4)\n                    {Xt_s=screen;Xt_i+='&r='+Xt_s.width+'x'+Xt_s.height+'x'+Xt_s.pixelDepth+'x'+Xt_s.colorDepth;}\n            document.write(Xt_i+'&ref='+Xt_r.replace(\/[<>\"]\/g, '').replace(\/&\/g, '$')+'\" title=\"Analyse d\\'audience\">');\n\/\/ ]]><\/script><br \/>\n<noscript>audit et mesure d&rsquo;audience visiteurs internet par <img loading=\"lazy\" decoding=\"async\" width=\"39\" height=\"25\" src=\"http:\/\/logv26.xiti.com\/hit.xiti?s=182357&#038;p=levy\" alt=\"Analyse d'audience\" \/><\/noscript><\/a><br \/>\n<!-- Statistique XITI (Fin) --><br \/>\n<!-- StatsU --><br \/>\nVous \u00eates le <a href=\"http:\/\/www.imingo.net\" target=\"_top\"><img decoding=\"async\" src=\"http:\/\/www.imingo.com\/services\/compteur\/icptsp.php?id=on4cn\" alt=\"un compteur pour votre site\" name=\"imingo.com\" border=\"0\" \/><\/a> \u00e8me visiteur<\/center><\/p>\n","protected":false},"excerpt":{"rendered":"<p>D\u00e9codeur de Morse avec un Arduino Nano &nbsp; CW D\u00e9codeur Si vous voulez construire un d\u00e9codeur CW sans utiliser d&rsquo;autres composants actifs d&rsquo;une Atmel 328 &#8211; Arduino Uno, alors ce sera certainement quelque chose pour vous. Cliquez sur une vignette pour agrandir la photo ici vous pouvez voir ma configuration de test &#8230; Une carte &hellip; <a href=\"http:\/\/www.on4cn.be\/blog_radio\/decodeur-de-morse-avec-un-arduino-nano\/\" class=\"more-link\">Continuer la lecture<span class=\"screen-reader-text\"> de &laquo;&nbsp;D\u00e9codeur de Morse avec un Arduino Nano&nbsp;&raquo;<\/span><\/a><\/p>\n","protected":false},"author":1,"featured_media":0,"parent":0,"menu_order":0,"comment_status":"closed","ping_status":"closed","template":"","meta":{"footnotes":""},"class_list":["post-232","page","type-page","status-publish","hentry"],"_links":{"self":[{"href":"http:\/\/www.on4cn.be\/blog_radio\/wp-json\/wp\/v2\/pages\/232","targetHints":{"allow":["GET"]}}],"collection":[{"href":"http:\/\/www.on4cn.be\/blog_radio\/wp-json\/wp\/v2\/pages"}],"about":[{"href":"http:\/\/www.on4cn.be\/blog_radio\/wp-json\/wp\/v2\/types\/page"}],"author":[{"embeddable":true,"href":"http:\/\/www.on4cn.be\/blog_radio\/wp-json\/wp\/v2\/users\/1"}],"replies":[{"embeddable":true,"href":"http:\/\/www.on4cn.be\/blog_radio\/wp-json\/wp\/v2\/comments?post=232"}],"version-history":[{"count":0,"href":"http:\/\/www.on4cn.be\/blog_radio\/wp-json\/wp\/v2\/pages\/232\/revisions"}],"wp:attachment":[{"href":"http:\/\/www.on4cn.be\/blog_radio\/wp-json\/wp\/v2\/media?parent=232"}],"curies":[{"name":"wp","href":"https:\/\/api.w.org\/{rel}","templated":true}]}}