{"id":22164,"date":"2025-08-25T10:35:39","date_gmt":"2025-08-25T08:35:39","guid":{"rendered":"https:\/\/www.on4cn.be\/blog_radio\/?page_id=22164"},"modified":"2026-01-16T10:46:03","modified_gmt":"2026-01-16T09:46:03","slug":"icom-7300mk2-hf-50-70-mhz","status":"publish","type":"page","link":"http:\/\/www.on4cn.be\/blog_radio\/icom-7300mk2-hf-50-70-mhz\/","title":{"rendered":"ICOM-7300MK2 HF\/50\/70 MHz"},"content":{"rendered":"<p><center><b><span style=\"color: #ff0000;\">Mon ICOM-7300 MK2<\/span><\/b><\/center><br \/>\n<center><a href=\"http:\/\/www.on4cn.be\/blog_radio\/wp-content\/uploads\/2026\/01\/new-on4cn.jpg\" target=\"_blank\"><img loading=\"lazy\" decoding=\"async\" src=\"http:\/\/www.on4cn.be\/blog_radio\/wp-content\/uploads\/2026\/01\/new-on4cn.jpg\" width=\"242\" height=\"190\" alt=\"\"><\/a><br \/>\n<b><span style=\"color: #0000ff;\">Cliquez sur la photo pour agrandir<\/span><\/b><\/center><\/p>\n<p>Je voudrais commencer par pr\u00e9ciser que je poss\u00e9d\u00e9 l\u2019IC-7300 original, donc cette critique n\u2019est pas une comparaison avec la premi\u00e8re version. J\u2019utilise<br \/>\nl\u2019IC-7300 MK2 jusqu\u2019\u00e0 pr\u00e9sent. N\u00e9anmoins, mes premi\u00e8res impressions sont tr\u00e8s positives.<\/p>\n<p>Ce qui m\u2019a imm\u00e9diatement impressionn\u00e9, c\u2019est la performance du r\u00e9cepteur, que je trouve exceptionnelle. La toute premi\u00e8re station que j\u2019ai entendue \u00e9tait un VK sur 40 m\u00e8tres.<br \/>\nCela \u00e9tait particuli\u00e8rement remarquable compte tenu de mon installation d\u2019antenne actuelle. Il est incroyable de voir \u00e0 quel point les signaux faibles peuvent \u00eatre re\u00e7us sur les<br \/>\nbandes basses, surtout en consid\u00e9rant ma situation.<\/p>\n<p>Malgr\u00e9 cette antenne modeste une End-Fed de 18 m, lors des premi\u00e8res heures j\u2019ai r\u00e9alis\u00e9 quelques QSOs sur 40 et 80 m, y compris du DX sur 40 m (K4EWG, VE3EJ), et \u00e9galement<br \/>\ndu DX sur 17 m (W2SBK, XE2X). La qualit\u00e9 du r\u00e9cepteur a \u00e9t\u00e9 essentielle pour les signaux CW faibles.<\/p>\n<p>Une autre agr\u00e9able surprise a \u00e9t\u00e9 l\u2019interface utilisateur. Contrairement \u00e0 ce que je pensais, j\u2019ai trouv\u00e9 le syst\u00e8me de menus assez intuitif et facile \u00e0 naviguer, m\u00eame sans<br \/>\npasser beaucoup de temps \u00e0 apprendre le fonctionnement de la radio.<\/p>\n<p>Le d\u00e9codeur CW, comme pr\u00e9vu, ne fonctionne de mani\u00e8re fiable qu\u2019avec des signaux manipul\u00e9s au paddle bien au-dessus du plancher de bruit. Avec des signaux irr\u00e9guliers ou du bruit,<br \/>\nil produit de nombreuses erreurs de d\u00e9codage.<\/p>\n<p>Je suis extr\u00eamement satisfait de cet achat. Ce ne sont que mes premi\u00e8res impressions, et je pr\u00e9vois de mettre \u00e0 jour cette critique \u00e0 mesure que j\u2019acquiers plus de temps de<br \/>\nfonctionnement et d\u2019exp\u00e9rience avec cet appareil. Jusqu\u2019\u00e0 pr\u00e9sent, cependant, il a d\u00e9pass\u00e9 mes attentes.<\/p>\n<p>J\u2019ai vu plusieurs comparaisons en ligne o\u00f9 l\u2019IC-7300 original et l\u2019IC-7300 MK2 sont mis c\u00f4te \u00e0 c\u00f4te et jug\u00e9s simplement en \u00e9coutant des signaux forts et propres. Je ne trouve<br \/>\npas cette approche tr\u00e8s pertinente, car dans ces conditions presque n\u2019importe quelle radio moderne donnera de bons r\u00e9sultats. Les v\u00e9ritables diff\u00e9rences de performance du r\u00e9cepteur,<br \/>\ntelles que le bruit de phase ou la plage dynamique de m\u00e9lange r\u00e9ciproque, n\u00e9cessitent vraiment des mesures de laboratoire appropri\u00e9es pour d\u00e9terminer si elles sont r\u00e9ellement<br \/>\nsignificatives.<\/p>\n<p>Apr\u00e8s quelques jours, j\u2019ai appris \u00e0 mieux utiliser les filtres CW et j\u2019ai r\u00e9ussi \u00e0 d\u00e9coder automatiquement certains signaux tr\u00e8s faibles.<\/p>\n<p>Changez l\u2019adresse CI-V sur la radio en 94h. Tout devrait ensuite fonctionner exactement comme avec le Mark 1, bien que vous deviez \u00e9galement v\u00e9rifier les ports COM dans le Gestionnaire de p\u00e9riph\u00e9riques (en supposant que vous utilisez Windows). Le mien affiche deux ports COM et j\u2019ai utilis\u00e9 le num\u00e9ro de port le plus \u00e9lev\u00e9 dans WSJT-X. <\/p>\n<p>Les niveaux audio semblent \u00eatre beaucoup plus \u00e9lev\u00e9s que sur le Mark 1, donc vous devrez peut-\u00eatre ajuster les niveaux RX et TX.<\/p>\n<p>J\u2019utilise maintenant un moniteur HD HDMI peu co\u00fbteux dans le shack, d\u00e9di\u00e9 \u00e0 la sortie d\u2019affichage de l\u2019IC-7300 MK2, et cela fait vraiment une diff\u00e9rence. La waterfall et le<br \/>\npanadapter sont beaucoup plus faciles \u00e0 voir, et les signaux se distinguent tr\u00e8s clairement par rapport \u00e0 l\u2019\u00e9cran int\u00e9gr\u00e9. C\u2019est une installation simple qui am\u00e9liore consid\u00e9rablement<br \/>\nl\u2019exp\u00e9rience globale d\u2019utilisation.<\/p>\n<p>J\u2019ai trouv\u00e9 la configuration de l\u2019IC-7300 MK2 pour FT8 tr\u00e8s facile. Apr\u00e8s avoir chang\u00e9 l\u2019adresse CI-V en 94h et s\u00e9lectionn\u00e9 le port COM correct, tout a simplement fonctionn\u00e9.<br \/>\nJe n\u2019ai pas utilis\u00e9 le pr\u00e9r\u00e9glage FT8 sur la radio, juste le mode USB-D classique avec la largeur de bande du filtre r\u00e9gl\u00e9e sur 3,6 kHz. Les niveaux audio (TX et RX) \u00e9taient un peu<br \/>\nplus \u00e9lev\u00e9s qu\u2019avec l\u2019IC-7300, donc j\u2019ai d\u00fb les ajuster l\u00e9g\u00e8rement. <\/p>\n<p>Au fait, les ports COM ont m\u00eame fonctionn\u00e9 avec les pilotes Microsoft, mais j\u2019ai ensuite t\u00e9l\u00e9charg\u00e9 et install\u00e9 les pilotes depuis le site d\u2019Icom Japon.<br \/>\nJ\u2019utilise Windows 11 ici, pour information.<\/p>\n<p>73, Claude ON4CN.<\/p>\n<table border=\"0\" width=\"500\" cellspacing=\"0\" cellpadding=\"0\" align=\"CENTER\">\n<tbody>\n<tr>\n<td><a href=\"http:\/\/www.on4cn.be\/blog_radio\/wp-content\/uploads\/2026\/01\/new-on4cn-1.jpg\" target=\"_blank\"><img loading=\"lazy\" decoding=\"async\" src=\"http:\/\/www.on4cn.be\/blog_radio\/wp-content\/uploads\/2026\/01\/new-on4cn-1.jpg\" width=\"242\" height=\"190\" alt=\"\"><\/a><\/td>\n<td><a href=\"http:\/\/www.on4cn.be\/blog_radio\/wp-content\/uploads\/2026\/01\/ic7300 - ft710-on4cn-1.jpg\" target=\"_blank\"><img loading=\"lazy\" decoding=\"async\" src=\"http:\/\/www.on4cn.be\/blog_radio\/wp-content\/uploads\/2026\/01\/ic7300 - ft710-on4cn-1.jpg\" width=\"242\" height=\"190\" alt=\"\"><\/a><\/td>\n<td><a href=\"http:\/\/www.on4cn.be\/blog_radio\/wp-content\/uploads\/2026\/01\/icom-7300-mk2-on4cn2.jpg\" target=\"_blank\"><img loading=\"lazy\" decoding=\"async\" src=\"http:\/\/www.on4cn.be\/blog_radio\/wp-content\/uploads\/2026\/01\/icom-7300-mk2-on4cn2.jpg\" width=\"242\" height=\"190\" alt=\"\"><\/a><\/td>\n<\/tr>\n<\/tbody>\n<\/table>\n<p><center><b><span style=\"color: #0000ff;\">Cliquez sur la photo pour agrandir<\/span><\/b><\/center><\/p>\n<p><center><\/p>\n<h1><b><span style=\"color: #ff0000;\">IC-7300MK2 HF\/50\/70 MHz<\/span><\/b><\/h1>\n<p><\/center><\/p>\n<p style=\"text-align: center;\"><iframe loading=\"lazy\" width=\"600\" height=\"400\" src=\"https:\/\/www.youtube.com\/embed\/OnrJ5dxxFRc\" title=\"Icom IC-7300MK2: The Evolution of an HF Legend!\" frameborder=\"0\" allow=\"accelerometer; autoplay; clipboard-write; encrypted-media; gyroscope; picture-in-picture; web-share\" referrerpolicy=\"strict-origin-when-cross-origin\" allowfullscreen><\/iframe><\/p>\n<p>Nous sommes ravis d\u2019annoncer le lancement du transceiver IC-7300MK2 HF\/50\/70 MHz lors du Tokyo Hamfair ce week-end. Successeur du tr\u00e8s populaire et mondialement reconnu IC-7300, l\u2019IC-7300MK2 s\u2019appuie sur un h\u00e9ritage d\u2019excellence avec des performances am\u00e9lior\u00e9es et de nouvelles fonctionnalit\u00e9s, \u00e9tablissant une nouvelle norme pour l\u2019exploitation HF.<\/p>\n<p>L\u2019IC-7300 original a r\u00e9volutionn\u00e9 le march\u00e9 avec son syst\u00e8me de conversion directe RF, rendant la technologie SDR sophistiqu\u00e9e accessible \u00e0 un public plus large. L\u2019IC-7300MK2 pousse cette innovation encore plus loin, offrant des fonctionnalit\u00e9s am\u00e9lior\u00e9es qui raviront les op\u00e9rateurs d\u00e9butants comme exp\u00e9riment\u00e9s.<\/p>\n<p><b><u><span style=\"color: #0000ff;\">Performances am\u00e9lior\u00e9es pour un meilleur signal<\/span><\/u><\/b><\/p>\n<p style=\"text-align: center;\"><a href=\"http:\/\/www.on4cn.be\/blog_radio\/wp-content\/uploads\/2025\/08\/IC-7300MK2_frt.jpg\" target=\"_blank\"><img loading=\"lazy\" decoding=\"async\" src=\"http:\/\/www.on4cn.be\/blog_radio\/wp-content\/uploads\/2025\/08\/IC-7300MK2_frt.jpg\" alt=\"IC-7300MK2\" width=\"650\" height=\"250\"><\/a><\/p>\n<p>Au c\u0153ur des am\u00e9liorations de l\u2019IC-7300MK2 se trouvent des mises \u00e0 jour significatives de son r\u00e9cepteur et de son \u00e9metteur. La plage dynamique de m\u00e9lange r\u00e9ciproque (RMDR) a maintenant atteint environ 105 dB (\u00e0 2 kHz de s\u00e9paration) tandis que le bruit de phase en \u00e9mission s\u2019am\u00e9liore d\u2019environ 12 dB (\u00e0 1 kHz de s\u00e9paration). Ces am\u00e9liorations signifient un signal plus propre et plus silencieux \u00e0 la r\u00e9ception comme \u00e0 l\u2019\u00e9mission, vous permettant d\u2019entendre les signaux faibles plus clairement et de garantir que votre signal transmis est exempt de bruit ind\u00e9sirable.<\/p>\n<p>Le nouveau mod\u00e8le g\u00e9n\u00e8re \u00e9galement moins de chaleur et consomme moins d\u2019\u00e9nergie. Gr\u00e2ce \u00e0 une s\u00e9lection minutieuse des composants et \u00e0 l\u2019optimisation de l\u2019alimentation DC, l\u2019IC-7300MK2 peut fonctionner de mani\u00e8re stable pendant de plus longues p\u00e9riodes, id\u00e9al pour les concours ou une utilisation prolong\u00e9e. Sa consommation en veille RX est r\u00e9duite \u00e0 seulement 0,7 A, contre 0,9 A pour le mod\u00e8le pr\u00e9c\u00e9dent.<\/p>\n<p><b><u><span style=\"color: #0000ff;\">Nouvelles fonctionnalit\u00e9s pour une exp\u00e9rience \u00e9volu\u00e9e<\/span><\/u><\/b><\/p>\n<p>L\u2019IC-7300MK2 introduit plusieurs nouvelles fonctionnalit\u00e9s majeures con\u00e7ues pour am\u00e9liorer l\u2019utilisabilit\u00e9 et la flexibilit\u00e9 :<\/p>\n<p style=\"text-align: center;\"><a href=\"http:\/\/www.on4cn.be\/blog_radio\/wp-content\/uploads\/2025\/08\/ic7300mk2-4.png\" target=\"_blank\"><img loading=\"lazy\" decoding=\"async\" src=\"http:\/\/www.on4cn.be\/blog_radio\/wp-content\/uploads\/2025\/08\/ic7300mk2-4.png\" alt=\"IC-7300MK2\" width=\"600\" height=\"150\"><\/a><br \/>Photo tir\u00e9 du .PDF 2025 Icom Inc.\u00a9<\/p>\n<p><b>Port HDMI\u2122 pour un \u00e9cran externe :<\/b> Premi\u00e8re pour les radios HF\/50 MHz d\u2019Icom, l\u2019inclusion d\u2019un port HDMI permet de connecter un grand moniteur externe. Vous pouvez ainsi visualiser des informations critiques telles que la port\u00e9e du spectre, l\u2019affichage en cascade et les menus de configuration sur un \u00e9cran plus grand pour une meilleure visibilit\u00e9 et une exp\u00e9rience plus immersive.<\/p>\n<p><b>Connecteurs d\u2019antenne RX :<\/b> L\u2019ajout de connecteurs d\u2019antenne RX d\u00e9di\u00e9s offre de nouvelles opportunit\u00e9s pour optimiser la r\u00e9ception. Les op\u00e9rateurs peuvent connecter des antennes s\u00e9par\u00e9es pour \u00e9viter les interf\u00e9rences et le bruit (QRN) ou int\u00e9grer des filtres passe-bande et pr\u00e9amplis externes pour affiner leur installation.<\/p>\n<p><b>D\u00e9codeur CW int\u00e9gr\u00e9 :<\/b> Un ajout pr\u00e9cieux pour les amateurs de CW, le nouveau d\u00e9codeur CW int\u00e9gr\u00e9 simplifie l\u2019op\u00e9ration en d\u00e9codant les signaux entrants directement sur l\u2019affichage.<\/p>\n<p><b>Contr\u00f4le \u00e0 distance simplifi\u00e9 pour RS-BA1 :<\/b> Le logiciel de contr\u00f4le \u00e0 distance RS-BA1 d\u2019Icom a \u00e9t\u00e9 simplifi\u00e9 avec l\u2019ajout d\u2019un port Ethernet. Cela permet de contr\u00f4ler la radio \u00e0 distance sans ordinateur \u00e0 la station de base, rendant l\u2019op\u00e9ration \u00e0 distance plus facile que jamais.<\/p>\n<p><b>USB Type-C\u2122 avec double COM + audio :<\/b> Un port USB Type-C moderne et polyvalent remplace l\u2019ancienne connexion USB, offrant deux ports COM et la fonctionnalit\u00e9 audio pour un transfert simplifi\u00e9 des donn\u00e9es et de l\u2019audio.<\/p>\n<p>La bande 70 MHz est \u00e9galement incluse dans la version UK\/Europe de ce transceiver.<\/p>\n<p><b>L\u2019IC-7300MK2 n\u2019est pas seulement une mise \u00e0 niveau ; c\u2019est un t\u00e9moignage de l\u2019engagement d\u2019Icom envers l\u2019innovation et de sa compr\u00e9hension des besoins des op\u00e9rateurs.<\/b><\/p>\n<p>Dans le cadre de ce lancement sp\u00e9cial, Icom a publi\u00e9 une vid\u00e9o pr\u00e9sentant l\u2019IC-7300MK2, que nous sommes heureux de partager sur notre cha\u00eene YouTube :<\/p>\n<ul>\n<li><b>T\u00e9l\u00e9charger des images depuis :<\/b> <a href=\"https:\/\/icomuk.co.uk\/Icom_Image_Bank\">www.icomuk.co.uk\/imagebank<\/a><\/li>\n<li><b>T\u00e9l\u00e9charger :<\/b> Brochure PDF pr\u00e9-release depuis le c\u00f4t\u00e9 de cette page web.<\/li>\n<\/ul>\n<p>Au fur et \u00e0 mesure que de nouvelles informations seront publi\u00e9es, nous mettrons \u00e0 jour notre site web et informerons tout le monde via nos m\u00e9dias.<br \/> Pour rester \u00e0 jour, inscrivez-vous \u00e0 notre <a href=\"https:\/\/icomuk.co.uk\/Icom_Newsletter\">newsletter<\/a> ou suivez nos<br \/>\n<a href=\"https:\/\/icomuk.co.uk\/Follow-Icom-News-on-Social-Media\/2\/1078\/\">r\u00e9seaux sociaux<\/a>.<\/p>\n<p>Icom UK Sales &#8211; <a href=\"mailto:sales@icomuk.co.uk\">sales@icomuk.co.uk<\/a><\/p>\n","protected":false},"excerpt":{"rendered":"<p>Mon ICOM-7300 MK2 Cliquez sur la photo pour agrandir Je voudrais commencer par pr\u00e9ciser que je poss\u00e9d\u00e9 l\u2019IC-7300 original, donc cette critique n\u2019est pas une comparaison avec la premi\u00e8re version. J\u2019utilise l\u2019IC-7300 MK2 jusqu\u2019\u00e0 pr\u00e9sent. N\u00e9anmoins, mes premi\u00e8res impressions sont tr\u00e8s positives. Ce qui m\u2019a imm\u00e9diatement impressionn\u00e9, c\u2019est la performance du r\u00e9cepteur, que je trouve &hellip; <a href=\"http:\/\/www.on4cn.be\/blog_radio\/icom-7300mk2-hf-50-70-mhz\/\" class=\"more-link\">Continuer la lecture<span class=\"screen-reader-text\"> de &laquo;&nbsp;ICOM-7300MK2 HF\/50\/70 MHz&nbsp;&raquo;<\/span><\/a><\/p>\n","protected":false},"author":1,"featured_media":0,"parent":0,"menu_order":0,"comment_status":"closed","ping_status":"closed","template":"","meta":{"footnotes":""},"class_list":["post-22164","page","type-page","status-publish","hentry"],"_links":{"self":[{"href":"http:\/\/www.on4cn.be\/blog_radio\/wp-json\/wp\/v2\/pages\/22164","targetHints":{"allow":["GET"]}}],"collection":[{"href":"http:\/\/www.on4cn.be\/blog_radio\/wp-json\/wp\/v2\/pages"}],"about":[{"href":"http:\/\/www.on4cn.be\/blog_radio\/wp-json\/wp\/v2\/types\/page"}],"author":[{"embeddable":true,"href":"http:\/\/www.on4cn.be\/blog_radio\/wp-json\/wp\/v2\/users\/1"}],"replies":[{"embeddable":true,"href":"http:\/\/www.on4cn.be\/blog_radio\/wp-json\/wp\/v2\/comments?post=22164"}],"version-history":[{"count":5,"href":"http:\/\/www.on4cn.be\/blog_radio\/wp-json\/wp\/v2\/pages\/22164\/revisions"}],"predecessor-version":[{"id":22813,"href":"http:\/\/www.on4cn.be\/blog_radio\/wp-json\/wp\/v2\/pages\/22164\/revisions\/22813"}],"wp:attachment":[{"href":"http:\/\/www.on4cn.be\/blog_radio\/wp-json\/wp\/v2\/media?parent=22164"}],"curies":[{"name":"wp","href":"https:\/\/api.w.org\/{rel}","templated":true}]}}