{"id":21869,"date":"2025-07-14T10:47:02","date_gmt":"2025-07-14T08:47:02","guid":{"rendered":"http:\/\/www.on4cn.be\/blog_radio\/?page_id=21869"},"modified":"2025-07-14T10:52:06","modified_gmt":"2025-07-14T08:52:06","slug":"wsjt-dx-aggregator-v2-15","status":"publish","type":"page","link":"http:\/\/www.on4cn.be\/blog_radio\/wsjt-dx-aggregator-v2-15\/","title":{"rendered":"WSJT DX Aggregator (V2.15)"},"content":{"rendered":"<h1 style=\"color:#0080FF;\">WSJT DX Aggregator (V2.15)<\/h1>\n<h2 align=\"left\">T\u00e9l\u00e9versez les spots WSJT-X, JTDX et MSHV sur DXMAPS.COM<\/h2>\n<p><b>WSJT DX Aggregator<\/b> est un programme qui permet aux stations utilisant les programmes WSJT-X, JTDX ou MSHV de t\u00e9l\u00e9verser automatiquement des rapports DX sur DXMAPS afin qu&rsquo;ils soient affich\u00e9s sur les <a target=\"_blank\" href=\"https:\/\/www.dxmaps.com\/spots\/mapg.php?Lan=E&amp;Frec=28&amp;ML=M&amp;Map=W2L&amp;DXC=N&amp;HF=S&amp;GL=N\">maps<\/a>, les <a target=\"_blank\" href=\"https:\/\/www.dxmaps.com\/spots\/mapg.php?Lan=E&amp;Frec=28&amp;ML=L&amp;Map=W2L&amp;DXC=N&amp;HF=S&amp;GL=N\">listings<\/a>, etc. Il est \u00e9galement possible de t\u00e9l\u00e9verser automatiquement vos QSO en temps r\u00e9el dans le <a href=\"https:\/\/www.dxmaps.com\/log\/upload.html\">journal en ligne DXMAPS<\/a>.<\/p>\n<p><b style=\"color:#FF0000;\">AVIS IMPORTANTS :<\/b><\/p>\n<ul>\n<li>Ne pas l&rsquo;utiliser pour le mode WSPR. DXMAPS r\u00e9cup\u00e8re d\u00e9j\u00e0 les spots du r\u00e9seau WSPR, ils ne doivent donc pas \u00eatre envoy\u00e9s aussi via DX Aggregator.<\/li>\n<li>En raison de l\u2019impossibilit\u00e9 technique de distinguer si les spots 50 MHz MSK144 sont dus \u00e0 la propagation MS ou sporadique-E, ces spots ne seront pas pris en compte pendant la saison sporadique-E. Hors saison, ils seront admis comme MS.<\/li>\n<\/ul>\n<p><b style=\"color:#FF0000;\"><u>Faux avertissements antivirus<\/u><\/b> : le programme int\u00e8gre un serveur UDP pour \u00e9changer des donn\u00e9es avec WSJT-X \/ JTDX. Certains antivirus peuvent signaler \u00e0 tort des vuln\u00e9rabilit\u00e9s. Soyez assur\u00e9 que le programme a \u00e9t\u00e9 v\u00e9rifi\u00e9 avec la derni\u00e8re version de McAfee et est exempt de virus.<\/p>\n<p>Notez \u00e9galement que WSJT DX Aggregator n&rsquo;envoie pas les DX-Spots au r\u00e9seau DX-Cluster, uniquement \u00e0 DXMAPS.<\/p>\n<p>Le programme re\u00e7oit les trames d\u00e9cod\u00e9es du flux UDP de WSJT-X\/JTDX\/MSHV, les interpr\u00e8te, les filtre, puis les envoie au serveur DXMAPS.<\/p>\n<p>Utiliser WSJT DX Aggregator est tr\u00e8s simple. Si vous utilisez d\u00e9j\u00e0 WSJT-X\/JTDX\/MSHV, vous pouvez t\u00e9l\u00e9verser des rapports DX en quelques minutes. Suivez simplement ces \u00e9tapes :<\/p>\n<p><b style=\"color:#008000;\">1.-<\/b> <a href=\"https:\/\/www.dxmaps.com\/zip\/WsjtDXAggregator.zip\" target=\"_blank\">T\u00e9l\u00e9chargez le programme<\/a>, d\u00e9compressez-le et placez-le dans un dossier de votre choix (par ex. C:\\radio\\WsjtDXAggregator). Le programme ne n\u00e9cessite g\u00e9n\u00e9ralement pas d&rsquo;installation. Placez-le simplement dans un dossier et ex\u00e9cutez-le. <u>Si un message d\u2019erreur indique que certains fichiers sont manquants<\/u>, <a href=\"https:\/\/www.dxmaps.com\/zip\/WsjtDxAggregator.exe\">t\u00e9l\u00e9chargez le package d\u2019installation complet<\/a>, placez-le dans un dossier vide et ex\u00e9cutez-le depuis ce dossier.<\/p>\n<p><b style=\"color:#008000;\">2.-<\/b> Saisissez votre indicatif radioamateur, votre localisateur (grid square) et le port UDP utilis\u00e9 par WSJT-X \/ JTDX \/ MSHV pour le partage des trames. Cliquez ensuite sur \u00ab\u00a0Start monitoring\u00a0\u00bb.<\/p>\n<p><img loading=\"lazy\" decoding=\"async\" src=\"http:\/\/www.on4cn.be\/blog_radio\/wp-content\/uploads\/2025\/07\/WsjtDXAggregator.png\" width=\"616\" height=\"514\" border=\"0\"><\/p>\n<p>Si tout fonctionne, vous verrez imm\u00e9diatement les trames dans la bo\u00eete \u00ab\u00a0Raw message received\u00a0\u00bb. Sinon, cela signifie que les ports UDP ne correspondent pas. Le port utilis\u00e9 peut \u00eatre n\u2019importe lequel, mais doit \u00eatre identique dans WSJT-X\/JTDX\/MSHV et WSJT DX Aggregator.<\/p>\n<p>Laissez le programme en fonctionnement (vous pouvez le r\u00e9duire si vous le souhaitez). D\u00e8s qu\u2019il d\u00e9tecte un message CQ ou QRZ, il l\u2019enverra automatiquement \u00e0 DXMAPS.<\/p>\n<p>Vous pouvez \u00e9galement envoyer vos QSO en temps r\u00e9el au <a href=\"https:\/\/www.dxmaps.com\/log\/upload.html\" target=\"_blank\">journal en ligne DXMAPS<\/a> en s\u00e9lectionnant l&rsquo;option \u00ab\u00a0Upload QSO to DXMAPS&rsquo;s online log\u00a0\u00bb.<br \/><b>ATTENTION :<\/b> Ne pas utiliser cette option si vous les envoyez d\u00e9j\u00e0 via <a href=\"https:\/\/www.dxmaps.com\/zip\/WsjtDxAggregator.exe\" target=\"_blank\">VQLog<\/a>, car cela g\u00e9n\u00e9rerait des doublons dans le journal en ligne.<\/p>\n<hr>\n<p>Dans <a target=\"_blank\" href=\"https:\/\/wsjt.sourceforge.io\/wsjtx.html\" target=\"_blank\">WSJT-X<\/a>, allez dans \u00ab\u00a0File &#8211; Settings &#8211; Reporting\u00a0\u00bb pour configurer le port UDP comme montr\u00e9 ci-dessous.<\/p>\n<p>Dans JTDX, allez aussi dans \u00ab\u00a0File &#8211; Settings &#8211; Reporting\u00a0\u00bb pour configurer le port UDP.<\/p>\n<p><img loading=\"lazy\" decoding=\"async\" src=\"http:\/\/www.on4cn.be\/blog_radio\/wp-content\/uploads\/2025\/07\/WsjtSettings.png\" width=\"706\" height=\"596\" border=\"0\"><\/p>\n<p>Dans MSHV, allez dans \u00ab\u00a0Options &#8211; Radio and Network configuration\u00a0\u00bb.<\/p>\n<p><img loading=\"lazy\" decoding=\"async\" src=\"http:\/\/www.on4cn.be\/blog_radio\/wp-content\/uploads\/2025\/07\/MshvConfig.png\" width=\"482\" height=\"595\" border=\"0\"><\/p>\n<p>Si vous ex\u00e9cutez WSJT-X\/JTDX\/MSHV et WSJT DX Aggregator sur le m\u00eame PC, utilisez l\u2019adresse IP \u00ab\u00a0localhost\u00a0\u00bb : 127.0.0.1<\/p>\n<p>Si WSJT DX Aggregator fonctionne sur un second ordinateur, configurez l\u2019adresse IP de cet ordinateur, en veillant \u00e0 ce qu\u2019ils soient sur le m\u00eame r\u00e9seau.<\/p>\n<p><b style=\"color:#FF0000;\">TR\u00c8S IMPORTANT :<\/b> La fr\u00e9quence rapport\u00e9e est celle affich\u00e9e dans WSJT-X\/JTDX\/MSHV. Assurez-vous qu\u2019elle correspond \u00e0 celle r\u00e9gl\u00e9e sur votre \u00e9quipement avant de d\u00e9marrer WSJT DX Aggregator.<\/p>\n<p><b style=\"color:#FF0000;\">Multidiffusion :<\/b> Pour partager les messages entre plusieurs programmes, WSJT-X peut les envoyer \u00e0 un groupe multicast. Tous les programmes dans ce groupe recevront les messages. Lisez la <a href=\"wsjtdxaggregatormc.html\">page suivante<\/a> pour plus de d\u00e9tails.<\/p>\n<p><b style=\"color:#FF0000;\">Utilisateurs de JT-Alert :<\/b> JT-Alert bloque le port UDP \u00e0 son lancement. Depuis la version 2.12.4, il est possible de faire un rebroadcast vers un autre port. Configurez alors WSJT DX Aggregator pour \u00e9couter sur ce second port (ex : 2334).<\/p>\n<p><img loading=\"lazy\" decoding=\"async\" src=\"http:\/\/www.on4cn.be\/blog_radio\/wp-content\/uploads\/2025\/07\/JTAlert%20UDP%20rebroadcast.png\" width=\"792\" height=\"587\" border=\"0\"><\/p>\n<p><b style=\"color:#FF0000;\">Instances multiples de WSJT DX-Aggregator :<\/b> Si vous ex\u00e9cutez plusieurs WSJT-X \/ JTDX sur diff\u00e9rentes bandes, vous devez \u00e9galement avoir plusieurs instances de WSJT DX Aggregator, chacune avec un port UDP unique. Utilisez un param\u00e8tre en ligne de commande pour d\u00e9finir une configuration diff\u00e9rente, par exemple : <code>WsjtDXAggregator.exe \/C=ConfigFile1.ini<\/code><\/p>\n<p>WSJT DX Aggregator a \u00e9t\u00e9 test\u00e9 avec WSJT-X versions 1.6 \u00e0 1.9.1, JTDX 17.7, et MSHV 2.22 rc002. Il devrait \u00e9galement fonctionner avec des versions plus r\u00e9centes.<\/p>\n<p><b style=\"color:#FF0000;\">Param\u00e8tres r\u00e9gionaux Windows :<\/b> Le programme n\u00e9cessite que le s\u00e9parateur de milliers soit soit une virgule \u00ab\u00a0,\u00a0\u00bb soit un point \u00ab\u00a0.\u00a0\u00bb.<\/p>\n<p><b style=\"color:#FF0000;\">Le programme d\u00e9marre mais je ne vois pas la fen\u00eatre :<\/b> Il est possible que la fen\u00eatre ait \u00e9t\u00e9 d\u00e9plac\u00e9e hors de l\u2019\u00e9cran. Modifiez le fichier .ini pour restaurer la position par d\u00e9faut.<\/p>\n<p>Vous pouvez modifier ce fichier avec le Bloc-notes. Il se trouve g\u00e9n\u00e9ralement dans :<br \/> C:\\users\\VotreUtilisateur\\AppData\\Roaming\\WsjtDXAggregator<\/p>\n<p>Changez les param\u00e8tres \u00ab\u00a0top\u00a0\u00bb et \u00ab\u00a0left\u00a0\u00bb pour repositionner la fen\u00eatre comme montr\u00e9 ci-dessous :<\/p>\n<p><img loading=\"lazy\" decoding=\"async\" src=\"http:\/\/www.on4cn.be\/blog_radio\/wp-content\/uploads\/2025\/07\/ConfigWsjtDxAggregator.png\" width=\"297\" height=\"282\" border=\"0\"><\/p>\n<hr>\n<p><b><font size=\"2\">Si vous avez un probl\u00e8me avec WSJT DX Aggregator, n\u2019h\u00e9sitez pas \u00e0 <a href=\"https:\/\/www.dxmaps.com\/contact.html\" target=\"_blank\">m\u2019envoyer un e-mail<\/a><\/font><\/b><\/p>\n<hr>\n<p><font size=\"2\"><b><a href=\"https:\/\/www.dxmaps.com\/aprsdxaggregator.html\" target=\"_blank\">Vous pourriez aussi \u00eatre int\u00e9ress\u00e9 par l&rsquo;APRS DX Aggregator<\/a>, <a href=\"https:\/\/www.dxmaps.com\/aisdxaggregator.html\" target=\"_blank\">l\u2019AIS DX Aggregator<\/a> et <a href=\"https:\/\/www.dxmaps.com\/map65dxaggregator.html\" target=\"_blank\">le MAP65 DX Aggregator<\/a><\/b><\/font><\/p>\n","protected":false},"excerpt":{"rendered":"<p>WSJT DX Aggregator (V2.15) T\u00e9l\u00e9versez les spots WSJT-X, JTDX et MSHV sur DXMAPS.COM WSJT DX Aggregator est un programme qui permet aux stations utilisant les programmes WSJT-X, JTDX ou MSHV de t\u00e9l\u00e9verser automatiquement des rapports DX sur DXMAPS afin qu&rsquo;ils soient affich\u00e9s sur les maps, les listings, etc. Il est \u00e9galement possible de t\u00e9l\u00e9verser automatiquement &hellip; <a href=\"http:\/\/www.on4cn.be\/blog_radio\/wsjt-dx-aggregator-v2-15\/\" class=\"more-link\">Continuer la lecture<span class=\"screen-reader-text\"> de &laquo;&nbsp;WSJT DX Aggregator (V2.15)&nbsp;&raquo;<\/span><\/a><\/p>\n","protected":false},"author":1,"featured_media":0,"parent":0,"menu_order":0,"comment_status":"closed","ping_status":"closed","template":"","meta":{"footnotes":""},"class_list":["post-21869","page","type-page","status-publish","hentry"],"_links":{"self":[{"href":"http:\/\/www.on4cn.be\/blog_radio\/wp-json\/wp\/v2\/pages\/21869","targetHints":{"allow":["GET"]}}],"collection":[{"href":"http:\/\/www.on4cn.be\/blog_radio\/wp-json\/wp\/v2\/pages"}],"about":[{"href":"http:\/\/www.on4cn.be\/blog_radio\/wp-json\/wp\/v2\/types\/page"}],"author":[{"embeddable":true,"href":"http:\/\/www.on4cn.be\/blog_radio\/wp-json\/wp\/v2\/users\/1"}],"replies":[{"embeddable":true,"href":"http:\/\/www.on4cn.be\/blog_radio\/wp-json\/wp\/v2\/comments?post=21869"}],"version-history":[{"count":2,"href":"http:\/\/www.on4cn.be\/blog_radio\/wp-json\/wp\/v2\/pages\/21869\/revisions"}],"predecessor-version":[{"id":21872,"href":"http:\/\/www.on4cn.be\/blog_radio\/wp-json\/wp\/v2\/pages\/21869\/revisions\/21872"}],"wp:attachment":[{"href":"http:\/\/www.on4cn.be\/blog_radio\/wp-json\/wp\/v2\/media?parent=21869"}],"curies":[{"name":"wp","href":"https:\/\/api.w.org\/{rel}","templated":true}]}}