{"id":20427,"date":"2024-11-15T07:54:53","date_gmt":"2024-11-15T06:54:53","guid":{"rendered":"http:\/\/www.on4cn.be\/blog_radio\/?page_id=20427"},"modified":"2024-11-15T07:57:22","modified_gmt":"2024-11-15T06:57:22","slug":"nouvelle-version-wsjtx-2-7-1","status":"publish","type":"page","link":"http:\/\/www.on4cn.be\/blog_radio\/nouvelle-version-wsjtx-2-7-1\/","title":{"rendered":"Nouvelle version wsjtx-2.7.1"},"content":{"rendered":"<p><center><\/p>\n<h2><b><span style=\"color: #ff0000;\">Nouvelle version wsjtx-2.7.1<\/span><\/b><\/h2>\n<p><\/center><\/p>\n<p style=\"text-align: center;\"><a href=\"http:\/\/www.on6rm.be\/wp-content\/uploads\/2024\/11\/wsjt-x2.07.1.jpg\"><img loading=\"lazy\" decoding=\"async\" class=\"aligncenter size-full wp-image-26254\" src=\"http:\/\/www.on6rm.be\/wp-content\/uploads\/2024\/11\/wsjt-x2.07.1.jpg\" alt=\"\" width=\"526\" height=\"575\" \/><\/a><\/p>\n<p>Habituellement, je ne partage pas d&rsquo;informations concernant les versions IMPROVED de WSJT-X, ou de JTDX, mais cette version m\u00e9rite que l&rsquo;on s&rsquo;y attarde, surtout pour les OM travaillant sur les bandes hautes. Voici les explications de Uwe DG2YCB :<\/p>\n<blockquote>\n<p>\u00ab\u00a0J&rsquo;aimerais vous informer qu&rsquo;un nouveau syst\u00e8me de messagerie WSJT-X est en cours de d\u00e9veloppement. Le syst\u00e8me est sp\u00e9cialement con\u00e7u pour<br \/>\nles applications VHF\/UHF\/SHF, mais il est maintenant \u00e9galement adapt\u00e9 \u00e0 une utilisation g\u00e9n\u00e9rale. Il est bas\u00e9 sur un algorithme de messagerie<br \/>\npropos\u00e9 par W4ZST en 2021 pour le NA VHF Contest afin d&rsquo;inviter votre partenaire QSO \u00e0 QSY vers une autre QRG ou mode. Roger W3SZ a programm\u00e9 un<br \/>\nMessage Creator qui permet de g\u00e9n\u00e9rer de tels messages en quelques clics. Mon id\u00e9e \u00e9tait alors d&rsquo;\u00e9tendre ce syst\u00e8me afin qu&rsquo;il puisse \u00eatre utilis\u00e9<br \/>\nau-del\u00e0 des concours VHF, et de mani\u00e8re plus g\u00e9n\u00e9rale.\u00a0\u00bb<\/p>\n<\/blockquote>\n<p>Un premier prototype est pr\u00eat \u00e0 \u00eatre test\u00e9, bas\u00e9 sur la version <strong>wsjt-x_improved 241014-RC7<\/strong>, il s&rsquo;agit de la version :<br \/>\n<strong>wsjtx-2.7.1-devel-win64_improved_PLUS_241107-001.exe<\/strong><br \/>\nVous pouvez la t\u00e9l\u00e9charger en cliquant dans le lien ci-dessous :<\/p>\n<p><a href=\"https:\/\/sourceforge.net\/...\/wsjtx-2.7.1-devel...\/download\" target=\"_blank\" rel=\"noopener noreferrer\"><b><span style=\"color: #ff0000;\">T\u00e9l\u00e9charger la version<\/b><\/span><\/a><\/p>\n<p>L&rsquo;image ci-dessous vous donne une id\u00e9e de ce qu&rsquo;est le syst\u00e8me de messagerie WSJT-X et de la mani\u00e8re dont il peut \u00eatre utilis\u00e9. Roger a eu la gentillesse de pr\u00e9parer une description plus compl\u00e8te. Si le syst\u00e8me s&rsquo;av\u00e8re concluant, nous aimerions \u00e9galement l&rsquo;introduire pour notre WSJT-X ordinaire lors d&rsquo;une future Release Candidate 8. N&rsquo;h\u00e9sitez pas \u00e0 l&rsquo;essayer.<\/p>\n<p><strong><span style=\"color: #ff0000;\"><\/p>\n<h2>Avis sur la nouvelle version du logiciel<\/h2>\n<p><\/span><\/strong><\/p>\n<p>Cela fait quelques jours que j&rsquo;utilise cette nouvelle version. Plusieurs am\u00e9liorations ont \u00e9t\u00e9 apport\u00e9es au logiciel, rendant son utilisation bien plus intuitive et pratique.<br \/>\nLes modifications effectu\u00e9es facilitent grandement l\u2019exp\u00e9rience utilisateur, permettant une prise en main plus rapide et une productivit\u00e9 accrue.<br \/>\n<b>Bon trafic 73 Claude ON4CN<\/b><\/p>\n","protected":false},"excerpt":{"rendered":"<p>Nouvelle version wsjtx-2.7.1 Habituellement, je ne partage pas d&rsquo;informations concernant les versions IMPROVED de WSJT-X, ou de JTDX, mais cette version m\u00e9rite que l&rsquo;on s&rsquo;y attarde, surtout pour les OM travaillant sur les bandes hautes. Voici les explications de Uwe DG2YCB : \u00ab\u00a0J&rsquo;aimerais vous informer qu&rsquo;un nouveau syst\u00e8me de messagerie WSJT-X est en cours de &hellip; <a href=\"http:\/\/www.on4cn.be\/blog_radio\/nouvelle-version-wsjtx-2-7-1\/\" class=\"more-link\">Continuer la lecture<span class=\"screen-reader-text\"> de &laquo;&nbsp;Nouvelle version wsjtx-2.7.1&nbsp;&raquo;<\/span><\/a><\/p>\n","protected":false},"author":1,"featured_media":0,"parent":0,"menu_order":0,"comment_status":"closed","ping_status":"closed","template":"","meta":{"footnotes":""},"class_list":["post-20427","page","type-page","status-publish","hentry"],"_links":{"self":[{"href":"http:\/\/www.on4cn.be\/blog_radio\/wp-json\/wp\/v2\/pages\/20427","targetHints":{"allow":["GET"]}}],"collection":[{"href":"http:\/\/www.on4cn.be\/blog_radio\/wp-json\/wp\/v2\/pages"}],"about":[{"href":"http:\/\/www.on4cn.be\/blog_radio\/wp-json\/wp\/v2\/types\/page"}],"author":[{"embeddable":true,"href":"http:\/\/www.on4cn.be\/blog_radio\/wp-json\/wp\/v2\/users\/1"}],"replies":[{"embeddable":true,"href":"http:\/\/www.on4cn.be\/blog_radio\/wp-json\/wp\/v2\/comments?post=20427"}],"version-history":[{"count":2,"href":"http:\/\/www.on4cn.be\/blog_radio\/wp-json\/wp\/v2\/pages\/20427\/revisions"}],"predecessor-version":[{"id":20430,"href":"http:\/\/www.on4cn.be\/blog_radio\/wp-json\/wp\/v2\/pages\/20427\/revisions\/20430"}],"wp:attachment":[{"href":"http:\/\/www.on4cn.be\/blog_radio\/wp-json\/wp\/v2\/media?parent=20427"}],"curies":[{"name":"wp","href":"https:\/\/api.w.org\/{rel}","templated":true}]}}