{"id":20183,"date":"2024-09-26T10:41:19","date_gmt":"2024-09-26T08:41:19","guid":{"rendered":"http:\/\/www.on4cn.be\/blog_radio\/?page_id=20183"},"modified":"2024-09-26T11:16:21","modified_gmt":"2024-09-26T09:16:21","slug":"yaesu-ft-710-aess","status":"publish","type":"page","link":"http:\/\/www.on4cn.be\/blog_radio\/yaesu-ft-710-aess\/","title":{"rendered":"Yaesu FT-710 AESS"},"content":{"rendered":"<p><center><b><span style=\"color: #ff0000;\"><\/p>\n<h2>Yaesu FT-710 AESS : Un \u00e9metteur-r\u00e9cepteur SDR performant<\/h2>\n<p><\/span><\/b><\/center><\/p>\n<p>La version FT-710 Field, contrairement \u00e0 la version FT-710 AESS, N&rsquo;inclut PAS le haut-parleur externe SP-40.<br \/>\nLe nouveau FT-710 Field est un design compact mais fournit une sortie de 100 W, utilisant la technologie RF num\u00e9rique avanc\u00e9e introduite dans les s\u00e9ries FTDX101 et FTDX10.<\/p>\n<p>Photos du Yeasu FT-710 AESS<\/p>\n<p style=\"text-align: center;\"><a href=\"http:\/\/www.on4cn.be\/blog_ot4n\/wp-content\/uploads\/2016\/02\/ft710-av-ar-on4cn.jpg\" target=\"_blank\" rel=\"noopener noreferrer\"><img loading=\"lazy\" decoding=\"async\" class=\"aligncenter size-thumbnail wp-image-165\" src=\"http:\/\/www.on4cn.be\/blog_ot4n\/wp-content\/uploads\/2016\/02\/ft710-av-ar-on4cn.jpg\" alt=\"Yeasu FT-710 AESS\" width=\"450\" height=\"350\" \/><\/a><br \/>Yeasu FT-710 AESS<\/a><\/p>\n<p><center><strong>Cliquez sur une vignette pour agrandir la photo<\/strong><\/center><\/p>\n<p><b><span style=\"color: #ff0000;\"><\/p>\n<h2>Quelques-unes des caract\u00e9ristiques remarquables du nouveau FT-710 Field sont :<\/h2>\n<p><\/b><\/span><\/p>\n<ul>\n<li>La technologie YAESU SDR in\u00e9gal\u00e9e met l&rsquo;accent sur les performances de r\u00e9ception<\/li>\n<li>Filtres passe-bande d\u00e9di\u00e9s aux bandes amateurs pour \u00e9liminer les signaux ind\u00e9sirables hors bande<\/li>\n<li>La conception frontale RF avec le HRDDS 250 MHz (synth\u00e9tiseur num\u00e9rique direct haute r\u00e9solution) permet des caract\u00e9ristiques de r\u00e9ception multi-signaux ph\u00e9nom\u00e9nales<\/li>\n<li>Rejet QRM par le DSP \u00e0 virgule flottante haute vitesse 32 bits double c\u0153ur pour SHIFT \/ WIDTH \/ NOTCH \/ CONTOUR \/ APF (Audio Peak Filter) \/ DNR (Digital Noise Reduction) \/ NB (Noise Blanker) et 3-Stage Parametric Equalizer<\/li>\n<li>\u00c9cran tactile couleur TFT haute r\u00e9solution de 4,3 pouces<\/li>\n<li>3DSS (flux de spectre tridimensionnel)<\/li>\n<li>La LED VMI (VFO Mode Indicator) plac\u00e9e autour du cadran VFO indique le mode de fonctionnement actuel (VFO-A, VFO-B, Memory Mode et Clarifier \/ Split Operation)<\/li>\n<li>Fonction de mode \u00ab\u00a0PRESET\u00a0\u00bb la plus adapt\u00e9e au fonctionnement du FT8<\/li>\n<li>Borne de connexion d&rsquo;affichage externe (DVI-D)<\/li>\n<li>Syntoniseur d&rsquo;antenne automatique haute vitesse int\u00e9gr\u00e9 avec m\u00e9moire de 100 canaux<\/li>\n<li>Prend en charge le tuner d&rsquo;antenne automatique FC-40<\/li>\n<li>La carte m\u00e9moire SD peut \u00eatre utilis\u00e9e pour enregistrer l&rsquo;enregistrement de communication, le r\u00e9glage de l&rsquo;\u00e9metteur-r\u00e9cepteur, le contenu de la m\u00e9moire, les images de capture d&rsquo;\u00e9cran et pour mettre \u00e0 jour le micrologiciel<\/li>\n<li>Deux (2) ports USB (Type-A et Type-B)<\/li>\n<li>Autres fonctionnalit\u00e9s essentielles telles que CW ZIN et SPOT, IPO (optimisation du point d&rsquo;interception) et fonctionnement \u00e0 distance avec syst\u00e8me de contr\u00f4le \u00e0 distance r\u00e9seau pour n&rsquo;en nommer que quelques-uns<\/li>\n<\/ul>\n<p><b><span style=\"color: #ff0000;\"><\/p>\n<h2>Modes num\u00e9riques<\/h2>\n<p><\/span><\/b><\/p>\n<p>Pour le fonctionnement en mode num\u00e9rique, vous pouvez connecter un ordinateur externe au FT-710 via le port USB et utiliser la carte son interne de la radio pour<br \/>\nFT8, FT4, PSK, MSK144, AFSK RTTY, SSTV ou tout autre mode de carte son.<\/p>\n<p> Le FT-710 n&rsquo;a pas de d\u00e9codeurs RTTY, PSK ou CW int\u00e9gr\u00e9s et transmet des m\u00e9moires de messages comme le FTDX10. La configuration ne pourrait pas \u00eatre plus simple. Apr\u00e8s avoir<br \/>\ninstall\u00e9 le pilote USB, installez un c\u00e2ble USB entre la radio et l&rsquo;ordinateur. Lorsque la radio est sous tension, USB AUDIO DEVICE appara\u00eet comme un p\u00e9riph\u00e9rique audio sur l&rsquo;ordinateur.<\/p>\n<p>J&rsquo;ai s\u00e9lectionn\u00e9 cet appareil pour recevoir et transmettre l&rsquo;audio dans le menu PARAM\u00c8TRES WSJT-X. Les modes de la carte son utilisent le mode DATA-U du FT-710.<br \/>\nToucher le bouton PRESET \u00e0 l\u2019\u00e9cran configure la radio pour le fonctionnement FT8.<\/p>\n<p><b><span style=\"color: #ff0000;\"><\/p>\n<h2>Pour qui est destin\u00e9 le FT-710 ?<\/h2>\n<p><\/span><\/b><\/p>\n<p>Ce mod\u00e8le convient aussi bien aux amateurs exp\u00e9riment\u00e9s qu\u2019aux novices qui souhaitent profiter d&rsquo;un r\u00e9cepteur SDR puissant et moderne. Ses capacit\u00e9s de r\u00e9duction d&rsquo;interf\u00e9rences, combin\u00e9es \u00e0 la qualit\u00e9 audio, en font un excellent choix pour les op\u00e9rateurs recherchant des performances fiables dans des environnements radio encombr\u00e9s.<\/p>\n<p>Bien qu&rsquo;il soit globalement bien accueilli, certains utilisateurs notent que l&rsquo;interface graphique peut sembler moins \u00e9l\u00e9gante que celle d&rsquo;autres mod\u00e8les, et certaines fonctions DSP sont d\u00e9sactiv\u00e9es en mode AM. Malgr\u00e9 cela, le FT-710 reste une option solide pour les passionn\u00e9s de radio.<\/p>\n<p style=\"text-align: center;\"><a href=\"http:\/\/www.on4cn.be\/blog_ot4n\/wp-content\/uploads\/2016\/02\/ft710-ecran.jpg\" target=\"_blank\" rel=\"noopener noreferrer\"><img loading=\"lazy\" decoding=\"async\" class=\"aligncenter size-thumbnail wp-image-165\" src=\"http:\/\/www.on4cn.be\/blog_ot4n\/wp-content\/uploads\/2016\/02\/ft710-ecran.jpg\" alt=\"Yeasu FT-710 AESS\" width=\"350\" height=\"250\" \/><\/a><br \/>Yeasu FT-710 AESS<\/a><\/p>\n<p><center><strong>Cliquez sur une vignette pour agrandir la photo<\/strong><\/center><\/p>\n<p>Yaesu FT710 : Driver du port USB &#8211; O\u00f9 le trouver, ces ici&#8211;><a href=\"https:\/\/www.yaesu.com\/downloadFile.cfm?FileID=17518&amp;FileCatID=42&amp;FileName=CP210x%5FUniversal%5FWindows%5FDriver.zip&amp;FileContentType=application%2Fx%2Dzip%2Dcompressed\" target=\"_blank\" rel=\"noopener noreferrer\"><b><span style=\"color: #ff0000;\">FT-710 USB Driver Virtual COM Port Driver (Windows 11\/10<\/span><\/b>)<\/a><\/p>\n","protected":false},"excerpt":{"rendered":"<p>Yaesu FT-710 AESS : Un \u00e9metteur-r\u00e9cepteur SDR performant La version FT-710 Field, contrairement \u00e0 la version FT-710 AESS, N&rsquo;inclut PAS le haut-parleur externe SP-40. Le nouveau FT-710 Field est un design compact mais fournit une sortie de 100 W, utilisant la technologie RF num\u00e9rique avanc\u00e9e introduite dans les s\u00e9ries FTDX101 et FTDX10. Photos du Yeasu &hellip; <a href=\"http:\/\/www.on4cn.be\/blog_radio\/yaesu-ft-710-aess\/\" class=\"more-link\">Continuer la lecture<span class=\"screen-reader-text\"> de &laquo;&nbsp;Yaesu FT-710 AESS&nbsp;&raquo;<\/span><\/a><\/p>\n","protected":false},"author":1,"featured_media":0,"parent":0,"menu_order":0,"comment_status":"closed","ping_status":"closed","template":"","meta":{"footnotes":""},"class_list":["post-20183","page","type-page","status-publish","hentry"],"_links":{"self":[{"href":"http:\/\/www.on4cn.be\/blog_radio\/wp-json\/wp\/v2\/pages\/20183","targetHints":{"allow":["GET"]}}],"collection":[{"href":"http:\/\/www.on4cn.be\/blog_radio\/wp-json\/wp\/v2\/pages"}],"about":[{"href":"http:\/\/www.on4cn.be\/blog_radio\/wp-json\/wp\/v2\/types\/page"}],"author":[{"embeddable":true,"href":"http:\/\/www.on4cn.be\/blog_radio\/wp-json\/wp\/v2\/users\/1"}],"replies":[{"embeddable":true,"href":"http:\/\/www.on4cn.be\/blog_radio\/wp-json\/wp\/v2\/comments?post=20183"}],"version-history":[{"count":4,"href":"http:\/\/www.on4cn.be\/blog_radio\/wp-json\/wp\/v2\/pages\/20183\/revisions"}],"predecessor-version":[{"id":20188,"href":"http:\/\/www.on4cn.be\/blog_radio\/wp-json\/wp\/v2\/pages\/20183\/revisions\/20188"}],"wp:attachment":[{"href":"http:\/\/www.on4cn.be\/blog_radio\/wp-json\/wp\/v2\/media?parent=20183"}],"curies":[{"name":"wp","href":"https:\/\/api.w.org\/{rel}","templated":true}]}}