{"id":15231,"date":"2021-03-10T17:14:41","date_gmt":"2021-03-10T16:14:41","guid":{"rendered":"http:\/\/www.on4cn.be\/blog_radio\/?page_id=15231"},"modified":"2021-03-10T17:21:18","modified_gmt":"2021-03-10T16:21:18","slug":"configuration-icom-705-et-wsjt-x","status":"publish","type":"page","link":"http:\/\/www.on4cn.be\/blog_radio\/configuration-icom-705-et-wsjt-x\/","title":{"rendered":"Configuration Icom-705 et WSJT-X"},"content":{"rendered":"<p><center><strong><span style=\"color: #ff0000;\">Configuration correcte Icom IC-705 avec WSJT-X<\/span><\/strong><\/center><\/p>\n<p style=\"text-align: center;\">Comment configurer Icom IC-705 avec WSJT-X pour le mode FT8<\/p>\n<p style=\"text-align: center;\"><a href=\"http:\/\/www.on4cn.be\/blog_radio\/wp-content\/uploads\/2021\/03\/icom-705-01.jpg\" target=\"_blank\" rel=\"noopener\"><img loading=\"lazy\" decoding=\"async\" class=\"aligncenter size-medium wp-image-15232\" src=\"http:\/\/www.on4cn.be\/blog_radio\/wp-content\/uploads\/2021\/03\/icom-705-01-300x169.jpg\" alt=\"icom-705-01-ON4CN\" width=\"300\" height=\"169\" srcset=\"http:\/\/www.on4cn.be\/blog_radio\/wp-content\/uploads\/2021\/03\/icom-705-01-300x169.jpg 300w, http:\/\/www.on4cn.be\/blog_radio\/wp-content\/uploads\/2021\/03\/icom-705-01.jpg 768w\" sizes=\"auto, (max-width: 300px) 85vw, 300px\" \/><\/a><\/p>\n<p><center><strong>Cliquez sur la photo pour agrandir <\/strong><\/center><\/p>\n<p>La source : <span style=\"color: #ff0000;\"><b><a style=\"color: #ff0000;\" href=\"http:\/\/www.iw2noy.it\/index.php?id=93\" target=\"_blank\" rel=\"noopener\">Article original sur le site IW2NOY<\/a><\/b><\/span><\/p>\n<p>Plusieurs amis ont achet\u00e9 le nouveau et avanc\u00e9 <a href=\"https:\/\/amzn.to\/3eRP97g\" target=\"_blank\" rel=\"noopener\"><strong>Icom IC-705<\/strong><\/a>, parmi les nombreuses opportunit\u00e9s offertes par le nouveau<br \/>\nappareil Icom-705, il y a la possibilit\u00e9 de l&rsquo;utiliser pour les modes num\u00e9riques sans l&rsquo;aide d&rsquo;une interface externe donc dans cet article nous voyons comment l&rsquo;utiliser pour<br \/>\nle maintenant c\u00e9l\u00e8bre<strong>Mode num\u00e9rique FT8 avec logiciel WSJT-X<\/strong>.<br \/>\nLe <strong>software WSJT-X<\/strong> qui est le seul qui peut \u00eatre utilis\u00e9 pour le mode num\u00e9rique FT8, dans les nouvelles versions 2.2 (l&rsquo;actuel au moment de la r\u00e9daction de cet article),<br \/>\ntoujours ne prend pas en charge le CAT pour l&rsquo;Icom IC705.<\/p>\n<p>Pour le moment, jusqu&rsquo;\u00e0 ce que le logiciel WSJT-X prenne en charge nativement le 705 CAT, la seule solution viable est de changer l&rsquo;adresse CI-V \u00e0 l&rsquo;int\u00e9rieur<br \/>\nde l&rsquo;Icom 705 et faire croire au logiciel que nous utilisons un Icom 7300 (les commandes CAT sont les m\u00eames, du moins pour celles utilis\u00e9es pour la gestion par WSJT-X). Lorsque<br \/>\nl&rsquo;icom 705 sera support\u00e9 nativement par le logiciel WSJT-X il ne sera plus n\u00e9cessaire de changer l&rsquo;adresse CI-V et nous pourrons laisser l&rsquo;original (A4h), mais le reste des configurations<br \/>\nsubs\u00e9quente reste valable malgr\u00e9 tout.<\/p>\n<p>Une autre alternative valable, dans la mesure du possible, est d&rsquo;utiliser le pont propos\u00e9 par WSJT-X vers d&rsquo;autres logiciels de radiocommande tels que DX Lab Commander (dans mon cas) ou<br \/>\nHam Radio Deluxe etc.<\/p>\n<p>L&rsquo;adresse CI-V d&rsquo;origine de l&rsquo;Icom 705 est A4h, il va falloir la changer en 94h (celle de l&rsquo;Icom 7300).<\/p>\n<p><strong>Comment faire : <\/strong><br \/>\nAppuyez sur le bouton \u00abmenu\u00bb sous l&rsquo;\u00e9cran de la radio (celui physique), sur l&rsquo;\u00e9cran, appuyez sur l&rsquo;ic\u00f4ne SET, puis sur \u00abConnectors\u00bb, puis sur \u00abCI-V\u00bb et<br \/>\nenfin &lsquo;Adresse CI-V&rsquo;<\/p>\n<p style=\"text-align: center;\"><a href=\"http:\/\/www.on4cn.be\/blog_radio\/wp-content\/uploads\/2021\/03\/icom-705-02.jpg\" target=\"_blank\" rel=\"noopener\"><img loading=\"lazy\" decoding=\"async\" class=\"aligncenter size-medium wp-image-15233\" src=\"http:\/\/www.on4cn.be\/blog_radio\/wp-content\/uploads\/2021\/03\/icom-705-02-300x169.jpg\" alt=\"icom-705-02 -ON4CN\" width=\"300\" height=\"169\" srcset=\"http:\/\/www.on4cn.be\/blog_radio\/wp-content\/uploads\/2021\/03\/icom-705-02-300x169.jpg 300w, http:\/\/www.on4cn.be\/blog_radio\/wp-content\/uploads\/2021\/03\/icom-705-02-1024x576.jpg 1024w, http:\/\/www.on4cn.be\/blog_radio\/wp-content\/uploads\/2021\/03\/icom-705-02-768x432.jpg 768w, http:\/\/www.on4cn.be\/blog_radio\/wp-content\/uploads\/2021\/03\/icom-705-02-1200x675.jpg 1200w, http:\/\/www.on4cn.be\/blog_radio\/wp-content\/uploads\/2021\/03\/icom-705-02.jpg 1280w\" sizes=\"auto, (max-width: 300px) 85vw, 300px\" \/><\/a><\/p>\n<p><center><strong>Cliquez sur la photo pour agrandir <\/strong><\/center><\/p>\n<p>Revenez au menu \u00abConnecteurs\u00bb et appuyez sur \u00abEntr\u00e9e MOD\u00bb.<\/p>\n<p style=\"text-align: center;\"><a href=\"http:\/\/www.on4cn.be\/blog_radio\/wp-content\/uploads\/2021\/03\/icom-705-03.jpg\" target=\"_blank\" rel=\"noopener\"><img loading=\"lazy\" decoding=\"async\" class=\"aligncenter size-medium wp-image-15234\" src=\"http:\/\/www.on4cn.be\/blog_radio\/wp-content\/uploads\/2021\/03\/icom-705-03-300x225.jpg\" alt=\"icom-705-03 -ON4CN\" width=\"300\" height=\"225\" srcset=\"http:\/\/www.on4cn.be\/blog_radio\/wp-content\/uploads\/2021\/03\/icom-705-03-300x225.jpg 300w, http:\/\/www.on4cn.be\/blog_radio\/wp-content\/uploads\/2021\/03\/icom-705-03-1024x768.jpg 1024w, http:\/\/www.on4cn.be\/blog_radio\/wp-content\/uploads\/2021\/03\/icom-705-03-768x576.jpg 768w, http:\/\/www.on4cn.be\/blog_radio\/wp-content\/uploads\/2021\/03\/icom-705-03-1200x900.jpg 1200w, http:\/\/www.on4cn.be\/blog_radio\/wp-content\/uploads\/2021\/03\/icom-705-03.jpg 1280w\" sizes=\"auto, (max-width: 300px) 85vw, 300px\" \/><\/a><\/p>\n<p><center><strong>Cliquez sur la photo pour agrandir <\/strong><\/center><\/p>\n<p>R\u00e9glez \u201cDATA OFF MOD\u201d avec MIC. <em> Attention: De cette fa\u00e7on, vous pourrez toujours utiliser le microphone comme source d&rsquo;entr\u00e9e audio lorsque vous utilisez la radio pour transmission vocale.<\/em><\/p>\n<p>R\u00e9glez DATA MOD sur USB. De cette fa\u00e7on, nous indiquerons \u00e0 la radio de d\u00e9placer l&rsquo;audio vers le port USB uniquement lorsque le mode DATA est s\u00e9lectionn\u00e9.<\/p>\n<p style=\"text-align: center;\"><a href=\"http:\/\/www.on4cn.be\/blog_radio\/wp-content\/uploads\/2021\/03\/icom-705-04.jpg\" target=\"_blank\" rel=\"noopener\"><img loading=\"lazy\" decoding=\"async\" class=\"aligncenter size-medium wp-image-15235\" src=\"http:\/\/www.on4cn.be\/blog_radio\/wp-content\/uploads\/2021\/03\/icom-705-04-300x225.jpg\" alt=\"icom-705-04 -ON4CN\" width=\"300\" height=\"225\" srcset=\"http:\/\/www.on4cn.be\/blog_radio\/wp-content\/uploads\/2021\/03\/icom-705-04-300x225.jpg 300w, http:\/\/www.on4cn.be\/blog_radio\/wp-content\/uploads\/2021\/03\/icom-705-04-1024x768.jpg 1024w, http:\/\/www.on4cn.be\/blog_radio\/wp-content\/uploads\/2021\/03\/icom-705-04-768x576.jpg 768w, http:\/\/www.on4cn.be\/blog_radio\/wp-content\/uploads\/2021\/03\/icom-705-04-1200x900.jpg 1200w, http:\/\/www.on4cn.be\/blog_radio\/wp-content\/uploads\/2021\/03\/icom-705-04.jpg 1280w\" sizes=\"auto, (max-width: 300px) 85vw, 300px\" \/><\/a><\/p>\n<p><center><strong>Cliquez sur la photo pour agrandir <\/strong><\/center><\/p>\n<p><strong>Configuration de WSJT-X:<\/strong><\/p>\n<p><strong>Port s\u00e9rie:<\/strong> Il s&rsquo;agit g\u00e9n\u00e9ralement du port COM avec le plus grand nombre parmi ceux d\u00e9tect\u00e9s par votre PC avec les pilotes Silicon Labs CP210x, mais ce n&rsquo;est pas toujours vrai, donc si cela ne fonctionne pas imm\u00e9diatement, essayez \u00e9galement les autres ports disponibles.<\/p>\n<p><strong>Baud rate:<\/strong> 115200<\/p>\n<p><strong>Data bits:<\/strong> 8 Eight<\/p>\n<p><strong>Stop bits:<\/strong> 1 One<\/p>\n<p><strong>Handhsake:<\/strong> Default<\/p>\n<p><strong>Force control lines:<\/strong> Leave blank \u2013 Laisser inchang\u00e9<\/p>\n<p><strong>PTT Method:<\/strong> CAT (Le m\u00eame port s\u00e9rie pour CAT sera automatiquement s\u00e9lectionn\u00e9 &#8211; Le m\u00eame port que le CAT sera automatiquement s\u00e9lectionn\u00e9)<\/p>\n<p><strong>Mode:<\/strong> DATA\/PKT (PAS d&rsquo;USB &#8211; ou le logiciel changera de MODE TX et ne transmettra aucun signal &#8211; Sinon, le logiciel changera le mode de transmission et ne transmettra aucun signal)<\/p>\n<p><strong>Split Operation:<\/strong> None<\/p>\n<p>Le fonctionnement fractionn\u00e9 peut \u00eatre laiss\u00e9 sur NONE pour un fonctionnement normal, mais si vous souhaitez utiliser le nouveau \u00abmode exp\u00e9dition DX\u00bb de la version 1.9, vous devez s\u00e9lectionner RIG.<br \/>\nEn s\u00e9lectionnant RIG, l&rsquo;Icom 705 utilisera le deuxi\u00e8me VFO pour passer en transmission pendant les op\u00e9rations de division.<\/p>\n<p style=\"text-align: center;\"><a href=\"http:\/\/www.on4cn.be\/blog_radio\/wp-content\/uploads\/2021\/03\/icom-705-05.jpg\" target=\"_blank\" rel=\"noopener\"><img loading=\"lazy\" decoding=\"async\" class=\"aligncenter size-medium wp-image-15236\" src=\"http:\/\/www.on4cn.be\/blog_radio\/wp-content\/uploads\/2021\/03\/icom-705-05-300x296.jpg\" alt=\"icom-705-05 -ON4CN\" width=\"300\" height=\"296\" srcset=\"http:\/\/www.on4cn.be\/blog_radio\/wp-content\/uploads\/2021\/03\/icom-705-05-300x296.jpg 300w, http:\/\/www.on4cn.be\/blog_radio\/wp-content\/uploads\/2021\/03\/icom-705-05.jpg 597w\" sizes=\"auto, (max-width: 300px) 85vw, 300px\" \/><\/a><\/p>\n<p><center><strong>Cliquez sur la photo pour agrandir <\/strong><\/center><\/p>\n<p>Bonne chance et bon DXing dans FT8. Bonne chance et bon Dx dans FT8.<\/p>\n<p>La source: <span style=\"color: #ff0000;\"><b><a href=\"http:\/\/www.iw2noy.it\/index.php?id=93\" target=\"_blank\" rel=\"noopener\"><span style=\"color: #ff0000;\">Article original sur le site IW2NOY<\/span><\/a><\/b><\/span><\/p>\n","protected":false},"excerpt":{"rendered":"<p>Configuration correcte Icom IC-705 avec WSJT-X Comment configurer Icom IC-705 avec WSJT-X pour le mode FT8 Cliquez sur la photo pour agrandir La source : Article original sur le site IW2NOY Plusieurs amis ont achet\u00e9 le nouveau et avanc\u00e9 Icom IC-705, parmi les nombreuses opportunit\u00e9s offertes par le nouveau appareil Icom-705, il y a la &hellip; <a href=\"http:\/\/www.on4cn.be\/blog_radio\/configuration-icom-705-et-wsjt-x\/\" class=\"more-link\">Continuer la lecture<span class=\"screen-reader-text\"> de &laquo;&nbsp;Configuration Icom-705 et WSJT-X&nbsp;&raquo;<\/span><\/a><\/p>\n","protected":false},"author":1,"featured_media":0,"parent":0,"menu_order":0,"comment_status":"closed","ping_status":"closed","template":"","meta":{"footnotes":""},"class_list":["post-15231","page","type-page","status-publish","hentry"],"_links":{"self":[{"href":"http:\/\/www.on4cn.be\/blog_radio\/wp-json\/wp\/v2\/pages\/15231","targetHints":{"allow":["GET"]}}],"collection":[{"href":"http:\/\/www.on4cn.be\/blog_radio\/wp-json\/wp\/v2\/pages"}],"about":[{"href":"http:\/\/www.on4cn.be\/blog_radio\/wp-json\/wp\/v2\/types\/page"}],"author":[{"embeddable":true,"href":"http:\/\/www.on4cn.be\/blog_radio\/wp-json\/wp\/v2\/users\/1"}],"replies":[{"embeddable":true,"href":"http:\/\/www.on4cn.be\/blog_radio\/wp-json\/wp\/v2\/comments?post=15231"}],"version-history":[{"count":0,"href":"http:\/\/www.on4cn.be\/blog_radio\/wp-json\/wp\/v2\/pages\/15231\/revisions"}],"wp:attachment":[{"href":"http:\/\/www.on4cn.be\/blog_radio\/wp-json\/wp\/v2\/media?parent=15231"}],"curies":[{"name":"wp","href":"https:\/\/api.w.org\/{rel}","templated":true}]}}