{"id":15079,"date":"2021-02-21T17:36:51","date_gmt":"2021-02-21T16:36:51","guid":{"rendered":"http:\/\/www.on4cn.be\/blog_radio\/?page_id=15079"},"modified":"2021-02-21T17:36:51","modified_gmt":"2021-02-21T16:36:51","slug":"configuration-ft991-le-digimode","status":"publish","type":"page","link":"http:\/\/www.on4cn.be\/blog_radio\/configuration-ft991-le-digimode\/","title":{"rendered":"Configuration FT991 le Digimode"},"content":{"rendered":"<p><center><strong><span style=\"color: #ff0000;\">Configuration FT991 pour les Digimodes<\/span><\/strong><\/center><\/p>\n<p style=\"text-align: justify;\">Comment configurer le Yaesu FT-991 pour les Digimodes<\/p>\n<p style=\"text-align: justify;\"><a href=\"http:\/\/www.on4cn.be\/blog_radio\/wp-content\/uploads\/2021\/02\/vignette_ft_991_digimodes_f4htz.png\"><img loading=\"lazy\" decoding=\"async\" class=\"alignleft size-full wp-image-15080\" src=\"http:\/\/www.on4cn.be\/blog_radio\/wp-content\/uploads\/2021\/02\/vignette_ft_991_digimodes_f4htz.png\" alt=\"\" width=\"400\" height=\"327\" srcset=\"http:\/\/www.on4cn.be\/blog_radio\/wp-content\/uploads\/2021\/02\/vignette_ft_991_digimodes_f4htz.png 400w, http:\/\/www.on4cn.be\/blog_radio\/wp-content\/uploads\/2021\/02\/vignette_ft_991_digimodes_f4htz-300x245.png 300w\" sizes=\"auto, (max-width: 400px) 85vw, 400px\" \/><\/a><\/p>\n<p style=\"text-align: justify;\"><b>Beaucoup de questions !<\/b><\/p>\n<p style=\"text-align: justify;\"><span style=\"font-size: 14pt; color: #333333;\">Je re\u00e7ois r\u00e9guli\u00e8rement dans ma bo\u00eete mail des <strong>questions concernant le param\u00e9trage du FT-991<\/strong> pour trafiquer en FT8, SSTV, JT65, PSK31, etc &#8230;<\/span><\/p>\n<p style=\"text-align: justify;\"><span style=\"font-size: 14pt; color: #333333;\">C&rsquo;est pour cette raison que j&rsquo;ai d\u00e9cid\u00e9 de r\u00e9diger cet article. La plupart du temps, la pratique des Digimodes n\u00e9cessite une interface (la plus connue \u00e9tant la \u00ab\u00a0SignaLynk\u00a0\u00bb). Cette interface permet \u00e0 l&rsquo;ordinateur de communiquer avec le transceiver. Elle met \u00e9galement en place une isolation galvanique entre ces deux mat\u00e9riels afin d&rsquo;\u00e9viter les retours HF.<\/span><\/p>\n<p>&nbsp;<\/p>\n<p style=\"text-align: justify;\"><span style=\"color: #333333; font-size: 18.6667px; text-align: justify;\">Les constructeurs nous proposent d\u00e9sormais <strong>des \u00e9metteur-r\u00e9cepteurs dans lesquels ils ont int\u00e9gr\u00e9 cette interface. Le Ft-991 en fait partie.<\/strong> Il est livr\u00e9 avec une interface int\u00e9gr\u00e9e qui, d&rsquo;apr\u00e8s ce que l&rsquo;on entend dire, serait la m\u00eame que l&rsquo;interface Yaesu SCU-17. On trouve sur sa face arri\u00e8re une connectique de type USB qui permet de le brancher directement sur l&rsquo;ordinateur via un simple c\u00e2ble USB. C&rsquo;est du \u00ab\u00a0Plug and Play\u00a0\u00bb ou presque. <strong>Il reste quand m\u00eame des r\u00e8gles et des param\u00e9trages \u00e0 respecter<\/strong> avant de passer \u00e0 l&rsquo;\u00e9mission. C&rsquo;est ce que je vais tent\u00e9 de vous expliquer.<\/span><\/p>\n<p>&nbsp;<\/p>\n<p style=\"text-align: center;\"><a href=\"http:\/\/www.on4cn.be\/blog_radio\/wp-content\/uploads\/2021\/02\/ft_991.png\"><img loading=\"lazy\" decoding=\"async\" class=\"aligncenter size-full wp-image-15081\" src=\"http:\/\/www.on4cn.be\/blog_radio\/wp-content\/uploads\/2021\/02\/ft_991.png\" alt=\"\" width=\"936\" height=\"339\" srcset=\"http:\/\/www.on4cn.be\/blog_radio\/wp-content\/uploads\/2021\/02\/ft_991.png 936w, http:\/\/www.on4cn.be\/blog_radio\/wp-content\/uploads\/2021\/02\/ft_991-300x109.png 300w, http:\/\/www.on4cn.be\/blog_radio\/wp-content\/uploads\/2021\/02\/ft_991-768x278.png 768w\" sizes=\"auto, (max-width: 709px) 85vw, (max-width: 909px) 67vw, (max-width: 1362px) 62vw, 840px\" \/><\/a><a href=\"http:\/\/www.on4cn.be\/blog_radio\/wp-content\/uploads\/2021\/02\/telecharger_pilotes_ft991_01.png\"><img loading=\"lazy\" decoding=\"async\" class=\"aligncenter size-full wp-image-15082\" src=\"http:\/\/www.on4cn.be\/blog_radio\/wp-content\/uploads\/2021\/02\/telecharger_pilotes_ft991_01.png\" alt=\"\" width=\"566\" height=\"239\" srcset=\"http:\/\/www.on4cn.be\/blog_radio\/wp-content\/uploads\/2021\/02\/telecharger_pilotes_ft991_01.png 566w, http:\/\/www.on4cn.be\/blog_radio\/wp-content\/uploads\/2021\/02\/telecharger_pilotes_ft991_01-300x127.png 300w\" sizes=\"auto, (max-width: 566px) 85vw, 566px\" \/><\/a><\/p>\n<p style=\"text-align: center;\"><span style=\"color: #cc0000;\"><span style=\"font-size: 18pt;\"><span style=\"color: #ffffff;\"><span style=\"color: #cc0000;\"><span style=\"color: #333333;\"><strong>YAESU FT-991 \u00a0<\/strong><\/span><\/span><\/span><\/span><\/span><span style=\"color: #cc0000;\"><span style=\"font-size: 18pt;\"><span style=\"color: #ffffff;\"><span style=\"color: #cc0000;\"><strong>l&rsquo;objet du d\u00e9lit<\/strong><\/span><\/span><\/span><\/span><\/p>\n<p>&nbsp;<\/p>\n<p><strong style=\"text-align: justify; color: #cc0000; font-family: 'Helvetica Neue', Helvetica, Arial, sans-serif; font-size: 14pt; line-height: 22.8571px;\">A l&rsquo;attaque !<\/strong><\/p>\n<p style=\"text-align: justify;\"><span style=\"color: #333333; font-size: 18.6667px; text-align: justify;\">Le pr\u00e9-requis \u00e0 respecter, est de ne pas connecter le FT-991 \u00e0 l&rsquo;ordinateur avant d&rsquo;avoir t\u00e9l\u00e9charg\u00e9 et install\u00e9 les pilotes.<\/span><\/p>\n<p style=\"text-align: justify;\"><strong><span style=\"color: #333333; font-size: 18.6667px; text-align: justify;\">Sur l&rsquo;ordinateur<\/span><\/strong><\/p>\n<p style=\"text-align: justify;\"><span style=\"color: #333333; font-size: 18.6667px; text-align: justify;\">Commencez par t\u00e9l\u00e9charger les drivers. Rendez-vous sur <strong><a href=\"https:\/\/www.yaesu.com\/indexVS.cfm?cmd=DisplayProducts&amp;ProdCatID=102&amp;encProdID=D24F60F33816ED8BE5568D7E2B5E2131\" target=\"_blank\" rel=\"noopener\">le site de Yaesu<\/a><\/strong>, s\u00e9lectionnez l&rsquo;onglet <strong>\u00ab\u00a0Files\u00a0\u00bb<\/strong> en haut de la page puis dans la partie <strong>\u00ab\u00a0Amateur Radio \\ Software\u00a0\u00bb<\/strong>, cliquez sur \u00ab\u00a0<strong>FT-991\/ SCU-17 USB Driver (Virtual COM Port Driver) \u00a0( 3.74 MB )<\/strong>\u00ab\u00a0.<\/span><\/p>\n<p>&nbsp;<\/p>\n<p style=\"text-align: center;\"><a href=\"http:\/\/www.on4cn.be\/blog_radio\/wp-content\/uploads\/2021\/02\/telecharger_pilotes_ft991_02.png\"><img loading=\"lazy\" decoding=\"async\" class=\"aligncenter size-full wp-image-15083\" src=\"http:\/\/www.on4cn.be\/blog_radio\/wp-content\/uploads\/2021\/02\/telecharger_pilotes_ft991_02.png\" alt=\"\" width=\"582\" height=\"148\" srcset=\"http:\/\/www.on4cn.be\/blog_radio\/wp-content\/uploads\/2021\/02\/telecharger_pilotes_ft991_02.png 582w, http:\/\/www.on4cn.be\/blog_radio\/wp-content\/uploads\/2021\/02\/telecharger_pilotes_ft991_02-300x76.png 300w\" sizes=\"auto, (max-width: 582px) 85vw, 582px\" \/><\/a><\/p>\n<p>&nbsp;<\/p>\n<p style=\"text-align: justify;\"><span style=\"color: #333333; font-size: 18.6667px; text-align: justify;\">Le t\u00e9l\u00e9chargement du fichier au format \u00ab\u00a0.ZIP\u00a0\u00bb se lance. Une fois le fichier t\u00e9l\u00e9charg\u00e9, cliquez dessus pour l&rsquo;ouvrir directement ou sur \u00e9xecuter en fonction de votre explorateur et de votre version de windows.<br \/>\nDans la fen\u00eatre qui s&rsquo;ouvre, cliquez sur le fichier ex\u00e9cutable (.exe) qui conviendra \u00e0 votre syst\u00e8me d&rsquo;exploitation.<\/span><\/p>\n<p>&nbsp;<\/p>\n<p style=\"text-align: center;\"><a href=\"http:\/\/www.on4cn.be\/blog_radio\/wp-content\/uploads\/2021\/02\/telecharger_pilotes_ft991_03.png\"><img loading=\"lazy\" decoding=\"async\" class=\"alignleft size-full wp-image-15084\" src=\"http:\/\/www.on4cn.be\/blog_radio\/wp-content\/uploads\/2021\/02\/telecharger_pilotes_ft991_03.png\" alt=\"\" width=\"542\" height=\"400\" srcset=\"http:\/\/www.on4cn.be\/blog_radio\/wp-content\/uploads\/2021\/02\/telecharger_pilotes_ft991_03.png 542w, http:\/\/www.on4cn.be\/blog_radio\/wp-content\/uploads\/2021\/02\/telecharger_pilotes_ft991_03-300x221.png 300w\" sizes=\"auto, (max-width: 542px) 85vw, 542px\" \/><\/a><\/p>\n<p>&nbsp;<\/p>\n<p>&nbsp;<\/p>\n<p style=\"text-align: justify;\"><strong><span style=\"color: #333333; font-size: 18.6667px; text-align: justify;\">&#8211; Pour un syst\u00e8me d&rsquo;exploitation 32 bits, lancez \u00ab\u00a0CP210xVCPInstaller_x86\u00a0\u00bb<br \/>\n&#8211; Pour un syst\u00e8me d&rsquo;exploitation 64 bits, lancez \u00ab\u00a0CP210xVCPInstaller_x64\u00a0\u00bb<\/span><\/strong><\/p>\n<p>&nbsp;<\/p>\n<p style=\"text-align: justify;\"><span style=\"color: #333333; font-size: 18.6667px; text-align: justify;\">Une fois l&rsquo;installation termin\u00e9e, vous pouvez <strong>connecter le FT-991<\/strong> \u00e0 l&rsquo;ordinateur et aller <strong>v\u00e9rifier dans le gestionnaire de p\u00e9riph\u00e9riques, dans \u00ab\u00a0Ports COM et LTP\u00a0\u00bb que vos 2 nouveaux ports COM ont bien \u00e9t\u00e9 install\u00e9s.<\/strong> Attention, pour visulaiser la ligne \u00ab\u00a0Ports COM et LPT\u00a0\u00bb dans le gestionnaire de p\u00e9riph\u00e9riques, il faut que votre FT-991 soit connect\u00e9 \u00e0 l&rsquo;ordinateur et sous tension, si non, vous ne la verrez pas. Veillez \u00e9galement \u00e0 ne pas installer 2 fois les pilotes, ce qui aurait pour effet de g\u00e9n\u00e9rer des conflits&#8230;<\/span><\/p>\n<p>&nbsp;<\/p>\n<p style=\"text-align: center;\">\n<p>&nbsp;<\/p>\n<p>&nbsp;<\/p>\n<p style=\"text-align: justify;\"><span style=\"color: #333333; font-size: 18.6667px; text-align: justify;\"><strong>Vous devez trouvez 2 ports COM<\/strong> install\u00e9s ; un port COM avanc\u00e9 et un port COM standard. Ici, ce sont les ports 12 et 13 qui ont \u00e9t\u00e9 affect\u00e9s. Pour vous, cela sera certainement d&rsquo;autre ports (4 et 5, 5 et 6, etc &#8230;), cela d\u00e9pendra du nombre de ports COM d\u00e9j\u00e0 install\u00e9s sur l&rsquo;ordinateur. Pour le choix du c\u00e2ble USB, je recommande ce type de c\u00e2ble \u00ab\u00a0<strong><a href=\"https:\/\/www.fnac.com\/mp28655567\/Tripp-Lite-6ft-USB-2-0-Hi-Speed-A-B-Device-Cable-Ferrite-Chokes-M-M-3-cable-USB-1-8-m\/w-4\" target=\"_blank\" rel=\"noopener\">tripp Lite 6ft USB 2.0 Hi-Speed A\/B Device Cable Ferrite Chokes M\/M3&prime;- c\u00e2ble USB<\/a><\/strong>\u00ab\u00a0.<\/span><\/p>\n<p>&nbsp;<\/p>\n<p style=\"text-align: justify;\"><strong style=\"color: #cc0000; font-family: 'Helvetica Neue', Helvetica, Arial, sans-serif; font-size: 14pt; line-height: 22.8571px;\">Passons \u00e0 la configuration du FT-991<\/strong><\/p>\n<p style=\"text-align: justify;\"><span style=\"font-size: 14pt; color: #333333;\">Maintenant que les pilotes sont install\u00e9s et que le FT-991 est connect\u00e9 \u00e0 l&rsquo;ordinateur et correctement d\u00e9tect\u00e9 (l&rsquo;ordinateur \u00e9met quelques \u00ab\u00a0bip\u00a0\u00bb de contentement quand il d\u00e9tecte le p\u00e9riph\u00e9rique), <strong>nous pouvons passer au param\u00e9trage de la \u00ab\u00a0bestiole\u00a0\u00bb.<\/strong><\/span><\/p>\n<p style=\"text-align: justify;\"><span style=\"font-size: 14pt; color: #333333;\">Sut votre FT-991, <strong>appuyer sur la touche \u00ab\u00a0MENU \/ SETUP\u00a0\u00bb<\/strong> pour acc\u00e9der aux diff\u00e9rents menus. Voici les valeurs et les menus \u00e0 modifier :<\/span><\/p>\n<p style=\"text-align: justify;\"><span style=\"font-size: 14pt; color: #333333;\"><strong>&#8211; Menu 031<\/strong> \/ CAT RATE = 4800 ou 9600bps (en fonction de vos besoins)<br \/>\n<strong>&#8211; Menu 032<\/strong> \/ CAT TOT = 100msec<br \/>\n<strong>&#8211; Menu 033<\/strong> \/ CAT RTS = ENABLE<br \/>\n<strong>&#8211; Menu 059<\/strong> \/ CW FREQ DISPLAY = DIRECT FREQ (cela permet de faire correspondre les fr\u00e9quences CW, AM, FM, USB, DATA USB, &#8230; &#8211; pas de d\u00e9callage)<br \/>\n<strong>&#8211; Menu 062<\/strong> \/ DATA MODE = OTHERS<br \/>\n<strong>&#8211; Menu 064<\/strong> \/ OTHER DISP (SSB) = 1500Hz<br \/>\n<strong>&#8211; Menu 065<\/strong> \/ OTHER SHIFT (SSB) = 1500Hz<br \/>\n<strong>&#8211; Menu 066<\/strong> \/ DATA LCUT FREQ = OFF<br \/>\n<strong>&#8211; Menu 068<\/strong> \/ DATA HCUT = OFF<br \/>\n<strong>&#8211; Menu 070<\/strong> \/ DATA IN SELECT = REAR (face arri\u00e8re)<br \/>\n<strong>&#8211; Menu 071<\/strong> \/ DATA PTT SELECT = RTS<br \/>\n<strong>&#8211; Menu 072<\/strong> \/ DATA PORT SELECT = USB<\/span><\/p>\n<p>&nbsp;<\/p>\n<p style=\"text-align: justify;\"><span style=\"font-size: 14pt; color: #333333;\"><strong style=\"text-align: justify; color: #cc0000; font-family: 'Helvetica Neue', Helvetica, Arial, sans-serif; font-size: 14pt; line-height: 22.8571px;\">Les r\u00e9glages de base avant de passer \u00e0 l&rsquo;\u00e9mission<\/strong><\/span><\/p>\n<p style=\"text-align: justify;\"><span style=\"font-size: 14pt; color: #333333;\">&#8211; Via la touche \u00ab\u00a0<strong>MODE<\/strong>\u00ab\u00a0, s\u00e9lectionnez \u00ab\u00a0<strong>DATA-USB<\/strong>\u00a0\u00bb et surtout pas \u00ab\u00a0USB\u00a0\u00bb. Le mode \u00ab\u00a0USB\u00a0\u00bb sera r\u00e9serv\u00e9 \u00e0 la phonie.<\/span><\/p>\n<p style=\"text-align: justify;\"><span style=\"font-size: 14pt; color: #333333;\">&#8211; Avec la touche \u00ab\u00a0<strong>F \/ M-LIST<\/strong>\u00ab\u00a0, affichez les param\u00e8tres puis avec le doigt, sur l&rsquo;\u00e9cran tactile, r\u00e9glez le param\u00e8tre \u00ab\u00a0<strong>METER<\/strong>\u00a0\u00bb sur \u00ab\u00a0<strong>ALC<\/strong>\u00a0\u00bb puis r\u00e9glez de la m\u00eame mani\u00e8re, le niveau du \u00ab\u00a0<strong>DT GAIN<\/strong>\u00ab\u00a0<strong> entre 4 et 7<\/strong> \u00a0en fonction du digimode que vous allez utiliser. Le <strong>niveau d&rsquo;ALC<\/strong> affich\u00e9 sur le vu-m\u00e8tre quand vous passez en \u00e9mission doit rester <strong>proche de \u00ab\u00a00\u00a0\u00bb.<\/strong><br \/>\nJouez avec le \u00ab\u00a0DT GAIN\u00a0\u00bb pour rester autour de \u00ab\u00a00\u00a0\u00bb. <strong>Cela rendra le signal clair et intelligible<\/strong> et cela \u00e9vitera d&rsquo;\u00e9clabousser de partout. N&rsquo;oubliez pas que les portions de bandes r\u00e9serv\u00e9es aux digimodes sont relativement restreintes et que vous n&rsquo;\u00eates pas tout seul \u00e0 trafiquer. Pour plus d&rsquo;informations, je vous invite \u00e0 vous reporter au tuto que j&rsquo;ai r\u00e9alis\u00e9 sur les bases de la pratique du FT8, <strong><a href=\"\/trafic\/2016-03-30-14-42-59\/ft8\" target=\"_blank\" rel=\"noopener\">ici.<\/a><\/strong><\/span><\/p>\n<p style=\"text-align: justify;\"><span style=\"font-size: 14pt; color: #333333;\">Concernant le <strong>param\u00e9trage de WSJT-X,<\/strong> je fais simple, je ne s\u00e9lectionne pas le RIG du FT-991 (je reste sur \u00ab\u00a0None\u00a0\u00bb), je me contente de <strong>choisir le port COM (ici le 13), de cocher \u00ab\u00a0RTS\u00a0\u00bb et c&rsquo;est tout.<\/strong> Cela fonctionne tr\u00e8s bien ainsi. Ne pas oublier bien s\u00fbr, de <strong>s\u00e9lectionner les drivers \u00ab\u00a0USB Audio CODEC\u00a0\u00bb<\/strong> pour Input et Output sur l&rsquo;onglet Audio et c&rsquo;est parti.<\/span><\/p>\n<p>&nbsp;<\/p>\n<p style=\"text-align: center;\"><a href=\"http:\/\/www.on4cn.be\/blog_radio\/wp-content\/uploads\/2021\/02\/reglage_wsjtx-1.png\"><img loading=\"lazy\" decoding=\"async\" class=\"alignleft size-full wp-image-15087\" src=\"http:\/\/www.on4cn.be\/blog_radio\/wp-content\/uploads\/2021\/02\/reglage_wsjtx-1.png\" alt=\"\" width=\"605\" height=\"534\" srcset=\"http:\/\/www.on4cn.be\/blog_radio\/wp-content\/uploads\/2021\/02\/reglage_wsjtx-1.png 605w, http:\/\/www.on4cn.be\/blog_radio\/wp-content\/uploads\/2021\/02\/reglage_wsjtx-1-300x265.png 300w\" sizes=\"auto, (max-width: 605px) 85vw, 605px\" \/><\/a><\/p>\n<p>&nbsp;<\/p>\n<p>&nbsp;<\/p>\n<p style=\"text-align: justify;\"><span style=\"color: #333333; font-size: 18.6667px; text-align: justify;\"><strong>Pour MMSSTV ou YONIQ<\/strong> maintenant, <strong>c&rsquo;est pareil,<\/strong> s\u00e9lectionnez le port COM qui convient et les drivers \u00ab\u00a0USB Audio CODEC\u00a0\u00bb, et c&rsquo;est parti.<\/span><\/p>\n<p style=\"text-align: justify;\"><span style=\"color: #333333; font-size: 18.6667px; text-align: justify;\">Il en ira de m\u00eame, en r\u00e8gle g\u00e9n\u00e9rale, sur les diff\u00e9rents logiciels que vous utiliserez.<\/span><\/p>\n<p style=\"text-align: justify;\"><strong><span style=\"color: #333333; font-size: 18.6667px; text-align: justify;\">Maintenant, partez \u00e0 la d\u00e9couverte des digimodes, \u00e0 vous de vous amusez avec votre FT-991&#8230;<\/span><\/strong><\/p>\n<p>Info de la Source Publi\u00e9 <a href=\"https:\/\/www.leradioscope.fr\/blog\/552-comment-configurer-votre-yaesu-ft-991-pour-les-digimodes\" target=\"_blank\" rel=\"noopener\"><b><span style=\"color: #ff0000;\"> * ICI<\/span><\/b><\/a><\/p>\n","protected":false},"excerpt":{"rendered":"<p>Configuration FT991 pour les Digimodes Comment configurer le Yaesu FT-991 pour les Digimodes Beaucoup de questions ! Je re\u00e7ois r\u00e9guli\u00e8rement dans ma bo\u00eete mail des questions concernant le param\u00e9trage du FT-991 pour trafiquer en FT8, SSTV, JT65, PSK31, etc &#8230; C&rsquo;est pour cette raison que j&rsquo;ai d\u00e9cid\u00e9 de r\u00e9diger cet article. La plupart du temps, &hellip; <a href=\"http:\/\/www.on4cn.be\/blog_radio\/configuration-ft991-le-digimode\/\" class=\"more-link\">Continuer la lecture<span class=\"screen-reader-text\"> de &laquo;&nbsp;Configuration FT991 le Digimode&nbsp;&raquo;<\/span><\/a><\/p>\n","protected":false},"author":1,"featured_media":0,"parent":0,"menu_order":0,"comment_status":"closed","ping_status":"closed","template":"","meta":{"footnotes":""},"class_list":["post-15079","page","type-page","status-publish","hentry"],"_links":{"self":[{"href":"http:\/\/www.on4cn.be\/blog_radio\/wp-json\/wp\/v2\/pages\/15079","targetHints":{"allow":["GET"]}}],"collection":[{"href":"http:\/\/www.on4cn.be\/blog_radio\/wp-json\/wp\/v2\/pages"}],"about":[{"href":"http:\/\/www.on4cn.be\/blog_radio\/wp-json\/wp\/v2\/types\/page"}],"author":[{"embeddable":true,"href":"http:\/\/www.on4cn.be\/blog_radio\/wp-json\/wp\/v2\/users\/1"}],"replies":[{"embeddable":true,"href":"http:\/\/www.on4cn.be\/blog_radio\/wp-json\/wp\/v2\/comments?post=15079"}],"version-history":[{"count":0,"href":"http:\/\/www.on4cn.be\/blog_radio\/wp-json\/wp\/v2\/pages\/15079\/revisions"}],"wp:attachment":[{"href":"http:\/\/www.on4cn.be\/blog_radio\/wp-json\/wp\/v2\/media?parent=15079"}],"curies":[{"name":"wp","href":"https:\/\/api.w.org\/{rel}","templated":true}]}}