{"id":15008,"date":"2021-02-12T16:14:14","date_gmt":"2021-02-12T15:14:14","guid":{"rendered":"http:\/\/www.on4cn.be\/blog_radio\/?page_id=15008"},"modified":"2021-02-12T16:20:33","modified_gmt":"2021-02-12T15:20:33","slug":"configuration-ft991-et-wsjt-x","status":"publish","type":"page","link":"http:\/\/www.on4cn.be\/blog_radio\/configuration-ft991-et-wsjt-x\/","title":{"rendered":"Yeasu FT991 et WSJT-X"},"content":{"rendered":"<p><center><strong><span style=\"color: #ff0000;\">Yeasu FT991 et WSJT-X<\/span><\/strong><\/center><\/p>\n<p style=\"text-align: justify;\">\u2022 Commen\u00e7ons par configurer le FT991<br \/>\n1. Cliquez sur le bouton Menu \/ Configuration et r\u00e9glez les \u00e9l\u00e9ments de menu suivants sur ces valeurs (avec la permission de G4WJS):<\/p>\n<ul>\n<li>je. 029 = 38400 bps<\/li>\n<li>ii. 030 = 10 ms<\/li>\n<li>iii. 031 = 38400<\/li>\n<li>iv. 062 = AUTRES<\/li>\n<li>v. 064 = 1 500 Hz<\/li>\n<li>vi. 065 = 1 500 Hz<\/li>\n<li>vii. 066 = OFF<\/li>\n<li>viii. 068 = OFF<\/li>\n<li>ix. 070 = ARRI\u00c8RE<\/li>\n<li>X. 071 = DAKY<\/li>\n<li>xi. 072 = USB<\/li>\n<\/ul>\n<p>2. Quittez le Menu \/ Configuration et appuyez sur la touche F (Liste M), puis configurez les boutons suivants:<\/p>\n<ul>\n<li>je. NAR \/ WIDE \u00e0 WIDE<\/li>\n<li>ii. NB n&rsquo;a pas d&rsquo;importance<\/li>\n<li>iii. AGC = AUTO<\/li>\n<li>iv. PUISSANCE RF = r\u00e9gl\u00e9 sur la puissance d&rsquo;entra\u00eenement maximale de votre amplificateur (si vous en utilisez un). Le mien arrive \u00e0 sortie compl\u00e8te \u00e0 25w<\/li>\n<\/ul>\n<p>3. DT GAIN = vous devrez vous en occuper, car cela affecte l&rsquo;ALC. Je l&rsquo;ai r\u00e9gl\u00e9 pour que je puisse conduire au maximum avec le curseur de puissance WSJT-X tout en haut<\/p>\n<p style=\"text-align: center;\"><img loading=\"lazy\" decoding=\"async\" width=\"1799\" height=\"451\" src=\"http:\/\/www.on4cn.be\/blog_radio\/wp-content\/uploads\/2021\/02\/991-1.jpg\" class=\"aligncenter featured_image wp-post-image\" alt=\"\" \/><\/p>\n<p><center><strong><span style=\"color: #ff0000;\">Configuration FT991 et WSJT-X<\/span><\/strong><\/center><\/p>\n<p style=\"text-align: center;\"><img loading=\"lazy\" decoding=\"async\" width=\"576\" height=\"280\" src=\"http:\/\/www.on4cn.be\/blog_radio\/wp-content\/uploads\/2021\/02\/991-2.jpg\" class=\"aligncenter featured_image wp-post-image\" alt=\"\" \/><\/p>\n<p>4. NOTCH, CONT, DNR et DNF = off<\/p>\n<ul>\n<li>je. SHIFT = 0Hz<\/li>\n<li>ii. LARGEUR = 3000<\/li>\n<\/ul>\n<p>Vous allez devoir d\u00e9finir le d\u00e9calage et la largeur avec chaque bande que vous allez avec wsjt-x, mais seulement le premier le temps. Le ft991 a 3 registres de pile de bandes sur chaque bande, et j&rsquo;en r\u00e9serve un sur chaque bande<br \/>\npour les modes num\u00e9riques. Par exemple, pour changer le registre actuel de la pile de bandes pour 144, il vous suffit d&rsquo;appuyer sur bande,<br \/>\npuis 144. Appuyez \u00e0 nouveau sur 144 pour passer au registre suivant, et peut-\u00eatre que sur celui-ci vous avez \u00e9t\u00e9<br \/>\nfonctionnement SSB avec diff\u00e9rents r\u00e9glages de d\u00e9calage et de largeur, sur une fr\u00e9quence diff\u00e9rente, etc.<br \/>\nMa raison de mentionner cela est que vous voudrez \u00e9ventuellement revenir \u00e0 SSB ou \u00e0 un autre non-<br \/>\nmode num\u00e9rique, et vous pouvez avoir des param\u00e8tres diff\u00e9rents dans ces modes pour le d\u00e9calage et la largeur et d&rsquo;autres choses<br \/>\nrappel\u00e9 par le registre. Pour vous \u00e9viter d&rsquo;avoir \u00e0 r\u00e9initialiser tout cela pour ces modes non num\u00e9riques,<br \/>\npuis de nouveau pour le num\u00e9rique, lorsque vous avez l&rsquo;intention d&rsquo;utiliser les modes num\u00e9riques, proc\u00e9dez comme suit:<:p><\/p>\n<ul>\n<li>\u2022 Acc\u00e9dez au registre de pile de bandes que vous avez configur\u00e9 pour les modes num\u00e9riques sur chaque bande que vous avez l&rsquo;intention d&rsquo;utiliser<\/li>\n<li>\u2022 R\u00e9glez l&rsquo;option de menu 070 sur REAR<\/li>\n<li>\u2022 D\u00e9marrez wsjt-x et utilisez<\/li>\n<\/ul>\n<p>Inversement, lorsque vous souhaitez quitter les modes num\u00e9riques et utiliser la radio sur d&rsquo;autres modes normalement:<\/p>\n<ul>\n<li>\u2022 Fermez wsjt-x<\/li>\n<li>\u2022 R\u00e9glez l&rsquo;option de menu 070 sur MIC<\/li>\n<li>\u2022 Acc\u00e9dez au registre de pile de bandes pour chaque bande sur laquelle vous allez travailler et s\u00e9lectionnez le registre avec<\/li>\n<\/ul>\n<p>vos r\u00e9glages pour le mode que vous allez utiliser (BAND puis 144 pour 2m SSB ou autre, par exemple).<\/p>\n<p>je. MOX, VOX et MONI = off<\/p>\n<ul>\n<li>\u2022 \u00c9teignez le FT991 et assurez-vous que le c\u00e2ble USB n&rsquo;est pas encore connect\u00e9 \u00e0 votre ordinateur<\/li>\n<li>\u2022 Installez les pilotes USB du site Web Yaesu sur votre ordinateur qui ex\u00e9cutera wsjt-x.<\/li>\n<\/ul>\n<p>1. Une fois les pilotes install\u00e9s conform\u00e9ment aux instructions, allumez le FT991 et<br \/>\nbranchez le c\u00e2ble USB sur votre ordinateur. Vous entendrez quelques sons lors de la configuration des pilotes et<br \/>\nreconnu le FT991.<br \/>\n2. Une fois que l&rsquo;ordinateur a fini de configurer les ports com ft991 (tous les sons que vous avez entendus),<br \/>\nouvrez le gestionnaire de p\u00e9riph\u00e9riques sur votre ordinateur et recherchez les deux nouveaux ports COM de Silicon Labs<br \/>\nqui ont \u00e9t\u00e9 mis en place. Rappelez-vous ces deux num\u00e9ros de port com\u2026 dans mon cas, ils ont \u00e9t\u00e9 nomm\u00e9s<br \/>\ncom111 et com112 sur mon ordinateur de bureau. Lorsque j&rsquo;ai install\u00e9 ces pilotes sur mon ordinateur portable, ils<br \/>\nont \u00e9t\u00e9 nomm\u00e9s com4 et com5. Vous devrez \u00e9galement vous rappeler lequel est le port am\u00e9lior\u00e9.<br \/>\n3. Fermez le gestionnaire de p\u00e9riph\u00e9riques<\/p>\n<p style=\"text-align: center;\"><img loading=\"lazy\" decoding=\"async\" width=\"795\" height=\"579\" src=\"http:\/\/www.on4cn.be\/blog_radio\/wp-content\/uploads\/2021\/02\/991-3.jpg\" class=\"aligncenter featured_image wp-post-image\" alt=\"\" \/><\/p>\n<ul>\n<li>\u2022 Ensuite, d\u00e9marrez wsjt-x et acc\u00e9dez au fichier \/ param\u00e8tres.<\/li>\n<\/ul>\n<p>1. Activez les fonctions VHF \/ UHF \/ Micro-ondes pour un fonctionnement au-dessus de 30 MHz, sinon d\u00e9cochez<br \/>\nil; activez l&rsquo;une des autres fonctionnalit\u00e9s que vous souhaitez utiliser. Ma propre configuration pour VHF est affich\u00e9e<br \/>\nau dessous de.<\/p>\n<p style=\"text-align: center;\"><img loading=\"lazy\" decoding=\"async\" width=\"568\" height=\"630\" src=\"http:\/\/www.on4cn.be\/blog_radio\/wp-content\/uploads\/2021\/02\/991-4.jpg\" class=\"aligncenter featured_image wp-post-image\" alt=\"\" \/><\/p>\n<p>2. Acc\u00e9dez maintenant \u00e0 l&rsquo;onglet radio et d\u00e9finissez le port com de contr\u00f4le CAT sur le num\u00e9ro de port am\u00e9lior\u00e9 que vous<br \/>\nrappel\u00e9 du gestionnaire de p\u00e9riph\u00e9riques informatiques (le mien \u00e9tait com4 pour cet ordinateur portable). Mettre tous<br \/>\nles autres param\u00e8tres comme indiqu\u00e9 ci-dessous.<br \/>\n3. Avec votre FT991 connect\u00e9 \u00e0 une charge factice, cliquez sur le bouton radio Test CAT; si tout est mis en place<br \/>\ncorrectement, il devrait devenir vert dans une seconde ou deux. Lorsqu&rsquo;il devient vert, testez le PTT en<br \/>\nen cliquant sur le bouton radio Test PTT. Le FT991 doit passer en mode \u00e9mission. Clique le<br \/>\nTestez \u00e0 nouveau PTT pour revenir \u00e0 la r\u00e9ception.<\/p>\n<p style=\"text-align: center;\"><img loading=\"lazy\" decoding=\"async\" width=\"651\" height=\"617\" src=\"http:\/\/www.on4cn.be\/blog_radio\/wp-content\/uploads\/2021\/02\/991-5.jpg\" class=\"aligncenter featured_image wp-post-image\" alt=\"\" \/><\/p>\n<p>4. Allez maintenant dans l&rsquo;onglet Audio. R\u00e9glez l&rsquo;entr\u00e9e sur le microphone (USB Audio CODEC) et le<br \/>\nSortie vers les haut-parleurs (USB Audio CODEC). Cliquez sur OK<\/p>\n<p style=\"text-align: center;\"><img loading=\"lazy\" decoding=\"async\" width=\"651\" height=\"617\" src=\"http:\/\/www.on4cn.be\/blog_radio\/wp-content\/uploads\/2021\/02\/991-5.jpg\" class=\"aligncenter featured_image wp-post-image\" alt=\"\" \/><\/p>\n","protected":false},"excerpt":{"rendered":"<p>Yeasu FT991 et WSJT-X \u2022 Commen\u00e7ons par configurer le FT991 1. Cliquez sur le bouton Menu \/ Configuration et r\u00e9glez les \u00e9l\u00e9ments de menu suivants sur ces valeurs (avec la permission de G4WJS): je. 029 = 38400 bps ii. 030 = 10 ms iii. 031 = 38400 iv. 062 = AUTRES v. 064 = 1 &hellip; <a href=\"http:\/\/www.on4cn.be\/blog_radio\/configuration-ft991-et-wsjt-x\/\" class=\"more-link\">Continuer la lecture<span class=\"screen-reader-text\"> de &laquo;&nbsp;Yeasu FT991 et WSJT-X&nbsp;&raquo;<\/span><\/a><\/p>\n","protected":false},"author":1,"featured_media":0,"parent":0,"menu_order":0,"comment_status":"closed","ping_status":"closed","template":"","meta":{"footnotes":""},"class_list":["post-15008","page","type-page","status-publish","hentry"],"_links":{"self":[{"href":"http:\/\/www.on4cn.be\/blog_radio\/wp-json\/wp\/v2\/pages\/15008","targetHints":{"allow":["GET"]}}],"collection":[{"href":"http:\/\/www.on4cn.be\/blog_radio\/wp-json\/wp\/v2\/pages"}],"about":[{"href":"http:\/\/www.on4cn.be\/blog_radio\/wp-json\/wp\/v2\/types\/page"}],"author":[{"embeddable":true,"href":"http:\/\/www.on4cn.be\/blog_radio\/wp-json\/wp\/v2\/users\/1"}],"replies":[{"embeddable":true,"href":"http:\/\/www.on4cn.be\/blog_radio\/wp-json\/wp\/v2\/comments?post=15008"}],"version-history":[{"count":0,"href":"http:\/\/www.on4cn.be\/blog_radio\/wp-json\/wp\/v2\/pages\/15008\/revisions"}],"wp:attachment":[{"href":"http:\/\/www.on4cn.be\/blog_radio\/wp-json\/wp\/v2\/media?parent=15008"}],"curies":[{"name":"wp","href":"https:\/\/api.w.org\/{rel}","templated":true}]}}