{"id":14186,"date":"2020-11-04T11:53:53","date_gmt":"2020-11-04T10:53:53","guid":{"rendered":"http:\/\/www.on4cn.be\/blog_radio\/?page_id=14186"},"modified":"2021-01-31T18:55:54","modified_gmt":"2021-01-31T17:55:54","slug":"gridtracker-software-per-ft8-ft4","status":"publish","type":"page","link":"http:\/\/www.on4cn.be\/blog_radio\/wsjt-x-2-0-mode-demploi\/pour-faire-du-ft8-ou-du-ft4\/gridtracker-software-per-ft8-ft4\/","title":{"rendered":"GridTracker, software per FT8\/FT4"},"content":{"rendered":"<p><center><strong><span style=\"color: #ff0000;\"><\/p>\n<h3>Informations GridTracker, software pour FT8\/FT4<\/h3>\n<p><\/span><\/strong><\/center><\/p>\n<p style=\"text-align: center;\"><img loading=\"lazy\" decoding=\"async\" width=\"600\" height=\"300\" src=\"https:\/\/www.ft8.it\/wp-content\/uploads\/2020\/04\/gridtrack.jpg\" class=\"aligncenter featured_image wp-post-image\" alt=\"\" \/><\/p>\n<p>Un autre logiciel tr\u00e8s utile pour FT8 et FT4 est <a href=\"https:\/\/tagloomis.com\/grid-tracker\/\" target=\"_blank\" rel=\"noopener noreferrer\"><strong>GridTracker<\/strong><\/a>, d\u00e9velopp\u00e9 par N0TTL. Il s&rsquo;interface avec <strong>WSJT-X<\/strong> et <strong>JTDX<\/strong> et nous montre instantan\u00e9ment sur une carte toutes les stations d\u00e9cod\u00e9es par la n\u00f4tre syst\u00e8me. Le logiciel est disponible pour Windows, Linux et Mac.<\/p>\n<p><b>Caract\u00e9ristiques :<\/b><\/p>\n<ul>\n<li> D\u00e9codage en temps r\u00e9el <\/li>\n<li> Notifications audio \/ visuelles \/ text-to-speech sur l&rsquo;indicatif, DXCC, CQ Designator, Grid et plus <\/li>\n<li> Analyse des journaux ADIF <\/li>\n<li> T\u00e9l\u00e9chargement du journal QSO (QRZ.com, ClubLog, HRDLOG.net, LotW, Cloudlog) <\/li>\n<li> Prend en charge les principaux logiciels de journalisation HRD. Log4OM, N1MM +, N3FJP AClog <\/li>\n<li> Recherches par nom sur QRZ.com, HamQTH, CALLOOK et QRZCQ.com <\/li>\n<li> Filtrer par bande et mode <\/li>\n<li> Reconnaissance compl\u00e8te de DXCC, pays, pr\u00e9fixe de nom <\/li>\n<li> Envoi de donn\u00e9es sur PSK-Reporter <\/li>\n<li> 22 styles de carte <\/li>\n<li> Prise en charge des messages multicast UDP <\/li>\n<li> Transfert de message UDP <\/li>\n<li> Informations sur l&rsquo;\u00e9tat \/ la province \/ la localit\u00e9 <\/li>\n<li> D\u00e9codage de graphiques historiques pour la propagation et l&rsquo;analyse des performances de votre radio <\/li>\n<li> Syst\u00e8me de chat en ligne <\/li>\n<\/ul>\n<p>Voir la page d\u00e9di\u00e9e \u00e0 <strong><a href=\"https:\/\/tagloomis.com\/downloads\/\" target=\"_blank\" rel=\"noopener noreferrer\">t\u00e9l\u00e9charger sur GridTracker<\/a><\/strong><br \/> Voir la <a href=\"https:\/\/www.ft8.it\/images\/GTQS_0406.pdf\" target=\"_blank\" rel=\"noopener noreferrer\"><strong>guide pour GridTracker<\/strong><\/a><\/p>\n<p><HR width=\"50%\"><br \/>\n<center><strong><span style=\"color: #ff0000;\"><\/p>\n<h3>Informations Configurer GridTracker UDP avec WSJT-X<\/h3>\n<p><\/span><\/strong><\/center><\/p>\n<p style=\"text-align: center;\"><img loading=\"lazy\" decoding=\"async\" width=\"600\" height=\"400\" src=\"https:\/\/www.ft8.it\/wp-content\/uploads\/2020\/04\/gridtrack.jpg\" class=\"aligncenter featured_image wp-post-image\" alt=\"\" \/><\/p>\n<p>Dans <a href=\"https:\/\/www.ft8.it\/news\/gridtracker-software-per-ft8-ft4\/826\/\" target=\"_blank\" rel=\"noopener noreferrer\"><strong>cet article nous vous avons parl\u00e9 de GridTracker<\/strong><\/a>, un logiciel tr\u00e8s simple qui nous montre sur une carte toutes les stations d\u00e9cod\u00e9es par notre syst\u00e8me. Aujourd&rsquo;hui, voyons comment configurer GridTracker UDP avec WSJT-X et JTDX.<\/p>\n<p>Lan\u00e7ons le logiciel <strong> WSJT-X <\/strong> et cliquez sur <em> Fichier> Param\u00e8tre <\/em>.<br \/> S\u00e9lectionnez ensuite &lsquo;<strong> Rapports <\/strong>&lsquo; et remplissez les champs comme indiqu\u00e9 dans l&rsquo;image:<\/p>\n<p style=\"text-align: center;\"><img loading=\"lazy\" decoding=\"async\" class=\"aligncenter size-full wp-image-862\" src=\"https:\/\/www.ft8.it\/wp-content\/uploads\/2020\/04\/GridTrackerWsjt.jpg\" alt=\"\" width=\"594\" height=\"606\" srcset=\"https:\/\/www.ft8.it\/wp-content\/uploads\/2020\/04\/GridTrackerWsjt.jpg 594w, https:\/\/www.ft8.it\/wp-content\/uploads\/2020\/04\/GridTrackerWsjt-294x300.jpg 294w\" sizes=\"auto, (max-width: 594px) 100vw, 594px\" \/><\/p>\n<p>Ouvrez ensuite le logiciel <strong> Grid Tracker <\/strong> et cliquez sur l&rsquo;ic\u00f4ne Param\u00e8tres. <br \/>\nDans l&rsquo;\u00e9cran &lsquo;<strong> G\u00e9n\u00e9ral <\/strong>&lsquo;, nous remplissons les champs comme indiqu\u00e9 dans l&rsquo;image:<\/p>\n<p style=\"text-align: center;\"><img loading=\"lazy\" decoding=\"async\" class=\"aligncenter size-full wp-image-863\" src=\"https:\/\/www.ft8.it\/wp-content\/uploads\/2020\/04\/Grid_Tracker.jpg\" alt=\"\" width=\"770\" height=\"429\" srcset=\"https:\/\/www.ft8.it\/wp-content\/uploads\/2020\/04\/Grid_Tracker.jpg 770w, https:\/\/www.ft8.it\/wp-content\/uploads\/2020\/04\/Grid_Tracker-300x167.jpg 300w, https:\/\/www.ft8.it\/wp-content\/uploads\/2020\/04\/Grid_Tracker-768x428.jpg 768w\" sizes=\"auto, (max-width: 770px) 100vw, 770px\" \/><\/p>\n<p style=\"text-align: justify;\">Info de la Source <a href=\"https:\/\/www.ft8.it\/news\/gridtracker-software-per-ft8-ft4\/826\/\" target=\"_blank\" rel=\"noopener noreferrer\"><b><span style=\"color: #0000ff;\"> ICI<\/span><\/b><\/a><\/p>\n","protected":false},"excerpt":{"rendered":"<p>Informations GridTracker, software pour FT8\/FT4 Un autre logiciel tr\u00e8s utile pour FT8 et FT4 est GridTracker, d\u00e9velopp\u00e9 par N0TTL. Il s&rsquo;interface avec WSJT-X et JTDX et nous montre instantan\u00e9ment sur une carte toutes les stations d\u00e9cod\u00e9es par la n\u00f4tre syst\u00e8me. Le logiciel est disponible pour Windows, Linux et Mac. Caract\u00e9ristiques : D\u00e9codage en temps r\u00e9el &hellip; <a href=\"http:\/\/www.on4cn.be\/blog_radio\/wsjt-x-2-0-mode-demploi\/pour-faire-du-ft8-ou-du-ft4\/gridtracker-software-per-ft8-ft4\/\" class=\"more-link\">Continuer la lecture<span class=\"screen-reader-text\"> de &laquo;&nbsp;GridTracker, software per FT8\/FT4&nbsp;&raquo;<\/span><\/a><\/p>\n","protected":false},"author":1,"featured_media":0,"parent":9447,"menu_order":0,"comment_status":"closed","ping_status":"closed","template":"","meta":{"footnotes":""},"class_list":["post-14186","page","type-page","status-publish","hentry"],"_links":{"self":[{"href":"http:\/\/www.on4cn.be\/blog_radio\/wp-json\/wp\/v2\/pages\/14186","targetHints":{"allow":["GET"]}}],"collection":[{"href":"http:\/\/www.on4cn.be\/blog_radio\/wp-json\/wp\/v2\/pages"}],"about":[{"href":"http:\/\/www.on4cn.be\/blog_radio\/wp-json\/wp\/v2\/types\/page"}],"author":[{"embeddable":true,"href":"http:\/\/www.on4cn.be\/blog_radio\/wp-json\/wp\/v2\/users\/1"}],"replies":[{"embeddable":true,"href":"http:\/\/www.on4cn.be\/blog_radio\/wp-json\/wp\/v2\/comments?post=14186"}],"version-history":[{"count":0,"href":"http:\/\/www.on4cn.be\/blog_radio\/wp-json\/wp\/v2\/pages\/14186\/revisions"}],"up":[{"embeddable":true,"href":"http:\/\/www.on4cn.be\/blog_radio\/wp-json\/wp\/v2\/pages\/9447"}],"wp:attachment":[{"href":"http:\/\/www.on4cn.be\/blog_radio\/wp-json\/wp\/v2\/media?parent=14186"}],"curies":[{"name":"wp","href":"https:\/\/api.w.org\/{rel}","templated":true}]}}