{"id":11528,"date":"2020-10-21T09:13:28","date_gmt":"2020-10-21T08:13:28","guid":{"rendered":"http:\/\/www.on4cn.be\/blog_radio\/?page_id=11528"},"modified":"2020-10-27T07:17:04","modified_gmt":"2020-10-27T06:17:04","slug":"apprendre-la-cw","status":"publish","type":"page","link":"http:\/\/www.on4cn.be\/blog_radio\/apprendre-la-cw\/","title":{"rendered":"Apprendre la CW"},"content":{"rendered":"<p style=\"text-align: center;\"><img decoding=\"async\" src=\"http:\/\/www.on4cn.be\/blog_radio\/wp-content\/uploads\/2020\/09\/logo-n3fjp.png\" \/><\/p>\n<p><center><strong><span style=\"color: #ff0000;\"><\/p>\n<h2>Apprendre la CW <\/h2>\n<p><\/span><\/strong><\/center><\/p>\n<p style=\"text-align: center;\">(Configuration syst\u00e8me requise &#8211; MS Windows XP (SP3) \u00e0 Windows 10.)<\/p>\n<p><center><\/p>\n<p class=\"download\"><img decoding=\"async\" src=\"http:\/\/www.on4cn.be\/blog_radio\/wp-content\/uploads\/2020\/09\/breezeleft.png\" \/><a href=\"http:\/\/www.n3fjp.com\/programs\/CWTEACHER.exe\">T\u00e9l\u00e9chargez CW Teacher maintenant !<\/a><img decoding=\"async\" src=\"http:\/\/www.on4cn.be\/blog_radio\/wp-content\/uploads\/2020\/09\/breeze.png\" \/><\/p>\n<p><\/center><\/p>\n<p><center><img decoding=\"async\"  align=\"center\" src=\"http:\/\/www.on4cn.be\/blog_radio\/wp-content\/uploads\/2020\/09\/cwteacher.png\" \/><\/center><\/p>\n<p><\/p>\n<p class=\"subtitleleft\" style =\"color:maroon; font-style:italic;\"><b>Caract\u00e9ristiques CW Teacher:<\/b><\/p>\n<p style=\"text-align: justify;\">Que vous souhaitiez apprendre le code Morse \u00e0 partir de z\u00e9ro, n&rsquo;avoir jamais entendu de commentaire de votre vie, ou simplement acc\u00e9l\u00e9rer votre copie<br \/>\npour le concours CW, CW Teacher vous aidera!<\/p>\n<p style=\"text-align: justify;\">J&rsquo;aime CW, mais je n&rsquo;ai jamais \u00e9t\u00e9 particuli\u00e8rement rapide, donc pendant la majeure partie de ma vie de radio amateur, je me suis tourn\u00e9 vers SSB pour<br \/>\nparticiper. Plus r\u00e9cemment, je me suis rendu compte que copier les courts \u00e9changes de concours \u00e0 25 mots par minute (WPM) et plus peut \u00eatre plus facile qu&rsquo;un chiffon long \u00e0 m\u00e2cher \u00e0<br \/>\n18 WPM. J&rsquo;ai pass\u00e9 plus de temps \u00e0 concourir en CW et j&rsquo;en suis vraiment venu \u00e0 en profiter!<\/p>\n<p style=\"text-align: justify;\">J&rsquo;avais pens\u00e9 cr\u00e9er un outil pour aider les gens \u00e0 apprendre le CW ou \u00e0 augmenter leur vitesse. Ensuite, mon fils Brad, KB3MNE, a mentionn\u00e9 un int\u00e9r\u00eat<br \/>\npour l&rsquo;apprentissage de la CW. C&rsquo;\u00e9tait tout le catalyseur dont j&rsquo;avais besoin pour cr\u00e9er ce logiciel CW Teacher!<\/p>\n<p style=\"text-align: justify;\">Ce programme vous apprendra le code Morse \u00e0 votre propre rythme. R\u00e9glez le taux d&rsquo;envoi \u00e0 18 WPM ou plus afin d&rsquo;apprendre les caract\u00e8res \u00e0 une<br \/>\nvitesse fonctionnelle, mais ne vous inqui\u00e9tez pas, le logiciel vous enverra chaque caract\u00e8re, un \u00e0 la fois et attendra que vous r\u00e9pondiez. Il n&rsquo;y a aucune pr\u00e9cipitation. L&rsquo;accent<br \/>\nentier du logiciel vous apprend \u00e0 associer un son \u00e0 une lettre. Avec juste un peu de pratique, c&rsquo;est vraiment facile \u00e0 faire!<\/p>\n<p style=\"text-align: justify;\">\u00c9tant donn\u00e9 que copier CW avec un clavier est exactement ce que vous ferez lorsque vous contesterez CW, ce logiciel vous aide \u00e9galement \u00e0 transf\u00e9rer<br \/>\nce que vous entendez directement sur votre clavier.<\/p>\n<p style=\"text-align: justify;\">L&rsquo;accent de ce logiciel est l&rsquo;enseignement du code Morse depuis le d\u00e9but absolu, mais j&rsquo;ai \u00e9galement inclus des options pour une pratique plus<br \/>\navanc\u00e9e, telles que la copie d&rsquo;indicatifs d&rsquo;appel al\u00e9atoires et les \u00e9changes de style Field Day.<\/p>\n<p style=\"text-align: justify;\">Ce programme est totalement gratuit! Profitez-en et partagez-le avec tous ceux que vous connaissez qui aimeraient apprendre CW!<\/p>\n","protected":false},"excerpt":{"rendered":"<p>Apprendre la CW (Configuration syst\u00e8me requise &#8211; MS Windows XP (SP3) \u00e0 Windows 10.) T\u00e9l\u00e9chargez CW Teacher maintenant ! Caract\u00e9ristiques CW Teacher: Que vous souhaitiez apprendre le code Morse \u00e0 partir de z\u00e9ro, n&rsquo;avoir jamais entendu de commentaire de votre vie, ou simplement acc\u00e9l\u00e9rer votre copie pour le concours CW, CW Teacher vous aidera! J&rsquo;aime &hellip; <a href=\"http:\/\/www.on4cn.be\/blog_radio\/apprendre-la-cw\/\" class=\"more-link\">Continuer la lecture<span class=\"screen-reader-text\"> de &laquo;&nbsp;Apprendre la CW&nbsp;&raquo;<\/span><\/a><\/p>\n","protected":false},"author":1,"featured_media":0,"parent":0,"menu_order":0,"comment_status":"closed","ping_status":"closed","template":"onecolumn-page.php","meta":{"footnotes":""},"class_list":["post-11528","page","type-page","status-publish","hentry"],"_links":{"self":[{"href":"http:\/\/www.on4cn.be\/blog_radio\/wp-json\/wp\/v2\/pages\/11528","targetHints":{"allow":["GET"]}}],"collection":[{"href":"http:\/\/www.on4cn.be\/blog_radio\/wp-json\/wp\/v2\/pages"}],"about":[{"href":"http:\/\/www.on4cn.be\/blog_radio\/wp-json\/wp\/v2\/types\/page"}],"author":[{"embeddable":true,"href":"http:\/\/www.on4cn.be\/blog_radio\/wp-json\/wp\/v2\/users\/1"}],"replies":[{"embeddable":true,"href":"http:\/\/www.on4cn.be\/blog_radio\/wp-json\/wp\/v2\/comments?post=11528"}],"version-history":[{"count":0,"href":"http:\/\/www.on4cn.be\/blog_radio\/wp-json\/wp\/v2\/pages\/11528\/revisions"}],"wp:attachment":[{"href":"http:\/\/www.on4cn.be\/blog_radio\/wp-json\/wp\/v2\/media?parent=11528"}],"curies":[{"name":"wp","href":"https:\/\/api.w.org\/{rel}","templated":true}]}}