{"id":11525,"date":"2020-10-21T08:18:01","date_gmt":"2020-10-21T07:18:01","guid":{"rendered":"http:\/\/www.on4cn.be\/blog_radio\/?page_id=11525"},"modified":"2020-10-27T07:15:41","modified_gmt":"2020-10-27T06:15:41","slug":"liste-de-pays-pour-aclog","status":"publish","type":"page","link":"http:\/\/www.on4cn.be\/blog_radio\/liste-de-pays-pour-aclog\/","title":{"rendered":"Liste de pays pour AClog"},"content":{"rendered":"<p style=\"text-align: center;\"><img decoding=\"async\" src=\"http:\/\/www.on4cn.be\/blog_radio\/wp-content\/uploads\/2020\/09\/logo-n3fjp.png\" \/><\/p>\n<p><center><strong><span style=\"color: #ff0000;\"><\/p>\n<h2>T\u00e9l\u00e9chargement du fichier de liste de pays<\/h2>\n<p><\/span><\/strong><\/center><\/p>\n<p class=\"ptext\">Depuis 2010, Jim, AD1C, s&rsquo;est port\u00e9 volontaire pour maintenir le fichier de liste des pays pour la suite logicielle N3FJP. Jim fournissait d\u00e9j\u00e0 ce pr\u00e9cieux service de maintien<br \/>\nla liste des pays pour de nombreux autres programmes de radio amateur, et j&rsquo;appr\u00e9cie vraiment son ajout du logiciel N3FJP \u00e0 sa liste! Merci \u00e9galement \u00e0 Miles, WK5K, qui a construit et entretenu<br \/>\nnotre fichier Liste des pays depuis de nombreuses ann\u00e9es.<\/p>\n<p class=\"ptext\">Le moyen le plus simple de mettre \u00e0 jour votre fichier de liste de pays est d&rsquo;utiliser la fonction de mise \u00e0 jour int\u00e9gr\u00e9e d&rsquo;AC Log. Veuillez suivre ces \u00e9tapes simples:<\/p>\n<ul>\n<li>Ouvrez le journal des contacts amateurs.<\/li>\n<li>S\u00e9lectionnez parmi les options de menu Fichier> T\u00e9l\u00e9charger les fichiers de pays depuis AD1C et t\u00e9l\u00e9chargez les trois fichiers r\u00e9pertori\u00e9s. Non seulement cette mise \u00e0 jour AC Log, mais toutes les anciennes versions (VB6) de<br \/>\nles programmes de concours que vous avez install\u00e9s aussi!<\/li>\n<li>Si vous ex\u00e9cutez une version actuelle (C #) des programmes contestants, cette fonction de t\u00e9l\u00e9chargement est \u00e9galement int\u00e9gr\u00e9e \u00e0 ces versions ult\u00e9rieures des programmes contestants. Veuillez vous assurer de<br \/>\nMettez \u00e0 jour le fichier de la liste des pays avant le d\u00e9but d&rsquo;un concours pour vous assurer que vous utilisez le dernier fichier de la liste des pays pour une soumission la plus pr\u00e9cise.<\/li>\n<\/ul>\n<p><\/p>\n<p class=\"ptext\"><img loading=\"lazy\" decoding=\"async\" src=\"http:\/\/www.on4cn.be\/blog_radio\/wp-content\/uploads\/2020\/09\/download.png\" width=\"18\" height=\"16\" border=\"0\" \/>Si vous souhaitez t\u00e9l\u00e9charger les fichiers manuellement ou consulter les notes de Jim sur les derni\u00e8res mises \u00e0 jour, vous pouvez<br \/>\nvisite:<\/p>\n<p><center><\/p>\n<p class=\"ptextcenter\"><a href=\"http:\/\/www.country-files.com\/\" target=\"blank\" rel=\"noopener noreferrer\"><b>Site Web de Jim&rsquo;s Fichier des pays<\/b><\/a><\/p>\n<p><\/center><\/p>\n<p class=\"ptext\">Lorsque vous cliquez sur les liens sur le site de Jim, les donn\u00e9es peuvent appara\u00eetre sous forme de texte dans votre navigateur. Pour enregistrer les donn\u00e9es sous forme de fichier:<\/p>\n<ul>\n<li>Dans les options de menu de votre navigateur, cliquez sur Fichier> Enregistrer sous.<\/li>\n<li>Acc\u00e9dez au r\u00e9pertoire du programme que vous mettez \u00e0 jour.<\/p>\n<li>Cliquez sur Enregistrer.<\/li>\n<li>Si vous rencontrez des probl\u00e8mes, essayez de cliquer avec le bouton droit sur le lien ci-dessus, puis s\u00e9lectionnez Enregistrer la cible Comme.<\/li>\n<\/ul>\n","protected":false},"excerpt":{"rendered":"<p>T\u00e9l\u00e9chargement du fichier de liste de pays Depuis 2010, Jim, AD1C, s&rsquo;est port\u00e9 volontaire pour maintenir le fichier de liste des pays pour la suite logicielle N3FJP. Jim fournissait d\u00e9j\u00e0 ce pr\u00e9cieux service de maintien la liste des pays pour de nombreux autres programmes de radio amateur, et j&rsquo;appr\u00e9cie vraiment son ajout du logiciel N3FJP &hellip; <a href=\"http:\/\/www.on4cn.be\/blog_radio\/liste-de-pays-pour-aclog\/\" class=\"more-link\">Continuer la lecture<span class=\"screen-reader-text\"> de &laquo;&nbsp;Liste de pays pour AClog&nbsp;&raquo;<\/span><\/a><\/p>\n","protected":false},"author":1,"featured_media":0,"parent":0,"menu_order":0,"comment_status":"closed","ping_status":"closed","template":"onecolumn-page.php","meta":{"footnotes":""},"class_list":["post-11525","page","type-page","status-publish","hentry"],"_links":{"self":[{"href":"http:\/\/www.on4cn.be\/blog_radio\/wp-json\/wp\/v2\/pages\/11525","targetHints":{"allow":["GET"]}}],"collection":[{"href":"http:\/\/www.on4cn.be\/blog_radio\/wp-json\/wp\/v2\/pages"}],"about":[{"href":"http:\/\/www.on4cn.be\/blog_radio\/wp-json\/wp\/v2\/types\/page"}],"author":[{"embeddable":true,"href":"http:\/\/www.on4cn.be\/blog_radio\/wp-json\/wp\/v2\/users\/1"}],"replies":[{"embeddable":true,"href":"http:\/\/www.on4cn.be\/blog_radio\/wp-json\/wp\/v2\/comments?post=11525"}],"version-history":[{"count":0,"href":"http:\/\/www.on4cn.be\/blog_radio\/wp-json\/wp\/v2\/pages\/11525\/revisions"}],"wp:attachment":[{"href":"http:\/\/www.on4cn.be\/blog_radio\/wp-json\/wp\/v2\/media?parent=11525"}],"curies":[{"name":"wp","href":"https:\/\/api.w.org\/{rel}","templated":true}]}}