{"id":11515,"date":"2020-10-21T06:37:25","date_gmt":"2020-10-21T05:37:25","guid":{"rendered":"http:\/\/www.on4cn.be\/blog_radio\/?page_id=11515"},"modified":"2020-10-27T07:12:42","modified_gmt":"2020-10-27T06:12:42","slug":"aclog-et-lotw","status":"publish","type":"page","link":"http:\/\/www.on4cn.be\/blog_radio\/aclog-et-lotw\/","title":{"rendered":"AClog et LoTW"},"content":{"rendered":"<p style=\"text-align: center;\"><img decoding=\"async\" src=\"logo-n3fjp.png\" \/><\/p>\n<p><center><strong><span style=\"color: #ff0000;\"><\/p>\n<h3>Logbook of the World (LoTW) Help<\/h3>\n<p><\/span><\/strong><\/center><\/p>\n<p><center><\/p>\n<p class=\"download\"><img decoding=\"async\" src=\"http:\/\/www.on4cn.be\/blog_radio\/wp-content\/uploads\/2020\/09\/breezeleft.png\" \/><a href=\"http:\/\/www.on4cn.be\/blog_radio\/wp-content\/uploads\/2020\/09\/ACLogGuide10.doc\">AClog en Anglais<\/a><img decoding=\"async\" src=\"http:\/\/www.on4cn.be\/blog_radio\/wp-content\/uploads\/2020\/09\/breeze.png\" \/><\/p>\n<p><\/center><br \/>\n<center><\/p>\n<p class=\"download\"><img decoding=\"async\" src=\"http:\/\/www.on4cn.be\/blog_radio\/wp-content\/uploads\/2020\/09\/breezeleft.png\" \/><a href=\"http:\/\/www.on4cn.be\/blog_radio\/wp-content\/uploads\/2020\/09\/ACLogGuide10-fr.docx\">AClog en Fran\u00e7ais<\/a><img decoding=\"async\" src=\"http:\/\/www.on4cn.be\/blog_radio\/wp-content\/uploads\/2020\/09\/breeze.png\" \/><\/p>\n<p><\/center><\/p>\n<p class=\"ptext\">Voici les informations essentielles dont vous aurez besoin pour vous familiariser avec LoTW. Ne vous inqui\u00e9tez pas, cela peut sembler compliqu\u00e9 au d\u00e9but, mais avec seulement quelques \u00e9tapes faciles, vous serez probablement tous install\u00e9s sur LoTW en un rien de temps!<\/p>\n<p class=\"ptext\">Voici un aper\u00e7u vid\u00e9o de LoTW et comment interfacer LoTW avec Amateur Contact Log.<\/p>\n<p style=\"text-align: center;\"><iframe loading=\"lazy\" width=\"640\" height=\"390\" src=\"https:\/\/www.youtube.com\/embed\/Jx7KVFGRB1E\" frameborder=\"0\" allowfullscreen><\/iframe><\/p>\n<p class=\"ptext\"><\/p>\n<p class=\"ptext\">Pour d\u00e9marrer avec AC Log et LoTW, commencez par t\u00e9l\u00e9charger le logiciel TQSL et suivez les \u00e9tapes sur le<br \/>\n<a href=\"http:\/\/www.arrl.org\/lotw\" target=\"blank\" rel=\"noopener noreferrer\"><b>ARRL&rsquo;s LoTW site<\/b><\/a>.  L&rsquo;ARRL a un affichage de diaporama pour configurer LoTW qui comprend des captures d&rsquo;\u00e9cran de AC Log.<br \/>\nVous pouvez rester sur cette page et lire mes informations de configuration, ou vous pouvez <a href=\"http:\/\/www.arrl.org\/files\/file\/LoTW%20Resources\/N3FJP.pdf\" target=\"blank\" rel=\"noopener noreferrer\"><br \/>\n<b>aller directement au document PDF d&rsquo;ARRL pour configurer AC Log avec LoTW.<\/b><\/a><\/p>\n<p class=\"ptext\">Si vous avez plusieurs appels ou emplacements de stations, <b> apr\u00e8s <\/b> vous avez effectu\u00e9 la configuration de base ci-dessous, veuillez consulter le<br \/>\n<a href=\"KD5KC-LOTW.pdf\" target=\"blank\" rel=\"noopener noreferrer\"><b>Utilisation de LoTW avec plusieurs appels et emplacements<\/b><\/a> et le <a href=\"KD5KC-ACL.pdf\" target=\"blank\" rel=\"noopener noreferrer\"><b>Utilisation de AC Log et LoTW avec plusieurs appels et emplacements<br \/>\n<\/b><\/a> documents, g\u00e9n\u00e9reusement r\u00e9dig\u00e9s par Mike, KD5KC, qui a une bonne exp\u00e9rience dans ce domaine. Steve, N9IP a g\u00e9n\u00e9reusement fourni cet article sur<br \/>\n<a href=\"N9IP-Grids.pdf\" target=\"blank\" rel=\"noopener noreferrer\"><b>Journalisation des contacts sur des lignes de r\u00e9seau ou des coins de grille<\/b><\/a>.<\/p>\n<p class=\"ptext\">Le 15\/10\/2018, ARRL a impl\u00e9ment\u00e9 de nouveaux protocoles de s\u00e9curit\u00e9 qui <a href=\"http:\/\/www.n3fjp.com\/news\/news2018-10-15.html\">une mise \u00e0 jour<\/a>,<br \/>\nassurez-vous donc que vous ex\u00e9cutez AC Log 6.4 ou version ult\u00e9rieure et Windows 7 ou version ult\u00e9rieure (les protocoles de s\u00e9curit\u00e9 ARRL impl\u00e9ment\u00e9s ne sont pas pris en charge sur XP ou Vista).<\/p>\n<p class=\"ptext\">Une fois que le logiciel TQSL est op\u00e9rationnel et que vous avez obtenu tous vos mots de passe LoTW, etc., configurez AC Log comme suit:<\/p>\n<p><\/p>\n<p style=\"text-align: center;\"><img decoding=\"async\" src=\"http:\/\/www.on4cn.be\/blog_radio\/wp-content\/uploads\/2020\/09\/LoTW1.JPG\" \/><\/p>\n<ul>\n<li>1. dans le <b><span style =\"color:maroon;\">User name<\/span><\/b>, entrez votre indicatif d&rsquo;appel dans le champ.<\/li>\n<li>2. dans le <b><span style =\"color:maroon;\">Login Password<\/span><\/b>, entrez le mot de passe de connexion pour l&rsquo;acc\u00e8s Internet que l&rsquo;ARRL vous a envoy\u00e9.<\/li>\n<li>3. dans le <b><span style =\"color:maroon;\">Station Location Field<\/span><\/b>,entrez l&#8217;emplacement de votre station. Si l&#8217;emplacement de la station que vous souhaitez utiliser n&rsquo;appara\u00eet pas dans la zone de texte, cliquez sur la liste d\u00e9roulante et s\u00e9lectionnez l&#8217;emplacement de la station que vous souhaitez utiliser (la premi\u00e8re fl\u00e8che rouge dans le graphique ci-dessus).<\/li>\n<li>4. dans le <b><span style =\"color:maroon;\">path to the Trusted QSL Software<\/span><\/b><\/li>\n<li>5. Si vous n&rsquo;avez qu&rsquo;un seul indicatif d&rsquo;appel sur LoTW, laissez le <b><span style =\"color:maroon;\">Own Call<\/span><\/b> le champ <b><span style =\"color:maroon;\">blank<\/span><\/b>.<\/li>\n<li>6. \u00c0 droite (non affich\u00e9 dans l&rsquo;image ci-dessus), vous remarquerez un bouton de zone de texte qui lit l&rsquo;URL de t\u00e9l\u00e9chargement du serveur LoTW. Veuillez l&rsquo;ignorer. Cela ne sera<br \/>\nchang\u00e9 que si LoTW se d\u00e9place vers un nouveau serveur, mais la valeur par d\u00e9faut est actuellement correcte. Il est <b><span style =\"color:maroon;\">https:\/\/lotw.arrl.org\/lotwuser\/lotwreport.adi?login=<\/span><\/b> \u00e0 t\u00e9l\u00e9charger.<\/li>\n<\/ul>\n<p><\/p>\n<p class=\"subtitleleft\" style =\"color:midnightblue; font-size:22px; text-align:center;\"><b>Pr\u00eat \u00e0 partir!<\/b><\/p>\n<p class=\"ptext\">Si vous avez correctement saisi les informations dans les champs ci-dessus, vous devez \u00eatre pr\u00eat \u00e0 t\u00e9l\u00e9charger des contacts vers LoTW. Pour essayer, cliquez sur<br \/>\n<b><span style =\"color:maroon;\">All Contacts Not Uploaded<\/span><\/b> sous la colonne Sign and Upload et suivez les invites du logiciel TQSL.<\/p>\n<p class=\"ptext\">Si vos contacts sont t\u00e9l\u00e9charg\u00e9s correctement, vous verrez un rapport du logiciel TQSL dans la zone de texte en haut \u00e0 droite qui lira quelque chose comme ceci:<\/p>\n<p style=\"text-align: center;\"><img decoding=\"async\" src=\"http:\/\/www.on4cn.be\/blog_radio\/wp-content\/uploads\/2020\/09\/LoTW5.JPG\" \/><\/p>\n<p><\/p>\n<p class=\"ptext\">Si vous voyez un message comme celui-ci, f\u00e9licitations, vous \u00eates pr\u00eat!<\/p>\n<p class=\"ptext\"><u>Suite \u00e0 une mise en ligne, <span style =\"color:maroon;\"><b>nothing is initially changed<\/b><\/span> dans votre journal<\/u> au cas o\u00f9 le t\u00e9l\u00e9chargement \u00e9chouerait pour une raison quelconque. Journal AC<br \/>\n <b><span style =\"color:maroon;\">won&rsquo;t<\/span><\/b> marquez vos QSO comme t\u00e9l\u00e9charg\u00e9s jusqu&rsquo;\u00e0 ce que le t\u00e9l\u00e9chargement ait \u00e9t\u00e9 <b><span style =\"color:maroon;\">confirmed<\/span><\/b><br \/>\npar un t\u00e9l\u00e9chargement ult\u00e9rieur.<\/p>\n<p class=\"ptext\">Attendez un peu que LoTW traite vos enregistrements (g\u00e9n\u00e9ralement juste un court laps de temps, mais cela peut prendre jusqu&rsquo;\u00e0 un jour ou plus apr\u00e8s un concours<br \/>\npopulaire), puis t\u00e9l\u00e9chargez vos donn\u00e9es \u00e0 partir de LoTW. Toute correspondance sera marqu\u00e9e comme envoy\u00e9e, un L sera ajout\u00e9 au champ Envoy\u00e9 confirm\u00e9 par et toutes les confirmations<br \/>\nre\u00e7ues seront \u00e9galement marqu\u00e9es de mani\u00e8re appropri\u00e9e.<\/p>\n<p><\/p>\n<p class=\"subtitleleft\" style =\"color:midnightblue; font-size:22px; text-align:center;\"><b>En cas de difficult\u00e9 &#8211; Ne paniquez pas!<\/b><\/p>\n<p class=\"ptext\">Si, pour une raison quelconque, vous ne parvenez pas \u00e0 t\u00e9l\u00e9charger vos donn\u00e9es, il existe un certain nombre de causes possibles.<br \/>\n<b><span style =\"color:maroon;\">Tous les param\u00e8tres li\u00e9s \u00e0 LoTW dans AC Log sont sur le formulaire LoTW d&rsquo;AC Log comme d\u00e9crit ci-dessus. Il n&rsquo;y a rien d&rsquo;autre \u00e0 changer dans AC Log.<\/span><\/b><br \/>\nV\u00e9rifiez \u00e0 nouveau les champs \u00e9num\u00e9r\u00e9s ci-dessus pour vous assurer que vous avez correctement saisi les informations et que vous ne disposez d&rsquo;aucun espace suppl\u00e9mentaire, etc.<\/p>\n<p class=\"ptext\">Tout d&rsquo;abord, assurez-vous que vous ex\u00e9cutez AC Log 6.4 ou une version ult\u00e9rieure. Windows 7 ou version ult\u00e9rieure et que tous vos<br \/>\n<a href=\"https:\/\/support.microsoft.com\/en-us\/help\/3140245\/update-to-enable-tls-1-1-and-tls-1-2-as-default-secure-protocols-in-wi\" target=\"blank\" rel=\"noopener noreferrer\">Windows updates<\/a><br \/>\nsont \u00e0 jour (y compris le Framework Windows .Net 4.5).<\/p>\n<p class=\"ptext\">Si AC Log ne parvient pas \u00e0 lancer le logiciel TQSL et que vous \u00eates certain que votre chemin d&rsquo;acc\u00e8s au logiciel TQSL est correct, essayez d&rsquo;ex\u00e9cuter AC Log avec<br \/>\n<b><span style =\"color:maroon;\">Administrator privileges<\/b><\/span> en cliquant avec le bouton droit sur le raccourci d&rsquo;AC Log et en cliquant sur Ex\u00e9cuter en tant qu&rsquo;administrateur.<\/p>\n<p class=\"ptext\">Certains des rapports de messages d&rsquo;erreur les plus courants sont:<\/p>\n<ul>\n<li><b><span style =\"color:maroon;\">Le syst\u00e8me ne trouve pas le chemin \/ fichier sp\u00e9cifi\u00e9.<\/li>\n<\/ul>\n<p style=\"text-align: center;\"><img decoding=\"async\" src=\"http:\/\/www.on4cn.be\/blog_radio\/wp-content\/uploads\/2020\/09\/LoTW3.JPG\" \/><\/p>\n<p><\/p>\n<p class=\"ptext\">Cette erreur est renvoy\u00e9e lorsque le chemin d&rsquo;acc\u00e8s n&rsquo;est pas correctement d\u00e9fini \u00e0 l&#8217;emplacement o\u00f9 vous avez install\u00e9 le logiciel TQSL. Cliquez sur le bouton \u00c0 partir du registre (deuxi\u00e8me petite fl\u00e8che rouge dans le premier graphique) pour r\u00e9cup\u00e9rer le chemin d&rsquo;acc\u00e8s appropri\u00e9. Sinon, cliquez sur le bouton Parcourir, acc\u00e9dez au dossier dans lequel r\u00e9side TQSL et s\u00e9lectionnez le dossier.<\/p>\n<p><\/p>\n<ul>\n<li><b><span style =\"color:maroon;\">Erreur: l&#8217;emplacement s\u00e9lectionn\u00e9 est introuvable.<\/span><\/b><\/li>\n<\/ul>\n<p style=\"text-align: center;\"><img decoding=\"async\" src=\"http:\/\/www.on4cn.be\/blog_radio\/wp-content\/uploads\/2020\/09\/LoTW4.JPG\" \/><\/p>\n<p><\/p>\n<p class=\"ptext\">La bonne nouvelle est que chaque fois que vous voyez un message d&rsquo;erreur commen\u00e7ant par \u00abRapports du logiciel TQSL\u00bb, cela signifie que vous communiquez avec succ\u00e8s avec le logiciel TQSL, donc vous savez que votre chemin est correct. Le message d&rsquo;erreur est renvoy\u00e9 de TQSL, pas d&rsquo;AC Log, il y a donc quelque chose dans vos param\u00e8tres (soit sur le formulaire LoTW d&rsquo;AC Log, soit que vous avez d\u00e9fini directement dans le logiciel TQSL) que TQSL n&rsquo;aime pas.<\/p>\n<p class=\"ptext\">Cette erreur particuli\u00e8re est renvoy\u00e9e lorsque l&#8217;emplacement de station que vous avez entr\u00e9 dans le logiciel TQSL ne correspond pas exactement \u00e0 l&#8217;emplacement de station d\u00e9fini \u00e0 l&rsquo;\u00e9tape 3 sur le formulaire LoTW dans AC Log. Veuillez cliquer sur la fl\u00e8che d\u00e9roulante (premi\u00e8re petite fl\u00e8che rouge dans le premier graphique ci-dessus) et s\u00e9lectionnez l&#8217;emplacement de votre station.<\/p>\n<p class=\"ptext\">Gardez \u00e0 l&rsquo;esprit que les espaces suppl\u00e9mentaires (au d\u00e9but, \u00e0 la fin ou au milieu), un \u00ab-\u00bb n&rsquo;est pas la m\u00eame chose qu&rsquo;un \u00ab_\u00bb, etc. tous entra\u00eeneront cette erreur. Si vous n&rsquo;\u00eates pas s\u00fbr de la fa\u00e7on dont l&#8217;emplacement de votre station est configur\u00e9 dans le logiciel TQSL et que vous souhaitez v\u00e9rifier \u00e0 nouveau, proc\u00e9dez comme suit:<\/p>\n<ul>\n<li>&#8211; D\u00e9marrez le logiciel TQSL.<\/li>\n<li>&#8211; Cliquez sur Station Modifier les emplacements.<\/li>\n<li>&#8211; Cliquez sur l&#8217;emplacement et voyez le nom qui est r\u00e9pertori\u00e9 dans le <b><span style =\"color:maroon;\">bottom<\/span><\/b><br \/>\ndu formulaire sous <b><span style =\"color:maroon;\">selected station location<\/span><\/b>.<\/li>\n<\/ul>\n<p style=\"text-align: center;\"><img decoding=\"async\" src=\"http:\/\/www.on4cn.be\/blog_radio\/wp-content\/uploads\/2020\/09\/LoTW7.JPG\" \/><\/p>\n<p><\/p>\n<p class=\"ptext\">&#8211; C&rsquo;est l&#8217;emplacement que vous entrerez dans AC Log.  <b><u>Cette valeur doit correspondre de mani\u00e8re identique \u00e0 la valeur du logiciel TQSL!<\/u><\/b><\/p>\n<ul>\n<li><b><span style =\"color:maroon;\">Impossible de signer les enregistrements<\/span><\/b><br \/>\n &#8211; Cela se produit g\u00e9n\u00e9ralement lorsque le chemin d&rsquo;acc\u00e8s au logiciel tQSL n&rsquo;est pas correctement d\u00e9fini. Utilisez l&rsquo;Explorateur Windows pour v\u00e9rifier le r\u00e9pertoire et le chemin o\u00f9 r\u00e9side le tQSL. Puis entrez<br \/>\nle chemin correct dans le chemin d&rsquo;acc\u00e8s au logiciel Trusted QSL comme d\u00e9crit \u00e0 l&rsquo;\u00e9tape 5 ci-dessus.<\/li>\n<\/ul>\n<ul>\n<li><b><span style =\"color:maroon;\">Erreur TQSL. Nom introuvable<\/span><\/b><br \/>\n &#8211; Cela se produit lorsque l&#8217;emplacement de votre station n&rsquo;est pas d\u00e9fini correctement. Pour trouver le r\u00e9glage de l&#8217;emplacement de votre station dans le logiciel tQSL, suivez les<br \/>\ninstructions de l&rsquo;\u00e9tape 3 ci-dessus.<\/li>\n<\/ul>\n<p class=\"ptext\"><b><span style =\"color:maroon;\">Apr\u00e8s le t\u00e9l\u00e9chargement des donn\u00e9es, aucun enregistrement ne correspond aux crit\u00e8res de recherche de v\u00e9rification et AC Log ne marque pas mes enregistrements comme envoy\u00e9s.<\/span><\/b><br \/>\n&#8211; Lorsque LoTW est occup\u00e9, les t\u00e9l\u00e9chargements sont conserv\u00e9s en que et ne sont pas imm\u00e9diatement disponibles au t\u00e9l\u00e9chargement. NE t\u00e9l\u00e9chargez PAS \u00e0 nouveau les m\u00eames enregistrements car vos enregistrements pr\u00e9c\u00e9dents sont remplac\u00e9s et le<br \/>\nle cycle recommence. Au lieu de cela, attendez un moment, puis cliquez sur le bouton de commande du formulaire LoTW sous <b><span style =\"color:maroon;\">Download<\/span><\/b> qui lit<br \/>\n<b><span style =\"color:maroon;\">Tout depuis<\/span><\/b> et entrez une date r\u00e9cente. Une fois vos enregistrements trait\u00e9s par LoTW, ils seront disponibles pour t\u00e9l\u00e9chargement.<\/p>\n<p class=\"ptext\">Si un jour ou deux s&rsquo;est \u00e9coul\u00e9 et que les enregistrements ne sont toujours pas disponibles au t\u00e9l\u00e9chargement \u00e0 partir de LoTW, assurez-vous que votre certificat TQSL n&rsquo;est pas obsol\u00e8te.<br \/>\nUn certificat TQSL obsol\u00e8te ne retournera pas d&rsquo;erreur et il peut sembler que tout fonctionne correctement, mais vos enregistrements t\u00e9l\u00e9charg\u00e9s ne seront pas accept\u00e9s par LoTW.<\/p>\n<p><\/p>\n<ul>\n<li><b><span style =\"color:maroon;\">TQSL signale que vos enregistrements sont sign\u00e9s et pr\u00eats \u00e0 \u00eatre t\u00e9l\u00e9charg\u00e9s, mais ne les t\u00e9l\u00e9charge pas.<\/span><\/b><\/li>\n<\/ul>\n<p style=\"text-align: center;\"><img decoding=\"async\" src=\"http:\/\/www.on4cn.be\/blog_radio\/wp-content\/uploads\/2020\/09\/LoTW8.JPG\" \/><\/p>\n<p><\/p>\n<p class=\"ptext\">Si vous recevez un rapport indiquant que TQSL a sign\u00e9 avec succ\u00e8s vos enregistrements, vous indique qu&rsquo;ils sont pr\u00eats pour le t\u00e9l\u00e9chargement, mais ne le fait pas (comme le graphique ci-dessus), vous \u00eates<br \/>\nex\u00e9cutant une version de TQSL ant\u00e9rieure \u00e0 1.14. Allez-y et passez au<br \/>\n<a href=\"http:\/\/www.arrl.org\/lotw\" target=\"blank\" rel=\"noopener noreferrer\">derni\u00e8re version de TQSL<\/a>, et vos enregistrements seront \u00e9galement t\u00e9l\u00e9charg\u00e9s automatiquement!<\/p>\n<p><\/p>\n<p class=\"ptext\"><b><span style =\"color:maroon;\">LoTW Download signale une combinaison nom d&rsquo;utilisateur \/ mot de passe non valide du serveur LoTW.<\/span><\/b><\/p>\n<p style=\"text-align: center;\"><img decoding=\"async\" src=\"http:\/\/www.on4cn.be\/blog_radio\/wp-content\/uploads\/2020\/09\/LoTW9.JPG\" \/><\/p>\n<p><\/p>\n<p class=\"ptext\">Si vous recevez un rapport du serveur LoTW indiquant que vous avez une combinaison nom d&rsquo;utilisateur \/ mot de passe non valide, les valeurs saisies dans le champ Nom d&rsquo;utilisateur<br \/>\n(case 1 dans le graphique ci-dessus) ou le champ Mot de passe de connexion (case 2 dans le graphique ci-dessus) sont incorrects. En plus de saisir vos informations avec pr\u00e9cision, assurez-vous que vous n&rsquo;avez pas<br \/>\ntout espace de d\u00e9but ou de fin, etc. Une fois que vous avez entr\u00e9 une combinaison utilisateur \/ mot de passe que le serveur LoTW acceptera, cette erreur sera corrig\u00e9e.<\/p>\n<p><\/p>\n<p class=\"ptext\"><b><span style =\"color:maroon;\">Erreur: l&rsquo;op\u00e9ration demand\u00e9e n\u00e9cessite une \u00e9l\u00e9vation.<\/span><\/b><\/p>\n<p style=\"text-align: center;\"><img decoding=\"async\" src=\"http:\/\/www.on4cn.be\/blog_radio\/wp-content\/uploads\/2020\/09\/LoTW10.JPG\" \/><\/p>\n<p><\/p>\n<p class=\"ptext\">Selon vos param\u00e8tres de s\u00e9curit\u00e9 Windows, votre syst\u00e8me d&rsquo;exploitation peut emp\u00eacher AC Log de d\u00e9marrer le logiciel TQSL, son niveau d&rsquo;autorisation doit donc \u00eatre<br \/>\n\u00e9lev\u00e9. L&rsquo;ex\u00e9cution du journal AC avec les privil\u00e8ges d&rsquo;administrateur corrigera cette erreur en fournissant les autorisations n\u00e9cessaires.<\/p>\n<p>\n\t\t\t\t<a name=\"TQSLDupe\"><\/a><\/p>\n<p class=\"ptext\"><b><span style =\"color:maroon;\">Dupliquer les QSO d\u00e9tect\u00e9s<\/span><\/b><\/p>\n<p style=\"text-align: center;\"><img decoding=\"async\" src=\"http:\/\/www.on4cn.be\/blog_radio\/wp-content\/uploads\/2020\/09\/tqsldupe.JPG\" \/><\/p>\n<p><\/p>\n<p class=\"ptext\">Le message QSO dupliqu\u00e9 n&rsquo;est pas g\u00e9n\u00e9r\u00e9 par AC Log. Il est renvoy\u00e9 par le logiciel TQSL lorsqu&rsquo;il re\u00e7oit les enregistrements qu&rsquo;il a pr\u00e9alablement sign\u00e9s. Apr\u00e8s un succ\u00e8s<br \/>\nt\u00e9l\u00e9chargement des enregistrements pertinents que vous avez pr\u00e9c\u00e9demment t\u00e9l\u00e9charg\u00e9s sur LoTW, AC Log met un &lsquo;L&rsquo; dans le champ Envoy\u00e9 confirm\u00e9 par et n&rsquo;essaiera pas d&rsquo;envoyer les m\u00eames enregistrements \u00e0 TQSL pour<br \/>\nt\u00e9l\u00e9charger \u00e0 nouveau. Vous pouvez g\u00e9n\u00e9ralement emp\u00eacher ce message d&rsquo;appara\u00eetre en cliquant sur le bouton Toutes les donn\u00e9es sous T\u00e9l\u00e9charger afin que tous vos enregistrements soient correctement marqu\u00e9s, apr\u00e8s un<br \/>\nt\u00e9l\u00e9charger \u00e0 partir de LoTW. Si, pour une raison quelconque, un ou plusieurs enregistrements ne sont toujours pas marqu\u00e9s du L dans le champ Envoy\u00e9 confirm\u00e9 par apr\u00e8s le t\u00e9l\u00e9chargement de toutes les donn\u00e9es, vous pouvez les marquer manuellement,<br \/>\nsoit individuellement \u00e0 partir du formulaire Modifier, soit en s\u00e9lectionnant plusieurs fois les enregistrements du formulaire principal avec votre souris, tout en maintenant la touche Ctrl ou Maj enfonc\u00e9e. Cliquez ensuite sur Modifier><br \/>\nEnregistrements s\u00e9lectionn\u00e9s marqu\u00e9s comme envoy\u00e9s dans les options du menu. Sinon, continuez simplement \u00e0 cliquer sur le bouton Exclure les doublons avec les futurs t\u00e9l\u00e9chargements.<\/p>\n<p><\/p>\n<p class=\"subtitleleft\" style =\"color:midnightblue; font-size:22px; text-align:center;\"><b>J&rsquo;ai fait tout \u00e7a, mais j&rsquo;ai TOUJOURS des probl\u00e8mes!<\/b><\/p>\n<p class=\"ptext\">Nous avons d\u00e9j\u00e0 couvert tous les param\u00e8tres du journal AC ci-dessus. Voici quelques autres choses \u00e0 v\u00e9rifier:<\/p>\n<ul>\n<li>Assurez-vous que vous ex\u00e9cutez la version 2.4.0 ou ult\u00e9rieure du logiciel TQSL.<\/li>\n<li>Assurez-vous que votre logiciel de protection Internet et \/ ou antivirus est configur\u00e9 pour permettre \u00e0 AC Log ET TQSL de se connecter \u00e0 Internet.<\/li>\n<li>Assurez-vous que vous \u00eates connect\u00e9 \u00e0 Internet lorsque vous essayez de t\u00e9l\u00e9charger et de t\u00e9l\u00e9charger.<\/li>\n<li>Si vous rencontrez toujours des probl\u00e8mes, essayez de t\u00e9l\u00e9charger des donn\u00e9es sur LoTW de la mani\u00e8re \u00ab\u00a0 normale \u00a0\u00bb (en exportant d&rsquo;abord quelques enregistrements dans ADIF, en utilisant le logiciel TQSL pour signer les enregistrements et le<br \/>\nSite Web LoTW \u00e0 t\u00e9l\u00e9charger). Cela met souvent en \u00e9vidence des probl\u00e8mes qui peuvent exister dans vos param\u00e8tres.<\/li>\n<\/ul>\n<p><\/p>\n<p class=\"subtitleleft\" style =\"color:midnightblue; font-size:22px; text-align:center;\"><b>J&rsquo;ai fait \u00e7a aussi. Maintenant quoi ?<\/b><\/p>\n<p class=\"ptext\">Comme vous le savez probablement, il existe de nombreux composants qui fonctionnent ensemble pour utiliser LoTW. Ceux-ci incluent AC Log, le logiciel TQSL (y compris les certificats,<br \/>\nmots de passe, etc.), votre connexion Internet, votre logiciel antivirus, etc.<\/p>\n<p class=\"ptext\">Nous avons fourni toutes les informations dont vous avez besoin pour le lien d&rsquo;AC Log dans la cha\u00eene, et nous souhaitons pouvoir faire plus. Nous ne sommes tout simplement pas \u00e9quip\u00e9s pour fournir un soutien<br \/>\npour le logiciel TQSL et tout ce qui est n\u00e9cessaire pour le configurer, configurer votre connexion Internet et prendre en charge une vari\u00e9t\u00e9 de logiciels antivirus \/ Internet, etc.<\/p>\n<p class=\"ptext\">Peut-\u00eatre qu&rsquo;il y a une autre personne avertie dans votre famille ou votre quartier qui pourrait vous aider. Parfois, une nouvelle paire d&rsquo;yeux suffit.<\/p>\n<p class=\"ptext\">Si vous ne disposez pas d&rsquo;une personne comp\u00e9tente en mati\u00e8re de jambon ou de PC comme ressource, n&rsquo;h\u00e9sitez pas \u00e0 rechercher les archives de messages sur le<br \/>\n<a href=\"yahoogroups.html\">Groupe d&rsquo;utilisateurs<\/a> ou postez une question l\u00e0-bas.<\/p>\n","protected":false},"excerpt":{"rendered":"<p>Logbook of the World (LoTW) Help AClog en Anglais AClog en Fran\u00e7ais Voici les informations essentielles dont vous aurez besoin pour vous familiariser avec LoTW. Ne vous inqui\u00e9tez pas, cela peut sembler compliqu\u00e9 au d\u00e9but, mais avec seulement quelques \u00e9tapes faciles, vous serez probablement tous install\u00e9s sur LoTW en un rien de temps! Voici un &hellip; <a href=\"http:\/\/www.on4cn.be\/blog_radio\/aclog-et-lotw\/\" class=\"more-link\">Continuer la lecture<span class=\"screen-reader-text\"> de &laquo;&nbsp;AClog et LoTW&nbsp;&raquo;<\/span><\/a><\/p>\n","protected":false},"author":1,"featured_media":0,"parent":0,"menu_order":0,"comment_status":"closed","ping_status":"closed","template":"onecolumn-page.php","meta":{"footnotes":""},"class_list":["post-11515","page","type-page","status-publish","hentry"],"_links":{"self":[{"href":"http:\/\/www.on4cn.be\/blog_radio\/wp-json\/wp\/v2\/pages\/11515","targetHints":{"allow":["GET"]}}],"collection":[{"href":"http:\/\/www.on4cn.be\/blog_radio\/wp-json\/wp\/v2\/pages"}],"about":[{"href":"http:\/\/www.on4cn.be\/blog_radio\/wp-json\/wp\/v2\/types\/page"}],"author":[{"embeddable":true,"href":"http:\/\/www.on4cn.be\/blog_radio\/wp-json\/wp\/v2\/users\/1"}],"replies":[{"embeddable":true,"href":"http:\/\/www.on4cn.be\/blog_radio\/wp-json\/wp\/v2\/comments?post=11515"}],"version-history":[{"count":0,"href":"http:\/\/www.on4cn.be\/blog_radio\/wp-json\/wp\/v2\/pages\/11515\/revisions"}],"wp:attachment":[{"href":"http:\/\/www.on4cn.be\/blog_radio\/wp-json\/wp\/v2\/media?parent=11515"}],"curies":[{"name":"wp","href":"https:\/\/api.w.org\/{rel}","templated":true}]}}