{"id":498,"date":"2016-02-26T11:42:46","date_gmt":"2016-02-26T10:42:46","guid":{"rendered":"http:\/\/www.on4cn.be\/blog_ot4n\/?page_id=498"},"modified":"2024-09-10T14:15:48","modified_gmt":"2024-09-10T13:15:48","slug":"gite-de-mazerac","status":"publish","type":"page","link":"http:\/\/www.on4cn.be\/blog_ot4n\/gite-de-mazerac\/","title":{"rendered":"G\u00eete de Mazerac"},"content":{"rendered":"<h1>G\u00eete de Mazerac &#8211; Lot (46)<\/h1>\n<table width=\"100%\">\n<tbody>\n<tr>\n<td>Vacance 2015 dans le petit village de Mazerac d\u00e9partement 46 le Lot<\/td>\n<\/tr>\n<tr>\n<td><a href=\"http:\/\/www.on4cn.be\/blog_ot4n\/wp-content\/uploads\/2016\/02\/SDC13486.jpg\" target=\"_blank\" rel=\"noopener\"><img loading=\"lazy\" decoding=\"async\" class=\"aligncenter size-medium wp-image-503\" src=\"http:\/\/www.on4cn.be\/blog_ot4n\/wp-content\/uploads\/2016\/02\/SDC13486-300x225.jpg\" alt=\"G\u00eete a Mazerac\" width=\"300\" height=\"225\" srcset=\"http:\/\/www.on4cn.be\/blog_ot4n\/wp-content\/uploads\/2016\/02\/SDC13486-300x225.jpg 300w, http:\/\/www.on4cn.be\/blog_ot4n\/wp-content\/uploads\/2016\/02\/SDC13486-1024x768.jpg 1024w, http:\/\/www.on4cn.be\/blog_ot4n\/wp-content\/uploads\/2016\/02\/SDC13486-768x576.jpg 768w, http:\/\/www.on4cn.be\/blog_ot4n\/wp-content\/uploads\/2016\/02\/SDC13486-1536x1152.jpg 1536w, http:\/\/www.on4cn.be\/blog_ot4n\/wp-content\/uploads\/2016\/02\/SDC13486-2048x1536.jpg 2048w, http:\/\/www.on4cn.be\/blog_ot4n\/wp-content\/uploads\/2016\/02\/SDC13486-1130x848.jpg 1130w, http:\/\/www.on4cn.be\/blog_ot4n\/wp-content\/uploads\/2016\/02\/SDC13486-760x570.jpg 760w\" sizes=\"(max-width: 300px) 100vw, 300px\" \/><\/a><\/p>\n<p><center>Le G\u00eete \u00e0 Mazerac 2015<\/center><a href=\"http:\/\/www.on4cn.be\/blog_ot4n\/wp-content\/uploads\/2024\/09\/DSCN2473.jpg\" target=\"_blank\" rel=\"noopener\"><img loading=\"lazy\" decoding=\"async\" class=\"aligncenter size-thumbnail wp-image-1411\" src=\"http:\/\/www.on4cn.be\/blog_ot4n\/wp-content\/uploads\/2024\/09\/DSCN2473-300x225.jpg\" alt=\"G\u00eete a Mazerac\" width=\"300\" height=\"225\" srcset=\"http:\/\/www.on4cn.be\/blog_ot4n\/wp-content\/uploads\/2024\/09\/DSCN2473-300x225.jpg 300w, http:\/\/www.on4cn.be\/blog_ot4n\/wp-content\/uploads\/2024\/09\/DSCN2473-1024x768.jpg 1024w, http:\/\/www.on4cn.be\/blog_ot4n\/wp-content\/uploads\/2024\/09\/DSCN2473-768x576.jpg 768w, http:\/\/www.on4cn.be\/blog_ot4n\/wp-content\/uploads\/2024\/09\/DSCN2473-1536x1152.jpg 1536w, http:\/\/www.on4cn.be\/blog_ot4n\/wp-content\/uploads\/2024\/09\/DSCN2473-2048x1536.jpg 2048w, http:\/\/www.on4cn.be\/blog_ot4n\/wp-content\/uploads\/2024\/09\/DSCN2473-360x270.jpg 360w\" sizes=\"(max-width: 300px) 100vw, 300px\" \/><\/a><\/p>\n<p><center>Le G\u00eete \u00e0 Mazerac 2024<\/center><\/td>\n<\/tr>\n<tr>\n<td><center><strong>Cliquez sur une vignette pour agrandir la photo<\/strong><\/center><\/td>\n<\/tr>\n<\/tbody>\n<\/table>\n<h1>Recherche d&rsquo;un nouveau G\u00eete<\/h1>\n<p>Apr\u00e8s avoir pass\u00e9 15 ans dans le G\u00eete de la Servie \u00e0 D\u00e9gagnac et que mon ami Jean-Paul ne loue plus, il fallait retrouver un nouveau g\u00eete. Comme nous nous plaisons dans cette r\u00e9gion du P\u00e9rigord et de la Dordogne, je me suis mis \u00e0 la recherche d\u2019un g\u00eete et j\u2019ai trouv\u00e9 un g\u00eete toujours dans le m\u00eame coin, un petit hameau \u00e0 deux kilom\u00e8tres de D\u00e9gagnac.<\/p>\n<p>Ce petit hameau, lieu-dit Mazerac, comporte 6 maisons o\u00f9 se trouve la maison d\u2019un m\u00e9decin, dans laquelle se trouve le g\u00eete que j\u2019ai trouv\u00e9.<\/p>\n<table width=\"100%\">\n<tbody>\n<tr>\n<td colspan=\"3\"><b>G\u00eete \u00e0 Mazerac en 2015<\/b><\/td>\n<\/tr>\n<tr>\n<td><a href=\"http:\/\/www.on4cn.be\/blog_ot4n\/wp-content\/uploads\/2016\/02\/gite01.jpg\" target=\"_blank\" rel=\"noopener\"><img loading=\"lazy\" decoding=\"async\" class=\"aligncenter size-thumbnail wp-image-506\" src=\"http:\/\/www.on4cn.be\/blog_ot4n\/wp-content\/uploads\/2016\/02\/gite01-150x150.jpg\" alt=\"gite01\" width=\"120\" height=\"120\" srcset=\"http:\/\/www.on4cn.be\/blog_ot4n\/wp-content\/uploads\/2016\/02\/gite01-150x150.jpg 150w, http:\/\/www.on4cn.be\/blog_ot4n\/wp-content\/uploads\/2016\/02\/gite01-100x100.jpg 100w, http:\/\/www.on4cn.be\/blog_ot4n\/wp-content\/uploads\/2016\/02\/gite01-250x250.jpg 250w\" sizes=\"(max-width: 120px) 100vw, 120px\" \/><\/a>Chemin face au g\u00eete 2015<\/td>\n<td><a href=\"http:\/\/www.on4cn.be\/blog_ot4n\/wp-content\/uploads\/2016\/02\/gite02.jpg\" target=\"_blank\" rel=\"noopener\"><img loading=\"lazy\" decoding=\"async\" class=\"aligncenter size-thumbnail wp-image-507\" src=\"http:\/\/www.on4cn.be\/blog_ot4n\/wp-content\/uploads\/2016\/02\/gite02-150x150.jpg\" alt=\"gite02\" width=\"120\" height=\"120\" srcset=\"http:\/\/www.on4cn.be\/blog_ot4n\/wp-content\/uploads\/2016\/02\/gite02-150x150.jpg 150w, http:\/\/www.on4cn.be\/blog_ot4n\/wp-content\/uploads\/2016\/02\/gite02-100x100.jpg 100w, http:\/\/www.on4cn.be\/blog_ot4n\/wp-content\/uploads\/2016\/02\/gite02-250x250.jpg 250w\" sizes=\"(max-width: 120px) 100vw, 120px\" \/><\/a>Terrasse 2015<\/td>\n<td><a href=\"http:\/\/www.on4cn.be\/blog_ot4n\/wp-content\/uploads\/2016\/02\/gite03.jpg\" target=\"_blank\" rel=\"noopener\"><img loading=\"lazy\" decoding=\"async\" class=\"aligncenter size-thumbnail wp-image-508\" src=\"http:\/\/www.on4cn.be\/blog_ot4n\/wp-content\/uploads\/2016\/02\/gite03-150x150.jpg\" alt=\"gite03\" width=\"120\" height=\"120\" srcset=\"http:\/\/www.on4cn.be\/blog_ot4n\/wp-content\/uploads\/2016\/02\/gite03-150x150.jpg 150w, http:\/\/www.on4cn.be\/blog_ot4n\/wp-content\/uploads\/2016\/02\/gite03-100x100.jpg 100w, http:\/\/www.on4cn.be\/blog_ot4n\/wp-content\/uploads\/2016\/02\/gite03-250x250.jpg 250w\" sizes=\"(max-width: 120px) 100vw, 120px\" \/><\/a>Le G\u00eete 2015<\/td>\n<\/tr>\n<tr>\n<td colspan=\"3\"><center><strong>Cliquez sur une vignette pour agrandir la photo<\/strong><\/center><\/td>\n<\/tr>\n<\/tbody>\n<\/table>\n<p><center>G\u00eete de Mazerac &#8211; Lot (46)<\/center>Situ\u00e9 dans le d\u00e9partement du Lot, en r\u00e9gion Occitanie, le <strong>G\u00eete de Mazerac<\/strong> a fait l&rsquo;objet de r\u00e9novations importantes pour offrir un cadre de s\u00e9jour encore plus attrayant aux visiteurs. Nich\u00e9 dans une r\u00e9gion r\u00e9put\u00e9e pour ses paysages pittoresques, ses villages m\u00e9di\u00e9vaux et sa gastronomie, le g\u00eete combine d\u00e9sormais confort moderne et charme authentique.<\/p>\n<h2>Caract\u00e9ristiques du G\u00eete R\u00e9nov\u00e9<\/h2>\n<ul>\n<li><strong>R\u00e9habilitation Int\u00e9grale<\/strong> : Le G\u00eete de Mazera a \u00e9t\u00e9 soigneusement r\u00e9nov\u00e9 pour pr\u00e9server son charme traditionnel tout en incorporant des \u00e9l\u00e9ments de confort moderne. Les murs en pierre d\u2019origine ont \u00e9t\u00e9 restaur\u00e9s, et l&rsquo;int\u00e9rieur a \u00e9t\u00e9 r\u00e9am\u00e9nag\u00e9 pour offrir des espaces de vie spacieux et lumineux.<\/li>\n<li><strong>Attraction Locale<\/strong> : Le g\u00eete b\u00e9n\u00e9ficie de la proximit\u00e9 de nombreux sites touristiques du Lot, tels que Rocamadour, le Gouffre de Padirac, et la Vall\u00e9e de la Dordogne, offrant ainsi une base id\u00e9ale pour explorer la richesse naturelle et culturelle de la r\u00e9gion.<\/li>\n<\/ul>\n<p>Avec sa r\u00e9novation soign\u00e9e, le <strong>G\u00eete de Mazera<\/strong> offre une exp\u00e9rience de s\u00e9jour enrichie pour les familles, les groupes d&rsquo;amis ou les couples, alliant confort, authenticit\u00e9 et acc\u00e8s \u00e0 des merveilles naturelles et culturelles du Lot. C\u2019est une destination parfaite pour ceux qui recherchent un m\u00e9lange de d\u00e9tente, d\u2019aventure, et de d\u00e9couverte locale.<\/p>\n<table width=\"100%\">\n<tbody>\n<tr>\n<td colspan=\"3\"><center><b>G\u00eete \u00e0 Mazerac en 2024<\/b><\/center><\/td>\n<\/tr>\n<tr>\n<td><a href=\"http:\/\/www.on4cn.be\/blog_ot4n\/wp-content\/uploads\/2024\/09\/DSCN2480.jpg\" target=\"_blank\" rel=\"noopener\"><img loading=\"lazy\" decoding=\"async\" class=\"aligncenter size-thumbnail wp-image-1429\" src=\"http:\/\/www.on4cn.be\/blog_ot4n\/wp-content\/uploads\/2024\/09\/DSCN2480-150x150.jpg\" alt=\"\" width=\"120\" height=\"120\" \/><\/a>Chemin face au g\u00eete 2024<\/td>\n<td><a href=\"http:\/\/www.on4cn.be\/blog_ot4n\/wp-content\/uploads\/2024\/09\/DSCN2479.jpg\" target=\"_blank\" rel=\"noopener\"><img loading=\"lazy\" decoding=\"async\" class=\"aligncenter size-thumbnail wp-image-1428\" src=\"http:\/\/www.on4cn.be\/blog_ot4n\/wp-content\/uploads\/2024\/09\/DSCN2479-150x150.jpg\" alt=\"\" width=\"120\" height=\"120\" \/><\/a>Terrasse 2024<\/td>\n<td><a href=\"http:\/\/www.on4cn.be\/blog_ot4n\/wp-content\/uploads\/2024\/09\/DSCN2477-1.jpg\" target=\"_blank\" rel=\"noopener\"><img loading=\"lazy\" decoding=\"async\" class=\"aligncenter size-thumbnail wp-image-1431\" src=\"http:\/\/www.on4cn.be\/blog_ot4n\/wp-content\/uploads\/2024\/09\/DSCN2477-1-150x150.jpg\" alt=\"\" width=\"120\" height=\"120\" \/><\/a>Le G\u00eete 2024<\/td>\n<\/tr>\n<tr>\n<td colspan=\"3\"><center><strong>Cliquez sur une vignette pour agrandir la photo<\/strong><\/center><\/td>\n<\/tr>\n<\/tbody>\n<\/table>\n<table width=\"100%\">\n<tbody>\n<tr>\n<td colspan=\"4\">G\u00eete \u00e0 Mazerac<\/td>\n<\/tr>\n<tr>\n<td><a href=\"http:\/\/www.on4cn.be\/blog_ot4n\/wp-content\/uploads\/2016\/02\/g\u00eete07.jpg\" target=\"_blank\" rel=\"noopener\"><img loading=\"lazy\" decoding=\"async\" class=\"aligncenter size-thumbnail wp-image-513\" src=\"http:\/\/www.on4cn.be\/blog_ot4n\/wp-content\/uploads\/2016\/02\/g\u00eete07-150x150.jpg\" alt=\"g\u00eete07\" width=\"120\" height=\"120\" srcset=\"http:\/\/www.on4cn.be\/blog_ot4n\/wp-content\/uploads\/2016\/02\/g\u00eete07-150x150.jpg 150w, http:\/\/www.on4cn.be\/blog_ot4n\/wp-content\/uploads\/2016\/02\/g\u00eete07-100x100.jpg 100w, http:\/\/www.on4cn.be\/blog_ot4n\/wp-content\/uploads\/2016\/02\/g\u00eete07-250x250.jpg 250w\" sizes=\"(max-width: 120px) 100vw, 120px\" \/><\/a>Bain de soleil<\/td>\n<td><a href=\"http:\/\/www.on4cn.be\/blog_ot4n\/wp-content\/uploads\/2016\/02\/g\u00eete04.jpg\" target=\"_blank\" rel=\"noopener\"><img loading=\"lazy\" decoding=\"async\" class=\"aligncenter size-thumbnail wp-image-514\" src=\"http:\/\/www.on4cn.be\/blog_ot4n\/wp-content\/uploads\/2016\/02\/g\u00eete04-150x150.jpg\" alt=\"g\u00eete04\" width=\"120\" height=\"120\" srcset=\"http:\/\/www.on4cn.be\/blog_ot4n\/wp-content\/uploads\/2016\/02\/g\u00eete04-150x150.jpg 150w, http:\/\/www.on4cn.be\/blog_ot4n\/wp-content\/uploads\/2016\/02\/g\u00eete04-100x100.jpg 100w, http:\/\/www.on4cn.be\/blog_ot4n\/wp-content\/uploads\/2016\/02\/g\u00eete04-250x250.jpg 250w\" sizes=\"(max-width: 120px) 100vw, 120px\" \/><\/a>Maison du m\u00e9decin<\/td>\n<td><a href=\"http:\/\/www.on4cn.be\/blog_ot4n\/wp-content\/uploads\/2016\/02\/g\u00eete05.jpg\" target=\"_blank\" rel=\"noopener\"><img loading=\"lazy\" decoding=\"async\" class=\"aligncenter size-thumbnail wp-image-515\" src=\"http:\/\/www.on4cn.be\/blog_ot4n\/wp-content\/uploads\/2016\/02\/g\u00eete05-150x150.jpg\" alt=\"g\u00eete05\" width=\"120\" height=\"120\" srcset=\"http:\/\/www.on4cn.be\/blog_ot4n\/wp-content\/uploads\/2016\/02\/g\u00eete05-150x150.jpg 150w, http:\/\/www.on4cn.be\/blog_ot4n\/wp-content\/uploads\/2016\/02\/g\u00eete05-100x100.jpg 100w, http:\/\/www.on4cn.be\/blog_ot4n\/wp-content\/uploads\/2016\/02\/g\u00eete05-250x250.jpg 250w\" sizes=\"(max-width: 120px) 100vw, 120px\" \/><\/a>Petit Ch\u00e2teau<\/td>\n<td><a href=\"http:\/\/www.on4cn.be\/blog_ot4n\/wp-content\/uploads\/2016\/02\/g\u00eete06.jpg\" target=\"_blank\" rel=\"noopener\"><img loading=\"lazy\" decoding=\"async\" class=\"aligncenter size-thumbnail wp-image-516\" src=\"http:\/\/www.on4cn.be\/blog_ot4n\/wp-content\/uploads\/2016\/02\/g\u00eete06-150x150.jpg\" alt=\"g\u00eete06\" width=\"120\" height=\"120\" srcset=\"http:\/\/www.on4cn.be\/blog_ot4n\/wp-content\/uploads\/2016\/02\/g\u00eete06-150x150.jpg 150w, http:\/\/www.on4cn.be\/blog_ot4n\/wp-content\/uploads\/2016\/02\/g\u00eete06-100x100.jpg 100w, http:\/\/www.on4cn.be\/blog_ot4n\/wp-content\/uploads\/2016\/02\/g\u00eete06-250x250.jpg 250w\" sizes=\"(max-width: 120px) 100vw, 120px\" \/><\/a>Chemin vert le g\u00eete<\/td>\n<\/tr>\n<tr>\n<td colspan=\"4\"><center><strong>Cliquez sur une vignette pour agrandir la photo<\/strong><\/center><\/td>\n<\/tr>\n<\/tbody>\n<\/table>\n<p>&nbsp;<\/p>\n<h1>Radioamateurisme au G\u00eete<\/h1>\n<p>&nbsp;<\/p>\n<p>En 2015, il n&rsquo;\u00e9tait pas possible de faire du trafic radioamateur au g\u00eete car il n&rsquo;y avait pas d&rsquo;antenne install\u00e9e. Comme c&rsquo;\u00e9tait la premi\u00e8re fois que nous louions ce g\u00eete, je ne savais pas s&rsquo;il serait possible d&rsquo;installer une antenne, et je n&rsquo;avais pas apport\u00e9 mon mat\u00e9riel pour cette ann\u00e9e.<\/p>\n<p>Cependant, pour 2016, je pr\u00e9vois d&rsquo;\u00eatre actif dans la bande d\u00e9cam\u00e9trique (HF). Pour les connaisseurs, je vais installer une Chameleon de 11 Bandes 160m, 80m, 60m, 40m, 30m, 20m, 17m, 15m, 12m, 11m, 10m. J&rsquo;ai rep\u00e9r\u00e9 un emplacement id\u00e9al pour installer mon antenne et je suis impatient de pouvoir l&rsquo;utiliser.<\/p>\n<hr width=\"50%\" \/>\n<table width=\"100%\">\n<tbody>\n<tr>\n<td colspan=\"5\">&nbsp;<\/p>\n<p><center>G\u00eete \u00e0 Mazerac vacance 2016<\/center>&nbsp;<\/td>\n<\/tr>\n<tr>\n<td><a href=\"http:\/\/www.on4cn.be\/blog_ot4n\/wp-content\/uploads\/2016\/02\/g\u00eete09.jpg\" target=\"_blank\" rel=\"noopener\"><img loading=\"lazy\" decoding=\"async\" class=\"aligncenter size-thumbnail wp-image-973\" src=\"http:\/\/www.on4cn.be\/blog_ot4n\/wp-content\/uploads\/2016\/02\/g\u00eete09-150x150.jpg\" alt=\"Yaesu TF100D ON4CN\" width=\"120\" height=\"120\" srcset=\"http:\/\/www.on4cn.be\/blog_ot4n\/wp-content\/uploads\/2016\/02\/g\u00eete09-150x150.jpg 150w, http:\/\/www.on4cn.be\/blog_ot4n\/wp-content\/uploads\/2016\/02\/g\u00eete09-100x100.jpg 100w\" sizes=\"(max-width: 120px) 100vw, 120px\" \/><\/a>Yaesu FT100D<\/td>\n<td><a href=\"http:\/\/www.on4cn.be\/blog_ot4n\/wp-content\/uploads\/2016\/02\/g\u00eete10.jpg\" target=\"_blank\" rel=\"noopener\"><img loading=\"lazy\" decoding=\"async\" class=\"aligncenter size-thumbnail wp-image-974\" src=\"http:\/\/www.on4cn.be\/blog_ot4n\/wp-content\/uploads\/2016\/02\/g\u00eete10-150x150.jpg\" alt=\"Antenne 1 ON4CN \" width=\"120\" height=\"120\" srcset=\"http:\/\/www.on4cn.be\/blog_ot4n\/wp-content\/uploads\/2016\/02\/g\u00eete10-150x150.jpg 150w, http:\/\/www.on4cn.be\/blog_ot4n\/wp-content\/uploads\/2016\/02\/g\u00eete10-100x100.jpg 100w\" sizes=\"(max-width: 120px) 100vw, 120px\" \/><\/a>Antenne au pinions<\/td>\n<td><a href=\"http:\/\/www.on4cn.be\/blog_ot4n\/wp-content\/uploads\/2016\/02\/g\u00eete11.jpg\" target=\"_blank\" rel=\"noopener\"><img loading=\"lazy\" decoding=\"async\" class=\"aligncenter size-thumbnail wp-image-975\" src=\"http:\/\/www.on4cn.be\/blog_ot4n\/wp-content\/uploads\/2016\/02\/g\u00eete11-150x150.jpg\" alt=\"Antenne 2 ON4CN\" width=\"120\" height=\"120\" srcset=\"http:\/\/www.on4cn.be\/blog_ot4n\/wp-content\/uploads\/2016\/02\/g\u00eete11-150x150.jpg 150w, http:\/\/www.on4cn.be\/blog_ot4n\/wp-content\/uploads\/2016\/02\/g\u00eete11-100x100.jpg 100w\" sizes=\"(max-width: 120px) 100vw, 120px\" \/><\/a>Antenne \u00e0 l&rsquo;arbre<\/td>\n<td><a href=\"http:\/\/www.on4cn.be\/blog_ot4n\/wp-content\/uploads\/2016\/02\/g\u00eete12.jpg\" target=\"_blank\" rel=\"noopener\"><img loading=\"lazy\" decoding=\"async\" class=\"aligncenter size-thumbnail wp-image-977\" src=\"http:\/\/www.on4cn.be\/blog_ot4n\/wp-content\/uploads\/2016\/02\/g\u00eete12-150x150.jpg\" alt=\"Baloon on4cn\" width=\"120\" height=\"120\" srcset=\"http:\/\/www.on4cn.be\/blog_ot4n\/wp-content\/uploads\/2016\/02\/g\u00eete12-150x150.jpg 150w, http:\/\/www.on4cn.be\/blog_ot4n\/wp-content\/uploads\/2016\/02\/g\u00eete12-100x100.jpg 100w\" sizes=\"(max-width: 120px) 100vw, 120px\" \/><\/a>Le Baloon 9\/1<\/td>\n<\/tr>\n<tr>\n<td colspan=\"5\"><center><strong>Cliquez sur une vignette pour agrandir la photo<\/strong><\/center><\/td>\n<\/tr>\n<\/tbody>\n<\/table>\n<p>Cette ann\u00e9e j&rsquo;ai emport\u00e9 mon mat\u00e9rielle radio avec mois, l&rsquo;\u00e9m\u00e9teur est un Yaesu FT100D avec boite de couplage automatique, j&rsquo;ai fix\u00e9 mon antenne au pinions de la maison et l&rsquo;autre bout a un arbre que vous pouvez voir sur la derni\u00e8re photo repr\u00e9sent\u00e9e par une ligne rouge car le fil ne fait que 75 m\/m la longueur total de l&rsquo;antenne fait 18,50 m\u00e8tre avec un baloon de 9\/1 qui lui ce trouve a 3 m\u00e8tres du sol et l&rsquo;autre c\u00f4t\u00e9 de l&rsquo;antenne est plus ou moins 17 m\u00e8tres dans l&rsquo;arbre j&rsquo;ai put r\u00e9aliser de tr\u00e8s beau contact Europe, Asie, Am\u00e9rique du sud et nord<\/p>\n<table width=\"100%\">\n<tbody>\n<tr>\n<td colspan=\"5\">&nbsp;<\/p>\n<p><center>\u00c9quipement actuellement Utilis\u00e9<\/center>&nbsp;<\/td>\n<\/tr>\n<tr>\n<td><a href=\"http:\/\/www.on4cn.be\/blog_ot4n\/wp-content\/uploads\/2024\/09\/antenne_endfeed-1-1.jpg\" target=\"_blank\" rel=\"noopener\"><img loading=\"lazy\" decoding=\"async\" class=\"aligncenter size-thumbnail wp-image-1454\" src=\"http:\/\/www.on4cn.be\/blog_ot4n\/wp-content\/uploads\/2024\/09\/antenne_endfeed-1-1-150x150.jpg\" alt=\"\" width=\"150\" height=\"150\" \/><\/a>Antenne Chameleon<\/td>\n<td><a href=\"http:\/\/www.on4cn.be\/blog_ot4n\/wp-content\/uploads\/2024\/09\/20230911_093842.jpg\" target=\"_blank\" rel=\"noopener\"><img loading=\"lazy\" decoding=\"async\" class=\"aligncenter size-thumbnail wp-image-1440\" src=\"http:\/\/www.on4cn.be\/blog_ot4n\/wp-content\/uploads\/2024\/09\/20230911_093842-150x150.jpg\" alt=\"Station ON4CN\" width=\"150\" height=\"150\" srcset=\"http:\/\/www.on4cn.be\/blog_ot4n\/wp-content\/uploads\/2024\/09\/20230911_093842-150x150.jpg 150w, http:\/\/www.on4cn.be\/blog_ot4n\/wp-content\/uploads\/2024\/09\/20230911_093842-300x300.jpg 300w, http:\/\/www.on4cn.be\/blog_ot4n\/wp-content\/uploads\/2024\/09\/20230911_093842-1024x1024.jpg 1024w, http:\/\/www.on4cn.be\/blog_ot4n\/wp-content\/uploads\/2024\/09\/20230911_093842-768x768.jpg 768w, http:\/\/www.on4cn.be\/blog_ot4n\/wp-content\/uploads\/2024\/09\/20230911_093842-270x270.jpg 270w, http:\/\/www.on4cn.be\/blog_ot4n\/wp-content\/uploads\/2024\/09\/20230911_093842.jpg 1199w\" sizes=\"(max-width: 150px) 100vw, 150px\" \/><\/a>Yaesu FT450D<\/td>\n<\/tr>\n<tr>\n<td colspan=\"5\"><center><strong>Cliquez sur une vignette pour agrandir la photo<\/strong><\/center><\/td>\n<\/tr>\n<\/tbody>\n<\/table>\n<h1>Installation Radioamateur actuellement<\/h1>\n<p>Ces derni\u00e8re ann\u00e9e, j&rsquo;ai emport\u00e9 mon mat\u00e9riel radio avec moi et install\u00e9 une nouvelle station. Mon installation utilise un \u00e9metteur-r\u00e9cepteur <strong>Yaesu FT450D<\/strong> avec une bo\u00eete de couplage, et une antenne tendue entre le fa\u00eetage du toit de la maison et un autre b\u00e2timent derri\u00e8re la maison.<\/p>\n<h2>\u00c9quipement Utilis\u00e9<\/h2>\n<ul>\n<li><strong>\u00c9metteur-r\u00e9cepteur :<\/strong> Yaesu FT450D<\/li>\n<li><strong>Bo\u00eete de couplage :<\/strong>MFJ-969<\/li>\n<li><b>PC portable Medion Windows 11<\/b><\/li>\n<\/ul>\n<h2>Configuration de l&rsquo;Antenne<\/h2>\n<ul>\n<li><strong>Type d\u2019antenne :<\/strong> Chameleon 11 Bandes 160m, 80m, 60m, 40m, 30m, 20m, 17m, 15m, 12m, 11m, 10m<\/li>\n<li><strong>Longueur totale de l\u2019antenne :<\/strong> 22 m\u00e8tres<\/li>\n<li><strong>Point de fixation :<\/strong> Fa\u00eetage du toit de la maison<\/li>\n<li><strong>L\u2019autre extr\u00e9mit\u00e9 :<\/strong> Fix\u00e9e \u00e0 un autre b\u00e2timent derri\u00e8re la maison (visible sur la photo)<\/li>\n<li><strong>Balun utilis\u00e9 :<\/strong> 9:1, situ\u00e9 \u00e0 environ 10 m\u00e8tres du sol<\/li>\n<li><strong>Self de Choc :<\/strong> Pr\u00e9sente pour am\u00e9liorer les performances et r\u00e9duire les interf\u00e9rences<\/li>\n<\/ul>\n<h2>Performances et Contacts R\u00e9alis\u00e9s<\/h2>\n<p>Gr\u00e2ce \u00e0 cette configuration, j&rsquo;ai pu \u00e9tablir de nombreux contacts de qualit\u00e9 avec des stations en <strong>Europe<\/strong>, <strong>Asie<\/strong>, <strong>Am\u00e9rique du Nord<\/strong>, et <strong>Am\u00e9rique du Sud<\/strong>. J&rsquo;ai \u00e9galement r\u00e9alis\u00e9 des contacts en modes num\u00e9riques tels que <strong>FT8<\/strong> et <strong>FT4<\/strong>, qui sont populaires parmi les radioamateurs.<\/p>\n","protected":false},"excerpt":{"rendered":"<p>G\u00eete de Mazerac &#8211; Lot (46) Vacance 2015 dans le petit village de Mazerac d\u00e9partement 46 le Lot Le G\u00eete \u00e0 Mazerac 2015 Le G\u00eete \u00e0 Mazerac 2024 Cliquez sur une vignette pour agrandir la photo Recherche d&rsquo;un nouveau G\u00eete Apr\u00e8s avoir pass\u00e9 15 ans dans le G\u00eete de la Servie \u00e0 D\u00e9gagnac et que mon ami Jean-Paul ne loue plus, il fallait retrouver un nouveau g\u00eete. Comme nous nous plaisons dans cette r\u00e9gion du P\u00e9rigord et de la Dordogne,&#8230;<\/p>\n<p class=\"read-more\"><a class=\"btn btn-default\" href=\"http:\/\/www.on4cn.be\/blog_ot4n\/gite-de-mazerac\/\">Lire la suite<span class=\"screen-reader-text\"> Lire la suite<\/span><\/a><\/p>\n","protected":false},"author":1,"featured_media":0,"parent":0,"menu_order":0,"comment_status":"closed","ping_status":"closed","template":"","meta":{"footnotes":""},"_links":{"self":[{"href":"http:\/\/www.on4cn.be\/blog_ot4n\/wp-json\/wp\/v2\/pages\/498"}],"collection":[{"href":"http:\/\/www.on4cn.be\/blog_ot4n\/wp-json\/wp\/v2\/pages"}],"about":[{"href":"http:\/\/www.on4cn.be\/blog_ot4n\/wp-json\/wp\/v2\/types\/page"}],"author":[{"embeddable":true,"href":"http:\/\/www.on4cn.be\/blog_ot4n\/wp-json\/wp\/v2\/users\/1"}],"replies":[{"embeddable":true,"href":"http:\/\/www.on4cn.be\/blog_ot4n\/wp-json\/wp\/v2\/comments?post=498"}],"version-history":[{"count":72,"href":"http:\/\/www.on4cn.be\/blog_ot4n\/wp-json\/wp\/v2\/pages\/498\/revisions"}],"predecessor-version":[{"id":1456,"href":"http:\/\/www.on4cn.be\/blog_ot4n\/wp-json\/wp\/v2\/pages\/498\/revisions\/1456"}],"wp:attachment":[{"href":"http:\/\/www.on4cn.be\/blog_ot4n\/wp-json\/wp\/v2\/media?parent=498"}],"curies":[{"name":"wp","href":"https:\/\/api.w.org\/{rel}","templated":true}]}}