{"id":332,"date":"2016-02-24T14:59:32","date_gmt":"2016-02-24T13:59:32","guid":{"rendered":"http:\/\/www.on4cn.be\/blog_ot4n\/?page_id=332"},"modified":"2016-02-26T11:20:03","modified_gmt":"2016-02-26T10:20:03","slug":"roque-saint-christophe","status":"publish","type":"page","link":"http:\/\/www.on4cn.be\/blog_ot4n\/roque-saint-christophe\/","title":{"rendered":"Roque Saint-Christophe"},"content":{"rendered":"<table width=\"100%\">\n<tbody>\n<tr>\n<td>La Roque Saint Christophe<\/td>\n<\/tr>\n<tr>\n<td><img loading=\"lazy\" decoding=\"async\" class=\"aligncenter size-large wp-image-344\" src=\"http:\/\/www.on4cn.be\/blog_ot4n\/wp-content\/uploads\/2016\/02\/la-roque-st-christophe-accueil-4-1024x680.jpg\" alt=\"La-Roque-St-Christophe\" width=\"570\" height=\"378\" srcset=\"http:\/\/www.on4cn.be\/blog_ot4n\/wp-content\/uploads\/2016\/02\/la-roque-st-christophe-accueil-4-1024x680.jpg 1024w, http:\/\/www.on4cn.be\/blog_ot4n\/wp-content\/uploads\/2016\/02\/la-roque-st-christophe-accueil-4-300x199.jpg 300w, http:\/\/www.on4cn.be\/blog_ot4n\/wp-content\/uploads\/2016\/02\/la-roque-st-christophe-accueil-4-768x510.jpg 768w, http:\/\/www.on4cn.be\/blog_ot4n\/wp-content\/uploads\/2016\/02\/la-roque-st-christophe-accueil-4-1536x1020.jpg 1536w, http:\/\/www.on4cn.be\/blog_ot4n\/wp-content\/uploads\/2016\/02\/la-roque-st-christophe-accueil-4-1130x750.jpg 1130w, http:\/\/www.on4cn.be\/blog_ot4n\/wp-content\/uploads\/2016\/02\/la-roque-st-christophe-accueil-4-760x505.jpg 760w, http:\/\/www.on4cn.be\/blog_ot4n\/wp-content\/uploads\/2016\/02\/la-roque-st-christophe-accueil-4.jpg 2000w\" sizes=\"(max-width: 570px) 100vw, 570px\" \/><\/td>\n<\/tr>\n<\/tbody>\n<\/table>\n<p>Nous avons ensuite poursuivi notre route, et nous nous sommes dirig\u00e9s vers Laroque St-Christophe. C&rsquo;est sur cette petite commune que l&rsquo;on trouve le plus grand ensemble troglodydique d&rsquo;Europe. C&rsquo;est l\u00e0 que v\u00e9curent des hommes depuis le N\u00e9andertal et jusqu&rsquo;en 1588, (date \u00e0 laquelle le village fut d\u00e9mentel\u00e9 sur ordre d&rsquo;Henri III) ce qui fait quand m\u00eame une p\u00e9riode d&rsquo;activit\u00e9 de pr\u00e8s de 55 000 ans. Une paille !!! Le site a bien sur \u00e9t\u00e9 admirablement am\u00e9nag\u00e9.<\/p>\n<table width=\"100%\">\n<tbody>\n<tr>\n<td colspan=\"3\">La Roque Saint Christophe<\/td>\n<\/tr>\n<tr>\n<td><a href=\"http:\/\/www.on4cn.be\/blog_ot4n\/wp-content\/uploads\/2016\/02\/rocquestchris01.jpg\" target=\"_blank\"><img loading=\"lazy\" decoding=\"async\" class=\"aligncenter size-thumbnail wp-image-352\" src=\"http:\/\/www.on4cn.be\/blog_ot4n\/wp-content\/uploads\/2016\/02\/rocquestchris01-150x150.jpg\" alt=\"Roque St Christophe 01\" width=\"120\" height=\"120\" srcset=\"http:\/\/www.on4cn.be\/blog_ot4n\/wp-content\/uploads\/2016\/02\/rocquestchris01-150x150.jpg 150w, http:\/\/www.on4cn.be\/blog_ot4n\/wp-content\/uploads\/2016\/02\/rocquestchris01-100x100.jpg 100w, http:\/\/www.on4cn.be\/blog_ot4n\/wp-content\/uploads\/2016\/02\/rocquestchris01-250x250.jpg 250w\" sizes=\"(max-width: 120px) 100vw, 120px\" \/><\/a><\/td>\n<td><a href=\"http:\/\/www.on4cn.be\/blog_ot4n\/wp-content\/uploads\/2016\/02\/rocquestchris02.jpg\" target=\"_blank\"><img loading=\"lazy\" decoding=\"async\" class=\"aligncenter size-thumbnail wp-image-353\" src=\"http:\/\/www.on4cn.be\/blog_ot4n\/wp-content\/uploads\/2016\/02\/rocquestchris02-150x150.jpg\" alt=\"Roque St Christophe 02\" width=\"120\" height=\"120\" srcset=\"http:\/\/www.on4cn.be\/blog_ot4n\/wp-content\/uploads\/2016\/02\/rocquestchris02-150x150.jpg 150w, http:\/\/www.on4cn.be\/blog_ot4n\/wp-content\/uploads\/2016\/02\/rocquestchris02-100x100.jpg 100w, http:\/\/www.on4cn.be\/blog_ot4n\/wp-content\/uploads\/2016\/02\/rocquestchris02-250x250.jpg 250w\" sizes=\"(max-width: 120px) 100vw, 120px\" \/><\/a><\/td>\n<td><a href=\"http:\/\/www.on4cn.be\/blog_ot4n\/wp-content\/uploads\/2016\/02\/rocquestchris03.jpg\" target=\"_blank\"><img loading=\"lazy\" decoding=\"async\" class=\"aligncenter size-thumbnail wp-image-354\" src=\"http:\/\/www.on4cn.be\/blog_ot4n\/wp-content\/uploads\/2016\/02\/rocquestchris03-150x150.jpg\" alt=\"Roque St Christophe 03\" width=\"120\" height=\"120\" srcset=\"http:\/\/www.on4cn.be\/blog_ot4n\/wp-content\/uploads\/2016\/02\/rocquestchris03-150x150.jpg 150w, http:\/\/www.on4cn.be\/blog_ot4n\/wp-content\/uploads\/2016\/02\/rocquestchris03-100x100.jpg 100w, http:\/\/www.on4cn.be\/blog_ot4n\/wp-content\/uploads\/2016\/02\/rocquestchris03-250x250.jpg 250w\" sizes=\"(max-width: 120px) 100vw, 120px\" \/><\/a><\/td>\n<\/tr>\n<tr>\n<td colspan=\"3\"><center><strong>Cliquez sur une vignette pour agrandir la photo<\/strong><\/center><\/td>\n<\/tr>\n<\/tbody>\n<\/table>\n<table width=\"100%\">\n<tbody>\n<tr>\n<td colspan=\"4\">La Roque Saint Christophe<\/td>\n<\/tr>\n<tr>\n<td><a href=\"http:\/\/www.on4cn.be\/blog_ot4n\/wp-content\/uploads\/2016\/02\/rocquestchris04.jpg\" target=\"_blank\"><img loading=\"lazy\" decoding=\"async\" class=\"aligncenter size-thumbnail wp-image-468\" src=\"http:\/\/www.on4cn.be\/blog_ot4n\/wp-content\/uploads\/2016\/02\/rocquestchris04-150x150.jpg\" alt=\"rocquestchris04\" width=\"120\" height=\"120\" srcset=\"http:\/\/www.on4cn.be\/blog_ot4n\/wp-content\/uploads\/2016\/02\/rocquestchris04-150x150.jpg 150w, http:\/\/www.on4cn.be\/blog_ot4n\/wp-content\/uploads\/2016\/02\/rocquestchris04-100x100.jpg 100w, http:\/\/www.on4cn.be\/blog_ot4n\/wp-content\/uploads\/2016\/02\/rocquestchris04-250x250.jpg 250w\" sizes=\"(max-width: 120px) 100vw, 120px\" \/><\/a><\/td>\n<td><a href=\"http:\/\/www.on4cn.be\/blog_ot4n\/wp-content\/uploads\/2016\/02\/rocquestchris05.jpg\" target=\"_blank\"><img loading=\"lazy\" decoding=\"async\" class=\"aligncenter size-thumbnail wp-image-469\" src=\"http:\/\/www.on4cn.be\/blog_ot4n\/wp-content\/uploads\/2016\/02\/rocquestchris05-150x150.jpg\" alt=\"rocquestchris05\" width=\"120\" height=\"120\" srcset=\"http:\/\/www.on4cn.be\/blog_ot4n\/wp-content\/uploads\/2016\/02\/rocquestchris05-150x150.jpg 150w, http:\/\/www.on4cn.be\/blog_ot4n\/wp-content\/uploads\/2016\/02\/rocquestchris05-100x100.jpg 100w, http:\/\/www.on4cn.be\/blog_ot4n\/wp-content\/uploads\/2016\/02\/rocquestchris05-250x250.jpg 250w\" sizes=\"(max-width: 120px) 100vw, 120px\" \/><\/a><\/td>\n<td><a href=\"http:\/\/www.on4cn.be\/blog_ot4n\/wp-content\/uploads\/2016\/02\/rocquestchris06.jpg\" target=\"_blank\"><img loading=\"lazy\" decoding=\"async\" class=\"aligncenter size-thumbnail wp-image-471\" src=\"http:\/\/www.on4cn.be\/blog_ot4n\/wp-content\/uploads\/2016\/02\/rocquestchris06-150x150.jpg\" alt=\"rocquestchris06\" width=\"120\" height=\"120\" srcset=\"http:\/\/www.on4cn.be\/blog_ot4n\/wp-content\/uploads\/2016\/02\/rocquestchris06-150x150.jpg 150w, http:\/\/www.on4cn.be\/blog_ot4n\/wp-content\/uploads\/2016\/02\/rocquestchris06-100x100.jpg 100w, http:\/\/www.on4cn.be\/blog_ot4n\/wp-content\/uploads\/2016\/02\/rocquestchris06-250x250.jpg 250w\" sizes=\"(max-width: 120px) 100vw, 120px\" \/><\/a><\/td>\n<td><a href=\"http:\/\/www.on4cn.be\/blog_ot4n\/wp-content\/uploads\/2016\/02\/rocquestchris07.jpg\" target=\"_blank\"><img loading=\"lazy\" decoding=\"async\" class=\"aligncenter size-thumbnail wp-image-472\" src=\"http:\/\/www.on4cn.be\/blog_ot4n\/wp-content\/uploads\/2016\/02\/rocquestchris07-150x150.jpg\" alt=\"rocquestchris07\" width=\"120\" height=\"120\" srcset=\"http:\/\/www.on4cn.be\/blog_ot4n\/wp-content\/uploads\/2016\/02\/rocquestchris07-150x150.jpg 150w, http:\/\/www.on4cn.be\/blog_ot4n\/wp-content\/uploads\/2016\/02\/rocquestchris07-100x100.jpg 100w, http:\/\/www.on4cn.be\/blog_ot4n\/wp-content\/uploads\/2016\/02\/rocquestchris07-250x250.jpg 250w\" sizes=\"(max-width: 120px) 100vw, 120px\" \/><\/a><\/td>\n<\/tr>\n<tr>\n<td colspan=\"4\"><center><strong>Cliquez sur une vignette pour agrandir la photo<\/strong><\/center><\/td>\n<\/tr>\n<\/tbody>\n<\/table>\n<p>Tr\u00e8s belle reconstitution et magnifique point de vue. Nous avons pass\u00e9 une heure agr\u00e9able. Les panneaux donnent des explications pr\u00e9cises. Il y a des outils reconstitu\u00e9s pour montrer comment la ville a \u00e9t\u00e9 construite. Personne \u00e0 l&rsquo;accueil tr\u00e8s aimable.<\/p>\n<table width=\"100%\">\n<tbody>\n<tr>\n<td colspan=\"3\">La Roque Saint Christophe<\/td>\n<\/tr>\n<tr>\n<td><a href=\"http:\/\/www.on4cn.be\/blog_ot4n\/wp-content\/uploads\/2016\/02\/rocquestchris08.jpg\" target=\"_blank\"><img loading=\"lazy\" decoding=\"async\" class=\"aligncenter size-thumbnail wp-image-476\" src=\"http:\/\/www.on4cn.be\/blog_ot4n\/wp-content\/uploads\/2016\/02\/rocquestchris08-150x150.jpg\" alt=\"rocquestchris08\" width=\"120\" height=\"120\" srcset=\"http:\/\/www.on4cn.be\/blog_ot4n\/wp-content\/uploads\/2016\/02\/rocquestchris08-150x150.jpg 150w, http:\/\/www.on4cn.be\/blog_ot4n\/wp-content\/uploads\/2016\/02\/rocquestchris08-100x100.jpg 100w, http:\/\/www.on4cn.be\/blog_ot4n\/wp-content\/uploads\/2016\/02\/rocquestchris08-250x250.jpg 250w\" sizes=\"(max-width: 120px) 100vw, 120px\" \/><\/a><\/td>\n<td><a href=\"http:\/\/www.on4cn.be\/blog_ot4n\/wp-content\/uploads\/2016\/02\/rocquestchris09.jpg\" target=\"_blank\"><img loading=\"lazy\" decoding=\"async\" class=\"aligncenter size-thumbnail wp-image-477\" src=\"http:\/\/www.on4cn.be\/blog_ot4n\/wp-content\/uploads\/2016\/02\/rocquestchris09-150x150.jpg\" alt=\"rocquestchris09\" width=\"120\" height=\"120\" srcset=\"http:\/\/www.on4cn.be\/blog_ot4n\/wp-content\/uploads\/2016\/02\/rocquestchris09-150x150.jpg 150w, http:\/\/www.on4cn.be\/blog_ot4n\/wp-content\/uploads\/2016\/02\/rocquestchris09-100x100.jpg 100w, http:\/\/www.on4cn.be\/blog_ot4n\/wp-content\/uploads\/2016\/02\/rocquestchris09-250x250.jpg 250w\" sizes=\"(max-width: 120px) 100vw, 120px\" \/><\/a><\/td>\n<td><a href=\"http:\/\/www.on4cn.be\/blog_ot4n\/wp-content\/uploads\/2016\/02\/rocquestchris10.jpg\" target=\"_blank\"><img loading=\"lazy\" decoding=\"async\" class=\"aligncenter size-thumbnail wp-image-478\" src=\"http:\/\/www.on4cn.be\/blog_ot4n\/wp-content\/uploads\/2016\/02\/rocquestchris10-150x150.jpg\" alt=\"rocquestchris10\" width=\"120\" height=\"120\" srcset=\"http:\/\/www.on4cn.be\/blog_ot4n\/wp-content\/uploads\/2016\/02\/rocquestchris10-150x150.jpg 150w, http:\/\/www.on4cn.be\/blog_ot4n\/wp-content\/uploads\/2016\/02\/rocquestchris10-100x100.jpg 100w, http:\/\/www.on4cn.be\/blog_ot4n\/wp-content\/uploads\/2016\/02\/rocquestchris10-250x250.jpg 250w\" sizes=\"(max-width: 120px) 100vw, 120px\" \/><\/a><\/td>\n<\/tr>\n<tr>\n<td colspan=\"3\"><center><strong>Cliquez sur une vignette pour agrandir la photo<\/strong><\/center><\/td>\n<\/tr>\n<\/tbody>\n<\/table>\n<table width=\"100%\">\n<tbody>\n<tr>\n<td colspan=\"4\">La Roque Saint Christophe<\/td>\n<\/tr>\n<tr>\n<td><a href=\"http:\/\/www.on4cn.be\/blog_ot4n\/wp-content\/uploads\/2016\/02\/rocquestchris11.jpg\" target=\"_blank\"><img loading=\"lazy\" decoding=\"async\" class=\"aligncenter size-thumbnail wp-image-480\" src=\"http:\/\/www.on4cn.be\/blog_ot4n\/wp-content\/uploads\/2016\/02\/rocquestchris11-150x150.jpg\" alt=\"rocquestchris11\" width=\"120\" height=\"120\" srcset=\"http:\/\/www.on4cn.be\/blog_ot4n\/wp-content\/uploads\/2016\/02\/rocquestchris11-150x150.jpg 150w, http:\/\/www.on4cn.be\/blog_ot4n\/wp-content\/uploads\/2016\/02\/rocquestchris11-100x100.jpg 100w, http:\/\/www.on4cn.be\/blog_ot4n\/wp-content\/uploads\/2016\/02\/rocquestchris11-250x250.jpg 250w\" sizes=\"(max-width: 120px) 100vw, 120px\" \/><\/a><\/td>\n<td><a href=\"http:\/\/www.on4cn.be\/blog_ot4n\/wp-content\/uploads\/2016\/02\/rocquestchris12.jpg\" target=\"_blank\"><img loading=\"lazy\" decoding=\"async\" class=\"aligncenter size-thumbnail wp-image-481\" src=\"http:\/\/www.on4cn.be\/blog_ot4n\/wp-content\/uploads\/2016\/02\/rocquestchris12-150x150.jpg\" alt=\"rocquestchris12\" width=\"120\" height=\"120\" srcset=\"http:\/\/www.on4cn.be\/blog_ot4n\/wp-content\/uploads\/2016\/02\/rocquestchris12-150x150.jpg 150w, http:\/\/www.on4cn.be\/blog_ot4n\/wp-content\/uploads\/2016\/02\/rocquestchris12-100x100.jpg 100w, http:\/\/www.on4cn.be\/blog_ot4n\/wp-content\/uploads\/2016\/02\/rocquestchris12-250x250.jpg 250w\" sizes=\"(max-width: 120px) 100vw, 120px\" \/><\/a><\/td>\n<td><a href=\"http:\/\/www.on4cn.be\/blog_ot4n\/wp-content\/uploads\/2016\/02\/rocquestchris13.jpg\" target=\"_blank\"><img loading=\"lazy\" decoding=\"async\" class=\"aligncenter size-thumbnail wp-image-482\" src=\"http:\/\/www.on4cn.be\/blog_ot4n\/wp-content\/uploads\/2016\/02\/rocquestchris13-150x150.jpg\" alt=\"rocquestchris13\" width=\"120\" height=\"120\" srcset=\"http:\/\/www.on4cn.be\/blog_ot4n\/wp-content\/uploads\/2016\/02\/rocquestchris13-150x150.jpg 150w, http:\/\/www.on4cn.be\/blog_ot4n\/wp-content\/uploads\/2016\/02\/rocquestchris13-100x100.jpg 100w, http:\/\/www.on4cn.be\/blog_ot4n\/wp-content\/uploads\/2016\/02\/rocquestchris13-250x250.jpg 250w\" sizes=\"(max-width: 120px) 100vw, 120px\" \/><\/a><\/td>\n<td><a href=\"http:\/\/www.on4cn.be\/blog_ot4n\/wp-content\/uploads\/2016\/02\/rocquestchris14.jpg\" target=\"_blank\"><img loading=\"lazy\" decoding=\"async\" class=\"aligncenter size-thumbnail wp-image-483\" src=\"http:\/\/www.on4cn.be\/blog_ot4n\/wp-content\/uploads\/2016\/02\/rocquestchris14-150x150.jpg\" alt=\"rocquestchris14\" width=\"120\" height=\"120\" srcset=\"http:\/\/www.on4cn.be\/blog_ot4n\/wp-content\/uploads\/2016\/02\/rocquestchris14-150x150.jpg 150w, http:\/\/www.on4cn.be\/blog_ot4n\/wp-content\/uploads\/2016\/02\/rocquestchris14-100x100.jpg 100w, http:\/\/www.on4cn.be\/blog_ot4n\/wp-content\/uploads\/2016\/02\/rocquestchris14-250x250.jpg 250w\" sizes=\"(max-width: 120px) 100vw, 120px\" \/><\/a><\/td>\n<\/tr>\n<tr>\n<td colspan=\"4\"><center><strong>Cliquez sur une vignette pour agrandir la photo<\/strong><\/center><\/td>\n<\/tr>\n<\/tbody>\n<\/table>\n<p>A mi-hauteur d\u2019une falaise de 80 m\u00e8tres de haut et de 1 km de long, La Roque Saint Christophe se situe \u00e0 Peyzac-Le-Moustier en Dordogne, entre les Eyzies-de-Tayac et la grotte de Lascaux \u00e0 Montignac.<\/p>\n<p>Ici, l\u2019homme a v\u00e9cu d\u00e8s la pr\u00e9histoire dans des cavit\u00e9s naturelles au pied de cette immense mur de calcaire avant d\u2019y construire, au Moyen Age, un fort et une cit\u00e9 troglodytique.<\/p>\n<table width=\"100%\">\n<tbody>\n<tr>\n<td colspan=\"3\">La Roque Saint Christophe<\/td>\n<\/tr>\n<tr>\n<td><a href=\"http:\/\/www.on4cn.be\/blog_ot4n\/wp-content\/uploads\/2016\/02\/rocquestchris15.jpg\" target=\"_blank\"><img loading=\"lazy\" decoding=\"async\" class=\"aligncenter size-thumbnail wp-image-487\" src=\"http:\/\/www.on4cn.be\/blog_ot4n\/wp-content\/uploads\/2016\/02\/rocquestchris15-150x150.jpg\" alt=\"rocquestchris15\" width=\"120\" height=\"120\" srcset=\"http:\/\/www.on4cn.be\/blog_ot4n\/wp-content\/uploads\/2016\/02\/rocquestchris15-150x150.jpg 150w, http:\/\/www.on4cn.be\/blog_ot4n\/wp-content\/uploads\/2016\/02\/rocquestchris15-100x100.jpg 100w, http:\/\/www.on4cn.be\/blog_ot4n\/wp-content\/uploads\/2016\/02\/rocquestchris15-250x250.jpg 250w\" sizes=\"(max-width: 120px) 100vw, 120px\" \/><\/a><\/td>\n<td><a href=\"http:\/\/www.on4cn.be\/blog_ot4n\/wp-content\/uploads\/2016\/02\/rocquestchris16.jpg\" target=\"_blank\"><img loading=\"lazy\" decoding=\"async\" class=\"aligncenter size-thumbnail wp-image-488\" src=\"http:\/\/www.on4cn.be\/blog_ot4n\/wp-content\/uploads\/2016\/02\/rocquestchris16-150x150.jpg\" alt=\"rocquestchris16\" width=\"120\" height=\"120\" srcset=\"http:\/\/www.on4cn.be\/blog_ot4n\/wp-content\/uploads\/2016\/02\/rocquestchris16-150x150.jpg 150w, http:\/\/www.on4cn.be\/blog_ot4n\/wp-content\/uploads\/2016\/02\/rocquestchris16-100x100.jpg 100w, http:\/\/www.on4cn.be\/blog_ot4n\/wp-content\/uploads\/2016\/02\/rocquestchris16-250x250.jpg 250w\" sizes=\"(max-width: 120px) 100vw, 120px\" \/><\/a><\/td>\n<td><a href=\"http:\/\/www.on4cn.be\/blog_ot4n\/wp-content\/uploads\/2016\/02\/rocquestchris17.jpg\" target=\"_blank\"><img loading=\"lazy\" decoding=\"async\" class=\"aligncenter size-thumbnail wp-image-489\" src=\"http:\/\/www.on4cn.be\/blog_ot4n\/wp-content\/uploads\/2016\/02\/rocquestchris17-150x150.jpg\" alt=\"rocquestchris17\" width=\"120\" height=\"120\" srcset=\"http:\/\/www.on4cn.be\/blog_ot4n\/wp-content\/uploads\/2016\/02\/rocquestchris17-150x150.jpg 150w, http:\/\/www.on4cn.be\/blog_ot4n\/wp-content\/uploads\/2016\/02\/rocquestchris17-100x100.jpg 100w, http:\/\/www.on4cn.be\/blog_ot4n\/wp-content\/uploads\/2016\/02\/rocquestchris17-250x250.jpg 250w\" sizes=\"(max-width: 120px) 100vw, 120px\" \/><\/a><\/td>\n<\/tr>\n<tr>\n<td colspan=\"3\"><center><strong>Cliquez sur une vignette pour agrandir la photo<\/strong><\/center><\/td>\n<\/tr>\n<\/tbody>\n<\/table>\n<table width=\"100%\">\n<tbody>\n<tr>\n<td colspan=\"4\">La Roque Saint Christophe<\/td>\n<\/tr>\n<tr>\n<td><a href=\"http:\/\/www.on4cn.be\/blog_ot4n\/wp-content\/uploads\/2016\/02\/rocquestchris18.jpg\" target=\"_blank\"><img loading=\"lazy\" decoding=\"async\" class=\"aligncenter size-thumbnail wp-image-492\" src=\"http:\/\/www.on4cn.be\/blog_ot4n\/wp-content\/uploads\/2016\/02\/rocquestchris18-150x150.jpg\" alt=\"rocquestchris18\" width=\"120\" height=\"120\" srcset=\"http:\/\/www.on4cn.be\/blog_ot4n\/wp-content\/uploads\/2016\/02\/rocquestchris18-150x150.jpg 150w, http:\/\/www.on4cn.be\/blog_ot4n\/wp-content\/uploads\/2016\/02\/rocquestchris18-100x100.jpg 100w, http:\/\/www.on4cn.be\/blog_ot4n\/wp-content\/uploads\/2016\/02\/rocquestchris18-250x250.jpg 250w\" sizes=\"(max-width: 120px) 100vw, 120px\" \/><\/a><\/td>\n<td><a href=\"http:\/\/www.on4cn.be\/blog_ot4n\/wp-content\/uploads\/2016\/02\/rocquestchris19.jpg\" target=\"_blank\"><img loading=\"lazy\" decoding=\"async\" class=\"aligncenter size-thumbnail wp-image-493\" src=\"http:\/\/www.on4cn.be\/blog_ot4n\/wp-content\/uploads\/2016\/02\/rocquestchris19-150x150.jpg\" alt=\"rocquestchris19\" width=\"120\" height=\"120\" srcset=\"http:\/\/www.on4cn.be\/blog_ot4n\/wp-content\/uploads\/2016\/02\/rocquestchris19-150x150.jpg 150w, http:\/\/www.on4cn.be\/blog_ot4n\/wp-content\/uploads\/2016\/02\/rocquestchris19-100x100.jpg 100w, http:\/\/www.on4cn.be\/blog_ot4n\/wp-content\/uploads\/2016\/02\/rocquestchris19-250x250.jpg 250w\" sizes=\"(max-width: 120px) 100vw, 120px\" \/><\/a><\/td>\n<td><a href=\"http:\/\/www.on4cn.be\/blog_ot4n\/wp-content\/uploads\/2016\/02\/rocquestchris20.jpg\" target=\"_blank\"><img loading=\"lazy\" decoding=\"async\" class=\"aligncenter size-thumbnail wp-image-494\" src=\"http:\/\/www.on4cn.be\/blog_ot4n\/wp-content\/uploads\/2016\/02\/rocquestchris20-150x150.jpg\" alt=\"rocquestchris20\" width=\"120\" height=\"120\" srcset=\"http:\/\/www.on4cn.be\/blog_ot4n\/wp-content\/uploads\/2016\/02\/rocquestchris20-150x150.jpg 150w, http:\/\/www.on4cn.be\/blog_ot4n\/wp-content\/uploads\/2016\/02\/rocquestchris20-100x100.jpg 100w, http:\/\/www.on4cn.be\/blog_ot4n\/wp-content\/uploads\/2016\/02\/rocquestchris20-250x250.jpg 250w\" sizes=\"(max-width: 120px) 100vw, 120px\" \/><\/a><\/td>\n<td><a href=\"http:\/\/www.on4cn.be\/blog_ot4n\/wp-content\/uploads\/2016\/02\/rocquestchris21.jpg\" target=\"_blank\"><img loading=\"lazy\" decoding=\"async\" class=\"aligncenter size-thumbnail wp-image-495\" src=\"http:\/\/www.on4cn.be\/blog_ot4n\/wp-content\/uploads\/2016\/02\/rocquestchris21-150x150.jpg\" alt=\"rocquestchris21\" width=\"120\" height=\"120\" srcset=\"http:\/\/www.on4cn.be\/blog_ot4n\/wp-content\/uploads\/2016\/02\/rocquestchris21-150x150.jpg 150w, http:\/\/www.on4cn.be\/blog_ot4n\/wp-content\/uploads\/2016\/02\/rocquestchris21-100x100.jpg 100w, http:\/\/www.on4cn.be\/blog_ot4n\/wp-content\/uploads\/2016\/02\/rocquestchris21-250x250.jpg 250w\" sizes=\"(max-width: 120px) 100vw, 120px\" \/><\/a><\/td>\n<\/tr>\n<tr>\n<td colspan=\"4\"><center><strong>Cliquez sur une vignette pour agrandir la photo<\/strong><\/center><\/td>\n<\/tr>\n<\/tbody>\n<\/table>\n<p>La visite, qui vous permet de comprendre le mode d\u2019am\u00e9nagement des habitations troglodytiques, se r\u00e9v\u00e8le \u00e9tonnante. Cuisine, lieux de culte, ing\u00e9nieuses machines de g\u00e9nie civil en \u00e9tat de marche : tout est magnifiquement reconstitu\u00e9 et expliqu\u00e9 pour faire de ce village troglodytique un livret ouvert sur 55 000 ans de pratiques humaines.<\/p>\n","protected":false},"excerpt":{"rendered":"<p>La Roque Saint Christophe Nous avons ensuite poursuivi notre route, et nous nous sommes dirig\u00e9s vers Laroque St-Christophe. C&rsquo;est sur cette petite commune que l&rsquo;on trouve le plus grand ensemble troglodydique d&rsquo;Europe. C&rsquo;est l\u00e0 que v\u00e9curent des hommes depuis le N\u00e9andertal et jusqu&rsquo;en 1588, (date \u00e0 laquelle le village fut d\u00e9mentel\u00e9 sur ordre d&rsquo;Henri III) ce qui fait quand m\u00eame une p\u00e9riode d&rsquo;activit\u00e9 de pr\u00e8s de 55 000 ans. Une paille !!! Le site a bien sur \u00e9t\u00e9 admirablement am\u00e9nag\u00e9&#8230;.<\/p>\n<p class=\"read-more\"><a class=\"btn btn-default\" href=\"http:\/\/www.on4cn.be\/blog_ot4n\/roque-saint-christophe\/\">Lire la suite<span class=\"screen-reader-text\"> Lire la suite<\/span><\/a><\/p>\n","protected":false},"author":1,"featured_media":0,"parent":0,"menu_order":0,"comment_status":"closed","ping_status":"closed","template":"","meta":{"footnotes":""},"_links":{"self":[{"href":"http:\/\/www.on4cn.be\/blog_ot4n\/wp-json\/wp\/v2\/pages\/332"}],"collection":[{"href":"http:\/\/www.on4cn.be\/blog_ot4n\/wp-json\/wp\/v2\/pages"}],"about":[{"href":"http:\/\/www.on4cn.be\/blog_ot4n\/wp-json\/wp\/v2\/types\/page"}],"author":[{"embeddable":true,"href":"http:\/\/www.on4cn.be\/blog_ot4n\/wp-json\/wp\/v2\/users\/1"}],"replies":[{"embeddable":true,"href":"http:\/\/www.on4cn.be\/blog_ot4n\/wp-json\/wp\/v2\/comments?post=332"}],"version-history":[{"count":24,"href":"http:\/\/www.on4cn.be\/blog_ot4n\/wp-json\/wp\/v2\/pages\/332\/revisions"}],"predecessor-version":[{"id":497,"href":"http:\/\/www.on4cn.be\/blog_ot4n\/wp-json\/wp\/v2\/pages\/332\/revisions\/497"}],"wp:attachment":[{"href":"http:\/\/www.on4cn.be\/blog_ot4n\/wp-json\/wp\/v2\/media?parent=332"}],"curies":[{"name":"wp","href":"https:\/\/api.w.org\/{rel}","templated":true}]}}